{"id":9559,"date":"2022-06-09T16:28:47","date_gmt":"2022-06-09T19:28:47","guid":{"rendered":"https:\/\/lolly.com.br\/nenny\/produto\/kit-cabelo-tip\/"},"modified":"2023-10-17T08:35:05","modified_gmt":"2023-10-17T11:35:05","slug":"kit-cabelo-tip","status":"publish","type":"product","link":"https:\/\/lolly.com.br\/nenny\/produto\/kit-cabelo-tip\/","title":{"rendered":"Kit Cabelo Tip"},"content":{"rendered":"<p>O Kit Cabelo Tip Lolly vai deixar seu beb\u00ea arrumadinho! A escova com cerdas macias e o pente com pontas arredondadas auxiliam os pais a cuidar do cabelo da crian\u00e7a com carinho, suavidade, prote\u00e7\u00e3o e seguran\u00e7a.<\/p>\n","protected":false},"excerpt":{"rendered":"<p>O Kit Cabelo Tip Lolly vai deixar seu beb\u00ea arrumadinho! A escova com cerdas macias e o pente com pontas arredondadas auxiliam os pais a cuidar do cabelo da crian\u00e7a com carinho, suavidade, prote\u00e7\u00e3o e seguran\u00e7a.<\/p>\n","protected":false},"featured_media":10274,"comment_status":"open","ping_status":"closed","template":"","meta":[],"product_cat":[106],"product_tag":[],"class_list":{"0":"post-9559","1":"product","2":"type-product","3":"status-publish","4":"has-post-thumbnail","6":"product_cat-higiene-e-saude","7":"pa_idade-0-meses","8":"description-off","10":"first","11":"instock","12":"shipping-taxable","13":"product-type-simple"},"_links":{"self":[{"href":"https:\/\/lolly.com.br\/nenny\/wp-json\/wp\/v2\/product\/9559","targetHints":{"allow":["GET"]}}],"collection":[{"href":"https:\/\/lolly.com.br\/nenny\/wp-json\/wp\/v2\/product"}],"about":[{"href":"https:\/\/lolly.com.br\/nenny\/wp-json\/wp\/v2\/types\/product"}],"replies":[{"embeddable":true,"href":"https:\/\/lolly.com.br\/nenny\/wp-json\/wp\/v2\/comments?post=9559"}],"wp:featuredmedia":[{"embeddable":true,"href":"https:\/\/lolly.com.br\/nenny\/wp-json\/wp\/v2\/media\/10274"}],"wp:attachment":[{"href":"https:\/\/lolly.com.br\/nenny\/wp-json\/wp\/v2\/media?parent=9559"}],"wp:term":[{"taxonomy":"product_cat","embeddable":true,"href":"https:\/\/lolly.com.br\/nenny\/wp-json\/wp\/v2\/product_cat?post=9559"},{"taxonomy":"product_tag","embeddable":true,"href":"https:\/\/lolly.com.br\/nenny\/wp-json\/wp\/v2\/product_tag?post=9559"}],"curies":[{"name":"wp","href":"https:\/\/api.w.org\/{rel}","templated":true}]}}