{"id":9556,"date":"2022-06-09T16:28:47","date_gmt":"2022-06-09T19:28:47","guid":{"rendered":"https:\/\/lolly.com.br\/nenny\/produto\/saboneteria-tip\/"},"modified":"2023-10-17T08:40:03","modified_gmt":"2023-10-17T11:40:03","slug":"saboneteria-tip","status":"publish","type":"product","link":"https:\/\/lolly.com.br\/nenny\/produto\/saboneteria-tip\/","title":{"rendered":"Saboneteria Tip"},"content":{"rendered":"<p>A saboneteira Tip Lolly foi especialmente desenvolvida para armazenar o sabonete infantil com higiene. Seu tamanho compota a maioria dos sabonetes presentes no mercado, tanto sabonetes infantis quanto sabonetes para adultos. A saboneteira Lolly tamb\u00e9m \u00e9 \u00fatil para levar o sabonete para viagens, academia, clube, escola e muitos outros lugares do dia a dia.<\/p>\n","protected":false},"excerpt":{"rendered":"<p>A saboneteira Tip Lolly foi especialmente desenvolvida para armazenar o sabonete infantil com higiene. Seu tamanho compota a maioria dos sabonetes presentes no mercado, tanto sabonetes infantis quanto sabonetes para adultos. A saboneteira Lolly tamb\u00e9m \u00e9 \u00fatil para levar o sabonete para viagens, academia, clube, escola e muitos outros lugares do dia a dia.<\/p>\n","protected":false},"featured_media":10280,"comment_status":"open","ping_status":"closed","template":"","meta":[],"product_cat":[106],"product_tag":[],"class_list":{"0":"post-9556","1":"product","2":"type-product","3":"status-publish","4":"has-post-thumbnail","6":"product_cat-higiene-e-saude","7":"pa_idade-0-meses","8":"description-off","10":"first","11":"instock","12":"shipping-taxable","13":"product-type-simple"},"_links":{"self":[{"href":"https:\/\/lolly.com.br\/nenny\/wp-json\/wp\/v2\/product\/9556","targetHints":{"allow":["GET"]}}],"collection":[{"href":"https:\/\/lolly.com.br\/nenny\/wp-json\/wp\/v2\/product"}],"about":[{"href":"https:\/\/lolly.com.br\/nenny\/wp-json\/wp\/v2\/types\/product"}],"replies":[{"embeddable":true,"href":"https:\/\/lolly.com.br\/nenny\/wp-json\/wp\/v2\/comments?post=9556"}],"wp:featuredmedia":[{"embeddable":true,"href":"https:\/\/lolly.com.br\/nenny\/wp-json\/wp\/v2\/media\/10280"}],"wp:attachment":[{"href":"https:\/\/lolly.com.br\/nenny\/wp-json\/wp\/v2\/media?parent=9556"}],"wp:term":[{"taxonomy":"product_cat","embeddable":true,"href":"https:\/\/lolly.com.br\/nenny\/wp-json\/wp\/v2\/product_cat?post=9556"},{"taxonomy":"product_tag","embeddable":true,"href":"https:\/\/lolly.com.br\/nenny\/wp-json\/wp\/v2\/product_tag?post=9556"}],"curies":[{"name":"wp","href":"https:\/\/api.w.org\/{rel}","templated":true}]}}