{"id":9546,"date":"2022-06-09T16:28:44","date_gmt":"2022-06-09T19:28:44","guid":{"rendered":"https:\/\/lolly.com.br\/nenny\/produto\/mordedor-chaves\/"},"modified":"2023-01-20T14:40:54","modified_gmt":"2023-01-20T17:40:54","slug":"mordedor-chaves","status":"publish","type":"product","link":"https:\/\/lolly.com.br\/nenny\/produto\/mordedor-chaves\/","title":{"rendered":"Mordedor Chaves"},"content":{"rendered":"<p>O Mordedor Chaves Lolly Nenny auxilia na fase inicial da denti\u00e7\u00e3o, pois alivia o inc\u00f4modo e as coceiras na gengiva do beb\u00ea causados durante o nascimento dos dentinhos. As chaves divertem o beb\u00ea e o mosquet\u00e3o d\u00e1 conforto para o beb\u00ea segur\u00e1-lo, al\u00e9m de possuir uma abertura que permite encaix\u00e1-lo em diversos lugares, como bolsas e carrinhos. Indicado por odontopediatras, os mordedores tamb\u00e9m auxiliam a higieniza\u00e7\u00e3o bucal e estimulam o movimento da mordida.<\/p>\n","protected":false},"excerpt":{"rendered":"<p>Utilidade: auxiliar na fase inicial da denti\u00e7\u00e3o e divertir o beb\u00ea.<\/p>\n<p>Composi\u00e7\u00e3o: TPE, PP.<\/p>\n<p>Embalagem:<br \/>\n7046-01-M &#8211; Blister c\/ 1un. | Caixa c\/ 6 blisters.<br \/>\n7046-01-F &#8211; Blister c\/ 1un. | Caixa c\/ 6 blisters.<br \/>\n7046-01-N &#8211; Blister c\/ 1un. | Caixa c\/ 6 blisters.<br \/>\nNCM: 3924.90.00<\/p>\n<p>Produto em conformidade<br \/>\nCE-BRI\/IQB2659 NM300\/2002 &#8211; OCP 0006<\/p>\n","protected":false},"featured_media":8799,"comment_status":"open","ping_status":"closed","template":"","meta":[],"product_cat":[84],"product_tag":[],"class_list":{"0":"post-9546","1":"product","2":"type-product","3":"status-publish","4":"has-post-thumbnail","6":"product_cat-brinquedos-e-acessorios","7":"pa_idade-4-meses","8":"description-off","10":"first","11":"instock","12":"shipping-taxable","13":"product-type-simple"},"_links":{"self":[{"href":"https:\/\/lolly.com.br\/nenny\/wp-json\/wp\/v2\/product\/9546","targetHints":{"allow":["GET"]}}],"collection":[{"href":"https:\/\/lolly.com.br\/nenny\/wp-json\/wp\/v2\/product"}],"about":[{"href":"https:\/\/lolly.com.br\/nenny\/wp-json\/wp\/v2\/types\/product"}],"replies":[{"embeddable":true,"href":"https:\/\/lolly.com.br\/nenny\/wp-json\/wp\/v2\/comments?post=9546"}],"wp:featuredmedia":[{"embeddable":true,"href":"https:\/\/lolly.com.br\/nenny\/wp-json\/wp\/v2\/media\/8799"}],"wp:attachment":[{"href":"https:\/\/lolly.com.br\/nenny\/wp-json\/wp\/v2\/media?parent=9546"}],"wp:term":[{"taxonomy":"product_cat","embeddable":true,"href":"https:\/\/lolly.com.br\/nenny\/wp-json\/wp\/v2\/product_cat?post=9546"},{"taxonomy":"product_tag","embeddable":true,"href":"https:\/\/lolly.com.br\/nenny\/wp-json\/wp\/v2\/product_tag?post=9546"}],"curies":[{"name":"wp","href":"https:\/\/api.w.org\/{rel}","templated":true}]}}