{"id":9545,"date":"2022-06-09T16:28:41","date_gmt":"2022-06-09T19:28:41","guid":{"rendered":"https:\/\/lolly.com.br\/nenny\/produto\/mordedor-chocalho-petty\/"},"modified":"2022-10-31T18:58:50","modified_gmt":"2022-10-31T21:58:50","slug":"mordedor-chocalho-petty","status":"publish","type":"product","link":"https:\/\/lolly.com.br\/nenny\/produto\/mordedor-chocalho-petty\/","title":{"rendered":"Mordedor Chocalho Petty"},"content":{"rendered":"<p>O Mordedor Chocalho Lolly Nenny foi desenvolvido especialmente para divertir o beb\u00ea, proporcionando momentos de descontra\u00e7\u00e3o. \u00c9 lav\u00e1vel, totalmente at\u00f3xico e muito resistente, garantindo assim mais seguran\u00e7a e tranquilidade aos pais. Seu uso estimula a coordena\u00e7\u00e3o motora e os sons suaves incentivam a fala. Indicado por odontopediatras, os mordedores tamb\u00e9m auxiliam a higieniza\u00e7\u00e3o bucal e estimulam o movimento da mordida.<\/p>\n","protected":false},"excerpt":{"rendered":"<p>Utilidade: auxiliar na fase inicial da denti\u00e7\u00e3o e divertir o beb\u00ea.<\/p>\n<p>Composi\u00e7\u00e3o: TPE, PP, PS.<\/p>\n<p>Embalagem:<br \/>\n7049-01-M &#8211; Blister c\/ 1un. | Caixa c\/ 6 blisters.<br \/>\n7049-01-F &#8211; Blister c\/ 1un. | Caixa c\/ 6 blisters.<br \/>\n7049-01-N &#8211; Blister c\/ 1un. | Caixa c\/ 6 blisters.<br \/>\nNCM: 3924.90.00<\/p>\n<p>Produto em conformidade<br \/>\nCE-BRI\/IQB2659 NM300\/2002 &#8211; OCP 0006<\/p>\n","protected":false},"featured_media":8596,"comment_status":"open","ping_status":"closed","template":"","meta":[],"product_cat":[84],"product_tag":[],"class_list":{"0":"post-9545","1":"product","2":"type-product","3":"status-publish","4":"has-post-thumbnail","6":"product_cat-brinquedos-e-acessorios","7":"pa_idade-4-meses","8":"description-off","10":"first","11":"instock","12":"shipping-taxable","13":"product-type-simple"},"_links":{"self":[{"href":"https:\/\/lolly.com.br\/nenny\/wp-json\/wp\/v2\/product\/9545","targetHints":{"allow":["GET"]}}],"collection":[{"href":"https:\/\/lolly.com.br\/nenny\/wp-json\/wp\/v2\/product"}],"about":[{"href":"https:\/\/lolly.com.br\/nenny\/wp-json\/wp\/v2\/types\/product"}],"replies":[{"embeddable":true,"href":"https:\/\/lolly.com.br\/nenny\/wp-json\/wp\/v2\/comments?post=9545"}],"wp:featuredmedia":[{"embeddable":true,"href":"https:\/\/lolly.com.br\/nenny\/wp-json\/wp\/v2\/media\/8596"}],"wp:attachment":[{"href":"https:\/\/lolly.com.br\/nenny\/wp-json\/wp\/v2\/media?parent=9545"}],"wp:term":[{"taxonomy":"product_cat","embeddable":true,"href":"https:\/\/lolly.com.br\/nenny\/wp-json\/wp\/v2\/product_cat?post=9545"},{"taxonomy":"product_tag","embeddable":true,"href":"https:\/\/lolly.com.br\/nenny\/wp-json\/wp\/v2\/product_tag?post=9545"}],"curies":[{"name":"wp","href":"https:\/\/api.w.org\/{rel}","templated":true}]}}