{"id":9540,"date":"2022-06-09T16:28:34","date_gmt":"2022-06-09T19:28:34","guid":{"rendered":"https:\/\/lolly.com.br\/nenny\/produto\/chocalho-tricolor\/"},"modified":"2023-08-15T17:53:51","modified_gmt":"2023-08-15T20:53:51","slug":"chocalho-tricolor","status":"publish","type":"product","link":"https:\/\/lolly.com.br\/nenny\/produto\/chocalho-tricolor\/","title":{"rendered":"Chocalho Tricolor"},"content":{"rendered":"<p>O <strong>Chocalho Tricolor Lolly Nenny<\/strong> foi desenvolvido especialmente para divertir o beb\u00ea, proporcionando momentos de descontra\u00e7\u00e3o. \u00c9 lav\u00e1vel, totalmente at\u00f3xico e muito resistente. Seu som, al\u00e9m de divertir o beb\u00ea, estimula a audi\u00e7\u00e3o e as cores prim\u00e1rias (azul, vermelho e amarelo) estimulam a vis\u00e3o, pois chamam a aten\u00e7\u00e3o das crian\u00e7as e contribuem para o aprimoramento da capacidade cognitiva e motora.<\/p>\n","protected":false},"excerpt":{"rendered":"<p>O Chocalho Tricolor Lolly Nenny foi desenvolvido especialmente para divertir o beb\u00ea, proporcionando momentos de descontra\u00e7\u00e3o. \u00c9 lav\u00e1vel, totalmente at\u00f3xico e muito resistente. Seu som, al\u00e9m de divertir o beb\u00ea, estimula a audi\u00e7\u00e3o e as cores prim\u00e1rias (azul, vermelho e amarelo) estimulam a vis\u00e3o, pois chamam a aten\u00e7\u00e3o das crian\u00e7as e contribuem para o aprimoramento&hellip;<\/p>\n","protected":false},"featured_media":9541,"comment_status":"open","ping_status":"closed","template":"","meta":[],"product_cat":[84],"product_tag":[],"class_list":{"0":"post-9540","1":"product","2":"type-product","3":"status-publish","4":"has-post-thumbnail","6":"product_cat-brinquedos-e-acessorios","7":"pa_idade-0-meses","8":"description-off","10":"first","11":"instock","12":"shipping-taxable","13":"product-type-simple"},"_links":{"self":[{"href":"https:\/\/lolly.com.br\/nenny\/wp-json\/wp\/v2\/product\/9540","targetHints":{"allow":["GET"]}}],"collection":[{"href":"https:\/\/lolly.com.br\/nenny\/wp-json\/wp\/v2\/product"}],"about":[{"href":"https:\/\/lolly.com.br\/nenny\/wp-json\/wp\/v2\/types\/product"}],"replies":[{"embeddable":true,"href":"https:\/\/lolly.com.br\/nenny\/wp-json\/wp\/v2\/comments?post=9540"}],"wp:featuredmedia":[{"embeddable":true,"href":"https:\/\/lolly.com.br\/nenny\/wp-json\/wp\/v2\/media\/9541"}],"wp:attachment":[{"href":"https:\/\/lolly.com.br\/nenny\/wp-json\/wp\/v2\/media?parent=9540"}],"wp:term":[{"taxonomy":"product_cat","embeddable":true,"href":"https:\/\/lolly.com.br\/nenny\/wp-json\/wp\/v2\/product_cat?post=9540"},{"taxonomy":"product_tag","embeddable":true,"href":"https:\/\/lolly.com.br\/nenny\/wp-json\/wp\/v2\/product_tag?post=9540"}],"curies":[{"name":"wp","href":"https:\/\/api.w.org\/{rel}","templated":true}]}}