{"id":9539,"date":"2022-06-09T16:28:32","date_gmt":"2022-06-09T19:28:32","guid":{"rendered":"https:\/\/lolly.com.br\/nenny\/produto\/chocalho-tip\/"},"modified":"2023-08-15T17:52:52","modified_gmt":"2023-08-15T20:52:52","slug":"chocalho-tip","status":"publish","type":"product","link":"https:\/\/lolly.com.br\/nenny\/produto\/chocalho-tip\/","title":{"rendered":"Chocalho Tip"},"content":{"rendered":"<p>O Chocalho Tip Lolly foi desenvolvido especialmente para divertir o beb\u00ea, porporcionando momentos de descontra\u00e7\u00e3o. \u00c9 lav\u00e1vel, totalmente at\u00f3xico e muito resistente. Seu som estimula o ouvido e seu uso estimula a coordena\u00e7\u00e3o motora.<\/p>\n","protected":false},"excerpt":{"rendered":"<p>O Chocalho Tip Lolly foi desenvolvido especialmente para divertir o beb\u00ea, porporcionando momentos de descontra\u00e7\u00e3o. \u00c9 lav\u00e1vel, totalmente at\u00f3xico e muito resistente. Seu som estimula o ouvido e seu uso estimula a coordena\u00e7\u00e3o motora.<\/p>\n","protected":false},"featured_media":10227,"comment_status":"open","ping_status":"closed","template":"","meta":[],"product_cat":[84],"product_tag":[],"class_list":{"0":"post-9539","1":"product","2":"type-product","3":"status-publish","4":"has-post-thumbnail","6":"product_cat-brinquedos-e-acessorios","7":"pa_idade-0-meses","8":"description-off","10":"first","11":"instock","12":"shipping-taxable","13":"product-type-simple"},"_links":{"self":[{"href":"https:\/\/lolly.com.br\/nenny\/wp-json\/wp\/v2\/product\/9539","targetHints":{"allow":["GET"]}}],"collection":[{"href":"https:\/\/lolly.com.br\/nenny\/wp-json\/wp\/v2\/product"}],"about":[{"href":"https:\/\/lolly.com.br\/nenny\/wp-json\/wp\/v2\/types\/product"}],"replies":[{"embeddable":true,"href":"https:\/\/lolly.com.br\/nenny\/wp-json\/wp\/v2\/comments?post=9539"}],"wp:featuredmedia":[{"embeddable":true,"href":"https:\/\/lolly.com.br\/nenny\/wp-json\/wp\/v2\/media\/10227"}],"wp:attachment":[{"href":"https:\/\/lolly.com.br\/nenny\/wp-json\/wp\/v2\/media?parent=9539"}],"wp:term":[{"taxonomy":"product_cat","embeddable":true,"href":"https:\/\/lolly.com.br\/nenny\/wp-json\/wp\/v2\/product_cat?post=9539"},{"taxonomy":"product_tag","embeddable":true,"href":"https:\/\/lolly.com.br\/nenny\/wp-json\/wp\/v2\/product_tag?post=9539"}],"curies":[{"name":"wp","href":"https:\/\/api.w.org\/{rel}","templated":true}]}}