{"id":9533,"date":"2022-06-09T16:28:32","date_gmt":"2022-06-09T19:28:32","guid":{"rendered":"https:\/\/lolly.com.br\/nenny\/produto\/mordedor-flex\/"},"modified":"2022-07-06T16:04:47","modified_gmt":"2022-07-06T19:04:47","slug":"mordedor-flex","status":"publish","type":"product","link":"https:\/\/lolly.com.br\/nenny\/produto\/mordedor-flex\/","title":{"rendered":"Mordedor Flex"},"content":{"rendered":"<p>O Mordedor Flex Lolly auxilia na fase inicial da denti\u00e7\u00e3o, pois alivia o inc\u00f4modo e as coceiras na gengiva do beb\u00ea causados durante o nascimento dos dentinhos. Com diferentes texturas em ambos os lados, \u00e9 confeccionado com material flex\u00edvel para n\u00e3o machucar a gengiva. Indicado por odontopediatras, os mordedores tamb\u00e9m auxiliam a higieniza\u00e7\u00e3o bucal e estimulam o movimento da mordida.<\/p>\n","protected":false},"excerpt":{"rendered":"<p>Utilidade: auxiliar na fase inicial da denti\u00e7\u00e3o.<\/p>\n<p>Composi\u00e7\u00e3o: PVC sem FTALATOS.<\/p>\n<p>Embalagem:<br \/>\n7040-01-M &#8211; Blister c\/ 1un. | Caixa c\/ 6 blisters.<br \/>\n7040-01-F &#8211; Blister c\/ 1un. | Caixa c\/ 6 blisters.<\/p>\n<p>NCM: 3924.90.00<\/p>\n<p>Produto em conformidade<br \/>\nCE-BRI\/IQB2659 NM300\/2002 &#8211; OCP 0006<\/p>\n","protected":false},"featured_media":9534,"comment_status":"open","ping_status":"closed","template":"","meta":[],"product_cat":[84],"product_tag":[],"class_list":{"0":"post-9533","1":"product","2":"type-product","3":"status-publish","4":"has-post-thumbnail","6":"product_cat-brinquedos-e-acessorios","7":"pa_idade-4-meses","8":"description-off","10":"first","11":"instock","12":"shipping-taxable","13":"product-type-simple"},"_links":{"self":[{"href":"https:\/\/lolly.com.br\/nenny\/wp-json\/wp\/v2\/product\/9533","targetHints":{"allow":["GET"]}}],"collection":[{"href":"https:\/\/lolly.com.br\/nenny\/wp-json\/wp\/v2\/product"}],"about":[{"href":"https:\/\/lolly.com.br\/nenny\/wp-json\/wp\/v2\/types\/product"}],"replies":[{"embeddable":true,"href":"https:\/\/lolly.com.br\/nenny\/wp-json\/wp\/v2\/comments?post=9533"}],"wp:featuredmedia":[{"embeddable":true,"href":"https:\/\/lolly.com.br\/nenny\/wp-json\/wp\/v2\/media\/9534"}],"wp:attachment":[{"href":"https:\/\/lolly.com.br\/nenny\/wp-json\/wp\/v2\/media?parent=9533"}],"wp:term":[{"taxonomy":"product_cat","embeddable":true,"href":"https:\/\/lolly.com.br\/nenny\/wp-json\/wp\/v2\/product_cat?post=9533"},{"taxonomy":"product_tag","embeddable":true,"href":"https:\/\/lolly.com.br\/nenny\/wp-json\/wp\/v2\/product_tag?post=9533"}],"curies":[{"name":"wp","href":"https:\/\/api.w.org\/{rel}","templated":true}]}}