{"id":9532,"date":"2022-06-09T16:28:30","date_gmt":"2022-06-09T19:28:30","guid":{"rendered":"https:\/\/lolly.com.br\/nenny\/produto\/mordedor-estrelas\/"},"modified":"2023-08-14T08:34:06","modified_gmt":"2023-08-14T11:34:06","slug":"mordedor-estrelas","status":"publish","type":"product","link":"https:\/\/lolly.com.br\/nenny\/produto\/mordedor-estrelas\/","title":{"rendered":"Mordedor Estrelas"},"content":{"rendered":"<p>O Mordedor Estrelas Lolly auxilia na fase inicial da denti\u00e7\u00e3o, pois alivia o inc\u00f4modo e as coceiras na gengiva do beb\u00ea causados com o nascimento dos dentinhos. Com diferentes texturas em ambos os lados, \u00e9 confeccionado com material flex\u00edvel para n\u00e3o machucar a gengiva. Indicado por odontopediatras, os mordedores tamb\u00e9m auxiliam a higieniza\u00e7\u00e3o bucal e estimulam o movimento da mordida.<\/p>\n","protected":false},"excerpt":{"rendered":"<p>O Mordedor Estrelas Lolly auxilia na fase inicial da denti\u00e7\u00e3o, pois alivia o inc\u00f4modo e as coceiras na gengiva do beb\u00ea causados com o nascimento dos dentinhos. Com diferentes texturas em ambos os lados, \u00e9 confeccionado com material flex\u00edvel para n\u00e3o machucar a gengiva. Indicado por odontopediatras, os mordedores tamb\u00e9m auxiliam a higieniza\u00e7\u00e3o bucal e&hellip;<\/p>\n","protected":false},"featured_media":10194,"comment_status":"open","ping_status":"closed","template":"","meta":[],"product_cat":[84],"product_tag":[],"class_list":{"0":"post-9532","1":"product","2":"type-product","3":"status-publish","4":"has-post-thumbnail","6":"product_cat-brinquedos-e-acessorios","7":"pa_idade-4-meses","8":"description-off","10":"first","11":"instock","12":"shipping-taxable","13":"product-type-simple"},"_links":{"self":[{"href":"https:\/\/lolly.com.br\/nenny\/wp-json\/wp\/v2\/product\/9532","targetHints":{"allow":["GET"]}}],"collection":[{"href":"https:\/\/lolly.com.br\/nenny\/wp-json\/wp\/v2\/product"}],"about":[{"href":"https:\/\/lolly.com.br\/nenny\/wp-json\/wp\/v2\/types\/product"}],"replies":[{"embeddable":true,"href":"https:\/\/lolly.com.br\/nenny\/wp-json\/wp\/v2\/comments?post=9532"}],"wp:featuredmedia":[{"embeddable":true,"href":"https:\/\/lolly.com.br\/nenny\/wp-json\/wp\/v2\/media\/10194"}],"wp:attachment":[{"href":"https:\/\/lolly.com.br\/nenny\/wp-json\/wp\/v2\/media?parent=9532"}],"wp:term":[{"taxonomy":"product_cat","embeddable":true,"href":"https:\/\/lolly.com.br\/nenny\/wp-json\/wp\/v2\/product_cat?post=9532"},{"taxonomy":"product_tag","embeddable":true,"href":"https:\/\/lolly.com.br\/nenny\/wp-json\/wp\/v2\/product_tag?post=9532"}],"curies":[{"name":"wp","href":"https:\/\/api.w.org\/{rel}","templated":true}]}}