{"id":9525,"date":"2022-06-09T16:28:28","date_gmt":"2022-06-09T19:28:28","guid":{"rendered":"https:\/\/lolly.com.br\/nenny\/produto\/kit-alimentacao-tip\/"},"modified":"2023-01-20T14:27:53","modified_gmt":"2023-01-20T17:27:53","slug":"kit-alimentacao-tip","status":"publish","type":"product","link":"https:\/\/lolly.com.br\/nenny\/produto\/kit-alimentacao-tip\/","title":{"rendered":"Kit Alimenta\u00e7\u00e3o Tip"},"content":{"rendered":"<p>O Kit Alimenta\u00e7\u00e3o Tip Lolly tem o objetivo de treinar a crian\u00e7a que est\u00e1 aprendendo a comer sozinha. O prato tem uma al\u00e7a que \u00e9 excelente para que a mam\u00e3e ou papai participem da refei\u00e7\u00e3o da crian\u00e7a, sem risco de queimar as m\u00e3os com a comida quente. Possui base antiderrapante (ventosa), o que evita que a crian\u00e7a derrube acidentalmente ou se machuque. Os talheres, indicados para pessoas destras, tem bordas arredondadas sem cantos cortantes e o \u00e2ngulo especial facilita a alimenta\u00e7\u00e3o da crian\u00e7a sozinha ou com a ajuda dos pais. O copo \u00e9 ideal para treinar a crian\u00e7a durante a fase de transi\u00e7\u00e3o da mamadeira para o copo e vem com uma tampa de veda\u00e7\u00e3o que evita que o l\u00edquido vaze quando em transporte.<\/p>\n<p>Kit com prato, copo, garfo e colher.<\/p>\n<p><em>Kit com prato, copo, garfo e colher.<\/em><\/p>\n","protected":false},"excerpt":{"rendered":"<p>Utilidade: alimenta\u00e7\u00e3o da crian\u00e7a.<br \/>\nComposi\u00e7\u00e3o: PP, PVC sem FTALATOS.<br \/>\n7131-01-F &#8211; Blister c\/ 1 un. | Caixa c\/ 4 blisters.<br \/>\n7131-01-M &#8211; Blister c\/ 1 un. | Caixa c\/ 4 blisters.<\/p>\n","protected":false},"featured_media":10008,"comment_status":"open","ping_status":"closed","template":"","meta":[],"product_cat":[83],"product_tag":[],"class_list":{"0":"post-9525","1":"product","2":"type-product","3":"status-publish","4":"has-post-thumbnail","6":"product_cat-mamar-comer-e-beber","7":"pa_idade-6-meses","8":"description-off","10":"first","11":"instock","12":"shipping-taxable","13":"product-type-simple"},"_links":{"self":[{"href":"https:\/\/lolly.com.br\/nenny\/wp-json\/wp\/v2\/product\/9525","targetHints":{"allow":["GET"]}}],"collection":[{"href":"https:\/\/lolly.com.br\/nenny\/wp-json\/wp\/v2\/product"}],"about":[{"href":"https:\/\/lolly.com.br\/nenny\/wp-json\/wp\/v2\/types\/product"}],"replies":[{"embeddable":true,"href":"https:\/\/lolly.com.br\/nenny\/wp-json\/wp\/v2\/comments?post=9525"}],"wp:featuredmedia":[{"embeddable":true,"href":"https:\/\/lolly.com.br\/nenny\/wp-json\/wp\/v2\/media\/10008"}],"wp:attachment":[{"href":"https:\/\/lolly.com.br\/nenny\/wp-json\/wp\/v2\/media?parent=9525"}],"wp:term":[{"taxonomy":"product_cat","embeddable":true,"href":"https:\/\/lolly.com.br\/nenny\/wp-json\/wp\/v2\/product_cat?post=9525"},{"taxonomy":"product_tag","embeddable":true,"href":"https:\/\/lolly.com.br\/nenny\/wp-json\/wp\/v2\/product_tag?post=9525"}],"curies":[{"name":"wp","href":"https:\/\/api.w.org\/{rel}","templated":true}]}}