{"id":9522,"date":"2022-06-09T16:28:28","date_gmt":"2022-06-09T19:28:28","guid":{"rendered":"https:\/\/lolly.com.br\/nenny\/produto\/alimentador-de-silicone\/"},"modified":"2023-08-14T17:45:19","modified_gmt":"2023-08-14T20:45:19","slug":"alimentador-de-silicone","status":"publish","type":"product","link":"https:\/\/lolly.com.br\/nenny\/produto\/alimentador-de-silicone\/","title":{"rendered":"Alimentador de Silicone"},"content":{"rendered":"<p>O Alimentador de Silicone Lolly \u00e9 ideal para auxiliar na introdu\u00e7\u00e3o de alimentos s\u00f3lidos na alimenta\u00e7\u00e3o do beb\u00ea. Ajuda o beb\u00ea a descobrir o sabor dos alimentos de uma maneira que estimula a coordena\u00e7\u00e3o motora e o encoraja a se alimentar sozinho, al\u00e9m de diminuir o risco de asfixia, uma vez que impede que os peda\u00e7os grandes sejam engolidos.<\/p>\n<p>Assista ao v\u00eddeo:<br \/>\n<a href=\"https:\/\/www.youtube.com\/watch?v=Hczrw5hGRqU\">(9) Alimentador de Silicone Lolly &#8211; YouTube<\/a><\/p>\n","protected":false},"excerpt":{"rendered":"<p>O Alimentador de Silicone Lolly \u00e9 ideal para auxiliar na introdu\u00e7\u00e3o de alimentos s\u00f3lidos na alimenta\u00e7\u00e3o do beb\u00ea. Ajuda o beb\u00ea a descobrir o sabor dos alimentos de uma maneira que estimula a coordena\u00e7\u00e3o motora e o encoraja a se alimentar sozinho, al\u00e9m de diminuir o risco de asfixia, uma vez que impede que os&hellip;<\/p>\n","protected":false},"featured_media":9523,"comment_status":"open","ping_status":"closed","template":"","meta":[],"product_cat":[83],"product_tag":[],"class_list":{"0":"post-9522","1":"product","2":"type-product","3":"status-publish","4":"has-post-thumbnail","6":"product_cat-mamar-comer-e-beber","7":"pa_idade-6-meses","8":"description-off","10":"first","11":"instock","12":"shipping-taxable","13":"product-type-simple"},"_links":{"self":[{"href":"https:\/\/lolly.com.br\/nenny\/wp-json\/wp\/v2\/product\/9522","targetHints":{"allow":["GET"]}}],"collection":[{"href":"https:\/\/lolly.com.br\/nenny\/wp-json\/wp\/v2\/product"}],"about":[{"href":"https:\/\/lolly.com.br\/nenny\/wp-json\/wp\/v2\/types\/product"}],"replies":[{"embeddable":true,"href":"https:\/\/lolly.com.br\/nenny\/wp-json\/wp\/v2\/comments?post=9522"}],"wp:featuredmedia":[{"embeddable":true,"href":"https:\/\/lolly.com.br\/nenny\/wp-json\/wp\/v2\/media\/9523"}],"wp:attachment":[{"href":"https:\/\/lolly.com.br\/nenny\/wp-json\/wp\/v2\/media?parent=9522"}],"wp:term":[{"taxonomy":"product_cat","embeddable":true,"href":"https:\/\/lolly.com.br\/nenny\/wp-json\/wp\/v2\/product_cat?post=9522"},{"taxonomy":"product_tag","embeddable":true,"href":"https:\/\/lolly.com.br\/nenny\/wp-json\/wp\/v2\/product_tag?post=9522"}],"curies":[{"name":"wp","href":"https:\/\/api.w.org\/{rel}","templated":true}]}}