{"id":9519,"date":"2022-06-09T16:28:28","date_gmt":"2022-06-09T19:28:28","guid":{"rendered":"https:\/\/lolly.com.br\/nenny\/produto\/copo-educativo-tip-150ml\/"},"modified":"2023-01-20T14:18:36","modified_gmt":"2023-01-20T17:18:36","slug":"copo-educativo-tip-150ml","status":"publish","type":"product","link":"https:\/\/lolly.com.br\/nenny\/produto\/copo-educativo-tip-150ml\/","title":{"rendered":"Copo Educativo Tip 150ml"},"content":{"rendered":"<p>O Copo Educativo Tip \u00e9 ideal para treinar a crian\u00e7a que est\u00e1 aprendendo a beber durante a fase de transi\u00e7\u00e3o da mamadeira para o copo. A al\u00e7a remov\u00edvel auxilia a pegada da crian\u00e7a e facilita o processo.<\/p>\n<p>Fluxo intenso.<\/p>\n","protected":false},"excerpt":{"rendered":"<p>Utilidade: Auxiliar na transi\u00e7\u00e3o da mamadeira para o copo.<br \/>\nComposi\u00e7\u00e3o: PP<br \/>\n7100-00-M &#8211; Solapa com 1 un. | Caixa c\/ 6 un.<br \/>\n7100-00-F &#8211; Solapa com 1 un. | Caixa c\/ 6 un.<\/p>\n","protected":false},"featured_media":9991,"comment_status":"open","ping_status":"closed","template":"","meta":[],"product_cat":[83],"product_tag":[],"class_list":{"0":"post-9519","1":"product","2":"type-product","3":"status-publish","4":"has-post-thumbnail","6":"product_cat-mamar-comer-e-beber","7":"pa_idade-6-meses","8":"description-off","10":"first","11":"instock","12":"shipping-taxable","13":"product-type-simple"},"_links":{"self":[{"href":"https:\/\/lolly.com.br\/nenny\/wp-json\/wp\/v2\/product\/9519","targetHints":{"allow":["GET"]}}],"collection":[{"href":"https:\/\/lolly.com.br\/nenny\/wp-json\/wp\/v2\/product"}],"about":[{"href":"https:\/\/lolly.com.br\/nenny\/wp-json\/wp\/v2\/types\/product"}],"replies":[{"embeddable":true,"href":"https:\/\/lolly.com.br\/nenny\/wp-json\/wp\/v2\/comments?post=9519"}],"wp:featuredmedia":[{"embeddable":true,"href":"https:\/\/lolly.com.br\/nenny\/wp-json\/wp\/v2\/media\/9991"}],"wp:attachment":[{"href":"https:\/\/lolly.com.br\/nenny\/wp-json\/wp\/v2\/media?parent=9519"}],"wp:term":[{"taxonomy":"product_cat","embeddable":true,"href":"https:\/\/lolly.com.br\/nenny\/wp-json\/wp\/v2\/product_cat?post=9519"},{"taxonomy":"product_tag","embeddable":true,"href":"https:\/\/lolly.com.br\/nenny\/wp-json\/wp\/v2\/product_tag?post=9519"}],"curies":[{"name":"wp","href":"https:\/\/api.w.org\/{rel}","templated":true}]}}