{"id":9516,"date":"2022-06-09T16:28:28","date_gmt":"2022-06-09T19:28:28","guid":{"rendered":"https:\/\/lolly.com.br\/nenny\/produto\/copo-viva-com-canudo-330ml\/"},"modified":"2024-08-28T15:21:45","modified_gmt":"2024-08-28T18:21:45","slug":"copo-viva-com-canudo-330ml","status":"publish","type":"product","link":"https:\/\/lolly.com.br\/nenny\/produto\/copo-viva-com-canudo-330ml\/","title":{"rendered":"Copo Viva com Canudo 330ml"},"content":{"rendered":"<p>O Copo Viva Lolly \u00e9 alegre e divertido! Possui canudo com ponta macia de silicone e tampa deslizante que protege a ponta do canudo, mantendo-a sempre limpa, al\u00e9m de evitar vazamentos.<br \/>\nSeu design acinturado \u00e9 ideal para facilitar a pega e a ader\u00eancia das m\u00e3ozinhas das crian\u00e7as.<\/p>\n<p>+++ poucas pe\u00e7as: f\u00e1cil de limpar e de montar.<\/p>\n","protected":false},"excerpt":{"rendered":"<p>O Copo Viva Lolly \u00e9 alegre e divertido! Possui canudo com ponta macia de silicone e tampa deslizante que protege a ponta do canudo, mantendo-a sempre limpa, al\u00e9m de evitar vazamentos. Seu design acinturado \u00e9 ideal para facilitar a pega e a ader\u00eancia das m\u00e3ozinhas das crian\u00e7as. +++ poucas pe\u00e7as: f\u00e1cil de limpar e de&hellip;<\/p>\n","protected":false},"featured_media":10374,"comment_status":"open","ping_status":"closed","template":"","meta":[],"product_cat":[83],"product_tag":[],"class_list":{"0":"post-9516","1":"product","2":"type-product","3":"status-publish","4":"has-post-thumbnail","6":"product_cat-mamar-comer-e-beber","7":"pa_idade-18-meses","8":"description-off","10":"first","11":"instock","12":"shipping-taxable","13":"product-type-simple"},"_links":{"self":[{"href":"https:\/\/lolly.com.br\/nenny\/wp-json\/wp\/v2\/product\/9516","targetHints":{"allow":["GET"]}}],"collection":[{"href":"https:\/\/lolly.com.br\/nenny\/wp-json\/wp\/v2\/product"}],"about":[{"href":"https:\/\/lolly.com.br\/nenny\/wp-json\/wp\/v2\/types\/product"}],"replies":[{"embeddable":true,"href":"https:\/\/lolly.com.br\/nenny\/wp-json\/wp\/v2\/comments?post=9516"}],"wp:featuredmedia":[{"embeddable":true,"href":"https:\/\/lolly.com.br\/nenny\/wp-json\/wp\/v2\/media\/10374"}],"wp:attachment":[{"href":"https:\/\/lolly.com.br\/nenny\/wp-json\/wp\/v2\/media?parent=9516"}],"wp:term":[{"taxonomy":"product_cat","embeddable":true,"href":"https:\/\/lolly.com.br\/nenny\/wp-json\/wp\/v2\/product_cat?post=9516"},{"taxonomy":"product_tag","embeddable":true,"href":"https:\/\/lolly.com.br\/nenny\/wp-json\/wp\/v2\/product_tag?post=9516"}],"curies":[{"name":"wp","href":"https:\/\/api.w.org\/{rel}","templated":true}]}}