{"id":9510,"date":"2022-06-09T16:28:28","date_gmt":"2022-06-09T19:28:28","guid":{"rendered":"https:\/\/lolly.com.br\/nenny\/produto\/copo-clean-com-bico-silicone-150ml\/"},"modified":"2022-07-06T16:04:05","modified_gmt":"2022-07-06T19:04:05","slug":"copo-clean-com-bico-silicone-150ml","status":"publish","type":"product","link":"https:\/\/lolly.com.br\/nenny\/produto\/copo-clean-com-bico-silicone-150ml\/","title":{"rendered":"Copo Clean com Bico Silicone 150ml"},"content":{"rendered":"<p>O Copo Clean com Bico de Silicone \u00e9 ideal para transi\u00e7\u00e3o da mamadeira para o copo. As al\u00e7as e o formato anat\u00f4mico auxiliam o beb\u00ea a segurar o copo com seguran\u00e7a. Possui tampa protetora, \u00e9 antivazamento e tem bico macio de silicone para n\u00e3o machucar as gengivas sens\u00edveis do beb\u00ea. As al\u00e7as s\u00e3o remov\u00edveis, sendo poss\u00edvel utilizar o copo com ou sem al\u00e7a.<\/p>\n","protected":false},"excerpt":{"rendered":"<p>Utilidade: Auxiliar na transi\u00e7\u00e3o da mamadeira para o copo.<br \/>\nComposi\u00e7\u00e3o: PP e Silicone<br \/>\n7109-00-M &#8211; Solapa com 1 un. | Caixa c\/ 6 un.<br \/>\n7109-00-F &#8211; Solapa com 1 un. | Caixa c\/ 6 un.<\/p>\n","protected":false},"featured_media":9511,"comment_status":"open","ping_status":"closed","template":"","meta":[],"product_cat":[83],"product_tag":[],"class_list":{"0":"post-9510","1":"product","2":"type-product","3":"status-publish","4":"has-post-thumbnail","6":"product_cat-mamar-comer-e-beber","7":"pa_idade-6-meses","8":"description-off","10":"first","11":"instock","12":"shipping-taxable","13":"product-type-simple"},"_links":{"self":[{"href":"https:\/\/lolly.com.br\/nenny\/wp-json\/wp\/v2\/product\/9510","targetHints":{"allow":["GET"]}}],"collection":[{"href":"https:\/\/lolly.com.br\/nenny\/wp-json\/wp\/v2\/product"}],"about":[{"href":"https:\/\/lolly.com.br\/nenny\/wp-json\/wp\/v2\/types\/product"}],"replies":[{"embeddable":true,"href":"https:\/\/lolly.com.br\/nenny\/wp-json\/wp\/v2\/comments?post=9510"}],"wp:featuredmedia":[{"embeddable":true,"href":"https:\/\/lolly.com.br\/nenny\/wp-json\/wp\/v2\/media\/9511"}],"wp:attachment":[{"href":"https:\/\/lolly.com.br\/nenny\/wp-json\/wp\/v2\/media?parent=9510"}],"wp:term":[{"taxonomy":"product_cat","embeddable":true,"href":"https:\/\/lolly.com.br\/nenny\/wp-json\/wp\/v2\/product_cat?post=9510"},{"taxonomy":"product_tag","embeddable":true,"href":"https:\/\/lolly.com.br\/nenny\/wp-json\/wp\/v2\/product_tag?post=9510"}],"curies":[{"name":"wp","href":"https:\/\/api.w.org\/{rel}","templated":true}]}}