{"id":9507,"date":"2022-06-09T16:28:27","date_gmt":"2022-06-09T19:28:27","guid":{"rendered":"https:\/\/lolly.com.br\/nenny\/produto\/porta-chupeta-clean\/"},"modified":"2023-10-17T08:56:09","modified_gmt":"2023-10-17T11:56:09","slug":"porta-chupeta-clean","status":"publish","type":"product","link":"https:\/\/lolly.com.br\/nenny\/produto\/porta-chupeta-clean\/","title":{"rendered":"Porta Chupeta Clean"},"content":{"rendered":"<p>O porta chupeta Lolly foi desenvolvido para guardar a chupeta do beb\u00ea. \u00c9 pr\u00e1tico porque sua al\u00e7a permite prend\u00ea-lo em diversos lugares como carrinhos e bolsas. \u00c9 higi\u00eanico porque protege a chupeta de impurezas que possam prejudicar o beb\u00ea.<\/p>\n","protected":false},"excerpt":{"rendered":"<p>O porta chupeta Lolly foi desenvolvido para guardar a chupeta do beb\u00ea. \u00c9 pr\u00e1tico porque sua al\u00e7a permite prend\u00ea-lo em diversos lugares como carrinhos e bolsas. \u00c9 higi\u00eanico porque protege a chupeta de impurezas que possam prejudicar o beb\u00ea.<\/p>\n","protected":false},"featured_media":9508,"comment_status":"open","ping_status":"closed","template":"","meta":[],"product_cat":[91],"product_tag":[],"class_list":{"0":"post-9507","1":"product","2":"type-product","3":"status-publish","4":"has-post-thumbnail","6":"product_cat-acessorios-de-chupeta","7":"pa_idade-0-meses","8":"description-off","10":"first","11":"instock","12":"shipping-taxable","13":"product-type-simple"},"_links":{"self":[{"href":"https:\/\/lolly.com.br\/nenny\/wp-json\/wp\/v2\/product\/9507","targetHints":{"allow":["GET"]}}],"collection":[{"href":"https:\/\/lolly.com.br\/nenny\/wp-json\/wp\/v2\/product"}],"about":[{"href":"https:\/\/lolly.com.br\/nenny\/wp-json\/wp\/v2\/types\/product"}],"replies":[{"embeddable":true,"href":"https:\/\/lolly.com.br\/nenny\/wp-json\/wp\/v2\/comments?post=9507"}],"wp:featuredmedia":[{"embeddable":true,"href":"https:\/\/lolly.com.br\/nenny\/wp-json\/wp\/v2\/media\/9508"}],"wp:attachment":[{"href":"https:\/\/lolly.com.br\/nenny\/wp-json\/wp\/v2\/media?parent=9507"}],"wp:term":[{"taxonomy":"product_cat","embeddable":true,"href":"https:\/\/lolly.com.br\/nenny\/wp-json\/wp\/v2\/product_cat?post=9507"},{"taxonomy":"product_tag","embeddable":true,"href":"https:\/\/lolly.com.br\/nenny\/wp-json\/wp\/v2\/product_tag?post=9507"}],"curies":[{"name":"wp","href":"https:\/\/api.w.org\/{rel}","templated":true}]}}