{"id":10456,"date":"2025-04-22T08:20:11","date_gmt":"2025-04-22T11:20:11","guid":{"rendered":"https:\/\/lolly.com.br\/nenny\/?post_type=product&#038;p=10456"},"modified":"2025-04-22T08:20:11","modified_gmt":"2025-04-22T11:20:11","slug":"mordedor-agua-melancia","status":"publish","type":"product","link":"https:\/\/lolly.com.br\/nenny\/produto\/mordedor-agua-melancia\/","title":{"rendered":"Mordedor \u00c1gua Melancia"},"content":{"rendered":"<h3 class=\"\" data-start=\"124\" data-end=\"164\">Mordedor \u00c1gua Melancia Lolly Nenny<\/h3>\n<p class=\"\" data-start=\"165\" data-end=\"219\"><strong data-start=\"165\" data-end=\"217\">Refrescante, divertido e seguro para o seu beb\u00ea!<\/strong><\/p>\n<p class=\"\" data-start=\"221\" data-end=\"507\">O Mordedor \u00c1gua Melancia da linha Lolly Nenny \u00e9 ideal para tornar a fase da denti\u00e7\u00e3o mais tranquila e divertida. Seu formato l\u00fadico de fatia de melancia estimula a curiosidade dos pequenos, enquanto sua textura macia massageia a gengiva e alivia o desconforto dos primeiros dentinhos.<\/p>\n<p class=\"\" data-start=\"509\" data-end=\"672\">Pode ser refrigerado para oferecer uma sensa\u00e7\u00e3o extra de al\u00edvio e frescor. Al\u00e9m disso, \u00e9 leve, f\u00e1cil de segurar e feito com materiais 100% seguros e livres de BPA.<\/p>\n<p class=\"\" data-start=\"674\" data-end=\"702\"><strong data-start=\"674\" data-end=\"700\">Principais benef\u00edcios:<\/strong><\/p>\n<ul data-start=\"703\" data-end=\"897\">\n<li class=\"\" data-start=\"703\" data-end=\"746\">\n<p class=\"\" data-start=\"705\" data-end=\"746\">Indicado para beb\u00eas a partir de 4 meses<\/p>\n<\/li>\n<li class=\"\" data-start=\"747\" data-end=\"771\">\n<p class=\"\" data-start=\"749\" data-end=\"771\">Pode ser refrigerado<\/p>\n<\/li>\n<li class=\"\" data-start=\"772\" data-end=\"802\">\n<p class=\"\" data-start=\"774\" data-end=\"802\">Formato l\u00fadico e divertido<\/p>\n<\/li>\n<li class=\"\" data-start=\"803\" data-end=\"844\">\n<p class=\"\" data-start=\"805\" data-end=\"844\">Textura macia que massageia a gengiva<\/p>\n<\/li>\n<li class=\"\" data-start=\"845\" data-end=\"865\">\n<p class=\"\" data-start=\"847\" data-end=\"865\">F\u00e1cil de segurar<\/p>\n<\/li>\n<li class=\"\" data-start=\"866\" data-end=\"897\">\n<p class=\"\" data-start=\"868\" data-end=\"897\">Livre de BPA e 100% at\u00f3xico<\/p>\n<\/li>\n<\/ul>\n","protected":false},"excerpt":{"rendered":"<p>Mordedor \u00c1gua Melancia Lolly Nenny Refrescante, divertido e seguro para o seu beb\u00ea! O Mordedor \u00c1gua Melancia da linha Lolly Nenny \u00e9 ideal para tornar a fase da denti\u00e7\u00e3o mais tranquila e divertida. Seu formato l\u00fadico de fatia de melancia estimula a curiosidade dos pequenos, enquanto sua textura macia massageia a gengiva e alivia o&hellip;<\/p>\n","protected":false},"featured_media":10457,"comment_status":"open","ping_status":"closed","template":"","meta":[],"product_cat":[84],"product_tag":[],"class_list":{"0":"post-10456","1":"product","2":"type-product","3":"status-publish","4":"has-post-thumbnail","6":"product_cat-brinquedos-e-acessorios","7":"description-off","9":"first","10":"instock","11":"shipping-taxable","12":"product-type-simple"},"_links":{"self":[{"href":"https:\/\/lolly.com.br\/nenny\/wp-json\/wp\/v2\/product\/10456","targetHints":{"allow":["GET"]}}],"collection":[{"href":"https:\/\/lolly.com.br\/nenny\/wp-json\/wp\/v2\/product"}],"about":[{"href":"https:\/\/lolly.com.br\/nenny\/wp-json\/wp\/v2\/types\/product"}],"replies":[{"embeddable":true,"href":"https:\/\/lolly.com.br\/nenny\/wp-json\/wp\/v2\/comments?post=10456"}],"wp:featuredmedia":[{"embeddable":true,"href":"https:\/\/lolly.com.br\/nenny\/wp-json\/wp\/v2\/media\/10457"}],"wp:attachment":[{"href":"https:\/\/lolly.com.br\/nenny\/wp-json\/wp\/v2\/media?parent=10456"}],"wp:term":[{"taxonomy":"product_cat","embeddable":true,"href":"https:\/\/lolly.com.br\/nenny\/wp-json\/wp\/v2\/product_cat?post=10456"},{"taxonomy":"product_tag","embeddable":true,"href":"https:\/\/lolly.com.br\/nenny\/wp-json\/wp\/v2\/product_tag?post=10456"}],"curies":[{"name":"wp","href":"https:\/\/api.w.org\/{rel}","templated":true}]}}