{"id":10453,"date":"2025-04-22T08:16:56","date_gmt":"2025-04-22T11:16:56","guid":{"rendered":"https:\/\/lolly.com.br\/nenny\/?post_type=product&#038;p=10453"},"modified":"2025-04-22T08:16:56","modified_gmt":"2025-04-22T11:16:56","slug":"mordedor-maozinha-2","status":"publish","type":"product","link":"https:\/\/lolly.com.br\/nenny\/produto\/mordedor-maozinha-2\/","title":{"rendered":"Mordedor M\u00e3ozinha"},"content":{"rendered":"<h3 class=\"\" data-start=\"134\" data-end=\"169\">Mordedor M\u00e3ozinha Lolly Nenny<\/h3>\n<p class=\"\" data-start=\"170\" data-end=\"210\"><strong data-start=\"170\" data-end=\"208\">Al\u00edvio e divers\u00e3o para o seu beb\u00ea!<\/strong><\/p>\n<p class=\"\" data-start=\"212\" data-end=\"510\">O Mordedor M\u00e3ozinha da linha Lolly Nenny \u00e9 perfeito para os primeiros meses de denti\u00e7\u00e3o do beb\u00ea. Super macio e com texturas massageadoras, ele ajuda a aliviar o desconforto causado pelo nascimento dos dentinhos. Pode ser refrigerado para proporcionar uma sensa\u00e7\u00e3o ainda mais refrescante e calmante.<\/p>\n<p class=\"\" data-start=\"512\" data-end=\"652\">Desenvolvido especialmente para as m\u00e3ozinhas dos pequenos, \u00e9 f\u00e1cil de segurar e 100% seguro: livre de BPA, ftalatos e subst\u00e2ncias t\u00f3xicas.<\/p>\n<p class=\"\" data-start=\"654\" data-end=\"681\"><strong data-start=\"654\" data-end=\"679\">Destaques do produto:<\/strong><\/p>\n<ul data-start=\"682\" data-end=\"846\">\n<li class=\"\" data-start=\"682\" data-end=\"725\">\n<p class=\"\" data-start=\"684\" data-end=\"725\">Indicado para beb\u00eas a partir de 4 meses<\/p>\n<\/li>\n<li class=\"\" data-start=\"726\" data-end=\"750\">\n<p class=\"\" data-start=\"728\" data-end=\"750\">Pode ser refrigerado<\/p>\n<\/li>\n<li class=\"\" data-start=\"751\" data-end=\"777\">\n<p class=\"\" data-start=\"753\" data-end=\"777\">Texturas massageadoras<\/p>\n<\/li>\n<li class=\"\" data-start=\"778\" data-end=\"793\">\n<p class=\"\" data-start=\"780\" data-end=\"793\">Super macio<\/p>\n<\/li>\n<li class=\"\" data-start=\"794\" data-end=\"814\">\n<p class=\"\" data-start=\"796\" data-end=\"814\">F\u00e1cil de segurar<\/p>\n<\/li>\n<li class=\"\" data-start=\"815\" data-end=\"846\">\n<p class=\"\" data-start=\"817\" data-end=\"846\">Livre de BPA e 100% at\u00f3xico<\/p>\n<\/li>\n<\/ul>\n","protected":false},"excerpt":{"rendered":"<p>Mordedor M\u00e3ozinha Lolly Nenny Al\u00edvio e divers\u00e3o para o seu beb\u00ea! O Mordedor M\u00e3ozinha da linha Lolly Nenny \u00e9 perfeito para os primeiros meses de denti\u00e7\u00e3o do beb\u00ea. Super macio e com texturas massageadoras, ele ajuda a aliviar o desconforto causado pelo nascimento dos dentinhos. Pode ser refrigerado para proporcionar uma sensa\u00e7\u00e3o ainda mais refrescante&hellip;<\/p>\n","protected":false},"featured_media":10454,"comment_status":"open","ping_status":"closed","template":"","meta":[],"product_cat":[84],"product_tag":[],"class_list":{"0":"post-10453","1":"product","2":"type-product","3":"status-publish","4":"has-post-thumbnail","6":"product_cat-brinquedos-e-acessorios","7":"description-off","9":"first","10":"instock","11":"shipping-taxable","12":"product-type-simple"},"_links":{"self":[{"href":"https:\/\/lolly.com.br\/nenny\/wp-json\/wp\/v2\/product\/10453","targetHints":{"allow":["GET"]}}],"collection":[{"href":"https:\/\/lolly.com.br\/nenny\/wp-json\/wp\/v2\/product"}],"about":[{"href":"https:\/\/lolly.com.br\/nenny\/wp-json\/wp\/v2\/types\/product"}],"replies":[{"embeddable":true,"href":"https:\/\/lolly.com.br\/nenny\/wp-json\/wp\/v2\/comments?post=10453"}],"wp:featuredmedia":[{"embeddable":true,"href":"https:\/\/lolly.com.br\/nenny\/wp-json\/wp\/v2\/media\/10454"}],"wp:attachment":[{"href":"https:\/\/lolly.com.br\/nenny\/wp-json\/wp\/v2\/media?parent=10453"}],"wp:term":[{"taxonomy":"product_cat","embeddable":true,"href":"https:\/\/lolly.com.br\/nenny\/wp-json\/wp\/v2\/product_cat?post=10453"},{"taxonomy":"product_tag","embeddable":true,"href":"https:\/\/lolly.com.br\/nenny\/wp-json\/wp\/v2\/product_tag?post=10453"}],"curies":[{"name":"wp","href":"https:\/\/api.w.org\/{rel}","templated":true}]}}