{"id":10413,"date":"2024-10-16T08:54:25","date_gmt":"2024-10-16T11:54:25","guid":{"rendered":"https:\/\/lolly.com.br\/nenny\/?post_type=product&#038;p=10413"},"modified":"2024-10-29T17:17:16","modified_gmt":"2024-10-29T20:17:16","slug":"babador-impermeavel","status":"publish","type":"product","link":"https:\/\/lolly.com.br\/nenny\/produto\/babador-impermeavel\/","title":{"rendered":"Babador Imperme\u00e1vel"},"content":{"rendered":"<p>Mantenha seu beb\u00ea sempre limpinho com o Babador Imperme\u00e1vel da Lolly Nenny. Com um coletor frontal que pega migalhas e um material imperme\u00e1vel, ele \u00e9 f\u00e1cil de limpar e evita sujeira nas roupinhas. Perfeito para tornar as refei\u00e7\u00f5es mais pr\u00e1ticas e sem bagun\u00e7a!<\/p>\n","protected":false},"excerpt":{"rendered":"<p>Mantenha seu beb\u00ea sempre limpinho com o Babador Imperme\u00e1vel da Lolly Nenny. Com um coletor frontal que pega migalhas e um material imperme\u00e1vel, ele \u00e9 f\u00e1cil de limpar e evita sujeira nas roupinhas. Perfeito para tornar as refei\u00e7\u00f5es mais pr\u00e1ticas e sem bagun\u00e7a!<\/p>\n","protected":false},"featured_media":10424,"comment_status":"open","ping_status":"closed","template":"","meta":[],"product_cat":[84,106],"product_tag":[112,113],"class_list":{"0":"post-10413","1":"product","2":"type-product","3":"status-publish","4":"has-post-thumbnail","6":"product_cat-brinquedos-e-acessorios","7":"product_cat-higiene-e-saude","8":"product_tag-babador","9":"product_tag-babador-impermeavel","10":"description-off","12":"first","13":"instock","14":"shipping-taxable","15":"product-type-simple"},"_links":{"self":[{"href":"https:\/\/lolly.com.br\/nenny\/wp-json\/wp\/v2\/product\/10413","targetHints":{"allow":["GET"]}}],"collection":[{"href":"https:\/\/lolly.com.br\/nenny\/wp-json\/wp\/v2\/product"}],"about":[{"href":"https:\/\/lolly.com.br\/nenny\/wp-json\/wp\/v2\/types\/product"}],"replies":[{"embeddable":true,"href":"https:\/\/lolly.com.br\/nenny\/wp-json\/wp\/v2\/comments?post=10413"}],"wp:featuredmedia":[{"embeddable":true,"href":"https:\/\/lolly.com.br\/nenny\/wp-json\/wp\/v2\/media\/10424"}],"wp:attachment":[{"href":"https:\/\/lolly.com.br\/nenny\/wp-json\/wp\/v2\/media?parent=10413"}],"wp:term":[{"taxonomy":"product_cat","embeddable":true,"href":"https:\/\/lolly.com.br\/nenny\/wp-json\/wp\/v2\/product_cat?post=10413"},{"taxonomy":"product_tag","embeddable":true,"href":"https:\/\/lolly.com.br\/nenny\/wp-json\/wp\/v2\/product_tag?post=10413"}],"curies":[{"name":"wp","href":"https:\/\/api.w.org\/{rel}","templated":true}]}}