{"id":10318,"date":"2024-02-28T11:00:57","date_gmt":"2024-02-28T14:00:57","guid":{"rendered":"https:\/\/lolly.com.br\/nenny\/?post_type=product&#038;p=10318"},"modified":"2024-10-16T08:37:48","modified_gmt":"2024-10-16T11:37:48","slug":"copo-3x1-c-alca-350ml","status":"publish","type":"product","link":"https:\/\/lolly.com.br\/nenny\/produto\/copo-3x1-c-alca-350ml\/","title":{"rendered":"Copo Fases 3&#215;1"},"content":{"rendered":"<p>O Copo Fases 3 em 1 da Lolly Nenny \u00e9 um copo de treinamento, com tampa e al\u00e7as remov\u00edveis, ideal para preparar a crian\u00e7a a usar um copo com naturalidade. Atrav\u00e9s da experi\u00eancia a crian\u00e7a descobre a rela\u00e7\u00e3o inclina\u00e7\u00e3o\/fluxo e naturalmente desenvolve a capacidade motora oral para beber em um copo comum.<\/p>\n","protected":false},"excerpt":{"rendered":"<p>O Copo Fases 3 em 1 da Lolly Nenny \u00e9 um copo de treinamento, com tampa e al\u00e7as remov\u00edveis, ideal para preparar a crian\u00e7a a usar um copo com naturalidade. Atrav\u00e9s da experi\u00eancia a crian\u00e7a descobre a rela\u00e7\u00e3o inclina\u00e7\u00e3o\/fluxo e naturalmente desenvolve a capacidade motora oral para beber em um copo comum.<\/p>\n","protected":false},"featured_media":10403,"comment_status":"open","ping_status":"closed","template":"","meta":[],"product_cat":[83],"product_tag":[],"class_list":{"0":"post-10318","1":"product","2":"type-product","3":"status-publish","4":"has-post-thumbnail","6":"product_cat-mamar-comer-e-beber","7":"description-off","9":"first","10":"instock","11":"shipping-taxable","12":"product-type-simple"},"_links":{"self":[{"href":"https:\/\/lolly.com.br\/nenny\/wp-json\/wp\/v2\/product\/10318","targetHints":{"allow":["GET"]}}],"collection":[{"href":"https:\/\/lolly.com.br\/nenny\/wp-json\/wp\/v2\/product"}],"about":[{"href":"https:\/\/lolly.com.br\/nenny\/wp-json\/wp\/v2\/types\/product"}],"replies":[{"embeddable":true,"href":"https:\/\/lolly.com.br\/nenny\/wp-json\/wp\/v2\/comments?post=10318"}],"wp:featuredmedia":[{"embeddable":true,"href":"https:\/\/lolly.com.br\/nenny\/wp-json\/wp\/v2\/media\/10403"}],"wp:attachment":[{"href":"https:\/\/lolly.com.br\/nenny\/wp-json\/wp\/v2\/media?parent=10318"}],"wp:term":[{"taxonomy":"product_cat","embeddable":true,"href":"https:\/\/lolly.com.br\/nenny\/wp-json\/wp\/v2\/product_cat?post=10318"},{"taxonomy":"product_tag","embeddable":true,"href":"https:\/\/lolly.com.br\/nenny\/wp-json\/wp\/v2\/product_tag?post=10318"}],"curies":[{"name":"wp","href":"https:\/\/api.w.org\/{rel}","templated":true}]}}