{"id":10312,"date":"2024-02-06T16:58:48","date_gmt":"2024-02-06T19:58:48","guid":{"rendered":"https:\/\/lolly.com.br\/nenny\/?post_type=product&#038;p=10312"},"modified":"2024-02-06T17:46:51","modified_gmt":"2024-02-06T20:46:51","slug":"copo-clean-200-ml","status":"publish","type":"product","link":"https:\/\/lolly.com.br\/nenny\/produto\/copo-clean-200-ml\/","title":{"rendered":"Copo Clean com Bico Silicone 200ml"},"content":{"rendered":"<p>O Copo Clean com Bico de Silicone \u00e9 ideal para transi\u00e7\u00e3o da mamadeira para o copo. Possui tampa protetora, \u00e9 antivazamento e tem bico macio de silicone para n\u00e3o machucar as gengivas sens\u00edveis do beb\u00ea.<\/p>\n","protected":false},"excerpt":{"rendered":"<p>O Copo Clean com Bico de Silicone \u00e9 ideal para transi\u00e7\u00e3o da mamadeira para o copo. Possui tampa protetora, \u00e9 antivazamento e tem bico macio de silicone para n\u00e3o machucar as gengivas sens\u00edveis do beb\u00ea.<\/p>\n","protected":false},"featured_media":10313,"comment_status":"open","ping_status":"closed","template":"","meta":[],"product_cat":[83],"product_tag":[],"class_list":{"0":"post-10312","1":"product","2":"type-product","3":"status-publish","4":"has-post-thumbnail","6":"product_cat-mamar-comer-e-beber","7":"description-off","9":"first","10":"instock","11":"shipping-taxable","12":"product-type-simple"},"_links":{"self":[{"href":"https:\/\/lolly.com.br\/nenny\/wp-json\/wp\/v2\/product\/10312","targetHints":{"allow":["GET"]}}],"collection":[{"href":"https:\/\/lolly.com.br\/nenny\/wp-json\/wp\/v2\/product"}],"about":[{"href":"https:\/\/lolly.com.br\/nenny\/wp-json\/wp\/v2\/types\/product"}],"replies":[{"embeddable":true,"href":"https:\/\/lolly.com.br\/nenny\/wp-json\/wp\/v2\/comments?post=10312"}],"wp:featuredmedia":[{"embeddable":true,"href":"https:\/\/lolly.com.br\/nenny\/wp-json\/wp\/v2\/media\/10313"}],"wp:attachment":[{"href":"https:\/\/lolly.com.br\/nenny\/wp-json\/wp\/v2\/media?parent=10312"}],"wp:term":[{"taxonomy":"product_cat","embeddable":true,"href":"https:\/\/lolly.com.br\/nenny\/wp-json\/wp\/v2\/product_cat?post=10312"},{"taxonomy":"product_tag","embeddable":true,"href":"https:\/\/lolly.com.br\/nenny\/wp-json\/wp\/v2\/product_tag?post=10312"}],"curies":[{"name":"wp","href":"https:\/\/api.w.org\/{rel}","templated":true}]}}