{"id":8041,"date":"2020-04-07T13:58:31","date_gmt":"2020-04-07T16:58:31","guid":{"rendered":"https:\/\/the7.io\/business-advisors\/?page_id=9"},"modified":"2022-07-06T16:44:26","modified_gmt":"2022-07-06T19:44:26","slug":"sobre","status":"publish","type":"page","link":"https:\/\/lolly.com.br\/nenny\/sobre\/","title":{"rendered":"Sobre a marca"},"content":{"rendered":"\t\t<div data-elementor-type=\"wp-page\" data-elementor-id=\"8041\" class=\"elementor elementor-8041\" data-elementor-settings=\"[]\">\n\t\t\t\t\t\t\t<div class=\"elementor-section-wrap\">\n\t\t\t\t\t\t\t<section class=\"elementor-section elementor-top-section elementor-element elementor-element-d8f876b elementor-section-height-min-height elementor-section-items-stretch elementor-section-content-middle elementor-section-boxed elementor-section-height-default\" data-id=\"d8f876b\" data-element_type=\"section\">\n\t\t\t\t\t\t<div class=\"elementor-container elementor-column-gap-no\">\n\t\t\t\t\t<div class=\"elementor-column elementor-col-100 elementor-top-column elementor-element elementor-element-28d57ee\" data-id=\"28d57ee\" data-element_type=\"column\">\n\t\t\t<div class=\"elementor-widget-wrap elementor-element-populated\">\n\t\t\t\t\t\t\t\t<section class=\"elementor-section elementor-inner-section elementor-element elementor-element-b10ea7d elementor-reverse-tablet elementor-reverse-mobile elementor-section-boxed elementor-section-height-default elementor-section-height-default\" data-id=\"b10ea7d\" data-element_type=\"section\">\n\t\t\t\t\t\t<div class=\"elementor-container elementor-column-gap-wider\">\n\t\t\t\t\t<div class=\"elementor-column elementor-col-50 elementor-inner-column elementor-element elementor-element-033a778\" data-id=\"033a778\" data-element_type=\"column\">\n\t\t\t<div class=\"elementor-widget-wrap elementor-element-populated\">\n\t\t\t\t\t\t\t\t<div class=\"elementor-element elementor-element-1fb5515 elementor-widget elementor-widget-heading\" data-id=\"1fb5515\" data-element_type=\"widget\" data-widget_type=\"heading.default\">\n\t\t\t\t<div class=\"elementor-widget-container\">\n\t\t\t<h3 class=\"elementor-heading-title elementor-size-default\">Lolly Nenny<\/h3>\t\t<\/div>\n\t\t\t\t<\/div>\n\t\t\t\t<div class=\"elementor-element elementor-element-1d5a326 elementor-widget elementor-widget-spacer\" data-id=\"1d5a326\" data-element_type=\"widget\" data-widget_type=\"spacer.default\">\n\t\t\t\t<div class=\"elementor-widget-container\">\n\t\t\t\t\t<div class=\"elementor-spacer\">\n\t\t\t<div class=\"elementor-spacer-inner\"><\/div>\n\t\t<\/div>\n\t\t\t\t<\/div>\n\t\t\t\t<\/div>\n\t\t\t\t<div class=\"elementor-element elementor-element-e300b8c elementor-widget elementor-widget-text-editor\" data-id=\"e300b8c\" data-element_type=\"widget\" data-widget_type=\"text-editor.default\">\n\t\t\t\t<div class=\"elementor-widget-container\">\n\t\t\t\t\t\t\t<p>A Lolly Nenny foi criada para aliar praticidade, qualidade e conforto para a sua fam\u00edlia. Sabemos que a chegada do beb\u00ea \u00e9 algo marcante e queremos que voc\u00ea se sinta acolhida por todos os produtos que fizemos para o desenvolvimento do seu filho.<\/p><p>N\u00f3s acompanhamos a fam\u00edlia desde o nascimento, amamenta\u00e7\u00e3o, introdu\u00e7\u00e3o alimentar e brincadeiras, afinal, o brincar tamb\u00e9m \u00e9 parte do se desenvolver.<\/p>\t\t\t\t\t\t<\/div>\n\t\t\t\t<\/div>\n\t\t\t\t<div class=\"elementor-element elementor-element-3afd731 elementor-widget-tablet__width-inherit elementor-widget elementor-widget-heading\" data-id=\"3afd731\" data-element_type=\"widget\" data-widget_type=\"heading.default\">\n\t\t\t\t<div class=\"elementor-widget-container\">\n\t\t\t<h4 class=\"elementor-heading-title elementor-size-default\">Saber Viver \u00e9 Lolly Nenny\n<\/h4>\t\t<\/div>\n\t\t\t\t<\/div>\n\t\t\t\t<div class=\"elementor-element elementor-element-2ea9479 elementor-widget elementor-widget-spacer\" data-id=\"2ea9479\" data-element_type=\"widget\" data-widget_type=\"spacer.default\">\n\t\t\t\t<div class=\"elementor-widget-container\">\n\t\t\t\t\t<div class=\"elementor-spacer\">\n\t\t\t<div class=\"elementor-spacer-inner\"><\/div>\n\t\t<\/div>\n\t\t\t\t<\/div>\n\t\t\t\t<\/div>\n\t\t\t\t\t<\/div>\n\t\t<\/div>\n\t\t\t\t<div class=\"elementor-column elementor-col-50 elementor-inner-column elementor-element elementor-element-edcfeab\" data-id=\"edcfeab\" data-element_type=\"column\">\n\t\t\t<div class=\"elementor-widget-wrap elementor-element-populated\">\n\t\t\t\t\t\t\t\t<div class=\"elementor-element elementor-element-af8e15b elementor-widget__width-initial elementor-widget-mobile__width-auto elementor-widget elementor-widget-image\" data-id=\"af8e15b\" data-element_type=\"widget\" data-widget_type=\"image.default\">\n\t\t\t\t<div class=\"elementor-widget-container\">\n\t\t\t\t\t\t\t\t\t\t\t\t\t\t\t<img loading=\"lazy\" decoding=\"async\" width=\"1280\" height=\"1280\" src=\"https:\/\/lolly.com.br\/nenny\/wp-content\/uploads\/2022\/07\/slide27.jpg\" class=\"attachment-full size-full\" alt=\"\" srcset=\"https:\/\/lolly.com.br\/nenny\/wp-content\/uploads\/2022\/07\/slide27.jpg 1280w, https:\/\/lolly.com.br\/nenny\/wp-content\/uploads\/2022\/07\/slide27-300x300.jpg 300w, https:\/\/lolly.com.br\/nenny\/wp-content\/uploads\/2022\/07\/slide27-1024x1024.jpg 1024w, https:\/\/lolly.com.br\/nenny\/wp-content\/uploads\/2022\/07\/slide27-150x150.jpg 150w, https:\/\/lolly.com.br\/nenny\/wp-content\/uploads\/2022\/07\/slide27-768x768.jpg 768w, https:\/\/lolly.com.br\/nenny\/wp-content\/uploads\/2022\/07\/slide27-1000x1000.jpg 1000w, https:\/\/lolly.com.br\/nenny\/wp-content\/uploads\/2022\/07\/slide27-200x200.jpg 200w\" sizes=\"auto, (max-width: 1280px) 100vw, 1280px\" \/>\t\t\t\t\t\t\t\t\t\t\t\t\t\t\t<\/div>\n\t\t\t\t<\/div>\n\t\t\t\t\t<\/div>\n\t\t<\/div>\n\t\t\t\t\t\t\t<\/div>\n\t\t<\/section>\n\t\t\t\t\t<\/div>\n\t\t<\/div>\n\t\t\t\t\t\t\t<\/div>\n\t\t<\/section>\n\t\t\t\t\t\t<\/div>\n\t\t\t\t\t<\/div>\n\t\t","protected":false},"excerpt":{"rendered":"<p>Lolly Nenny A Lolly Nenny foi criada para aliar praticidade, qualidade e conforto para a sua fam\u00edlia. Sabemos que a chegada do beb\u00ea \u00e9 algo marcante e queremos que voc\u00ea se sinta acolhida por todos os produtos que fizemos para o desenvolvimento do seu filho. N\u00f3s acompanhamos a fam\u00edlia desde o nascimento, amamenta\u00e7\u00e3o, introdu\u00e7\u00e3o alimentar&hellip;<\/p>\n","protected":false},"author":1,"featured_media":0,"parent":0,"menu_order":4,"comment_status":"closed","ping_status":"closed","template":"","meta":{"footnotes":""},"class_list":["post-8041","page","type-page","status-publish","hentry"],"_links":{"self":[{"href":"https:\/\/lolly.com.br\/nenny\/wp-json\/wp\/v2\/pages\/8041","targetHints":{"allow":["GET"]}}],"collection":[{"href":"https:\/\/lolly.com.br\/nenny\/wp-json\/wp\/v2\/pages"}],"about":[{"href":"https:\/\/lolly.com.br\/nenny\/wp-json\/wp\/v2\/types\/page"}],"author":[{"embeddable":true,"href":"https:\/\/lolly.com.br\/nenny\/wp-json\/wp\/v2\/users\/1"}],"replies":[{"embeddable":true,"href":"https:\/\/lolly.com.br\/nenny\/wp-json\/wp\/v2\/comments?post=8041"}],"version-history":[{"count":25,"href":"https:\/\/lolly.com.br\/nenny\/wp-json\/wp\/v2\/pages\/8041\/revisions"}],"predecessor-version":[{"id":9791,"href":"https:\/\/lolly.com.br\/nenny\/wp-json\/wp\/v2\/pages\/8041\/revisions\/9791"}],"wp:attachment":[{"href":"https:\/\/lolly.com.br\/nenny\/wp-json\/wp\/v2\/media?parent=8041"}],"curies":[{"name":"wp","href":"https:\/\/api.w.org\/{rel}","templated":true}]}}