{"id":9765,"date":"2023-05-19T16:37:58","date_gmt":"2023-05-19T19:37:58","guid":{"rendered":"https:\/\/lolly.com.br\/kinddy\/?post_type=product&#038;p=9765"},"modified":"2024-07-01T10:35:32","modified_gmt":"2024-07-01T13:35:32","slug":"respirebem-aspirador-nasal-estojo","status":"publish","type":"product","link":"https:\/\/lolly.com.br\/kinddy\/produto\/respirebem-aspirador-nasal-estojo\/","title":{"rendered":"RespireBem &#8211; Aspirador Nasal Com estojo Mundo Bita"},"content":{"rendered":"<p>O RespireBem Lolly Kinddy auxilia na remo\u00e7\u00e3o da secre\u00e7\u00e3o nasal, proporciona al\u00edvio imediato e assim melhorando o sono e a alimenta\u00e7\u00e3o. Possui pontas macias que n\u00e3o machucam a narina do beb\u00ea. O retentor de seguran\u00e7a dispensa o uso de filtro, tornando o RespireBem ainda mais e eficaz, pr\u00e1tico e econ\u00f4mico.<\/p>\n<p>Possui estojo para armazenamento e transporte, com espa\u00e7o para ampolas de soro fisiol\u00f3gico. Feito 100% no Brasil.<\/p>\n<h4>Assista ao nosso <a href=\"https:\/\/youtu.be\/4NRqzQwzeAU\">v\u00eddeo<\/a>:<\/h4>\n<p><iframe loading=\"lazy\" title=\"RespireBem Lolly - Aspirador nasal por suc\u00e7\u00e3o\" width=\"1200\" height=\"675\" src=\"https:\/\/www.youtube.com\/embed\/4NRqzQwzeAU?feature=oembed\" frameborder=\"0\" allow=\"accelerometer; autoplay; clipboard-write; encrypted-media; gyroscope; picture-in-picture; web-share\" referrerpolicy=\"strict-origin-when-cross-origin\" allowfullscreen><\/iframe><\/p>\n<p><a href=\"https:\/\/lolly.com.br\/kinddy\/produto\/sistema-respirebem-com-soro-fisiologico\/\">Conhe\u00e7a tamb\u00e9m a vers\u00e3o com Soro!<\/a><\/p>\n","protected":false},"excerpt":{"rendered":"<p>O RespireBem Lolly Kinddy auxilia na remo\u00e7\u00e3o da secre\u00e7\u00e3o nasal, proporciona al\u00edvio imediato e assim melhorando o sono e a alimenta\u00e7\u00e3o. Possui pontas macias que n\u00e3o machucam a narina do beb\u00ea. O retentor de seguran\u00e7a dispensa o uso de filtro, tornando o RespireBem ainda mais e eficaz, pr\u00e1tico e econ\u00f4mico.<\/p>\n<p>Possui estojo para armazenamento e transporte, com espa\u00e7o para ampolas de soro fisiol\u00f3gico. Feito 100% no Brasil.<\/p>\n<p>Registro na ANVISA n\u00ba 81134970004<\/p>\n","protected":false},"featured_media":10762,"comment_status":"open","ping_status":"closed","template":"","meta":[],"product_cat":[240,581],"product_tag":[456,454,459,460,313,457,450,320,318,319,458,322,321,453,316,314,461,315,449,455,451,317,452],"class_list":{"0":"post-9765","1":"product","2":"type-product","3":"status-publish","4":"has-post-thumbnail","6":"product_cat-higiene-e-saude","7":"product_cat-mundobita","8":"product_tag-alimentacao","9":"product_tag-alivio-imediato","10":"product_tag-alivio-nasal-de-bebes","11":"product_tag-alivio-respiratorio-para-bebes","12":"product_tag-aspirador-nasal","13":"product_tag-bicos-macios","14":"product_tag-hidratacao","15":"product_tag-limpar-o-nariz","16":"product_tag-limpesa-nasal","17":"product_tag-limpeza-nasal","18":"product_tag-narinas-sensiveis","19":"product_tag-nariz-entupido","20":"product_tag-nariz-intupido","21":"product_tag-remocao-de-secrecao-nasal","22":"product_tag-respiracao","23":"product_tag-respiracao-bebe","24":"product_tag-respire-bem","25":"product_tag-respire-melhor","26":"product_tag-respirebem","27":"product_tag-sono","28":"product_tag-soro-fisiologico","29":"product_tag-succao-nasal","30":"product_tag-sugador-nasal","31":"pa_idade-0-meses","32":"description-off","34":"first","35":"instock","36":"shipping-taxable","37":"product-type-simple"},"yoast_head":"<!-- This site is optimized with the Yoast SEO plugin v23.7 - https:\/\/yoast.com\/wordpress\/plugins\/seo\/ -->\n<title>RespireBem - Aspirador Nasal Com estojo Mundo Bita - Lolly Kinddy<\/title>\n<meta name=\"description\" content=\"A aspirador nasal por suc\u00e7\u00e3o RespireBem proporciona al\u00edvio imediato para o beb\u00ea. Remove secre\u00e7\u00e3o nasal, melhora o sono e a alimenta\u00e7\u00e3o.\" \/>\n<meta name=\"robots\" content=\"index, follow, max-snippet:-1, max-image-preview:large, max-video-preview:-1\" \/>\n<link rel=\"canonical\" href=\"https:\/\/lolly.com.br\/kinddy\/produto\/respirebem-aspirador-nasal-estojo\/\" \/>\n<meta property=\"og:locale\" content=\"pt_BR\" \/>\n<meta property=\"og:type\" content=\"article\" \/>\n<meta property=\"og:title\" content=\"RespireBem - Aspirador Nasal Com estojo Mundo Bita - Lolly Kinddy\" \/>\n<meta property=\"og:description\" content=\"A aspirador nasal por suc\u00e7\u00e3o RespireBem proporciona al\u00edvio imediato para o beb\u00ea. Remove secre\u00e7\u00e3o nasal, melhora o sono e a alimenta\u00e7\u00e3o.\" \/>\n<meta property=\"og:url\" content=\"https:\/\/lolly.com.br\/kinddy\/produto\/respirebem-aspirador-nasal-estojo\/\" \/>\n<meta property=\"og:site_name\" content=\"Lolly Kinddy\" \/>\n<meta property=\"article:modified_time\" content=\"2024-07-01T13:35:32+00:00\" \/>\n<meta property=\"og:image\" content=\"https:\/\/lolly.com.br\/kinddy\/wp-content\/uploads\/2023\/05\/2.png\" \/>\n\t<meta property=\"og:image:width\" content=\"1080\" \/>\n\t<meta property=\"og:image:height\" content=\"1080\" \/>\n\t<meta property=\"og:image:type\" content=\"image\/png\" \/>\n<meta name=\"twitter:card\" content=\"summary_large_image\" \/>\n<meta name=\"twitter:label1\" content=\"Est. tempo de leitura\" \/>\n\t<meta name=\"twitter:data1\" content=\"1 minuto\" \/>\n<script type=\"application\/ld+json\" class=\"yoast-schema-graph\">{\"@context\":\"https:\/\/schema.org\",\"@graph\":[{\"@type\":\"WebPage\",\"@id\":\"https:\/\/lolly.com.br\/kinddy\/produto\/respirebem-aspirador-nasal-estojo\/\",\"url\":\"https:\/\/lolly.com.br\/kinddy\/produto\/respirebem-aspirador-nasal-estojo\/\",\"name\":\"RespireBem - Aspirador Nasal Com estojo Mundo Bita - Lolly Kinddy\",\"isPartOf\":{\"@id\":\"https:\/\/lolly.com.br\/kinddy\/#website\"},\"primaryImageOfPage\":{\"@id\":\"https:\/\/lolly.com.br\/kinddy\/produto\/respirebem-aspirador-nasal-estojo\/#primaryimage\"},\"image\":{\"@id\":\"https:\/\/lolly.com.br\/kinddy\/produto\/respirebem-aspirador-nasal-estojo\/#primaryimage\"},\"thumbnailUrl\":\"https:\/\/lolly.com.br\/kinddy\/wp-content\/uploads\/2023\/05\/2.png\",\"datePublished\":\"2023-05-19T19:37:58+00:00\",\"dateModified\":\"2024-07-01T13:35:32+00:00\",\"description\":\"A aspirador nasal por suc\u00e7\u00e3o RespireBem proporciona al\u00edvio imediato para o beb\u00ea. Remove secre\u00e7\u00e3o nasal, melhora o sono e a alimenta\u00e7\u00e3o.\",\"breadcrumb\":{\"@id\":\"https:\/\/lolly.com.br\/kinddy\/produto\/respirebem-aspirador-nasal-estojo\/#breadcrumb\"},\"inLanguage\":\"pt-BR\",\"potentialAction\":[{\"@type\":\"ReadAction\",\"target\":[\"https:\/\/lolly.com.br\/kinddy\/produto\/respirebem-aspirador-nasal-estojo\/\"]}]},{\"@type\":\"ImageObject\",\"inLanguage\":\"pt-BR\",\"@id\":\"https:\/\/lolly.com.br\/kinddy\/produto\/respirebem-aspirador-nasal-estojo\/#primaryimage\",\"url\":\"https:\/\/lolly.com.br\/kinddy\/wp-content\/uploads\/2023\/05\/2.png\",\"contentUrl\":\"https:\/\/lolly.com.br\/kinddy\/wp-content\/uploads\/2023\/05\/2.png\",\"width\":1080,\"height\":1080},{\"@type\":\"BreadcrumbList\",\"@id\":\"https:\/\/lolly.com.br\/kinddy\/produto\/respirebem-aspirador-nasal-estojo\/#breadcrumb\",\"itemListElement\":[{\"@type\":\"ListItem\",\"position\":1,\"name\":\"In\u00edcio\",\"item\":\"https:\/\/lolly.com.br\/kinddy\/\"},{\"@type\":\"ListItem\",\"position\":2,\"name\":\"Produtos\",\"item\":\"https:\/\/lolly.com.br\/kinddy\/produtos\/\"},{\"@type\":\"ListItem\",\"position\":3,\"name\":\"RespireBem &#8211; Aspirador Nasal Com estojo Mundo Bita\"}]},{\"@type\":\"WebSite\",\"@id\":\"https:\/\/lolly.com.br\/kinddy\/#website\",\"url\":\"https:\/\/lolly.com.br\/kinddy\/\",\"name\":\"Lolly Kinddy\",\"description\":\"\",\"potentialAction\":[{\"@type\":\"SearchAction\",\"target\":{\"@type\":\"EntryPoint\",\"urlTemplate\":\"https:\/\/lolly.com.br\/kinddy\/?s={search_term_string}\"},\"query-input\":{\"@type\":\"PropertyValueSpecification\",\"valueRequired\":true,\"valueName\":\"search_term_string\"}}],\"inLanguage\":\"pt-BR\"}]}<\/script>\n<!-- \/ Yoast SEO plugin. -->","yoast_head_json":{"title":"RespireBem - Aspirador Nasal Com estojo Mundo Bita - Lolly Kinddy","description":"A aspirador nasal por suc\u00e7\u00e3o RespireBem proporciona al\u00edvio imediato para o beb\u00ea. Remove secre\u00e7\u00e3o nasal, melhora o sono e a alimenta\u00e7\u00e3o.","robots":{"index":"index","follow":"follow","max-snippet":"max-snippet:-1","max-image-preview":"max-image-preview:large","max-video-preview":"max-video-preview:-1"},"canonical":"https:\/\/lolly.com.br\/kinddy\/produto\/respirebem-aspirador-nasal-estojo\/","og_locale":"pt_BR","og_type":"article","og_title":"RespireBem - Aspirador Nasal Com estojo Mundo Bita - Lolly Kinddy","og_description":"A aspirador nasal por suc\u00e7\u00e3o RespireBem proporciona al\u00edvio imediato para o beb\u00ea. Remove secre\u00e7\u00e3o nasal, melhora o sono e a alimenta\u00e7\u00e3o.","og_url":"https:\/\/lolly.com.br\/kinddy\/produto\/respirebem-aspirador-nasal-estojo\/","og_site_name":"Lolly Kinddy","article_modified_time":"2024-07-01T13:35:32+00:00","og_image":[{"width":1080,"height":1080,"url":"https:\/\/lolly.com.br\/kinddy\/wp-content\/uploads\/2023\/05\/2.png","type":"image\/png"}],"twitter_card":"summary_large_image","twitter_misc":{"Est. tempo de leitura":"1 minuto"},"schema":{"@context":"https:\/\/schema.org","@graph":[{"@type":"WebPage","@id":"https:\/\/lolly.com.br\/kinddy\/produto\/respirebem-aspirador-nasal-estojo\/","url":"https:\/\/lolly.com.br\/kinddy\/produto\/respirebem-aspirador-nasal-estojo\/","name":"RespireBem - Aspirador Nasal Com estojo Mundo Bita - Lolly Kinddy","isPartOf":{"@id":"https:\/\/lolly.com.br\/kinddy\/#website"},"primaryImageOfPage":{"@id":"https:\/\/lolly.com.br\/kinddy\/produto\/respirebem-aspirador-nasal-estojo\/#primaryimage"},"image":{"@id":"https:\/\/lolly.com.br\/kinddy\/produto\/respirebem-aspirador-nasal-estojo\/#primaryimage"},"thumbnailUrl":"https:\/\/lolly.com.br\/kinddy\/wp-content\/uploads\/2023\/05\/2.png","datePublished":"2023-05-19T19:37:58+00:00","dateModified":"2024-07-01T13:35:32+00:00","description":"A aspirador nasal por suc\u00e7\u00e3o RespireBem proporciona al\u00edvio imediato para o beb\u00ea. Remove secre\u00e7\u00e3o nasal, melhora o sono e a alimenta\u00e7\u00e3o.","breadcrumb":{"@id":"https:\/\/lolly.com.br\/kinddy\/produto\/respirebem-aspirador-nasal-estojo\/#breadcrumb"},"inLanguage":"pt-BR","potentialAction":[{"@type":"ReadAction","target":["https:\/\/lolly.com.br\/kinddy\/produto\/respirebem-aspirador-nasal-estojo\/"]}]},{"@type":"ImageObject","inLanguage":"pt-BR","@id":"https:\/\/lolly.com.br\/kinddy\/produto\/respirebem-aspirador-nasal-estojo\/#primaryimage","url":"https:\/\/lolly.com.br\/kinddy\/wp-content\/uploads\/2023\/05\/2.png","contentUrl":"https:\/\/lolly.com.br\/kinddy\/wp-content\/uploads\/2023\/05\/2.png","width":1080,"height":1080},{"@type":"BreadcrumbList","@id":"https:\/\/lolly.com.br\/kinddy\/produto\/respirebem-aspirador-nasal-estojo\/#breadcrumb","itemListElement":[{"@type":"ListItem","position":1,"name":"In\u00edcio","item":"https:\/\/lolly.com.br\/kinddy\/"},{"@type":"ListItem","position":2,"name":"Produtos","item":"https:\/\/lolly.com.br\/kinddy\/produtos\/"},{"@type":"ListItem","position":3,"name":"RespireBem &#8211; Aspirador Nasal Com estojo Mundo Bita"}]},{"@type":"WebSite","@id":"https:\/\/lolly.com.br\/kinddy\/#website","url":"https:\/\/lolly.com.br\/kinddy\/","name":"Lolly Kinddy","description":"","potentialAction":[{"@type":"SearchAction","target":{"@type":"EntryPoint","urlTemplate":"https:\/\/lolly.com.br\/kinddy\/?s={search_term_string}"},"query-input":{"@type":"PropertyValueSpecification","valueRequired":true,"valueName":"search_term_string"}}],"inLanguage":"pt-BR"}]}},"_links":{"self":[{"href":"https:\/\/lolly.com.br\/kinddy\/wp-json\/wp\/v2\/product\/9765","targetHints":{"allow":["GET"]}}],"collection":[{"href":"https:\/\/lolly.com.br\/kinddy\/wp-json\/wp\/v2\/product"}],"about":[{"href":"https:\/\/lolly.com.br\/kinddy\/wp-json\/wp\/v2\/types\/product"}],"replies":[{"embeddable":true,"href":"https:\/\/lolly.com.br\/kinddy\/wp-json\/wp\/v2\/comments?post=9765"}],"version-history":[{"count":6,"href":"https:\/\/lolly.com.br\/kinddy\/wp-json\/wp\/v2\/product\/9765\/revisions"}],"predecessor-version":[{"id":10764,"href":"https:\/\/lolly.com.br\/kinddy\/wp-json\/wp\/v2\/product\/9765\/revisions\/10764"}],"wp:featuredmedia":[{"embeddable":true,"href":"https:\/\/lolly.com.br\/kinddy\/wp-json\/wp\/v2\/media\/10762"}],"wp:attachment":[{"href":"https:\/\/lolly.com.br\/kinddy\/wp-json\/wp\/v2\/media?parent=9765"}],"wp:term":[{"taxonomy":"product_cat","embeddable":true,"href":"https:\/\/lolly.com.br\/kinddy\/wp-json\/wp\/v2\/product_cat?post=9765"},{"taxonomy":"product_tag","embeddable":true,"href":"https:\/\/lolly.com.br\/kinddy\/wp-json\/wp\/v2\/product_tag?post=9765"}],"curies":[{"name":"wp","href":"https:\/\/api.w.org\/{rel}","templated":true}]}}