{"id":9457,"date":"2022-11-03T10:58:12","date_gmt":"2022-11-03T13:58:12","guid":{"rendered":"https:\/\/lolly.com.br\/kinddy\/?post_type=product&#038;p=9457"},"modified":"2023-06-07T16:28:48","modified_gmt":"2023-06-07T19:28:48","slug":"kit-refeicao-trippy","status":"publish","type":"product","link":"https:\/\/lolly.com.br\/kinddy\/produto\/kit-refeicao-trippy\/","title":{"rendered":"Kit Refei\u00e7\u00e3o Trippy"},"content":{"rendered":"<p>O Kit Refei\u00e7\u00e3o Trippy Lolly Kinddy \u00e9 ideal para viagens e passeios, pois garante uma alimenta\u00e7\u00e3o tranquila e segura. Al\u00e9m de auxiliar a crian\u00e7a que est\u00e1 aprendendo a comer sozinha, proporciona uma alimenta\u00e7\u00e3o equilibrada e saud\u00e1vel, com espa\u00e7o para alimentos energ\u00e9ticos (carboidratos), alimentos construtores (carnes, latic\u00ednios, ovos e gr\u00e3o) e alimentos reguladores (frutas e vegetais).<\/p>\n<p>Possui tampa que protege o alimento e guarda os talheres, prato com divis\u00f3ria, que auxilia na alimenta\u00e7\u00e3o equilibrada, saud\u00e1vel, bow, prato fundo para mais comida ou para colocar \u00e1gua morna e manter a temperatura.<\/p>\n<p>Ventosa que fixa na mesa e evita acidentes.<\/p>\n<p><iframe loading=\"lazy\" title=\"Kit Refei\u00e7\u00e3o Trippy Lolly\" width=\"1200\" height=\"675\" src=\"https:\/\/www.youtube.com\/embed\/YulfnV6Zro0?feature=oembed\" frameborder=\"0\" allow=\"accelerometer; autoplay; clipboard-write; encrypted-media; gyroscope; picture-in-picture; web-share\" allowfullscreen><\/iframe><\/p>\n<p>&nbsp;<\/p>\n","protected":false},"excerpt":{"rendered":"<p>Kit Refei\u00e7\u00e3o Trippy Lolly Kinddy: alimenta\u00e7\u00e3o tranquila em viagens e passeios. Ajuda a crian\u00e7a a comer sozinha. Espa\u00e7o para alimentos equilibrados. Pr\u00e1tico e seguro, com tampa, talheres e divis\u00f3rias. Fixa\u00e7\u00e3o na mesa com ventosa.<\/p>\n","protected":false},"featured_media":9458,"comment_status":"open","ping_status":"closed","template":"","meta":[],"product_cat":[232],"product_tag":[444,435,443,442,446,448,445,447],"class_list":{"0":"post-9457","1":"product","2":"type-product","3":"status-publish","4":"has-post-thumbnail","6":"product_cat-alimentacao","7":"product_tag-acessorios-para-viajar-com-bebes","8":"product_tag-introducao-alimentar","9":"product_tag-introducao-alimentar-equilibrada","10":"product_tag-kit-refeicao-para-bebes","11":"product_tag-melhores-produtos-para-introducao-alimentar","12":"product_tag-prato-com-protecao-para-introducao-alimentar","13":"product_tag-prato-com-ventosa","14":"product_tag-seguranca-na-introducao-alimentar","15":"description-off","17":"first","18":"instock","19":"shipping-taxable","20":"product-type-simple"},"yoast_head":"<!-- This site is optimized with the Yoast SEO plugin v23.7 - https:\/\/yoast.com\/wordpress\/plugins\/seo\/ -->\n<title>Kit Refei\u00e7\u00e3o Trippy - Lolly Kinddy<\/title>\n<meta name=\"description\" content=\"Kit Refei\u00e7\u00e3o Trippy Lolly Kinddy: alimenta\u00e7\u00e3o tranquila e segura em viagens e passeios. Auxilia a crian\u00e7a a comer sozinha. Espa\u00e7o para alimentos energ\u00e9ticos, construtores e reguladores. Tampa protetora e compartimento para talheres. Prato com divis\u00f3ria e bowl. Ventosa para fixa\u00e7\u00e3o na mesa.\" \/>\n<meta name=\"robots\" content=\"index, follow, max-snippet:-1, max-image-preview:large, max-video-preview:-1\" \/>\n<link rel=\"canonical\" href=\"https:\/\/lolly.com.br\/kinddy\/produto\/kit-refeicao-trippy\/\" \/>\n<meta property=\"og:locale\" content=\"pt_BR\" \/>\n<meta property=\"og:type\" content=\"article\" \/>\n<meta property=\"og:title\" content=\"Kit Refei\u00e7\u00e3o Trippy - Lolly Kinddy\" \/>\n<meta property=\"og:description\" content=\"Kit Refei\u00e7\u00e3o Trippy Lolly Kinddy: alimenta\u00e7\u00e3o tranquila e segura em viagens e passeios. Auxilia a crian\u00e7a a comer sozinha. Espa\u00e7o para alimentos energ\u00e9ticos, construtores e reguladores. Tampa protetora e compartimento para talheres. Prato com divis\u00f3ria e bowl. Ventosa para fixa\u00e7\u00e3o na mesa.\" \/>\n<meta property=\"og:url\" content=\"https:\/\/lolly.com.br\/kinddy\/produto\/kit-refeicao-trippy\/\" \/>\n<meta property=\"og:site_name\" content=\"Lolly Kinddy\" \/>\n<meta property=\"article:modified_time\" content=\"2023-06-07T19:28:48+00:00\" \/>\n<meta property=\"og:image\" content=\"https:\/\/lolly.com.br\/kinddy\/wp-content\/uploads\/2022\/11\/7133-KIT-REFEICAO-TRIPPY-F-2.jpg\" \/>\n\t<meta property=\"og:image:width\" content=\"1000\" \/>\n\t<meta property=\"og:image:height\" content=\"1000\" \/>\n\t<meta property=\"og:image:type\" content=\"image\/jpeg\" \/>\n<meta name=\"twitter:card\" content=\"summary_large_image\" \/>\n<meta name=\"twitter:label1\" content=\"Est. tempo de leitura\" \/>\n\t<meta name=\"twitter:data1\" content=\"1 minuto\" \/>\n<script type=\"application\/ld+json\" class=\"yoast-schema-graph\">{\"@context\":\"https:\/\/schema.org\",\"@graph\":[{\"@type\":\"WebPage\",\"@id\":\"https:\/\/lolly.com.br\/kinddy\/produto\/kit-refeicao-trippy\/\",\"url\":\"https:\/\/lolly.com.br\/kinddy\/produto\/kit-refeicao-trippy\/\",\"name\":\"Kit Refei\u00e7\u00e3o Trippy - Lolly Kinddy\",\"isPartOf\":{\"@id\":\"https:\/\/lolly.com.br\/kinddy\/#website\"},\"primaryImageOfPage\":{\"@id\":\"https:\/\/lolly.com.br\/kinddy\/produto\/kit-refeicao-trippy\/#primaryimage\"},\"image\":{\"@id\":\"https:\/\/lolly.com.br\/kinddy\/produto\/kit-refeicao-trippy\/#primaryimage\"},\"thumbnailUrl\":\"https:\/\/lolly.com.br\/kinddy\/wp-content\/uploads\/2022\/11\/7133-KIT-REFEICAO-TRIPPY-F-2.jpg\",\"datePublished\":\"2022-11-03T13:58:12+00:00\",\"dateModified\":\"2023-06-07T19:28:48+00:00\",\"description\":\"Kit Refei\u00e7\u00e3o Trippy Lolly Kinddy: alimenta\u00e7\u00e3o tranquila e segura em viagens e passeios. Auxilia a crian\u00e7a a comer sozinha. Espa\u00e7o para alimentos energ\u00e9ticos, construtores e reguladores. Tampa protetora e compartimento para talheres. Prato com divis\u00f3ria e bowl. Ventosa para fixa\u00e7\u00e3o na mesa.\",\"breadcrumb\":{\"@id\":\"https:\/\/lolly.com.br\/kinddy\/produto\/kit-refeicao-trippy\/#breadcrumb\"},\"inLanguage\":\"pt-BR\",\"potentialAction\":[{\"@type\":\"ReadAction\",\"target\":[\"https:\/\/lolly.com.br\/kinddy\/produto\/kit-refeicao-trippy\/\"]}]},{\"@type\":\"ImageObject\",\"inLanguage\":\"pt-BR\",\"@id\":\"https:\/\/lolly.com.br\/kinddy\/produto\/kit-refeicao-trippy\/#primaryimage\",\"url\":\"https:\/\/lolly.com.br\/kinddy\/wp-content\/uploads\/2022\/11\/7133-KIT-REFEICAO-TRIPPY-F-2.jpg\",\"contentUrl\":\"https:\/\/lolly.com.br\/kinddy\/wp-content\/uploads\/2022\/11\/7133-KIT-REFEICAO-TRIPPY-F-2.jpg\",\"width\":1000,\"height\":1000},{\"@type\":\"BreadcrumbList\",\"@id\":\"https:\/\/lolly.com.br\/kinddy\/produto\/kit-refeicao-trippy\/#breadcrumb\",\"itemListElement\":[{\"@type\":\"ListItem\",\"position\":1,\"name\":\"In\u00edcio\",\"item\":\"https:\/\/lolly.com.br\/kinddy\/\"},{\"@type\":\"ListItem\",\"position\":2,\"name\":\"Produtos\",\"item\":\"https:\/\/lolly.com.br\/kinddy\/produtos\/\"},{\"@type\":\"ListItem\",\"position\":3,\"name\":\"Kit Refei\u00e7\u00e3o Trippy\"}]},{\"@type\":\"WebSite\",\"@id\":\"https:\/\/lolly.com.br\/kinddy\/#website\",\"url\":\"https:\/\/lolly.com.br\/kinddy\/\",\"name\":\"Lolly Kinddy\",\"description\":\"\",\"potentialAction\":[{\"@type\":\"SearchAction\",\"target\":{\"@type\":\"EntryPoint\",\"urlTemplate\":\"https:\/\/lolly.com.br\/kinddy\/?s={search_term_string}\"},\"query-input\":{\"@type\":\"PropertyValueSpecification\",\"valueRequired\":true,\"valueName\":\"search_term_string\"}}],\"inLanguage\":\"pt-BR\"}]}<\/script>\n<!-- \/ Yoast SEO plugin. -->","yoast_head_json":{"title":"Kit Refei\u00e7\u00e3o Trippy - Lolly Kinddy","description":"Kit Refei\u00e7\u00e3o Trippy Lolly Kinddy: alimenta\u00e7\u00e3o tranquila e segura em viagens e passeios. Auxilia a crian\u00e7a a comer sozinha. Espa\u00e7o para alimentos energ\u00e9ticos, construtores e reguladores. Tampa protetora e compartimento para talheres. Prato com divis\u00f3ria e bowl. Ventosa para fixa\u00e7\u00e3o na mesa.","robots":{"index":"index","follow":"follow","max-snippet":"max-snippet:-1","max-image-preview":"max-image-preview:large","max-video-preview":"max-video-preview:-1"},"canonical":"https:\/\/lolly.com.br\/kinddy\/produto\/kit-refeicao-trippy\/","og_locale":"pt_BR","og_type":"article","og_title":"Kit Refei\u00e7\u00e3o Trippy - Lolly Kinddy","og_description":"Kit Refei\u00e7\u00e3o Trippy Lolly Kinddy: alimenta\u00e7\u00e3o tranquila e segura em viagens e passeios. Auxilia a crian\u00e7a a comer sozinha. Espa\u00e7o para alimentos energ\u00e9ticos, construtores e reguladores. Tampa protetora e compartimento para talheres. Prato com divis\u00f3ria e bowl. Ventosa para fixa\u00e7\u00e3o na mesa.","og_url":"https:\/\/lolly.com.br\/kinddy\/produto\/kit-refeicao-trippy\/","og_site_name":"Lolly Kinddy","article_modified_time":"2023-06-07T19:28:48+00:00","og_image":[{"width":1000,"height":1000,"url":"https:\/\/lolly.com.br\/kinddy\/wp-content\/uploads\/2022\/11\/7133-KIT-REFEICAO-TRIPPY-F-2.jpg","type":"image\/jpeg"}],"twitter_card":"summary_large_image","twitter_misc":{"Est. tempo de leitura":"1 minuto"},"schema":{"@context":"https:\/\/schema.org","@graph":[{"@type":"WebPage","@id":"https:\/\/lolly.com.br\/kinddy\/produto\/kit-refeicao-trippy\/","url":"https:\/\/lolly.com.br\/kinddy\/produto\/kit-refeicao-trippy\/","name":"Kit Refei\u00e7\u00e3o Trippy - Lolly Kinddy","isPartOf":{"@id":"https:\/\/lolly.com.br\/kinddy\/#website"},"primaryImageOfPage":{"@id":"https:\/\/lolly.com.br\/kinddy\/produto\/kit-refeicao-trippy\/#primaryimage"},"image":{"@id":"https:\/\/lolly.com.br\/kinddy\/produto\/kit-refeicao-trippy\/#primaryimage"},"thumbnailUrl":"https:\/\/lolly.com.br\/kinddy\/wp-content\/uploads\/2022\/11\/7133-KIT-REFEICAO-TRIPPY-F-2.jpg","datePublished":"2022-11-03T13:58:12+00:00","dateModified":"2023-06-07T19:28:48+00:00","description":"Kit Refei\u00e7\u00e3o Trippy Lolly Kinddy: alimenta\u00e7\u00e3o tranquila e segura em viagens e passeios. Auxilia a crian\u00e7a a comer sozinha. Espa\u00e7o para alimentos energ\u00e9ticos, construtores e reguladores. Tampa protetora e compartimento para talheres. Prato com divis\u00f3ria e bowl. Ventosa para fixa\u00e7\u00e3o na mesa.","breadcrumb":{"@id":"https:\/\/lolly.com.br\/kinddy\/produto\/kit-refeicao-trippy\/#breadcrumb"},"inLanguage":"pt-BR","potentialAction":[{"@type":"ReadAction","target":["https:\/\/lolly.com.br\/kinddy\/produto\/kit-refeicao-trippy\/"]}]},{"@type":"ImageObject","inLanguage":"pt-BR","@id":"https:\/\/lolly.com.br\/kinddy\/produto\/kit-refeicao-trippy\/#primaryimage","url":"https:\/\/lolly.com.br\/kinddy\/wp-content\/uploads\/2022\/11\/7133-KIT-REFEICAO-TRIPPY-F-2.jpg","contentUrl":"https:\/\/lolly.com.br\/kinddy\/wp-content\/uploads\/2022\/11\/7133-KIT-REFEICAO-TRIPPY-F-2.jpg","width":1000,"height":1000},{"@type":"BreadcrumbList","@id":"https:\/\/lolly.com.br\/kinddy\/produto\/kit-refeicao-trippy\/#breadcrumb","itemListElement":[{"@type":"ListItem","position":1,"name":"In\u00edcio","item":"https:\/\/lolly.com.br\/kinddy\/"},{"@type":"ListItem","position":2,"name":"Produtos","item":"https:\/\/lolly.com.br\/kinddy\/produtos\/"},{"@type":"ListItem","position":3,"name":"Kit Refei\u00e7\u00e3o Trippy"}]},{"@type":"WebSite","@id":"https:\/\/lolly.com.br\/kinddy\/#website","url":"https:\/\/lolly.com.br\/kinddy\/","name":"Lolly Kinddy","description":"","potentialAction":[{"@type":"SearchAction","target":{"@type":"EntryPoint","urlTemplate":"https:\/\/lolly.com.br\/kinddy\/?s={search_term_string}"},"query-input":{"@type":"PropertyValueSpecification","valueRequired":true,"valueName":"search_term_string"}}],"inLanguage":"pt-BR"}]}},"_links":{"self":[{"href":"https:\/\/lolly.com.br\/kinddy\/wp-json\/wp\/v2\/product\/9457","targetHints":{"allow":["GET"]}}],"collection":[{"href":"https:\/\/lolly.com.br\/kinddy\/wp-json\/wp\/v2\/product"}],"about":[{"href":"https:\/\/lolly.com.br\/kinddy\/wp-json\/wp\/v2\/types\/product"}],"replies":[{"embeddable":true,"href":"https:\/\/lolly.com.br\/kinddy\/wp-json\/wp\/v2\/comments?post=9457"}],"version-history":[{"count":6,"href":"https:\/\/lolly.com.br\/kinddy\/wp-json\/wp\/v2\/product\/9457\/revisions"}],"predecessor-version":[{"id":9961,"href":"https:\/\/lolly.com.br\/kinddy\/wp-json\/wp\/v2\/product\/9457\/revisions\/9961"}],"wp:featuredmedia":[{"embeddable":true,"href":"https:\/\/lolly.com.br\/kinddy\/wp-json\/wp\/v2\/media\/9458"}],"wp:attachment":[{"href":"https:\/\/lolly.com.br\/kinddy\/wp-json\/wp\/v2\/media?parent=9457"}],"wp:term":[{"taxonomy":"product_cat","embeddable":true,"href":"https:\/\/lolly.com.br\/kinddy\/wp-json\/wp\/v2\/product_cat?post=9457"},{"taxonomy":"product_tag","embeddable":true,"href":"https:\/\/lolly.com.br\/kinddy\/wp-json\/wp\/v2\/product_tag?post=9457"}],"curies":[{"name":"wp","href":"https:\/\/api.w.org\/{rel}","templated":true}]}}