{"id":8820,"date":"2022-06-09T17:43:33","date_gmt":"2022-06-09T20:43:33","guid":{"rendered":"https:\/\/lolly.com.br\/kinddy\/produto\/aspirador-nasal-2-em-1\/"},"modified":"2023-06-19T15:27:00","modified_gmt":"2023-06-19T18:27:00","slug":"aspirador-nasal-2-em-1","status":"publish","type":"product","link":"https:\/\/lolly.com.br\/kinddy\/produto\/aspirador-nasal-2-em-1\/","title":{"rendered":"Aspirador Nasal 2 em 1"},"content":{"rendered":"<p>O Aspirador Nasal 2 em 1 Lolly \u00e9 essencial para cuidar da higiene das vias respirat\u00f3rias do beb\u00ea. Com dois bicos macios, adapta-se a todos os formatos de narinas.<\/p>\n<p>Higieniza e descongestiona com seguran\u00e7a. Feito de TPE e PVC.<\/p>\n<p>Ideal para melhorar a amamenta\u00e7\u00e3o e o sono do seu filho.<\/p>\n","protected":false},"excerpt":{"rendered":"<p>O Aspirador Nasal 2 em 1 Lolly \u00e9 essencial para cuidar da higiene das vias respirat\u00f3rias do beb\u00ea. Com dois bicos macios, adapta-se a todos os formatos de narinas. Higieniza e descongestiona com seguran\u00e7a. Feito de TPE e PVC. Ideal para melhorar a amamenta\u00e7\u00e3o e o sono do seu filho.<\/p>\n","protected":false},"featured_media":9982,"comment_status":"open","ping_status":"closed","template":"","meta":[],"product_cat":[240],"product_tag":[462,464,313,463,465,466],"class_list":{"0":"post-8820","1":"product","2":"type-product","3":"status-publish","4":"has-post-thumbnail","6":"product_cat-higiene-e-saude","7":"product_tag-alivio-nasal","8":"product_tag-alivio-nasal-bebes","9":"product_tag-aspirador-nasal","10":"product_tag-congestao-nasal","11":"product_tag-melhorar-respiracao-de-bebes","12":"product_tag-produtos-para-alivio-nasal-em-bebes","13":"pa_idade-0-meses","14":"description-off","16":"first","17":"instock","18":"shipping-taxable","19":"product-type-simple"},"yoast_head":"<!-- This site is optimized with the Yoast SEO plugin v23.7 - https:\/\/yoast.com\/wordpress\/plugins\/seo\/ -->\n<title>Aspirador Nasal 2 em 1 - Lolly Kinddy<\/title>\n<meta name=\"description\" content=\"Aspirador Nasal 2 em 1 Lolly: higiene essencial para as vias respirat\u00f3rias do beb\u00ea. Bicos macios, adapta-se a todas as narinas. Higieniza e descongestiona com seguran\u00e7a. Feito de TPE e PVC. Melhora amamenta\u00e7\u00e3o e sono.\" \/>\n<meta name=\"robots\" content=\"index, follow, max-snippet:-1, max-image-preview:large, max-video-preview:-1\" \/>\n<link rel=\"canonical\" href=\"https:\/\/lolly.com.br\/kinddy\/produto\/aspirador-nasal-2-em-1\/\" \/>\n<meta property=\"og:locale\" content=\"pt_BR\" \/>\n<meta property=\"og:type\" content=\"article\" \/>\n<meta property=\"og:title\" content=\"Aspirador Nasal 2 em 1 - Lolly Kinddy\" \/>\n<meta property=\"og:description\" content=\"Aspirador Nasal 2 em 1 Lolly: higiene essencial para as vias respirat\u00f3rias do beb\u00ea. Bicos macios, adapta-se a todas as narinas. Higieniza e descongestiona com seguran\u00e7a. Feito de TPE e PVC. Melhora amamenta\u00e7\u00e3o e sono.\" \/>\n<meta property=\"og:url\" content=\"https:\/\/lolly.com.br\/kinddy\/produto\/aspirador-nasal-2-em-1\/\" \/>\n<meta property=\"og:site_name\" content=\"Lolly Kinddy\" \/>\n<meta property=\"article:modified_time\" content=\"2023-06-19T18:27:00+00:00\" \/>\n<meta property=\"og:image\" content=\"https:\/\/lolly.com.br\/kinddy\/wp-content\/uploads\/2022\/06\/7170-F-ASPIRADOR-NASAL-ROSA-1-1200px.jpg\" \/>\n\t<meta property=\"og:image:width\" content=\"1200\" \/>\n\t<meta property=\"og:image:height\" content=\"1200\" \/>\n\t<meta property=\"og:image:type\" content=\"image\/jpeg\" \/>\n<meta name=\"twitter:card\" content=\"summary_large_image\" \/>\n<meta name=\"twitter:label1\" content=\"Est. tempo de leitura\" \/>\n\t<meta name=\"twitter:data1\" content=\"1 minuto\" \/>\n<script type=\"application\/ld+json\" class=\"yoast-schema-graph\">{\"@context\":\"https:\/\/schema.org\",\"@graph\":[{\"@type\":\"WebPage\",\"@id\":\"https:\/\/lolly.com.br\/kinddy\/produto\/aspirador-nasal-2-em-1\/\",\"url\":\"https:\/\/lolly.com.br\/kinddy\/produto\/aspirador-nasal-2-em-1\/\",\"name\":\"Aspirador Nasal 2 em 1 - Lolly Kinddy\",\"isPartOf\":{\"@id\":\"https:\/\/lolly.com.br\/kinddy\/#website\"},\"primaryImageOfPage\":{\"@id\":\"https:\/\/lolly.com.br\/kinddy\/produto\/aspirador-nasal-2-em-1\/#primaryimage\"},\"image\":{\"@id\":\"https:\/\/lolly.com.br\/kinddy\/produto\/aspirador-nasal-2-em-1\/#primaryimage\"},\"thumbnailUrl\":\"https:\/\/lolly.com.br\/kinddy\/wp-content\/uploads\/2022\/06\/7170-F-ASPIRADOR-NASAL-ROSA-1-1200px.jpg\",\"datePublished\":\"2022-06-09T20:43:33+00:00\",\"dateModified\":\"2023-06-19T18:27:00+00:00\",\"description\":\"Aspirador Nasal 2 em 1 Lolly: higiene essencial para as vias respirat\u00f3rias do beb\u00ea. Bicos macios, adapta-se a todas as narinas. Higieniza e descongestiona com seguran\u00e7a. Feito de TPE e PVC. Melhora amamenta\u00e7\u00e3o e sono.\",\"breadcrumb\":{\"@id\":\"https:\/\/lolly.com.br\/kinddy\/produto\/aspirador-nasal-2-em-1\/#breadcrumb\"},\"inLanguage\":\"pt-BR\",\"potentialAction\":[{\"@type\":\"ReadAction\",\"target\":[\"https:\/\/lolly.com.br\/kinddy\/produto\/aspirador-nasal-2-em-1\/\"]}]},{\"@type\":\"ImageObject\",\"inLanguage\":\"pt-BR\",\"@id\":\"https:\/\/lolly.com.br\/kinddy\/produto\/aspirador-nasal-2-em-1\/#primaryimage\",\"url\":\"https:\/\/lolly.com.br\/kinddy\/wp-content\/uploads\/2022\/06\/7170-F-ASPIRADOR-NASAL-ROSA-1-1200px.jpg\",\"contentUrl\":\"https:\/\/lolly.com.br\/kinddy\/wp-content\/uploads\/2022\/06\/7170-F-ASPIRADOR-NASAL-ROSA-1-1200px.jpg\",\"width\":1200,\"height\":1200},{\"@type\":\"BreadcrumbList\",\"@id\":\"https:\/\/lolly.com.br\/kinddy\/produto\/aspirador-nasal-2-em-1\/#breadcrumb\",\"itemListElement\":[{\"@type\":\"ListItem\",\"position\":1,\"name\":\"In\u00edcio\",\"item\":\"https:\/\/lolly.com.br\/kinddy\/\"},{\"@type\":\"ListItem\",\"position\":2,\"name\":\"Produtos\",\"item\":\"https:\/\/lolly.com.br\/kinddy\/produtos\/\"},{\"@type\":\"ListItem\",\"position\":3,\"name\":\"Aspirador Nasal 2 em 1\"}]},{\"@type\":\"WebSite\",\"@id\":\"https:\/\/lolly.com.br\/kinddy\/#website\",\"url\":\"https:\/\/lolly.com.br\/kinddy\/\",\"name\":\"Lolly Kinddy\",\"description\":\"\",\"potentialAction\":[{\"@type\":\"SearchAction\",\"target\":{\"@type\":\"EntryPoint\",\"urlTemplate\":\"https:\/\/lolly.com.br\/kinddy\/?s={search_term_string}\"},\"query-input\":{\"@type\":\"PropertyValueSpecification\",\"valueRequired\":true,\"valueName\":\"search_term_string\"}}],\"inLanguage\":\"pt-BR\"}]}<\/script>\n<!-- \/ Yoast SEO plugin. -->","yoast_head_json":{"title":"Aspirador Nasal 2 em 1 - Lolly Kinddy","description":"Aspirador Nasal 2 em 1 Lolly: higiene essencial para as vias respirat\u00f3rias do beb\u00ea. Bicos macios, adapta-se a todas as narinas. Higieniza e descongestiona com seguran\u00e7a. Feito de TPE e PVC. Melhora amamenta\u00e7\u00e3o e sono.","robots":{"index":"index","follow":"follow","max-snippet":"max-snippet:-1","max-image-preview":"max-image-preview:large","max-video-preview":"max-video-preview:-1"},"canonical":"https:\/\/lolly.com.br\/kinddy\/produto\/aspirador-nasal-2-em-1\/","og_locale":"pt_BR","og_type":"article","og_title":"Aspirador Nasal 2 em 1 - Lolly Kinddy","og_description":"Aspirador Nasal 2 em 1 Lolly: higiene essencial para as vias respirat\u00f3rias do beb\u00ea. Bicos macios, adapta-se a todas as narinas. Higieniza e descongestiona com seguran\u00e7a. Feito de TPE e PVC. Melhora amamenta\u00e7\u00e3o e sono.","og_url":"https:\/\/lolly.com.br\/kinddy\/produto\/aspirador-nasal-2-em-1\/","og_site_name":"Lolly Kinddy","article_modified_time":"2023-06-19T18:27:00+00:00","og_image":[{"width":1200,"height":1200,"url":"https:\/\/lolly.com.br\/kinddy\/wp-content\/uploads\/2022\/06\/7170-F-ASPIRADOR-NASAL-ROSA-1-1200px.jpg","type":"image\/jpeg"}],"twitter_card":"summary_large_image","twitter_misc":{"Est. tempo de leitura":"1 minuto"},"schema":{"@context":"https:\/\/schema.org","@graph":[{"@type":"WebPage","@id":"https:\/\/lolly.com.br\/kinddy\/produto\/aspirador-nasal-2-em-1\/","url":"https:\/\/lolly.com.br\/kinddy\/produto\/aspirador-nasal-2-em-1\/","name":"Aspirador Nasal 2 em 1 - Lolly Kinddy","isPartOf":{"@id":"https:\/\/lolly.com.br\/kinddy\/#website"},"primaryImageOfPage":{"@id":"https:\/\/lolly.com.br\/kinddy\/produto\/aspirador-nasal-2-em-1\/#primaryimage"},"image":{"@id":"https:\/\/lolly.com.br\/kinddy\/produto\/aspirador-nasal-2-em-1\/#primaryimage"},"thumbnailUrl":"https:\/\/lolly.com.br\/kinddy\/wp-content\/uploads\/2022\/06\/7170-F-ASPIRADOR-NASAL-ROSA-1-1200px.jpg","datePublished":"2022-06-09T20:43:33+00:00","dateModified":"2023-06-19T18:27:00+00:00","description":"Aspirador Nasal 2 em 1 Lolly: higiene essencial para as vias respirat\u00f3rias do beb\u00ea. Bicos macios, adapta-se a todas as narinas. Higieniza e descongestiona com seguran\u00e7a. Feito de TPE e PVC. Melhora amamenta\u00e7\u00e3o e sono.","breadcrumb":{"@id":"https:\/\/lolly.com.br\/kinddy\/produto\/aspirador-nasal-2-em-1\/#breadcrumb"},"inLanguage":"pt-BR","potentialAction":[{"@type":"ReadAction","target":["https:\/\/lolly.com.br\/kinddy\/produto\/aspirador-nasal-2-em-1\/"]}]},{"@type":"ImageObject","inLanguage":"pt-BR","@id":"https:\/\/lolly.com.br\/kinddy\/produto\/aspirador-nasal-2-em-1\/#primaryimage","url":"https:\/\/lolly.com.br\/kinddy\/wp-content\/uploads\/2022\/06\/7170-F-ASPIRADOR-NASAL-ROSA-1-1200px.jpg","contentUrl":"https:\/\/lolly.com.br\/kinddy\/wp-content\/uploads\/2022\/06\/7170-F-ASPIRADOR-NASAL-ROSA-1-1200px.jpg","width":1200,"height":1200},{"@type":"BreadcrumbList","@id":"https:\/\/lolly.com.br\/kinddy\/produto\/aspirador-nasal-2-em-1\/#breadcrumb","itemListElement":[{"@type":"ListItem","position":1,"name":"In\u00edcio","item":"https:\/\/lolly.com.br\/kinddy\/"},{"@type":"ListItem","position":2,"name":"Produtos","item":"https:\/\/lolly.com.br\/kinddy\/produtos\/"},{"@type":"ListItem","position":3,"name":"Aspirador Nasal 2 em 1"}]},{"@type":"WebSite","@id":"https:\/\/lolly.com.br\/kinddy\/#website","url":"https:\/\/lolly.com.br\/kinddy\/","name":"Lolly Kinddy","description":"","potentialAction":[{"@type":"SearchAction","target":{"@type":"EntryPoint","urlTemplate":"https:\/\/lolly.com.br\/kinddy\/?s={search_term_string}"},"query-input":{"@type":"PropertyValueSpecification","valueRequired":true,"valueName":"search_term_string"}}],"inLanguage":"pt-BR"}]}},"_links":{"self":[{"href":"https:\/\/lolly.com.br\/kinddy\/wp-json\/wp\/v2\/product\/8820","targetHints":{"allow":["GET"]}}],"collection":[{"href":"https:\/\/lolly.com.br\/kinddy\/wp-json\/wp\/v2\/product"}],"about":[{"href":"https:\/\/lolly.com.br\/kinddy\/wp-json\/wp\/v2\/types\/product"}],"replies":[{"embeddable":true,"href":"https:\/\/lolly.com.br\/kinddy\/wp-json\/wp\/v2\/comments?post=8820"}],"version-history":[{"count":3,"href":"https:\/\/lolly.com.br\/kinddy\/wp-json\/wp\/v2\/product\/8820\/revisions"}],"predecessor-version":[{"id":9984,"href":"https:\/\/lolly.com.br\/kinddy\/wp-json\/wp\/v2\/product\/8820\/revisions\/9984"}],"wp:featuredmedia":[{"embeddable":true,"href":"https:\/\/lolly.com.br\/kinddy\/wp-json\/wp\/v2\/media\/9982"}],"wp:attachment":[{"href":"https:\/\/lolly.com.br\/kinddy\/wp-json\/wp\/v2\/media?parent=8820"}],"wp:term":[{"taxonomy":"product_cat","embeddable":true,"href":"https:\/\/lolly.com.br\/kinddy\/wp-json\/wp\/v2\/product_cat?post=8820"},{"taxonomy":"product_tag","embeddable":true,"href":"https:\/\/lolly.com.br\/kinddy\/wp-json\/wp\/v2\/product_tag?post=8820"}],"curies":[{"name":"wp","href":"https:\/\/api.w.org\/{rel}","templated":true}]}}