{"id":8819,"date":"2022-06-09T17:43:31","date_gmt":"2022-06-09T20:43:31","guid":{"rendered":"https:\/\/lolly.com.br\/kinddy\/produto\/respirebem\/"},"modified":"2024-10-16T08:21:44","modified_gmt":"2024-10-16T11:21:44","slug":"respirebem-aspiradornasal","status":"publish","type":"product","link":"https:\/\/lolly.com.br\/kinddy\/produto\/respirebem-aspiradornasal\/","title":{"rendered":"RespireBem &#8211; Aspirador Nasal"},"content":{"rendered":"<p>O RespireBem Lolly Kinddy auxilia na remo\u00e7\u00e3o da secre\u00e7\u00e3o nasal, proporciona al\u00edvio imediato e assim melhorando o sono e a alimenta\u00e7\u00e3o.<\/p>\n<p>Possui pontas macias que n\u00e3o machucam a narina do beb\u00ea. O retentor de seguran\u00e7a dispensa o uso de fltro, tornando o RespireBem ainda mais eficaz, pr\u00e1tico e econ\u00f4mico.<\/p>\n<h4>Assista ao nosso <a href=\"https:\/\/youtu.be\/4NRqzQwzeAU\">v\u00eddeo<\/a>:<\/h4>\n<p><iframe loading=\"lazy\" title=\"RespireBem Lolly - Aspirador nasal por suc\u00e7\u00e3o\" width=\"1200\" height=\"675\" src=\"https:\/\/www.youtube.com\/embed\/4NRqzQwzeAU?feature=oembed\" frameborder=\"0\" allow=\"accelerometer; autoplay; clipboard-write; encrypted-media; gyroscope; picture-in-picture; web-share\" referrerpolicy=\"strict-origin-when-cross-origin\" allowfullscreen><\/iframe><\/p>\n","protected":false},"excerpt":{"rendered":"<p>RespireBem Lolly Kinddy: sistema completo para al\u00edvio imediato da secre\u00e7\u00e3o nasal. Hidrata\u00e7\u00e3o com soro fisiol\u00f3gico e sugador nasal eficaz. Bicos macios e sem necessidade de filtro. Pr\u00e1tico e f\u00e1cil de usar.<\/p>\n<p>Registro na ANVISA n\u00ba 81134970004<\/p>\n","protected":false},"featured_media":8568,"comment_status":"open","ping_status":"closed","template":"","meta":[],"product_cat":[240],"product_tag":[456,454,459,460,313,457,450,320,318,319,458,322,321,453,316,314,461,315,449,455,451,317,452],"class_list":{"0":"post-8819","1":"product","2":"type-product","3":"status-publish","4":"has-post-thumbnail","6":"product_cat-higiene-e-saude","7":"product_tag-alimentacao","8":"product_tag-alivio-imediato","9":"product_tag-alivio-nasal-de-bebes","10":"product_tag-alivio-respiratorio-para-bebes","11":"product_tag-aspirador-nasal","12":"product_tag-bicos-macios","13":"product_tag-hidratacao","14":"product_tag-limpar-o-nariz","15":"product_tag-limpesa-nasal","16":"product_tag-limpeza-nasal","17":"product_tag-narinas-sensiveis","18":"product_tag-nariz-entupido","19":"product_tag-nariz-intupido","20":"product_tag-remocao-de-secrecao-nasal","21":"product_tag-respiracao","22":"product_tag-respiracao-bebe","23":"product_tag-respire-bem","24":"product_tag-respire-melhor","25":"product_tag-respirebem","26":"product_tag-sono","27":"product_tag-soro-fisiologico","28":"product_tag-succao-nasal","29":"product_tag-sugador-nasal","30":"pa_idade-0-meses","31":"description-off","33":"first","34":"instock","35":"shipping-taxable","36":"product-type-simple"},"yoast_head":"<!-- This site is optimized with the Yoast SEO plugin v23.7 - https:\/\/yoast.com\/wordpress\/plugins\/seo\/ -->\n<title>RespireBem - Aspirador Nasal - Lolly Kinddy<\/title>\n<meta name=\"description\" content=\"O RespireBem Lolly Kinddy: al\u00edvio imediato para o beb\u00ea. Remove secre\u00e7\u00e3o nasal, melhora o sono e a alimenta\u00e7\u00e3o. Pontas macias e seguras. Sem necessidade de filtro, eficaz e econ\u00f4mico. Produto 100% brasileiro.\" \/>\n<meta name=\"robots\" content=\"index, follow, max-snippet:-1, max-image-preview:large, max-video-preview:-1\" \/>\n<link rel=\"canonical\" href=\"https:\/\/lolly.com.br\/kinddy\/produto\/respirebem-aspiradornasal\/\" \/>\n<meta property=\"og:locale\" content=\"pt_BR\" \/>\n<meta property=\"og:type\" content=\"article\" \/>\n<meta property=\"og:title\" content=\"RespireBem - Aspirador Nasal - Lolly Kinddy\" \/>\n<meta property=\"og:description\" content=\"O RespireBem Lolly Kinddy: al\u00edvio imediato para o beb\u00ea. Remove secre\u00e7\u00e3o nasal, melhora o sono e a alimenta\u00e7\u00e3o. Pontas macias e seguras. Sem necessidade de filtro, eficaz e econ\u00f4mico. Produto 100% brasileiro.\" \/>\n<meta property=\"og:url\" content=\"https:\/\/lolly.com.br\/kinddy\/produto\/respirebem-aspiradornasal\/\" \/>\n<meta property=\"og:site_name\" content=\"Lolly Kinddy\" \/>\n<meta property=\"article:modified_time\" content=\"2024-10-16T11:21:44+00:00\" \/>\n<meta property=\"og:image\" content=\"https:\/\/lolly.com.br\/kinddy\/wp-content\/uploads\/2022\/06\/7173.png\" \/>\n\t<meta property=\"og:image:width\" content=\"875\" \/>\n\t<meta property=\"og:image:height\" content=\"875\" \/>\n\t<meta property=\"og:image:type\" content=\"image\/png\" \/>\n<meta name=\"twitter:card\" content=\"summary_large_image\" \/>\n<meta name=\"twitter:label1\" content=\"Est. tempo de leitura\" \/>\n\t<meta name=\"twitter:data1\" content=\"1 minuto\" \/>\n<script type=\"application\/ld+json\" class=\"yoast-schema-graph\">{\"@context\":\"https:\/\/schema.org\",\"@graph\":[{\"@type\":\"WebPage\",\"@id\":\"https:\/\/lolly.com.br\/kinddy\/produto\/respirebem-aspiradornasal\/\",\"url\":\"https:\/\/lolly.com.br\/kinddy\/produto\/respirebem-aspiradornasal\/\",\"name\":\"RespireBem - Aspirador Nasal - Lolly Kinddy\",\"isPartOf\":{\"@id\":\"https:\/\/lolly.com.br\/kinddy\/#website\"},\"primaryImageOfPage\":{\"@id\":\"https:\/\/lolly.com.br\/kinddy\/produto\/respirebem-aspiradornasal\/#primaryimage\"},\"image\":{\"@id\":\"https:\/\/lolly.com.br\/kinddy\/produto\/respirebem-aspiradornasal\/#primaryimage\"},\"thumbnailUrl\":\"https:\/\/lolly.com.br\/kinddy\/wp-content\/uploads\/2022\/06\/7173.png\",\"datePublished\":\"2022-06-09T20:43:31+00:00\",\"dateModified\":\"2024-10-16T11:21:44+00:00\",\"description\":\"O RespireBem Lolly Kinddy: al\u00edvio imediato para o beb\u00ea. Remove secre\u00e7\u00e3o nasal, melhora o sono e a alimenta\u00e7\u00e3o. Pontas macias e seguras. Sem necessidade de filtro, eficaz e econ\u00f4mico. Produto 100% brasileiro.\",\"breadcrumb\":{\"@id\":\"https:\/\/lolly.com.br\/kinddy\/produto\/respirebem-aspiradornasal\/#breadcrumb\"},\"inLanguage\":\"pt-BR\",\"potentialAction\":[{\"@type\":\"ReadAction\",\"target\":[\"https:\/\/lolly.com.br\/kinddy\/produto\/respirebem-aspiradornasal\/\"]}]},{\"@type\":\"ImageObject\",\"inLanguage\":\"pt-BR\",\"@id\":\"https:\/\/lolly.com.br\/kinddy\/produto\/respirebem-aspiradornasal\/#primaryimage\",\"url\":\"https:\/\/lolly.com.br\/kinddy\/wp-content\/uploads\/2022\/06\/7173.png\",\"contentUrl\":\"https:\/\/lolly.com.br\/kinddy\/wp-content\/uploads\/2022\/06\/7173.png\",\"width\":875,\"height\":875},{\"@type\":\"BreadcrumbList\",\"@id\":\"https:\/\/lolly.com.br\/kinddy\/produto\/respirebem-aspiradornasal\/#breadcrumb\",\"itemListElement\":[{\"@type\":\"ListItem\",\"position\":1,\"name\":\"In\u00edcio\",\"item\":\"https:\/\/lolly.com.br\/kinddy\/\"},{\"@type\":\"ListItem\",\"position\":2,\"name\":\"Produtos\",\"item\":\"https:\/\/lolly.com.br\/kinddy\/produtos\/\"},{\"@type\":\"ListItem\",\"position\":3,\"name\":\"RespireBem &#8211; Aspirador Nasal\"}]},{\"@type\":\"WebSite\",\"@id\":\"https:\/\/lolly.com.br\/kinddy\/#website\",\"url\":\"https:\/\/lolly.com.br\/kinddy\/\",\"name\":\"Lolly Kinddy\",\"description\":\"\",\"potentialAction\":[{\"@type\":\"SearchAction\",\"target\":{\"@type\":\"EntryPoint\",\"urlTemplate\":\"https:\/\/lolly.com.br\/kinddy\/?s={search_term_string}\"},\"query-input\":{\"@type\":\"PropertyValueSpecification\",\"valueRequired\":true,\"valueName\":\"search_term_string\"}}],\"inLanguage\":\"pt-BR\"}]}<\/script>\n<!-- \/ Yoast SEO plugin. -->","yoast_head_json":{"title":"RespireBem - Aspirador Nasal - Lolly Kinddy","description":"O RespireBem Lolly Kinddy: al\u00edvio imediato para o beb\u00ea. Remove secre\u00e7\u00e3o nasal, melhora o sono e a alimenta\u00e7\u00e3o. Pontas macias e seguras. Sem necessidade de filtro, eficaz e econ\u00f4mico. Produto 100% brasileiro.","robots":{"index":"index","follow":"follow","max-snippet":"max-snippet:-1","max-image-preview":"max-image-preview:large","max-video-preview":"max-video-preview:-1"},"canonical":"https:\/\/lolly.com.br\/kinddy\/produto\/respirebem-aspiradornasal\/","og_locale":"pt_BR","og_type":"article","og_title":"RespireBem - Aspirador Nasal - Lolly Kinddy","og_description":"O RespireBem Lolly Kinddy: al\u00edvio imediato para o beb\u00ea. Remove secre\u00e7\u00e3o nasal, melhora o sono e a alimenta\u00e7\u00e3o. Pontas macias e seguras. Sem necessidade de filtro, eficaz e econ\u00f4mico. Produto 100% brasileiro.","og_url":"https:\/\/lolly.com.br\/kinddy\/produto\/respirebem-aspiradornasal\/","og_site_name":"Lolly Kinddy","article_modified_time":"2024-10-16T11:21:44+00:00","og_image":[{"width":875,"height":875,"url":"https:\/\/lolly.com.br\/kinddy\/wp-content\/uploads\/2022\/06\/7173.png","type":"image\/png"}],"twitter_card":"summary_large_image","twitter_misc":{"Est. tempo de leitura":"1 minuto"},"schema":{"@context":"https:\/\/schema.org","@graph":[{"@type":"WebPage","@id":"https:\/\/lolly.com.br\/kinddy\/produto\/respirebem-aspiradornasal\/","url":"https:\/\/lolly.com.br\/kinddy\/produto\/respirebem-aspiradornasal\/","name":"RespireBem - Aspirador Nasal - Lolly Kinddy","isPartOf":{"@id":"https:\/\/lolly.com.br\/kinddy\/#website"},"primaryImageOfPage":{"@id":"https:\/\/lolly.com.br\/kinddy\/produto\/respirebem-aspiradornasal\/#primaryimage"},"image":{"@id":"https:\/\/lolly.com.br\/kinddy\/produto\/respirebem-aspiradornasal\/#primaryimage"},"thumbnailUrl":"https:\/\/lolly.com.br\/kinddy\/wp-content\/uploads\/2022\/06\/7173.png","datePublished":"2022-06-09T20:43:31+00:00","dateModified":"2024-10-16T11:21:44+00:00","description":"O RespireBem Lolly Kinddy: al\u00edvio imediato para o beb\u00ea. Remove secre\u00e7\u00e3o nasal, melhora o sono e a alimenta\u00e7\u00e3o. Pontas macias e seguras. Sem necessidade de filtro, eficaz e econ\u00f4mico. Produto 100% brasileiro.","breadcrumb":{"@id":"https:\/\/lolly.com.br\/kinddy\/produto\/respirebem-aspiradornasal\/#breadcrumb"},"inLanguage":"pt-BR","potentialAction":[{"@type":"ReadAction","target":["https:\/\/lolly.com.br\/kinddy\/produto\/respirebem-aspiradornasal\/"]}]},{"@type":"ImageObject","inLanguage":"pt-BR","@id":"https:\/\/lolly.com.br\/kinddy\/produto\/respirebem-aspiradornasal\/#primaryimage","url":"https:\/\/lolly.com.br\/kinddy\/wp-content\/uploads\/2022\/06\/7173.png","contentUrl":"https:\/\/lolly.com.br\/kinddy\/wp-content\/uploads\/2022\/06\/7173.png","width":875,"height":875},{"@type":"BreadcrumbList","@id":"https:\/\/lolly.com.br\/kinddy\/produto\/respirebem-aspiradornasal\/#breadcrumb","itemListElement":[{"@type":"ListItem","position":1,"name":"In\u00edcio","item":"https:\/\/lolly.com.br\/kinddy\/"},{"@type":"ListItem","position":2,"name":"Produtos","item":"https:\/\/lolly.com.br\/kinddy\/produtos\/"},{"@type":"ListItem","position":3,"name":"RespireBem &#8211; Aspirador Nasal"}]},{"@type":"WebSite","@id":"https:\/\/lolly.com.br\/kinddy\/#website","url":"https:\/\/lolly.com.br\/kinddy\/","name":"Lolly Kinddy","description":"","potentialAction":[{"@type":"SearchAction","target":{"@type":"EntryPoint","urlTemplate":"https:\/\/lolly.com.br\/kinddy\/?s={search_term_string}"},"query-input":{"@type":"PropertyValueSpecification","valueRequired":true,"valueName":"search_term_string"}}],"inLanguage":"pt-BR"}]}},"_links":{"self":[{"href":"https:\/\/lolly.com.br\/kinddy\/wp-json\/wp\/v2\/product\/8819","targetHints":{"allow":["GET"]}}],"collection":[{"href":"https:\/\/lolly.com.br\/kinddy\/wp-json\/wp\/v2\/product"}],"about":[{"href":"https:\/\/lolly.com.br\/kinddy\/wp-json\/wp\/v2\/types\/product"}],"replies":[{"embeddable":true,"href":"https:\/\/lolly.com.br\/kinddy\/wp-json\/wp\/v2\/comments?post=8819"}],"version-history":[{"count":6,"href":"https:\/\/lolly.com.br\/kinddy\/wp-json\/wp\/v2\/product\/8819\/revisions"}],"predecessor-version":[{"id":10949,"href":"https:\/\/lolly.com.br\/kinddy\/wp-json\/wp\/v2\/product\/8819\/revisions\/10949"}],"wp:featuredmedia":[{"embeddable":true,"href":"https:\/\/lolly.com.br\/kinddy\/wp-json\/wp\/v2\/media\/8568"}],"wp:attachment":[{"href":"https:\/\/lolly.com.br\/kinddy\/wp-json\/wp\/v2\/media?parent=8819"}],"wp:term":[{"taxonomy":"product_cat","embeddable":true,"href":"https:\/\/lolly.com.br\/kinddy\/wp-json\/wp\/v2\/product_cat?post=8819"},{"taxonomy":"product_tag","embeddable":true,"href":"https:\/\/lolly.com.br\/kinddy\/wp-json\/wp\/v2\/product_tag?post=8819"}],"curies":[{"name":"wp","href":"https:\/\/api.w.org\/{rel}","templated":true}]}}