{"id":8812,"date":"2022-06-09T17:43:29","date_gmt":"2022-06-09T20:43:29","guid":{"rendered":"https:\/\/lolly.com.br\/kinddy\/produto\/kit-manicure-infantil\/"},"modified":"2023-06-19T16:04:04","modified_gmt":"2023-06-19T19:04:04","slug":"kit-manicure-infantil","status":"publish","type":"product","link":"https:\/\/lolly.com.br\/kinddy\/produto\/kit-manicure-infantil\/","title":{"rendered":"Kit Manicure Infantil"},"content":{"rendered":"<p>O Kit Manicure Infantil Lolly Kinddy auxilia a mam\u00e3e e\/ou papai a cuidar da higiene das unhas do beb\u00ea de maneira pr\u00e1tica e f\u00e1cil evitando que seu beb\u00ea se contamine com a sujeira e se machuque com as unhas compridas.<\/p>\n<p>O Kit \u00e9 composto por 3 itens: Tesourinha, cortador e lixa.<\/p>\n<p>Idade: 0+ meses. Tesourinha com pontas arredondadas, que evitam de machucar o beb\u00ea.<\/p>\n","protected":false},"excerpt":{"rendered":"<p>O Kit Manicure Infantil Lolly Kinddy auxilia a mam\u00e3e e\/ou papai a cuidar da higiene das unhas do beb\u00ea de maneira pr\u00e1tica e f\u00e1cil evitando que seu beb\u00ea se contamine com a sujeira e se machuque com as unhas compridas. O Kit \u00e9 composto por 3 itens: Tesourinha, cortador e lixa. Idade: 0+ meses. Tesourinha&hellip;<\/p>\n","protected":false},"featured_media":10007,"comment_status":"open","ping_status":"closed","template":"","meta":[],"product_cat":[240],"product_tag":[476,477,478,475,479,480],"class_list":{"0":"post-8812","1":"product","2":"type-product","3":"status-publish","4":"has-post-thumbnail","6":"product_cat-higiene-e-saude","7":"product_tag-cortador-de-unhas-de-bebes","8":"product_tag-cortar-unhas-de-bebes","9":"product_tag-kit-de-unhas-para-bebes","10":"product_tag-kit-manicure-infantil","11":"product_tag-unhas-bebes","12":"product_tag-unhas-recem-nascidos","13":"pa_idade-0-meses","14":"description-off","16":"first","17":"instock","18":"shipping-taxable","19":"product-type-simple"},"yoast_head":"<!-- This site is optimized with the Yoast SEO plugin v23.7 - https:\/\/yoast.com\/wordpress\/plugins\/seo\/ -->\n<title>Kit Manicure Infantil - Lolly Kinddy<\/title>\n<meta name=\"description\" content=\"Kit Manicure Infantil Lolly Kinddy: praticidade e cuidado para as unhas do beb\u00ea. Evita contamina\u00e7\u00e3o e machucados. Composto por tesourinha, cortador e lixa. Indicado a partir de 0 meses. Tesourinha com pontas arredondadas para seguran\u00e7a.\" \/>\n<meta name=\"robots\" content=\"index, follow, max-snippet:-1, max-image-preview:large, max-video-preview:-1\" \/>\n<link rel=\"canonical\" href=\"https:\/\/lolly.com.br\/kinddy\/produto\/kit-manicure-infantil\/\" \/>\n<meta property=\"og:locale\" content=\"pt_BR\" \/>\n<meta property=\"og:type\" content=\"article\" \/>\n<meta property=\"og:title\" content=\"Kit Manicure Infantil - Lolly Kinddy\" \/>\n<meta property=\"og:description\" content=\"Kit Manicure Infantil Lolly Kinddy: praticidade e cuidado para as unhas do beb\u00ea. Evita contamina\u00e7\u00e3o e machucados. Composto por tesourinha, cortador e lixa. Indicado a partir de 0 meses. Tesourinha com pontas arredondadas para seguran\u00e7a.\" \/>\n<meta property=\"og:url\" content=\"https:\/\/lolly.com.br\/kinddy\/produto\/kit-manicure-infantil\/\" \/>\n<meta property=\"og:site_name\" content=\"Lolly Kinddy\" \/>\n<meta property=\"article:modified_time\" content=\"2023-06-19T19:04:04+00:00\" \/>\n<meta property=\"og:image\" content=\"https:\/\/lolly.com.br\/kinddy\/wp-content\/uploads\/2022\/06\/7320-01-MKIT-MANICURE-INFANTIL-AZUL-2-1200px.jpg\" \/>\n\t<meta property=\"og:image:width\" content=\"1200\" \/>\n\t<meta property=\"og:image:height\" content=\"1200\" \/>\n\t<meta property=\"og:image:type\" content=\"image\/jpeg\" \/>\n<meta name=\"twitter:card\" content=\"summary_large_image\" \/>\n<meta name=\"twitter:label1\" content=\"Est. tempo de leitura\" \/>\n\t<meta name=\"twitter:data1\" content=\"1 minuto\" \/>\n<script type=\"application\/ld+json\" class=\"yoast-schema-graph\">{\"@context\":\"https:\/\/schema.org\",\"@graph\":[{\"@type\":\"WebPage\",\"@id\":\"https:\/\/lolly.com.br\/kinddy\/produto\/kit-manicure-infantil\/\",\"url\":\"https:\/\/lolly.com.br\/kinddy\/produto\/kit-manicure-infantil\/\",\"name\":\"Kit Manicure Infantil - Lolly Kinddy\",\"isPartOf\":{\"@id\":\"https:\/\/lolly.com.br\/kinddy\/#website\"},\"primaryImageOfPage\":{\"@id\":\"https:\/\/lolly.com.br\/kinddy\/produto\/kit-manicure-infantil\/#primaryimage\"},\"image\":{\"@id\":\"https:\/\/lolly.com.br\/kinddy\/produto\/kit-manicure-infantil\/#primaryimage\"},\"thumbnailUrl\":\"https:\/\/lolly.com.br\/kinddy\/wp-content\/uploads\/2022\/06\/7320-01-MKIT-MANICURE-INFANTIL-AZUL-2-1200px.jpg\",\"datePublished\":\"2022-06-09T20:43:29+00:00\",\"dateModified\":\"2023-06-19T19:04:04+00:00\",\"description\":\"Kit Manicure Infantil Lolly Kinddy: praticidade e cuidado para as unhas do beb\u00ea. Evita contamina\u00e7\u00e3o e machucados. Composto por tesourinha, cortador e lixa. Indicado a partir de 0 meses. Tesourinha com pontas arredondadas para seguran\u00e7a.\",\"breadcrumb\":{\"@id\":\"https:\/\/lolly.com.br\/kinddy\/produto\/kit-manicure-infantil\/#breadcrumb\"},\"inLanguage\":\"pt-BR\",\"potentialAction\":[{\"@type\":\"ReadAction\",\"target\":[\"https:\/\/lolly.com.br\/kinddy\/produto\/kit-manicure-infantil\/\"]}]},{\"@type\":\"ImageObject\",\"inLanguage\":\"pt-BR\",\"@id\":\"https:\/\/lolly.com.br\/kinddy\/produto\/kit-manicure-infantil\/#primaryimage\",\"url\":\"https:\/\/lolly.com.br\/kinddy\/wp-content\/uploads\/2022\/06\/7320-01-MKIT-MANICURE-INFANTIL-AZUL-2-1200px.jpg\",\"contentUrl\":\"https:\/\/lolly.com.br\/kinddy\/wp-content\/uploads\/2022\/06\/7320-01-MKIT-MANICURE-INFANTIL-AZUL-2-1200px.jpg\",\"width\":1200,\"height\":1200},{\"@type\":\"BreadcrumbList\",\"@id\":\"https:\/\/lolly.com.br\/kinddy\/produto\/kit-manicure-infantil\/#breadcrumb\",\"itemListElement\":[{\"@type\":\"ListItem\",\"position\":1,\"name\":\"In\u00edcio\",\"item\":\"https:\/\/lolly.com.br\/kinddy\/\"},{\"@type\":\"ListItem\",\"position\":2,\"name\":\"Produtos\",\"item\":\"https:\/\/lolly.com.br\/kinddy\/produtos\/\"},{\"@type\":\"ListItem\",\"position\":3,\"name\":\"Kit Manicure Infantil\"}]},{\"@type\":\"WebSite\",\"@id\":\"https:\/\/lolly.com.br\/kinddy\/#website\",\"url\":\"https:\/\/lolly.com.br\/kinddy\/\",\"name\":\"Lolly Kinddy\",\"description\":\"\",\"potentialAction\":[{\"@type\":\"SearchAction\",\"target\":{\"@type\":\"EntryPoint\",\"urlTemplate\":\"https:\/\/lolly.com.br\/kinddy\/?s={search_term_string}\"},\"query-input\":{\"@type\":\"PropertyValueSpecification\",\"valueRequired\":true,\"valueName\":\"search_term_string\"}}],\"inLanguage\":\"pt-BR\"}]}<\/script>\n<!-- \/ Yoast SEO plugin. -->","yoast_head_json":{"title":"Kit Manicure Infantil - Lolly Kinddy","description":"Kit Manicure Infantil Lolly Kinddy: praticidade e cuidado para as unhas do beb\u00ea. Evita contamina\u00e7\u00e3o e machucados. Composto por tesourinha, cortador e lixa. Indicado a partir de 0 meses. Tesourinha com pontas arredondadas para seguran\u00e7a.","robots":{"index":"index","follow":"follow","max-snippet":"max-snippet:-1","max-image-preview":"max-image-preview:large","max-video-preview":"max-video-preview:-1"},"canonical":"https:\/\/lolly.com.br\/kinddy\/produto\/kit-manicure-infantil\/","og_locale":"pt_BR","og_type":"article","og_title":"Kit Manicure Infantil - Lolly Kinddy","og_description":"Kit Manicure Infantil Lolly Kinddy: praticidade e cuidado para as unhas do beb\u00ea. Evita contamina\u00e7\u00e3o e machucados. Composto por tesourinha, cortador e lixa. Indicado a partir de 0 meses. Tesourinha com pontas arredondadas para seguran\u00e7a.","og_url":"https:\/\/lolly.com.br\/kinddy\/produto\/kit-manicure-infantil\/","og_site_name":"Lolly Kinddy","article_modified_time":"2023-06-19T19:04:04+00:00","og_image":[{"width":1200,"height":1200,"url":"https:\/\/lolly.com.br\/kinddy\/wp-content\/uploads\/2022\/06\/7320-01-MKIT-MANICURE-INFANTIL-AZUL-2-1200px.jpg","type":"image\/jpeg"}],"twitter_card":"summary_large_image","twitter_misc":{"Est. tempo de leitura":"1 minuto"},"schema":{"@context":"https:\/\/schema.org","@graph":[{"@type":"WebPage","@id":"https:\/\/lolly.com.br\/kinddy\/produto\/kit-manicure-infantil\/","url":"https:\/\/lolly.com.br\/kinddy\/produto\/kit-manicure-infantil\/","name":"Kit Manicure Infantil - Lolly Kinddy","isPartOf":{"@id":"https:\/\/lolly.com.br\/kinddy\/#website"},"primaryImageOfPage":{"@id":"https:\/\/lolly.com.br\/kinddy\/produto\/kit-manicure-infantil\/#primaryimage"},"image":{"@id":"https:\/\/lolly.com.br\/kinddy\/produto\/kit-manicure-infantil\/#primaryimage"},"thumbnailUrl":"https:\/\/lolly.com.br\/kinddy\/wp-content\/uploads\/2022\/06\/7320-01-MKIT-MANICURE-INFANTIL-AZUL-2-1200px.jpg","datePublished":"2022-06-09T20:43:29+00:00","dateModified":"2023-06-19T19:04:04+00:00","description":"Kit Manicure Infantil Lolly Kinddy: praticidade e cuidado para as unhas do beb\u00ea. Evita contamina\u00e7\u00e3o e machucados. Composto por tesourinha, cortador e lixa. Indicado a partir de 0 meses. Tesourinha com pontas arredondadas para seguran\u00e7a.","breadcrumb":{"@id":"https:\/\/lolly.com.br\/kinddy\/produto\/kit-manicure-infantil\/#breadcrumb"},"inLanguage":"pt-BR","potentialAction":[{"@type":"ReadAction","target":["https:\/\/lolly.com.br\/kinddy\/produto\/kit-manicure-infantil\/"]}]},{"@type":"ImageObject","inLanguage":"pt-BR","@id":"https:\/\/lolly.com.br\/kinddy\/produto\/kit-manicure-infantil\/#primaryimage","url":"https:\/\/lolly.com.br\/kinddy\/wp-content\/uploads\/2022\/06\/7320-01-MKIT-MANICURE-INFANTIL-AZUL-2-1200px.jpg","contentUrl":"https:\/\/lolly.com.br\/kinddy\/wp-content\/uploads\/2022\/06\/7320-01-MKIT-MANICURE-INFANTIL-AZUL-2-1200px.jpg","width":1200,"height":1200},{"@type":"BreadcrumbList","@id":"https:\/\/lolly.com.br\/kinddy\/produto\/kit-manicure-infantil\/#breadcrumb","itemListElement":[{"@type":"ListItem","position":1,"name":"In\u00edcio","item":"https:\/\/lolly.com.br\/kinddy\/"},{"@type":"ListItem","position":2,"name":"Produtos","item":"https:\/\/lolly.com.br\/kinddy\/produtos\/"},{"@type":"ListItem","position":3,"name":"Kit Manicure Infantil"}]},{"@type":"WebSite","@id":"https:\/\/lolly.com.br\/kinddy\/#website","url":"https:\/\/lolly.com.br\/kinddy\/","name":"Lolly Kinddy","description":"","potentialAction":[{"@type":"SearchAction","target":{"@type":"EntryPoint","urlTemplate":"https:\/\/lolly.com.br\/kinddy\/?s={search_term_string}"},"query-input":{"@type":"PropertyValueSpecification","valueRequired":true,"valueName":"search_term_string"}}],"inLanguage":"pt-BR"}]}},"_links":{"self":[{"href":"https:\/\/lolly.com.br\/kinddy\/wp-json\/wp\/v2\/product\/8812","targetHints":{"allow":["GET"]}}],"collection":[{"href":"https:\/\/lolly.com.br\/kinddy\/wp-json\/wp\/v2\/product"}],"about":[{"href":"https:\/\/lolly.com.br\/kinddy\/wp-json\/wp\/v2\/types\/product"}],"replies":[{"embeddable":true,"href":"https:\/\/lolly.com.br\/kinddy\/wp-json\/wp\/v2\/comments?post=8812"}],"version-history":[{"count":2,"href":"https:\/\/lolly.com.br\/kinddy\/wp-json\/wp\/v2\/product\/8812\/revisions"}],"predecessor-version":[{"id":10009,"href":"https:\/\/lolly.com.br\/kinddy\/wp-json\/wp\/v2\/product\/8812\/revisions\/10009"}],"wp:featuredmedia":[{"embeddable":true,"href":"https:\/\/lolly.com.br\/kinddy\/wp-json\/wp\/v2\/media\/10007"}],"wp:attachment":[{"href":"https:\/\/lolly.com.br\/kinddy\/wp-json\/wp\/v2\/media?parent=8812"}],"wp:term":[{"taxonomy":"product_cat","embeddable":true,"href":"https:\/\/lolly.com.br\/kinddy\/wp-json\/wp\/v2\/product_cat?post=8812"},{"taxonomy":"product_tag","embeddable":true,"href":"https:\/\/lolly.com.br\/kinddy\/wp-json\/wp\/v2\/product_tag?post=8812"}],"curies":[{"name":"wp","href":"https:\/\/api.w.org\/{rel}","templated":true}]}}