{"id":8806,"date":"2022-06-09T17:43:29","date_gmt":"2022-06-09T20:43:29","guid":{"rendered":"https:\/\/lolly.com.br\/kinddy\/produto\/tesourinha-infantil-com-capa\/"},"modified":"2024-12-17T11:53:19","modified_gmt":"2024-12-17T14:53:19","slug":"tesourinha-infantil-com-capa","status":"publish","type":"product","link":"https:\/\/lolly.com.br\/kinddy\/produto\/tesourinha-infantil-com-capa\/","title":{"rendered":"Tesourinha Infantil com Capa"},"content":{"rendered":"<p>A Tesourinha Higi\u00eanica Lolly Kinddy auxilia a mam\u00e3e e\/ou papai a cuidar da higiene das unhas do beb\u00ea, de maneira pr\u00e1tica e f\u00e1cil, evitando que ele se contamine com a sujeira ou se machuque com as unhas compridas.<\/p>\n<p>Tesourinha com pontas arredondas e capa protetora, ideal para as unhas do beb\u00ea.<\/p>\n","protected":false},"excerpt":{"rendered":"<p>A Tesourinha Higi\u00eanica Lolly Kinddy auxilia a mam\u00e3e e\/ou papai a cuidar da higiene das unhas do beb\u00ea, de maneira pr\u00e1tica e f\u00e1cil, evitando que ele se contamine com a sujeira ou se machuque com as unhas compridas. Tesourinha com pontas arredondas e capa protetora, ideal para as unhas do beb\u00ea.<\/p>\n","protected":false},"featured_media":11026,"comment_status":"open","ping_status":"closed","template":"","meta":[],"product_cat":[240],"product_tag":[468,467,472,471,473,474,469],"class_list":{"0":"post-8806","1":"product","2":"type-product","3":"status-publish","4":"has-post-thumbnail","6":"product_cat-higiene-e-saude","7":"product_tag-cortar-unhas-do-bebe","8":"product_tag-higiene-do-bebe","9":"product_tag-melhor-produto-para-unhas-de-bebes","10":"product_tag-melhores-produtos-para-cortar-unha-de-bebe","11":"product_tag-tesourinha-para-bebes","12":"product_tag-tesourinha-para-unhas-de-bebes","13":"product_tag-unhas-de-bebe","14":"pa_idade-0-meses","15":"description-off","17":"first","18":"instock","19":"shipping-taxable","20":"product-type-simple"},"yoast_head":"<!-- This site is optimized with the Yoast SEO plugin v23.7 - https:\/\/yoast.com\/wordpress\/plugins\/seo\/ -->\n<title>Tesourinha Infantil com Capa - Lolly Kinddy<\/title>\n<meta name=\"description\" content=\"A Tesourinha Higi\u00eanica Lolly Kinddy auxilia a mam\u00e3e e\/ou papai a cuidar da higiene das unhas do beb\u00ea, de maneira pr\u00e1tica e f\u00e1cil, evitando que ele se contamine com a sujeira ou se machuque com as unhas compridas. Tesourinha com pontas arredondas e capa protetora, ideal para as unhas do beb\u00ea.\" \/>\n<meta name=\"robots\" content=\"index, follow, max-snippet:-1, max-image-preview:large, max-video-preview:-1\" \/>\n<link rel=\"canonical\" href=\"https:\/\/lolly.com.br\/kinddy\/produto\/tesourinha-infantil-com-capa\/\" \/>\n<meta property=\"og:locale\" content=\"pt_BR\" \/>\n<meta property=\"og:type\" content=\"article\" \/>\n<meta property=\"og:title\" content=\"Tesourinha Infantil com Capa - Lolly Kinddy\" \/>\n<meta property=\"og:description\" content=\"A Tesourinha Higi\u00eanica Lolly Kinddy auxilia a mam\u00e3e e\/ou papai a cuidar da higiene das unhas do beb\u00ea, de maneira pr\u00e1tica e f\u00e1cil, evitando que ele se contamine com a sujeira ou se machuque com as unhas compridas. Tesourinha com pontas arredondas e capa protetora, ideal para as unhas do beb\u00ea.\" \/>\n<meta property=\"og:url\" content=\"https:\/\/lolly.com.br\/kinddy\/produto\/tesourinha-infantil-com-capa\/\" \/>\n<meta property=\"og:site_name\" content=\"Lolly Kinddy\" \/>\n<meta property=\"article:modified_time\" content=\"2024-12-17T14:53:19+00:00\" \/>\n<meta property=\"og:image\" content=\"https:\/\/lolly.com.br\/kinddy\/wp-content\/uploads\/2022\/06\/1-2.png\" \/>\n\t<meta property=\"og:image:width\" content=\"1080\" \/>\n\t<meta property=\"og:image:height\" content=\"1080\" \/>\n\t<meta property=\"og:image:type\" content=\"image\/png\" \/>\n<meta name=\"twitter:card\" content=\"summary_large_image\" \/>\n<meta name=\"twitter:label1\" content=\"Est. tempo de leitura\" \/>\n\t<meta name=\"twitter:data1\" content=\"1 minuto\" \/>\n<script type=\"application\/ld+json\" class=\"yoast-schema-graph\">{\"@context\":\"https:\/\/schema.org\",\"@graph\":[{\"@type\":\"WebPage\",\"@id\":\"https:\/\/lolly.com.br\/kinddy\/produto\/tesourinha-infantil-com-capa\/\",\"url\":\"https:\/\/lolly.com.br\/kinddy\/produto\/tesourinha-infantil-com-capa\/\",\"name\":\"Tesourinha Infantil com Capa - Lolly Kinddy\",\"isPartOf\":{\"@id\":\"https:\/\/lolly.com.br\/kinddy\/#website\"},\"primaryImageOfPage\":{\"@id\":\"https:\/\/lolly.com.br\/kinddy\/produto\/tesourinha-infantil-com-capa\/#primaryimage\"},\"image\":{\"@id\":\"https:\/\/lolly.com.br\/kinddy\/produto\/tesourinha-infantil-com-capa\/#primaryimage\"},\"thumbnailUrl\":\"https:\/\/lolly.com.br\/kinddy\/wp-content\/uploads\/2022\/06\/1-2.png\",\"datePublished\":\"2022-06-09T20:43:29+00:00\",\"dateModified\":\"2024-12-17T14:53:19+00:00\",\"description\":\"A Tesourinha Higi\u00eanica Lolly Kinddy auxilia a mam\u00e3e e\/ou papai a cuidar da higiene das unhas do beb\u00ea, de maneira pr\u00e1tica e f\u00e1cil, evitando que ele se contamine com a sujeira ou se machuque com as unhas compridas. Tesourinha com pontas arredondas e capa protetora, ideal para as unhas do beb\u00ea.\",\"breadcrumb\":{\"@id\":\"https:\/\/lolly.com.br\/kinddy\/produto\/tesourinha-infantil-com-capa\/#breadcrumb\"},\"inLanguage\":\"pt-BR\",\"potentialAction\":[{\"@type\":\"ReadAction\",\"target\":[\"https:\/\/lolly.com.br\/kinddy\/produto\/tesourinha-infantil-com-capa\/\"]}]},{\"@type\":\"ImageObject\",\"inLanguage\":\"pt-BR\",\"@id\":\"https:\/\/lolly.com.br\/kinddy\/produto\/tesourinha-infantil-com-capa\/#primaryimage\",\"url\":\"https:\/\/lolly.com.br\/kinddy\/wp-content\/uploads\/2022\/06\/1-2.png\",\"contentUrl\":\"https:\/\/lolly.com.br\/kinddy\/wp-content\/uploads\/2022\/06\/1-2.png\",\"width\":1080,\"height\":1080},{\"@type\":\"BreadcrumbList\",\"@id\":\"https:\/\/lolly.com.br\/kinddy\/produto\/tesourinha-infantil-com-capa\/#breadcrumb\",\"itemListElement\":[{\"@type\":\"ListItem\",\"position\":1,\"name\":\"In\u00edcio\",\"item\":\"https:\/\/lolly.com.br\/kinddy\/\"},{\"@type\":\"ListItem\",\"position\":2,\"name\":\"Produtos\",\"item\":\"https:\/\/lolly.com.br\/kinddy\/produtos\/\"},{\"@type\":\"ListItem\",\"position\":3,\"name\":\"Tesourinha Infantil com Capa\"}]},{\"@type\":\"WebSite\",\"@id\":\"https:\/\/lolly.com.br\/kinddy\/#website\",\"url\":\"https:\/\/lolly.com.br\/kinddy\/\",\"name\":\"Lolly Kinddy\",\"description\":\"\",\"potentialAction\":[{\"@type\":\"SearchAction\",\"target\":{\"@type\":\"EntryPoint\",\"urlTemplate\":\"https:\/\/lolly.com.br\/kinddy\/?s={search_term_string}\"},\"query-input\":{\"@type\":\"PropertyValueSpecification\",\"valueRequired\":true,\"valueName\":\"search_term_string\"}}],\"inLanguage\":\"pt-BR\"}]}<\/script>\n<!-- \/ Yoast SEO plugin. -->","yoast_head_json":{"title":"Tesourinha Infantil com Capa - Lolly Kinddy","description":"A Tesourinha Higi\u00eanica Lolly Kinddy auxilia a mam\u00e3e e\/ou papai a cuidar da higiene das unhas do beb\u00ea, de maneira pr\u00e1tica e f\u00e1cil, evitando que ele se contamine com a sujeira ou se machuque com as unhas compridas. Tesourinha com pontas arredondas e capa protetora, ideal para as unhas do beb\u00ea.","robots":{"index":"index","follow":"follow","max-snippet":"max-snippet:-1","max-image-preview":"max-image-preview:large","max-video-preview":"max-video-preview:-1"},"canonical":"https:\/\/lolly.com.br\/kinddy\/produto\/tesourinha-infantil-com-capa\/","og_locale":"pt_BR","og_type":"article","og_title":"Tesourinha Infantil com Capa - Lolly Kinddy","og_description":"A Tesourinha Higi\u00eanica Lolly Kinddy auxilia a mam\u00e3e e\/ou papai a cuidar da higiene das unhas do beb\u00ea, de maneira pr\u00e1tica e f\u00e1cil, evitando que ele se contamine com a sujeira ou se machuque com as unhas compridas. Tesourinha com pontas arredondas e capa protetora, ideal para as unhas do beb\u00ea.","og_url":"https:\/\/lolly.com.br\/kinddy\/produto\/tesourinha-infantil-com-capa\/","og_site_name":"Lolly Kinddy","article_modified_time":"2024-12-17T14:53:19+00:00","og_image":[{"width":1080,"height":1080,"url":"https:\/\/lolly.com.br\/kinddy\/wp-content\/uploads\/2022\/06\/1-2.png","type":"image\/png"}],"twitter_card":"summary_large_image","twitter_misc":{"Est. tempo de leitura":"1 minuto"},"schema":{"@context":"https:\/\/schema.org","@graph":[{"@type":"WebPage","@id":"https:\/\/lolly.com.br\/kinddy\/produto\/tesourinha-infantil-com-capa\/","url":"https:\/\/lolly.com.br\/kinddy\/produto\/tesourinha-infantil-com-capa\/","name":"Tesourinha Infantil com Capa - Lolly Kinddy","isPartOf":{"@id":"https:\/\/lolly.com.br\/kinddy\/#website"},"primaryImageOfPage":{"@id":"https:\/\/lolly.com.br\/kinddy\/produto\/tesourinha-infantil-com-capa\/#primaryimage"},"image":{"@id":"https:\/\/lolly.com.br\/kinddy\/produto\/tesourinha-infantil-com-capa\/#primaryimage"},"thumbnailUrl":"https:\/\/lolly.com.br\/kinddy\/wp-content\/uploads\/2022\/06\/1-2.png","datePublished":"2022-06-09T20:43:29+00:00","dateModified":"2024-12-17T14:53:19+00:00","description":"A Tesourinha Higi\u00eanica Lolly Kinddy auxilia a mam\u00e3e e\/ou papai a cuidar da higiene das unhas do beb\u00ea, de maneira pr\u00e1tica e f\u00e1cil, evitando que ele se contamine com a sujeira ou se machuque com as unhas compridas. Tesourinha com pontas arredondas e capa protetora, ideal para as unhas do beb\u00ea.","breadcrumb":{"@id":"https:\/\/lolly.com.br\/kinddy\/produto\/tesourinha-infantil-com-capa\/#breadcrumb"},"inLanguage":"pt-BR","potentialAction":[{"@type":"ReadAction","target":["https:\/\/lolly.com.br\/kinddy\/produto\/tesourinha-infantil-com-capa\/"]}]},{"@type":"ImageObject","inLanguage":"pt-BR","@id":"https:\/\/lolly.com.br\/kinddy\/produto\/tesourinha-infantil-com-capa\/#primaryimage","url":"https:\/\/lolly.com.br\/kinddy\/wp-content\/uploads\/2022\/06\/1-2.png","contentUrl":"https:\/\/lolly.com.br\/kinddy\/wp-content\/uploads\/2022\/06\/1-2.png","width":1080,"height":1080},{"@type":"BreadcrumbList","@id":"https:\/\/lolly.com.br\/kinddy\/produto\/tesourinha-infantil-com-capa\/#breadcrumb","itemListElement":[{"@type":"ListItem","position":1,"name":"In\u00edcio","item":"https:\/\/lolly.com.br\/kinddy\/"},{"@type":"ListItem","position":2,"name":"Produtos","item":"https:\/\/lolly.com.br\/kinddy\/produtos\/"},{"@type":"ListItem","position":3,"name":"Tesourinha Infantil com Capa"}]},{"@type":"WebSite","@id":"https:\/\/lolly.com.br\/kinddy\/#website","url":"https:\/\/lolly.com.br\/kinddy\/","name":"Lolly Kinddy","description":"","potentialAction":[{"@type":"SearchAction","target":{"@type":"EntryPoint","urlTemplate":"https:\/\/lolly.com.br\/kinddy\/?s={search_term_string}"},"query-input":{"@type":"PropertyValueSpecification","valueRequired":true,"valueName":"search_term_string"}}],"inLanguage":"pt-BR"}]}},"_links":{"self":[{"href":"https:\/\/lolly.com.br\/kinddy\/wp-json\/wp\/v2\/product\/8806","targetHints":{"allow":["GET"]}}],"collection":[{"href":"https:\/\/lolly.com.br\/kinddy\/wp-json\/wp\/v2\/product"}],"about":[{"href":"https:\/\/lolly.com.br\/kinddy\/wp-json\/wp\/v2\/types\/product"}],"replies":[{"embeddable":true,"href":"https:\/\/lolly.com.br\/kinddy\/wp-json\/wp\/v2\/comments?post=8806"}],"version-history":[{"count":3,"href":"https:\/\/lolly.com.br\/kinddy\/wp-json\/wp\/v2\/product\/8806\/revisions"}],"predecessor-version":[{"id":9999,"href":"https:\/\/lolly.com.br\/kinddy\/wp-json\/wp\/v2\/product\/8806\/revisions\/9999"}],"wp:featuredmedia":[{"embeddable":true,"href":"https:\/\/lolly.com.br\/kinddy\/wp-json\/wp\/v2\/media\/11026"}],"wp:attachment":[{"href":"https:\/\/lolly.com.br\/kinddy\/wp-json\/wp\/v2\/media?parent=8806"}],"wp:term":[{"taxonomy":"product_cat","embeddable":true,"href":"https:\/\/lolly.com.br\/kinddy\/wp-json\/wp\/v2\/product_cat?post=8806"},{"taxonomy":"product_tag","embeddable":true,"href":"https:\/\/lolly.com.br\/kinddy\/wp-json\/wp\/v2\/product_tag?post=8806"}],"curies":[{"name":"wp","href":"https:\/\/api.w.org\/{rel}","templated":true}]}}