{"id":8803,"date":"2022-06-09T17:43:28","date_gmt":"2022-06-09T20:43:28","guid":{"rendered":"https:\/\/lolly.com.br\/kinddy\/produto\/escova-massageadora\/"},"modified":"2023-06-19T16:09:08","modified_gmt":"2023-06-19T19:09:08","slug":"escova-massageadora","status":"publish","type":"product","link":"https:\/\/lolly.com.br\/kinddy\/produto\/escova-massageadora\/","title":{"rendered":"Escova Massageadora"},"content":{"rendered":"<p>A Escova Massageadora Lolly Kinddy alivia o inc\u00f4modo causado pelo nascimento dos primeiros dentinhos e inicia o h\u00e1bito da higiene bucal, com conforto e seguran\u00e7a.<\/p>\n<p>\u00c9 indicada para higienizar a gengiva, l\u00edngua e os primeiros dentinhos do beb\u00ea.<\/p>\n<p>Possui bolinhas massageadoras e cerdas muito macias.<\/p>\n<p>Idade: 0+meses.<\/p>\n","protected":false},"excerpt":{"rendered":"<p>Composi\u00e7\u00e3o: PVC sem FTALATOS.<\/p>\n<p>Embalagem:<br \/>\n7280-01-F &#8211; Blister c\/ 1 un. | Caixa c\/ 12 blisters.<br \/>\n7280-01-M &#8211; Blister c\/ 1 un. | Caixa c\/ 12 blisters.<br \/>\n7280-01-N &#8211; Blister c\/ 1 un. | Caixa c\/ 12 blisters.<\/p>\n<p>NCM: 9603.29.00<\/p>\n","protected":false},"featured_media":10013,"comment_status":"open","ping_status":"closed","template":"","meta":[],"product_cat":[240],"product_tag":[485,486,487,483,481,484,482,488],"class_list":{"0":"post-8803","1":"product","2":"type-product","3":"status-publish","4":"has-post-thumbnail","6":"product_cat-higiene-e-saude","7":"product_tag-alivio-do-incomodo-dos-primeiros-dentinhos","8":"product_tag-cerdas-macias-para-bebes","9":"product_tag-como-fazer-higienizacao-bucal-em-bebes","10":"product_tag-denticao-infantil","11":"product_tag-escova-massageadora","12":"product_tag-higiene-bucal-bebes","13":"product_tag-primeiros-dentinhos","14":"product_tag-produtos-para-higiene-de-bebes","15":"pa_idade-0-meses","16":"description-off","18":"first","19":"instock","20":"shipping-taxable","21":"product-type-simple"},"yoast_head":"<!-- This site is optimized with the Yoast SEO plugin v23.7 - https:\/\/yoast.com\/wordpress\/plugins\/seo\/ -->\n<title>Escova Massageadora - Lolly Kinddy<\/title>\n<meta name=\"description\" content=\"Escova Massageadora Lolly Kinddy: al\u00edvio para o nascimento dos primeiros dentinhos e introdu\u00e7\u00e3o \u00e0 higiene bucal. Indicada para gengiva, l\u00edngua e primeiros dentinhos. Bolinhas massageadoras e cerdas macias. Indicada a partir de 0 meses. Conforto e seguran\u00e7a para o beb\u00ea.\" \/>\n<meta name=\"robots\" content=\"index, follow, max-snippet:-1, max-image-preview:large, max-video-preview:-1\" \/>\n<link rel=\"canonical\" href=\"https:\/\/lolly.com.br\/kinddy\/produto\/escova-massageadora\/\" \/>\n<meta property=\"og:locale\" content=\"pt_BR\" \/>\n<meta property=\"og:type\" content=\"article\" \/>\n<meta property=\"og:title\" content=\"Escova Massageadora - Lolly Kinddy\" \/>\n<meta property=\"og:description\" content=\"Escova Massageadora Lolly Kinddy: al\u00edvio para o nascimento dos primeiros dentinhos e introdu\u00e7\u00e3o \u00e0 higiene bucal. Indicada para gengiva, l\u00edngua e primeiros dentinhos. Bolinhas massageadoras e cerdas macias. Indicada a partir de 0 meses. Conforto e seguran\u00e7a para o beb\u00ea.\" \/>\n<meta property=\"og:url\" content=\"https:\/\/lolly.com.br\/kinddy\/produto\/escova-massageadora\/\" \/>\n<meta property=\"og:site_name\" content=\"Lolly Kinddy\" \/>\n<meta property=\"article:modified_time\" content=\"2023-06-19T19:09:08+00:00\" \/>\n<meta property=\"og:image\" content=\"https:\/\/lolly.com.br\/kinddy\/wp-content\/uploads\/2022\/06\/7280ESCOVA-MASSAGEADORA-ROSA-1.png\" \/>\n\t<meta property=\"og:image:width\" content=\"591\" \/>\n\t<meta property=\"og:image:height\" content=\"591\" \/>\n\t<meta property=\"og:image:type\" content=\"image\/png\" \/>\n<meta name=\"twitter:card\" content=\"summary_large_image\" \/>\n<meta name=\"twitter:label1\" content=\"Est. tempo de leitura\" \/>\n\t<meta name=\"twitter:data1\" content=\"1 minuto\" \/>\n<script type=\"application\/ld+json\" class=\"yoast-schema-graph\">{\"@context\":\"https:\/\/schema.org\",\"@graph\":[{\"@type\":\"WebPage\",\"@id\":\"https:\/\/lolly.com.br\/kinddy\/produto\/escova-massageadora\/\",\"url\":\"https:\/\/lolly.com.br\/kinddy\/produto\/escova-massageadora\/\",\"name\":\"Escova Massageadora - Lolly Kinddy\",\"isPartOf\":{\"@id\":\"https:\/\/lolly.com.br\/kinddy\/#website\"},\"primaryImageOfPage\":{\"@id\":\"https:\/\/lolly.com.br\/kinddy\/produto\/escova-massageadora\/#primaryimage\"},\"image\":{\"@id\":\"https:\/\/lolly.com.br\/kinddy\/produto\/escova-massageadora\/#primaryimage\"},\"thumbnailUrl\":\"https:\/\/lolly.com.br\/kinddy\/wp-content\/uploads\/2022\/06\/7280ESCOVA-MASSAGEADORA-ROSA-1.png\",\"datePublished\":\"2022-06-09T20:43:28+00:00\",\"dateModified\":\"2023-06-19T19:09:08+00:00\",\"description\":\"Escova Massageadora Lolly Kinddy: al\u00edvio para o nascimento dos primeiros dentinhos e introdu\u00e7\u00e3o \u00e0 higiene bucal. Indicada para gengiva, l\u00edngua e primeiros dentinhos. Bolinhas massageadoras e cerdas macias. Indicada a partir de 0 meses. Conforto e seguran\u00e7a para o beb\u00ea.\",\"breadcrumb\":{\"@id\":\"https:\/\/lolly.com.br\/kinddy\/produto\/escova-massageadora\/#breadcrumb\"},\"inLanguage\":\"pt-BR\",\"potentialAction\":[{\"@type\":\"ReadAction\",\"target\":[\"https:\/\/lolly.com.br\/kinddy\/produto\/escova-massageadora\/\"]}]},{\"@type\":\"ImageObject\",\"inLanguage\":\"pt-BR\",\"@id\":\"https:\/\/lolly.com.br\/kinddy\/produto\/escova-massageadora\/#primaryimage\",\"url\":\"https:\/\/lolly.com.br\/kinddy\/wp-content\/uploads\/2022\/06\/7280ESCOVA-MASSAGEADORA-ROSA-1.png\",\"contentUrl\":\"https:\/\/lolly.com.br\/kinddy\/wp-content\/uploads\/2022\/06\/7280ESCOVA-MASSAGEADORA-ROSA-1.png\",\"width\":591,\"height\":591},{\"@type\":\"BreadcrumbList\",\"@id\":\"https:\/\/lolly.com.br\/kinddy\/produto\/escova-massageadora\/#breadcrumb\",\"itemListElement\":[{\"@type\":\"ListItem\",\"position\":1,\"name\":\"In\u00edcio\",\"item\":\"https:\/\/lolly.com.br\/kinddy\/\"},{\"@type\":\"ListItem\",\"position\":2,\"name\":\"Produtos\",\"item\":\"https:\/\/lolly.com.br\/kinddy\/produtos\/\"},{\"@type\":\"ListItem\",\"position\":3,\"name\":\"Escova Massageadora\"}]},{\"@type\":\"WebSite\",\"@id\":\"https:\/\/lolly.com.br\/kinddy\/#website\",\"url\":\"https:\/\/lolly.com.br\/kinddy\/\",\"name\":\"Lolly Kinddy\",\"description\":\"\",\"potentialAction\":[{\"@type\":\"SearchAction\",\"target\":{\"@type\":\"EntryPoint\",\"urlTemplate\":\"https:\/\/lolly.com.br\/kinddy\/?s={search_term_string}\"},\"query-input\":{\"@type\":\"PropertyValueSpecification\",\"valueRequired\":true,\"valueName\":\"search_term_string\"}}],\"inLanguage\":\"pt-BR\"}]}<\/script>\n<!-- \/ Yoast SEO plugin. -->","yoast_head_json":{"title":"Escova Massageadora - Lolly Kinddy","description":"Escova Massageadora Lolly Kinddy: al\u00edvio para o nascimento dos primeiros dentinhos e introdu\u00e7\u00e3o \u00e0 higiene bucal. Indicada para gengiva, l\u00edngua e primeiros dentinhos. Bolinhas massageadoras e cerdas macias. Indicada a partir de 0 meses. Conforto e seguran\u00e7a para o beb\u00ea.","robots":{"index":"index","follow":"follow","max-snippet":"max-snippet:-1","max-image-preview":"max-image-preview:large","max-video-preview":"max-video-preview:-1"},"canonical":"https:\/\/lolly.com.br\/kinddy\/produto\/escova-massageadora\/","og_locale":"pt_BR","og_type":"article","og_title":"Escova Massageadora - Lolly Kinddy","og_description":"Escova Massageadora Lolly Kinddy: al\u00edvio para o nascimento dos primeiros dentinhos e introdu\u00e7\u00e3o \u00e0 higiene bucal. Indicada para gengiva, l\u00edngua e primeiros dentinhos. Bolinhas massageadoras e cerdas macias. Indicada a partir de 0 meses. Conforto e seguran\u00e7a para o beb\u00ea.","og_url":"https:\/\/lolly.com.br\/kinddy\/produto\/escova-massageadora\/","og_site_name":"Lolly Kinddy","article_modified_time":"2023-06-19T19:09:08+00:00","og_image":[{"width":591,"height":591,"url":"https:\/\/lolly.com.br\/kinddy\/wp-content\/uploads\/2022\/06\/7280ESCOVA-MASSAGEADORA-ROSA-1.png","type":"image\/png"}],"twitter_card":"summary_large_image","twitter_misc":{"Est. tempo de leitura":"1 minuto"},"schema":{"@context":"https:\/\/schema.org","@graph":[{"@type":"WebPage","@id":"https:\/\/lolly.com.br\/kinddy\/produto\/escova-massageadora\/","url":"https:\/\/lolly.com.br\/kinddy\/produto\/escova-massageadora\/","name":"Escova Massageadora - Lolly Kinddy","isPartOf":{"@id":"https:\/\/lolly.com.br\/kinddy\/#website"},"primaryImageOfPage":{"@id":"https:\/\/lolly.com.br\/kinddy\/produto\/escova-massageadora\/#primaryimage"},"image":{"@id":"https:\/\/lolly.com.br\/kinddy\/produto\/escova-massageadora\/#primaryimage"},"thumbnailUrl":"https:\/\/lolly.com.br\/kinddy\/wp-content\/uploads\/2022\/06\/7280ESCOVA-MASSAGEADORA-ROSA-1.png","datePublished":"2022-06-09T20:43:28+00:00","dateModified":"2023-06-19T19:09:08+00:00","description":"Escova Massageadora Lolly Kinddy: al\u00edvio para o nascimento dos primeiros dentinhos e introdu\u00e7\u00e3o \u00e0 higiene bucal. Indicada para gengiva, l\u00edngua e primeiros dentinhos. Bolinhas massageadoras e cerdas macias. Indicada a partir de 0 meses. Conforto e seguran\u00e7a para o beb\u00ea.","breadcrumb":{"@id":"https:\/\/lolly.com.br\/kinddy\/produto\/escova-massageadora\/#breadcrumb"},"inLanguage":"pt-BR","potentialAction":[{"@type":"ReadAction","target":["https:\/\/lolly.com.br\/kinddy\/produto\/escova-massageadora\/"]}]},{"@type":"ImageObject","inLanguage":"pt-BR","@id":"https:\/\/lolly.com.br\/kinddy\/produto\/escova-massageadora\/#primaryimage","url":"https:\/\/lolly.com.br\/kinddy\/wp-content\/uploads\/2022\/06\/7280ESCOVA-MASSAGEADORA-ROSA-1.png","contentUrl":"https:\/\/lolly.com.br\/kinddy\/wp-content\/uploads\/2022\/06\/7280ESCOVA-MASSAGEADORA-ROSA-1.png","width":591,"height":591},{"@type":"BreadcrumbList","@id":"https:\/\/lolly.com.br\/kinddy\/produto\/escova-massageadora\/#breadcrumb","itemListElement":[{"@type":"ListItem","position":1,"name":"In\u00edcio","item":"https:\/\/lolly.com.br\/kinddy\/"},{"@type":"ListItem","position":2,"name":"Produtos","item":"https:\/\/lolly.com.br\/kinddy\/produtos\/"},{"@type":"ListItem","position":3,"name":"Escova Massageadora"}]},{"@type":"WebSite","@id":"https:\/\/lolly.com.br\/kinddy\/#website","url":"https:\/\/lolly.com.br\/kinddy\/","name":"Lolly Kinddy","description":"","potentialAction":[{"@type":"SearchAction","target":{"@type":"EntryPoint","urlTemplate":"https:\/\/lolly.com.br\/kinddy\/?s={search_term_string}"},"query-input":{"@type":"PropertyValueSpecification","valueRequired":true,"valueName":"search_term_string"}}],"inLanguage":"pt-BR"}]}},"_links":{"self":[{"href":"https:\/\/lolly.com.br\/kinddy\/wp-json\/wp\/v2\/product\/8803","targetHints":{"allow":["GET"]}}],"collection":[{"href":"https:\/\/lolly.com.br\/kinddy\/wp-json\/wp\/v2\/product"}],"about":[{"href":"https:\/\/lolly.com.br\/kinddy\/wp-json\/wp\/v2\/types\/product"}],"replies":[{"embeddable":true,"href":"https:\/\/lolly.com.br\/kinddy\/wp-json\/wp\/v2\/comments?post=8803"}],"version-history":[{"count":2,"href":"https:\/\/lolly.com.br\/kinddy\/wp-json\/wp\/v2\/product\/8803\/revisions"}],"predecessor-version":[{"id":10019,"href":"https:\/\/lolly.com.br\/kinddy\/wp-json\/wp\/v2\/product\/8803\/revisions\/10019"}],"wp:featuredmedia":[{"embeddable":true,"href":"https:\/\/lolly.com.br\/kinddy\/wp-json\/wp\/v2\/media\/10013"}],"wp:attachment":[{"href":"https:\/\/lolly.com.br\/kinddy\/wp-json\/wp\/v2\/media?parent=8803"}],"wp:term":[{"taxonomy":"product_cat","embeddable":true,"href":"https:\/\/lolly.com.br\/kinddy\/wp-json\/wp\/v2\/product_cat?post=8803"},{"taxonomy":"product_tag","embeddable":true,"href":"https:\/\/lolly.com.br\/kinddy\/wp-json\/wp\/v2\/product_tag?post=8803"}],"curies":[{"name":"wp","href":"https:\/\/api.w.org\/{rel}","templated":true}]}}