{"id":8802,"date":"2022-06-09T17:43:27","date_gmt":"2022-06-09T20:43:27","guid":{"rendered":"https:\/\/lolly.com.br\/kinddy\/produto\/trava-multiuso\/"},"modified":"2023-06-20T10:29:30","modified_gmt":"2023-06-20T13:29:30","slug":"trava-multiuso","status":"publish","type":"product","link":"https:\/\/lolly.com.br\/kinddy\/produto\/trava-multiuso\/","title":{"rendered":"Trava Multiuso"},"content":{"rendered":"<p>A Trava Multiuso Lolly Kinddy cuida da crian\u00e7a e a protege dentro do seu ambiente, impedindo que abram gavetas, arm\u00e1rios, geladeiras etc.<\/p>\n<p>Seus discos podem ser adesivados em diversos tipos de superf\u00edcie plana, permitindo uma multifuncionalidade ao produto.<\/p>\n<p>Cont\u00e9m 2 unidades, instala\u00e7\u00e3o f\u00e1cil e r\u00e1pida, n\u00e3o danifica os m\u00f3veis, com adesivo dupla face de alta fixa\u00e7\u00e3o.<\/p>\n","protected":false},"excerpt":{"rendered":"<p>A Trava Multiuso Lolly Kinddy cuida da crian\u00e7a e a protege dentro do seu ambiente, impedindo que abram gavetas, arm\u00e1rios, geladeiras etc. Seus discos podem ser adesivados em diversos tipos de superf\u00edcie plana, permitindo uma multifuncionalidade ao produto. Cont\u00e9m 2 unidades, instala\u00e7\u00e3o f\u00e1cil e r\u00e1pida, n\u00e3o danifica os m\u00f3veis, com adesivo dupla face de alta&hellip;<\/p>\n","protected":false},"featured_media":8576,"comment_status":"open","ping_status":"closed","template":"","meta":[],"product_cat":[239],"product_tag":[510,506,513,512,507,508,504,509,514,511,505,503],"class_list":{"0":"post-8802","1":"product","2":"type-product","3":"status-publish","4":"has-post-thumbnail","6":"product_cat-casa-e-seguranca","7":"product_tag-adesivo-dupla-face","8":"product_tag-armarios","9":"product_tag-bebe-crescendo","10":"product_tag-bebe-seguro","11":"product_tag-geladeiras","12":"product_tag-instalacao-facil","13":"product_tag-protecao-para-crianca","14":"product_tag-rapida","15":"product_tag-seguranca-de-bebes","16":"product_tag-seguranca-para-bebes","17":"product_tag-seguranca-para-gavetas","18":"product_tag-trava-multiuso","19":"pa_idade-6-meses","20":"description-off","22":"first","23":"instock","24":"shipping-taxable","25":"product-type-simple"},"yoast_head":"<!-- This site is optimized with the Yoast SEO plugin v23.7 - https:\/\/yoast.com\/wordpress\/plugins\/seo\/ -->\n<title>Trava Multiuso - Lolly Kinddy<\/title>\n<meta name=\"description\" content=\"Prote\u00e7\u00e3o para a crian\u00e7a em casa. Impede abertura de gavetas, arm\u00e1rios, geladeiras, etc. Discos adesivos para superf\u00edcies planas. 2 unidades, instala\u00e7\u00e3o f\u00e1cil e r\u00e1pida. Adesivo dupla face de alta fixa\u00e7\u00e3o, n\u00e3o danifica os m\u00f3veis.\" \/>\n<meta name=\"robots\" content=\"index, follow, max-snippet:-1, max-image-preview:large, max-video-preview:-1\" \/>\n<link rel=\"canonical\" href=\"https:\/\/lolly.com.br\/kinddy\/produto\/trava-multiuso\/\" \/>\n<meta property=\"og:locale\" content=\"pt_BR\" \/>\n<meta property=\"og:type\" content=\"article\" \/>\n<meta property=\"og:title\" content=\"Trava Multiuso - Lolly Kinddy\" \/>\n<meta property=\"og:description\" content=\"Prote\u00e7\u00e3o para a crian\u00e7a em casa. Impede abertura de gavetas, arm\u00e1rios, geladeiras, etc. Discos adesivos para superf\u00edcies planas. 2 unidades, instala\u00e7\u00e3o f\u00e1cil e r\u00e1pida. Adesivo dupla face de alta fixa\u00e7\u00e3o, n\u00e3o danifica os m\u00f3veis.\" \/>\n<meta property=\"og:url\" content=\"https:\/\/lolly.com.br\/kinddy\/produto\/trava-multiuso\/\" \/>\n<meta property=\"og:site_name\" content=\"Lolly Kinddy\" \/>\n<meta property=\"article:modified_time\" content=\"2023-06-20T13:29:30+00:00\" \/>\n<meta property=\"og:image\" content=\"https:\/\/lolly.com.br\/kinddy\/wp-content\/uploads\/2022\/06\/7292.png\" \/>\n\t<meta property=\"og:image:width\" content=\"875\" \/>\n\t<meta property=\"og:image:height\" content=\"875\" \/>\n\t<meta property=\"og:image:type\" content=\"image\/png\" \/>\n<meta name=\"twitter:card\" content=\"summary_large_image\" \/>\n<meta name=\"twitter:label1\" content=\"Est. tempo de leitura\" \/>\n\t<meta name=\"twitter:data1\" content=\"1 minuto\" \/>\n<script type=\"application\/ld+json\" class=\"yoast-schema-graph\">{\"@context\":\"https:\/\/schema.org\",\"@graph\":[{\"@type\":\"WebPage\",\"@id\":\"https:\/\/lolly.com.br\/kinddy\/produto\/trava-multiuso\/\",\"url\":\"https:\/\/lolly.com.br\/kinddy\/produto\/trava-multiuso\/\",\"name\":\"Trava Multiuso - Lolly Kinddy\",\"isPartOf\":{\"@id\":\"https:\/\/lolly.com.br\/kinddy\/#website\"},\"primaryImageOfPage\":{\"@id\":\"https:\/\/lolly.com.br\/kinddy\/produto\/trava-multiuso\/#primaryimage\"},\"image\":{\"@id\":\"https:\/\/lolly.com.br\/kinddy\/produto\/trava-multiuso\/#primaryimage\"},\"thumbnailUrl\":\"https:\/\/lolly.com.br\/kinddy\/wp-content\/uploads\/2022\/06\/7292.png\",\"datePublished\":\"2022-06-09T20:43:27+00:00\",\"dateModified\":\"2023-06-20T13:29:30+00:00\",\"description\":\"Prote\u00e7\u00e3o para a crian\u00e7a em casa. Impede abertura de gavetas, arm\u00e1rios, geladeiras, etc. Discos adesivos para superf\u00edcies planas. 2 unidades, instala\u00e7\u00e3o f\u00e1cil e r\u00e1pida. Adesivo dupla face de alta fixa\u00e7\u00e3o, n\u00e3o danifica os m\u00f3veis.\",\"breadcrumb\":{\"@id\":\"https:\/\/lolly.com.br\/kinddy\/produto\/trava-multiuso\/#breadcrumb\"},\"inLanguage\":\"pt-BR\",\"potentialAction\":[{\"@type\":\"ReadAction\",\"target\":[\"https:\/\/lolly.com.br\/kinddy\/produto\/trava-multiuso\/\"]}]},{\"@type\":\"ImageObject\",\"inLanguage\":\"pt-BR\",\"@id\":\"https:\/\/lolly.com.br\/kinddy\/produto\/trava-multiuso\/#primaryimage\",\"url\":\"https:\/\/lolly.com.br\/kinddy\/wp-content\/uploads\/2022\/06\/7292.png\",\"contentUrl\":\"https:\/\/lolly.com.br\/kinddy\/wp-content\/uploads\/2022\/06\/7292.png\",\"width\":875,\"height\":875},{\"@type\":\"BreadcrumbList\",\"@id\":\"https:\/\/lolly.com.br\/kinddy\/produto\/trava-multiuso\/#breadcrumb\",\"itemListElement\":[{\"@type\":\"ListItem\",\"position\":1,\"name\":\"In\u00edcio\",\"item\":\"https:\/\/lolly.com.br\/kinddy\/\"},{\"@type\":\"ListItem\",\"position\":2,\"name\":\"Produtos\",\"item\":\"https:\/\/lolly.com.br\/kinddy\/produtos\/\"},{\"@type\":\"ListItem\",\"position\":3,\"name\":\"Trava Multiuso\"}]},{\"@type\":\"WebSite\",\"@id\":\"https:\/\/lolly.com.br\/kinddy\/#website\",\"url\":\"https:\/\/lolly.com.br\/kinddy\/\",\"name\":\"Lolly Kinddy\",\"description\":\"\",\"potentialAction\":[{\"@type\":\"SearchAction\",\"target\":{\"@type\":\"EntryPoint\",\"urlTemplate\":\"https:\/\/lolly.com.br\/kinddy\/?s={search_term_string}\"},\"query-input\":{\"@type\":\"PropertyValueSpecification\",\"valueRequired\":true,\"valueName\":\"search_term_string\"}}],\"inLanguage\":\"pt-BR\"}]}<\/script>\n<!-- \/ Yoast SEO plugin. -->","yoast_head_json":{"title":"Trava Multiuso - Lolly Kinddy","description":"Prote\u00e7\u00e3o para a crian\u00e7a em casa. Impede abertura de gavetas, arm\u00e1rios, geladeiras, etc. Discos adesivos para superf\u00edcies planas. 2 unidades, instala\u00e7\u00e3o f\u00e1cil e r\u00e1pida. Adesivo dupla face de alta fixa\u00e7\u00e3o, n\u00e3o danifica os m\u00f3veis.","robots":{"index":"index","follow":"follow","max-snippet":"max-snippet:-1","max-image-preview":"max-image-preview:large","max-video-preview":"max-video-preview:-1"},"canonical":"https:\/\/lolly.com.br\/kinddy\/produto\/trava-multiuso\/","og_locale":"pt_BR","og_type":"article","og_title":"Trava Multiuso - Lolly Kinddy","og_description":"Prote\u00e7\u00e3o para a crian\u00e7a em casa. Impede abertura de gavetas, arm\u00e1rios, geladeiras, etc. Discos adesivos para superf\u00edcies planas. 2 unidades, instala\u00e7\u00e3o f\u00e1cil e r\u00e1pida. Adesivo dupla face de alta fixa\u00e7\u00e3o, n\u00e3o danifica os m\u00f3veis.","og_url":"https:\/\/lolly.com.br\/kinddy\/produto\/trava-multiuso\/","og_site_name":"Lolly Kinddy","article_modified_time":"2023-06-20T13:29:30+00:00","og_image":[{"width":875,"height":875,"url":"https:\/\/lolly.com.br\/kinddy\/wp-content\/uploads\/2022\/06\/7292.png","type":"image\/png"}],"twitter_card":"summary_large_image","twitter_misc":{"Est. tempo de leitura":"1 minuto"},"schema":{"@context":"https:\/\/schema.org","@graph":[{"@type":"WebPage","@id":"https:\/\/lolly.com.br\/kinddy\/produto\/trava-multiuso\/","url":"https:\/\/lolly.com.br\/kinddy\/produto\/trava-multiuso\/","name":"Trava Multiuso - Lolly Kinddy","isPartOf":{"@id":"https:\/\/lolly.com.br\/kinddy\/#website"},"primaryImageOfPage":{"@id":"https:\/\/lolly.com.br\/kinddy\/produto\/trava-multiuso\/#primaryimage"},"image":{"@id":"https:\/\/lolly.com.br\/kinddy\/produto\/trava-multiuso\/#primaryimage"},"thumbnailUrl":"https:\/\/lolly.com.br\/kinddy\/wp-content\/uploads\/2022\/06\/7292.png","datePublished":"2022-06-09T20:43:27+00:00","dateModified":"2023-06-20T13:29:30+00:00","description":"Prote\u00e7\u00e3o para a crian\u00e7a em casa. Impede abertura de gavetas, arm\u00e1rios, geladeiras, etc. Discos adesivos para superf\u00edcies planas. 2 unidades, instala\u00e7\u00e3o f\u00e1cil e r\u00e1pida. Adesivo dupla face de alta fixa\u00e7\u00e3o, n\u00e3o danifica os m\u00f3veis.","breadcrumb":{"@id":"https:\/\/lolly.com.br\/kinddy\/produto\/trava-multiuso\/#breadcrumb"},"inLanguage":"pt-BR","potentialAction":[{"@type":"ReadAction","target":["https:\/\/lolly.com.br\/kinddy\/produto\/trava-multiuso\/"]}]},{"@type":"ImageObject","inLanguage":"pt-BR","@id":"https:\/\/lolly.com.br\/kinddy\/produto\/trava-multiuso\/#primaryimage","url":"https:\/\/lolly.com.br\/kinddy\/wp-content\/uploads\/2022\/06\/7292.png","contentUrl":"https:\/\/lolly.com.br\/kinddy\/wp-content\/uploads\/2022\/06\/7292.png","width":875,"height":875},{"@type":"BreadcrumbList","@id":"https:\/\/lolly.com.br\/kinddy\/produto\/trava-multiuso\/#breadcrumb","itemListElement":[{"@type":"ListItem","position":1,"name":"In\u00edcio","item":"https:\/\/lolly.com.br\/kinddy\/"},{"@type":"ListItem","position":2,"name":"Produtos","item":"https:\/\/lolly.com.br\/kinddy\/produtos\/"},{"@type":"ListItem","position":3,"name":"Trava Multiuso"}]},{"@type":"WebSite","@id":"https:\/\/lolly.com.br\/kinddy\/#website","url":"https:\/\/lolly.com.br\/kinddy\/","name":"Lolly Kinddy","description":"","potentialAction":[{"@type":"SearchAction","target":{"@type":"EntryPoint","urlTemplate":"https:\/\/lolly.com.br\/kinddy\/?s={search_term_string}"},"query-input":{"@type":"PropertyValueSpecification","valueRequired":true,"valueName":"search_term_string"}}],"inLanguage":"pt-BR"}]}},"_links":{"self":[{"href":"https:\/\/lolly.com.br\/kinddy\/wp-json\/wp\/v2\/product\/8802","targetHints":{"allow":["GET"]}}],"collection":[{"href":"https:\/\/lolly.com.br\/kinddy\/wp-json\/wp\/v2\/product"}],"about":[{"href":"https:\/\/lolly.com.br\/kinddy\/wp-json\/wp\/v2\/types\/product"}],"replies":[{"embeddable":true,"href":"https:\/\/lolly.com.br\/kinddy\/wp-json\/wp\/v2\/comments?post=8802"}],"version-history":[{"count":3,"href":"https:\/\/lolly.com.br\/kinddy\/wp-json\/wp\/v2\/product\/8802\/revisions"}],"predecessor-version":[{"id":10034,"href":"https:\/\/lolly.com.br\/kinddy\/wp-json\/wp\/v2\/product\/8802\/revisions\/10034"}],"wp:featuredmedia":[{"embeddable":true,"href":"https:\/\/lolly.com.br\/kinddy\/wp-json\/wp\/v2\/media\/8576"}],"wp:attachment":[{"href":"https:\/\/lolly.com.br\/kinddy\/wp-json\/wp\/v2\/media?parent=8802"}],"wp:term":[{"taxonomy":"product_cat","embeddable":true,"href":"https:\/\/lolly.com.br\/kinddy\/wp-json\/wp\/v2\/product_cat?post=8802"},{"taxonomy":"product_tag","embeddable":true,"href":"https:\/\/lolly.com.br\/kinddy\/wp-json\/wp\/v2\/product_tag?post=8802"}],"curies":[{"name":"wp","href":"https:\/\/api.w.org\/{rel}","templated":true}]}}