{"id":8800,"date":"2022-06-09T17:43:23","date_gmt":"2022-06-09T20:43:23","guid":{"rendered":"https:\/\/lolly.com.br\/kinddy\/produto\/protetor-de-tomada\/"},"modified":"2023-08-16T08:41:52","modified_gmt":"2023-08-16T11:41:52","slug":"protetor-de-tomada","status":"publish","type":"product","link":"https:\/\/lolly.com.br\/kinddy\/produto\/protetor-de-tomada\/","title":{"rendered":"Protetor de Tomada"},"content":{"rendered":"<p>O Protetor de Tomada Lolly Kinddy traz tranquilidade para a mam\u00e3e e\/ou papai ao proteger a crian\u00e7a dos riscos oferecidos por uma tomada aberta. O formato e a cor discretos evitam chamar aten\u00e7\u00e3o das crian\u00e7as ao produto trazendo ainda mais seguran\u00e7a e ao mesmo tempo n\u00e3o interfere na decora\u00e7\u00e3o da casa.<\/p>\n<p>Produzido com material de alta resist\u00eancia, encaixa-se perfeitamente em tomadas de 2 pinos redondos, tanto as antigas quanto as novas tomadas padr\u00e3o brasileiro (ABNT NBR 14136) de 10A.<\/p>\n<p>Kit com 10 unidades + 1, encaixe perfeito.<\/p>\n<p>Cor e formato discretos.<\/p>\n","protected":false},"excerpt":{"rendered":"<p>O Protetor de Tomada Lolly Kinddy traz tranquilidade para a mam\u00e3e e\/ou papai ao proteger a crian\u00e7a dos riscos oferecidos por uma tomada aberta. O formato e a cor discretos evitam chamar aten\u00e7\u00e3o das crian\u00e7as ao produto trazendo ainda mais seguran\u00e7a e ao mesmo tempo n\u00e3o interfere na decora\u00e7\u00e3o da casa. Produzido com material de&hellip;<\/p>\n","protected":false},"featured_media":10319,"comment_status":"open","ping_status":"closed","template":"","meta":[],"product_cat":[239],"product_tag":[512,419,525,526,523,524,511],"class_list":{"0":"post-8800","1":"product","2":"type-product","3":"status-publish","4":"has-post-thumbnail","6":"product_cat-casa-e-seguranca","7":"product_tag-bebe-seguro","8":"product_tag-bebes","9":"product_tag-casa-segura-para-bebes","10":"product_tag-itens-de-seguranca-para-bebes","11":"product_tag-protetor-de-tomada","12":"product_tag-protetor-de-tomada-para-bebes","13":"product_tag-seguranca-para-bebes","14":"pa_idade-6-meses","15":"description-off","17":"first","18":"instock","19":"shipping-taxable","20":"product-type-simple"},"yoast_head":"<!-- This site is optimized with the Yoast SEO plugin v23.7 - https:\/\/yoast.com\/wordpress\/plugins\/seo\/ -->\n<title>Protetor de Tomada - Lolly Kinddy<\/title>\n<meta name=\"description\" content=\"Seguran\u00e7a para crian\u00e7as. Evita riscos de tomadas abertas. Formato e cor discretos, n\u00e3o interfere na decora\u00e7\u00e3o. Material resistente. Encaixe perfeito em tomadas de 2 pinos redondos. Kit com 10 unidades + 1\" \/>\n<meta name=\"robots\" content=\"index, follow, max-snippet:-1, max-image-preview:large, max-video-preview:-1\" \/>\n<link rel=\"canonical\" href=\"https:\/\/lolly.com.br\/kinddy\/produto\/protetor-de-tomada\/\" \/>\n<meta property=\"og:locale\" content=\"pt_BR\" \/>\n<meta property=\"og:type\" content=\"article\" \/>\n<meta property=\"og:title\" content=\"Protetor de Tomada - Lolly Kinddy\" \/>\n<meta property=\"og:description\" content=\"Seguran\u00e7a para crian\u00e7as. Evita riscos de tomadas abertas. Formato e cor discretos, n\u00e3o interfere na decora\u00e7\u00e3o. Material resistente. Encaixe perfeito em tomadas de 2 pinos redondos. Kit com 10 unidades + 1\" \/>\n<meta property=\"og:url\" content=\"https:\/\/lolly.com.br\/kinddy\/produto\/protetor-de-tomada\/\" \/>\n<meta property=\"og:site_name\" content=\"Lolly Kinddy\" \/>\n<meta property=\"article:modified_time\" content=\"2023-08-16T11:41:52+00:00\" \/>\n<meta property=\"og:image\" content=\"https:\/\/lolly.com.br\/kinddy\/wp-content\/uploads\/2022\/06\/7210-01_PROTETORDETOMADAencaixe_7896699011075-589px.jpg\" \/>\n\t<meta property=\"og:image:width\" content=\"589\" \/>\n\t<meta property=\"og:image:height\" content=\"589\" \/>\n\t<meta property=\"og:image:type\" content=\"image\/jpeg\" \/>\n<meta name=\"twitter:card\" content=\"summary_large_image\" \/>\n<meta name=\"twitter:label1\" content=\"Est. tempo de leitura\" \/>\n\t<meta name=\"twitter:data1\" content=\"1 minuto\" \/>\n<script type=\"application\/ld+json\" class=\"yoast-schema-graph\">{\"@context\":\"https:\/\/schema.org\",\"@graph\":[{\"@type\":\"WebPage\",\"@id\":\"https:\/\/lolly.com.br\/kinddy\/produto\/protetor-de-tomada\/\",\"url\":\"https:\/\/lolly.com.br\/kinddy\/produto\/protetor-de-tomada\/\",\"name\":\"Protetor de Tomada - Lolly Kinddy\",\"isPartOf\":{\"@id\":\"https:\/\/lolly.com.br\/kinddy\/#website\"},\"primaryImageOfPage\":{\"@id\":\"https:\/\/lolly.com.br\/kinddy\/produto\/protetor-de-tomada\/#primaryimage\"},\"image\":{\"@id\":\"https:\/\/lolly.com.br\/kinddy\/produto\/protetor-de-tomada\/#primaryimage\"},\"thumbnailUrl\":\"https:\/\/lolly.com.br\/kinddy\/wp-content\/uploads\/2022\/06\/7210-01_PROTETORDETOMADAencaixe_7896699011075-589px.jpg\",\"datePublished\":\"2022-06-09T20:43:23+00:00\",\"dateModified\":\"2023-08-16T11:41:52+00:00\",\"description\":\"Seguran\u00e7a para crian\u00e7as. Evita riscos de tomadas abertas. Formato e cor discretos, n\u00e3o interfere na decora\u00e7\u00e3o. Material resistente. Encaixe perfeito em tomadas de 2 pinos redondos. Kit com 10 unidades + 1\",\"breadcrumb\":{\"@id\":\"https:\/\/lolly.com.br\/kinddy\/produto\/protetor-de-tomada\/#breadcrumb\"},\"inLanguage\":\"pt-BR\",\"potentialAction\":[{\"@type\":\"ReadAction\",\"target\":[\"https:\/\/lolly.com.br\/kinddy\/produto\/protetor-de-tomada\/\"]}]},{\"@type\":\"ImageObject\",\"inLanguage\":\"pt-BR\",\"@id\":\"https:\/\/lolly.com.br\/kinddy\/produto\/protetor-de-tomada\/#primaryimage\",\"url\":\"https:\/\/lolly.com.br\/kinddy\/wp-content\/uploads\/2022\/06\/7210-01_PROTETORDETOMADAencaixe_7896699011075-589px.jpg\",\"contentUrl\":\"https:\/\/lolly.com.br\/kinddy\/wp-content\/uploads\/2022\/06\/7210-01_PROTETORDETOMADAencaixe_7896699011075-589px.jpg\",\"width\":589,\"height\":589},{\"@type\":\"BreadcrumbList\",\"@id\":\"https:\/\/lolly.com.br\/kinddy\/produto\/protetor-de-tomada\/#breadcrumb\",\"itemListElement\":[{\"@type\":\"ListItem\",\"position\":1,\"name\":\"In\u00edcio\",\"item\":\"https:\/\/lolly.com.br\/kinddy\/\"},{\"@type\":\"ListItem\",\"position\":2,\"name\":\"Produtos\",\"item\":\"https:\/\/lolly.com.br\/kinddy\/produtos\/\"},{\"@type\":\"ListItem\",\"position\":3,\"name\":\"Protetor de Tomada\"}]},{\"@type\":\"WebSite\",\"@id\":\"https:\/\/lolly.com.br\/kinddy\/#website\",\"url\":\"https:\/\/lolly.com.br\/kinddy\/\",\"name\":\"Lolly Kinddy\",\"description\":\"\",\"potentialAction\":[{\"@type\":\"SearchAction\",\"target\":{\"@type\":\"EntryPoint\",\"urlTemplate\":\"https:\/\/lolly.com.br\/kinddy\/?s={search_term_string}\"},\"query-input\":{\"@type\":\"PropertyValueSpecification\",\"valueRequired\":true,\"valueName\":\"search_term_string\"}}],\"inLanguage\":\"pt-BR\"}]}<\/script>\n<!-- \/ Yoast SEO plugin. -->","yoast_head_json":{"title":"Protetor de Tomada - Lolly Kinddy","description":"Seguran\u00e7a para crian\u00e7as. Evita riscos de tomadas abertas. Formato e cor discretos, n\u00e3o interfere na decora\u00e7\u00e3o. Material resistente. Encaixe perfeito em tomadas de 2 pinos redondos. Kit com 10 unidades + 1","robots":{"index":"index","follow":"follow","max-snippet":"max-snippet:-1","max-image-preview":"max-image-preview:large","max-video-preview":"max-video-preview:-1"},"canonical":"https:\/\/lolly.com.br\/kinddy\/produto\/protetor-de-tomada\/","og_locale":"pt_BR","og_type":"article","og_title":"Protetor de Tomada - Lolly Kinddy","og_description":"Seguran\u00e7a para crian\u00e7as. Evita riscos de tomadas abertas. Formato e cor discretos, n\u00e3o interfere na decora\u00e7\u00e3o. Material resistente. Encaixe perfeito em tomadas de 2 pinos redondos. Kit com 10 unidades + 1","og_url":"https:\/\/lolly.com.br\/kinddy\/produto\/protetor-de-tomada\/","og_site_name":"Lolly Kinddy","article_modified_time":"2023-08-16T11:41:52+00:00","og_image":[{"width":589,"height":589,"url":"https:\/\/lolly.com.br\/kinddy\/wp-content\/uploads\/2022\/06\/7210-01_PROTETORDETOMADAencaixe_7896699011075-589px.jpg","type":"image\/jpeg"}],"twitter_card":"summary_large_image","twitter_misc":{"Est. tempo de leitura":"1 minuto"},"schema":{"@context":"https:\/\/schema.org","@graph":[{"@type":"WebPage","@id":"https:\/\/lolly.com.br\/kinddy\/produto\/protetor-de-tomada\/","url":"https:\/\/lolly.com.br\/kinddy\/produto\/protetor-de-tomada\/","name":"Protetor de Tomada - Lolly Kinddy","isPartOf":{"@id":"https:\/\/lolly.com.br\/kinddy\/#website"},"primaryImageOfPage":{"@id":"https:\/\/lolly.com.br\/kinddy\/produto\/protetor-de-tomada\/#primaryimage"},"image":{"@id":"https:\/\/lolly.com.br\/kinddy\/produto\/protetor-de-tomada\/#primaryimage"},"thumbnailUrl":"https:\/\/lolly.com.br\/kinddy\/wp-content\/uploads\/2022\/06\/7210-01_PROTETORDETOMADAencaixe_7896699011075-589px.jpg","datePublished":"2022-06-09T20:43:23+00:00","dateModified":"2023-08-16T11:41:52+00:00","description":"Seguran\u00e7a para crian\u00e7as. Evita riscos de tomadas abertas. Formato e cor discretos, n\u00e3o interfere na decora\u00e7\u00e3o. Material resistente. Encaixe perfeito em tomadas de 2 pinos redondos. Kit com 10 unidades + 1","breadcrumb":{"@id":"https:\/\/lolly.com.br\/kinddy\/produto\/protetor-de-tomada\/#breadcrumb"},"inLanguage":"pt-BR","potentialAction":[{"@type":"ReadAction","target":["https:\/\/lolly.com.br\/kinddy\/produto\/protetor-de-tomada\/"]}]},{"@type":"ImageObject","inLanguage":"pt-BR","@id":"https:\/\/lolly.com.br\/kinddy\/produto\/protetor-de-tomada\/#primaryimage","url":"https:\/\/lolly.com.br\/kinddy\/wp-content\/uploads\/2022\/06\/7210-01_PROTETORDETOMADAencaixe_7896699011075-589px.jpg","contentUrl":"https:\/\/lolly.com.br\/kinddy\/wp-content\/uploads\/2022\/06\/7210-01_PROTETORDETOMADAencaixe_7896699011075-589px.jpg","width":589,"height":589},{"@type":"BreadcrumbList","@id":"https:\/\/lolly.com.br\/kinddy\/produto\/protetor-de-tomada\/#breadcrumb","itemListElement":[{"@type":"ListItem","position":1,"name":"In\u00edcio","item":"https:\/\/lolly.com.br\/kinddy\/"},{"@type":"ListItem","position":2,"name":"Produtos","item":"https:\/\/lolly.com.br\/kinddy\/produtos\/"},{"@type":"ListItem","position":3,"name":"Protetor de Tomada"}]},{"@type":"WebSite","@id":"https:\/\/lolly.com.br\/kinddy\/#website","url":"https:\/\/lolly.com.br\/kinddy\/","name":"Lolly Kinddy","description":"","potentialAction":[{"@type":"SearchAction","target":{"@type":"EntryPoint","urlTemplate":"https:\/\/lolly.com.br\/kinddy\/?s={search_term_string}"},"query-input":{"@type":"PropertyValueSpecification","valueRequired":true,"valueName":"search_term_string"}}],"inLanguage":"pt-BR"}]}},"_links":{"self":[{"href":"https:\/\/lolly.com.br\/kinddy\/wp-json\/wp\/v2\/product\/8800","targetHints":{"allow":["GET"]}}],"collection":[{"href":"https:\/\/lolly.com.br\/kinddy\/wp-json\/wp\/v2\/product"}],"about":[{"href":"https:\/\/lolly.com.br\/kinddy\/wp-json\/wp\/v2\/types\/product"}],"replies":[{"embeddable":true,"href":"https:\/\/lolly.com.br\/kinddy\/wp-json\/wp\/v2\/comments?post=8800"}],"version-history":[{"count":3,"href":"https:\/\/lolly.com.br\/kinddy\/wp-json\/wp\/v2\/product\/8800\/revisions"}],"predecessor-version":[{"id":10047,"href":"https:\/\/lolly.com.br\/kinddy\/wp-json\/wp\/v2\/product\/8800\/revisions\/10047"}],"wp:featuredmedia":[{"embeddable":true,"href":"https:\/\/lolly.com.br\/kinddy\/wp-json\/wp\/v2\/media\/10319"}],"wp:attachment":[{"href":"https:\/\/lolly.com.br\/kinddy\/wp-json\/wp\/v2\/media?parent=8800"}],"wp:term":[{"taxonomy":"product_cat","embeddable":true,"href":"https:\/\/lolly.com.br\/kinddy\/wp-json\/wp\/v2\/product_cat?post=8800"},{"taxonomy":"product_tag","embeddable":true,"href":"https:\/\/lolly.com.br\/kinddy\/wp-json\/wp\/v2\/product_tag?post=8800"}],"curies":[{"name":"wp","href":"https:\/\/api.w.org\/{rel}","templated":true}]}}