{"id":8794,"date":"2022-06-09T17:43:20","date_gmt":"2022-06-09T20:43:20","guid":{"rendered":"https:\/\/lolly.com.br\/kinddy\/produto\/cabide-special\/"},"modified":"2023-06-20T14:54:36","modified_gmt":"2023-06-20T17:54:36","slug":"cabide-special","status":"publish","type":"product","link":"https:\/\/lolly.com.br\/kinddy\/produto\/cabide-special\/","title":{"rendered":"Cabide Special"},"content":{"rendered":"<p>Cabide infantil com design exclusivo com al\u00e7a das roupinhas.<\/p>\n<p>Pack com 6 unidades, flex\u00edvel, leve e resistente.<\/p>\n<p>Organiza e otimiza o espa\u00e7o no guarda-roupa.<\/p>\n","protected":false},"excerpt":{"rendered":"<p>Cabide infantil com design exclusivo com al\u00e7a das roupinhas. Pack com 6 unidades, flex\u00edvel, leve e resistente. Organiza e otimiza o espa\u00e7o no guarda-roupa.<\/p>\n","protected":false},"featured_media":10059,"comment_status":"open","ping_status":"closed","template":"","meta":[],"product_cat":[239],"product_tag":[533,536,537,535,534,539,538],"class_list":{"0":"post-8794","1":"product","2":"type-product","3":"status-publish","4":"has-post-thumbnail","6":"product_cat-casa-e-seguranca","7":"product_tag-cabide-infantil","8":"product_tag-cabide-para-bebes","9":"product_tag-cabide-para-roupas-de-bebes","10":"product_tag-guarda-roupa-infantil","11":"product_tag-organizacao-infantil","12":"product_tag-organizar-quarto-do-bebe","13":"product_tag-roupa-de-bebes","14":"description-off","16":"first","17":"instock","18":"shipping-taxable","19":"product-type-simple"},"yoast_head":"<!-- This site is optimized with the Yoast SEO plugin v23.7 - https:\/\/yoast.com\/wordpress\/plugins\/seo\/ -->\n<title>Cabide Special - Lolly Kinddy<\/title>\n<meta name=\"description\" content=\"Cabides infantis exclusivos para al\u00e7as de roupinhas. Pack com 6 unidades, flex\u00edveis, leves e resistentes. Otimiza o espa\u00e7o e organiza o guarda-roupa.\" \/>\n<meta name=\"robots\" content=\"index, follow, max-snippet:-1, max-image-preview:large, max-video-preview:-1\" \/>\n<link rel=\"canonical\" href=\"https:\/\/lolly.com.br\/kinddy\/produto\/cabide-special\/\" \/>\n<meta property=\"og:locale\" content=\"pt_BR\" \/>\n<meta property=\"og:type\" content=\"article\" \/>\n<meta property=\"og:title\" content=\"Cabide Special - Lolly Kinddy\" \/>\n<meta property=\"og:description\" content=\"Cabides infantis exclusivos para al\u00e7as de roupinhas. Pack com 6 unidades, flex\u00edveis, leves e resistentes. Otimiza o espa\u00e7o e organiza o guarda-roupa.\" \/>\n<meta property=\"og:url\" content=\"https:\/\/lolly.com.br\/kinddy\/produto\/cabide-special\/\" \/>\n<meta property=\"og:site_name\" content=\"Lolly Kinddy\" \/>\n<meta property=\"article:modified_time\" content=\"2023-06-20T17:54:36+00:00\" \/>\n<meta property=\"og:image\" content=\"https:\/\/lolly.com.br\/kinddy\/wp-content\/uploads\/2022\/06\/7241-00-F-2-1200px.jpg\" \/>\n\t<meta property=\"og:image:width\" content=\"1200\" \/>\n\t<meta property=\"og:image:height\" content=\"1200\" \/>\n\t<meta property=\"og:image:type\" content=\"image\/jpeg\" \/>\n<meta name=\"twitter:card\" content=\"summary_large_image\" \/>\n<meta name=\"twitter:label1\" content=\"Est. tempo de leitura\" \/>\n\t<meta name=\"twitter:data1\" content=\"1 minuto\" \/>\n<script type=\"application\/ld+json\" class=\"yoast-schema-graph\">{\"@context\":\"https:\/\/schema.org\",\"@graph\":[{\"@type\":\"WebPage\",\"@id\":\"https:\/\/lolly.com.br\/kinddy\/produto\/cabide-special\/\",\"url\":\"https:\/\/lolly.com.br\/kinddy\/produto\/cabide-special\/\",\"name\":\"Cabide Special - Lolly Kinddy\",\"isPartOf\":{\"@id\":\"https:\/\/lolly.com.br\/kinddy\/#website\"},\"primaryImageOfPage\":{\"@id\":\"https:\/\/lolly.com.br\/kinddy\/produto\/cabide-special\/#primaryimage\"},\"image\":{\"@id\":\"https:\/\/lolly.com.br\/kinddy\/produto\/cabide-special\/#primaryimage\"},\"thumbnailUrl\":\"https:\/\/lolly.com.br\/kinddy\/wp-content\/uploads\/2022\/06\/7241-00-F-2-1200px.jpg\",\"datePublished\":\"2022-06-09T20:43:20+00:00\",\"dateModified\":\"2023-06-20T17:54:36+00:00\",\"description\":\"Cabides infantis exclusivos para al\u00e7as de roupinhas. Pack com 6 unidades, flex\u00edveis, leves e resistentes. Otimiza o espa\u00e7o e organiza o guarda-roupa.\",\"breadcrumb\":{\"@id\":\"https:\/\/lolly.com.br\/kinddy\/produto\/cabide-special\/#breadcrumb\"},\"inLanguage\":\"pt-BR\",\"potentialAction\":[{\"@type\":\"ReadAction\",\"target\":[\"https:\/\/lolly.com.br\/kinddy\/produto\/cabide-special\/\"]}]},{\"@type\":\"ImageObject\",\"inLanguage\":\"pt-BR\",\"@id\":\"https:\/\/lolly.com.br\/kinddy\/produto\/cabide-special\/#primaryimage\",\"url\":\"https:\/\/lolly.com.br\/kinddy\/wp-content\/uploads\/2022\/06\/7241-00-F-2-1200px.jpg\",\"contentUrl\":\"https:\/\/lolly.com.br\/kinddy\/wp-content\/uploads\/2022\/06\/7241-00-F-2-1200px.jpg\",\"width\":1200,\"height\":1200},{\"@type\":\"BreadcrumbList\",\"@id\":\"https:\/\/lolly.com.br\/kinddy\/produto\/cabide-special\/#breadcrumb\",\"itemListElement\":[{\"@type\":\"ListItem\",\"position\":1,\"name\":\"In\u00edcio\",\"item\":\"https:\/\/lolly.com.br\/kinddy\/\"},{\"@type\":\"ListItem\",\"position\":2,\"name\":\"Produtos\",\"item\":\"https:\/\/lolly.com.br\/kinddy\/produtos\/\"},{\"@type\":\"ListItem\",\"position\":3,\"name\":\"Cabide Special\"}]},{\"@type\":\"WebSite\",\"@id\":\"https:\/\/lolly.com.br\/kinddy\/#website\",\"url\":\"https:\/\/lolly.com.br\/kinddy\/\",\"name\":\"Lolly Kinddy\",\"description\":\"\",\"potentialAction\":[{\"@type\":\"SearchAction\",\"target\":{\"@type\":\"EntryPoint\",\"urlTemplate\":\"https:\/\/lolly.com.br\/kinddy\/?s={search_term_string}\"},\"query-input\":{\"@type\":\"PropertyValueSpecification\",\"valueRequired\":true,\"valueName\":\"search_term_string\"}}],\"inLanguage\":\"pt-BR\"}]}<\/script>\n<!-- \/ Yoast SEO plugin. -->","yoast_head_json":{"title":"Cabide Special - Lolly Kinddy","description":"Cabides infantis exclusivos para al\u00e7as de roupinhas. Pack com 6 unidades, flex\u00edveis, leves e resistentes. Otimiza o espa\u00e7o e organiza o guarda-roupa.","robots":{"index":"index","follow":"follow","max-snippet":"max-snippet:-1","max-image-preview":"max-image-preview:large","max-video-preview":"max-video-preview:-1"},"canonical":"https:\/\/lolly.com.br\/kinddy\/produto\/cabide-special\/","og_locale":"pt_BR","og_type":"article","og_title":"Cabide Special - Lolly Kinddy","og_description":"Cabides infantis exclusivos para al\u00e7as de roupinhas. Pack com 6 unidades, flex\u00edveis, leves e resistentes. Otimiza o espa\u00e7o e organiza o guarda-roupa.","og_url":"https:\/\/lolly.com.br\/kinddy\/produto\/cabide-special\/","og_site_name":"Lolly Kinddy","article_modified_time":"2023-06-20T17:54:36+00:00","og_image":[{"width":1200,"height":1200,"url":"https:\/\/lolly.com.br\/kinddy\/wp-content\/uploads\/2022\/06\/7241-00-F-2-1200px.jpg","type":"image\/jpeg"}],"twitter_card":"summary_large_image","twitter_misc":{"Est. tempo de leitura":"1 minuto"},"schema":{"@context":"https:\/\/schema.org","@graph":[{"@type":"WebPage","@id":"https:\/\/lolly.com.br\/kinddy\/produto\/cabide-special\/","url":"https:\/\/lolly.com.br\/kinddy\/produto\/cabide-special\/","name":"Cabide Special - Lolly Kinddy","isPartOf":{"@id":"https:\/\/lolly.com.br\/kinddy\/#website"},"primaryImageOfPage":{"@id":"https:\/\/lolly.com.br\/kinddy\/produto\/cabide-special\/#primaryimage"},"image":{"@id":"https:\/\/lolly.com.br\/kinddy\/produto\/cabide-special\/#primaryimage"},"thumbnailUrl":"https:\/\/lolly.com.br\/kinddy\/wp-content\/uploads\/2022\/06\/7241-00-F-2-1200px.jpg","datePublished":"2022-06-09T20:43:20+00:00","dateModified":"2023-06-20T17:54:36+00:00","description":"Cabides infantis exclusivos para al\u00e7as de roupinhas. Pack com 6 unidades, flex\u00edveis, leves e resistentes. Otimiza o espa\u00e7o e organiza o guarda-roupa.","breadcrumb":{"@id":"https:\/\/lolly.com.br\/kinddy\/produto\/cabide-special\/#breadcrumb"},"inLanguage":"pt-BR","potentialAction":[{"@type":"ReadAction","target":["https:\/\/lolly.com.br\/kinddy\/produto\/cabide-special\/"]}]},{"@type":"ImageObject","inLanguage":"pt-BR","@id":"https:\/\/lolly.com.br\/kinddy\/produto\/cabide-special\/#primaryimage","url":"https:\/\/lolly.com.br\/kinddy\/wp-content\/uploads\/2022\/06\/7241-00-F-2-1200px.jpg","contentUrl":"https:\/\/lolly.com.br\/kinddy\/wp-content\/uploads\/2022\/06\/7241-00-F-2-1200px.jpg","width":1200,"height":1200},{"@type":"BreadcrumbList","@id":"https:\/\/lolly.com.br\/kinddy\/produto\/cabide-special\/#breadcrumb","itemListElement":[{"@type":"ListItem","position":1,"name":"In\u00edcio","item":"https:\/\/lolly.com.br\/kinddy\/"},{"@type":"ListItem","position":2,"name":"Produtos","item":"https:\/\/lolly.com.br\/kinddy\/produtos\/"},{"@type":"ListItem","position":3,"name":"Cabide Special"}]},{"@type":"WebSite","@id":"https:\/\/lolly.com.br\/kinddy\/#website","url":"https:\/\/lolly.com.br\/kinddy\/","name":"Lolly Kinddy","description":"","potentialAction":[{"@type":"SearchAction","target":{"@type":"EntryPoint","urlTemplate":"https:\/\/lolly.com.br\/kinddy\/?s={search_term_string}"},"query-input":{"@type":"PropertyValueSpecification","valueRequired":true,"valueName":"search_term_string"}}],"inLanguage":"pt-BR"}]}},"_links":{"self":[{"href":"https:\/\/lolly.com.br\/kinddy\/wp-json\/wp\/v2\/product\/8794","targetHints":{"allow":["GET"]}}],"collection":[{"href":"https:\/\/lolly.com.br\/kinddy\/wp-json\/wp\/v2\/product"}],"about":[{"href":"https:\/\/lolly.com.br\/kinddy\/wp-json\/wp\/v2\/types\/product"}],"replies":[{"embeddable":true,"href":"https:\/\/lolly.com.br\/kinddy\/wp-json\/wp\/v2\/comments?post=8794"}],"version-history":[{"count":3,"href":"https:\/\/lolly.com.br\/kinddy\/wp-json\/wp\/v2\/product\/8794\/revisions"}],"predecessor-version":[{"id":10067,"href":"https:\/\/lolly.com.br\/kinddy\/wp-json\/wp\/v2\/product\/8794\/revisions\/10067"}],"wp:featuredmedia":[{"embeddable":true,"href":"https:\/\/lolly.com.br\/kinddy\/wp-json\/wp\/v2\/media\/10059"}],"wp:attachment":[{"href":"https:\/\/lolly.com.br\/kinddy\/wp-json\/wp\/v2\/media?parent=8794"}],"wp:term":[{"taxonomy":"product_cat","embeddable":true,"href":"https:\/\/lolly.com.br\/kinddy\/wp-json\/wp\/v2\/product_cat?post=8794"},{"taxonomy":"product_tag","embeddable":true,"href":"https:\/\/lolly.com.br\/kinddy\/wp-json\/wp\/v2\/product_tag?post=8794"}],"curies":[{"name":"wp","href":"https:\/\/api.w.org\/{rel}","templated":true}]}}