{"id":8790,"date":"2022-06-09T17:43:18","date_gmt":"2022-06-09T20:43:18","guid":{"rendered":"https:\/\/lolly.com.br\/kinddy\/produto\/escova-de-limpeza-2x1-mamadeira-e-bico\/"},"modified":"2024-12-17T11:54:47","modified_gmt":"2024-12-17T14:54:47","slug":"escova-de-limpeza-2x1-mamadeira-e-bico","status":"publish","type":"product","link":"https:\/\/lolly.com.br\/kinddy\/produto\/escova-de-limpeza-2x1-mamadeira-e-bico\/","title":{"rendered":"Escova de Limpeza 2&#215;1 &#8211; Mamadeira e Bico"},"content":{"rendered":"<p>A Escova de Limpeza 2&#215;1 Lolly Kinddy facilita a higieniza\u00e7\u00e3o da mamadeira e do bico. A disposi\u00e7\u00e3o das cerdas assegura a limpeza das superf\u00edcies irregulares.<\/p>\n<p>Possui mini escova embutida para limpeza de bicos.<\/p>\n<p>Feita de material resistente e at\u00f3xico.<\/p>\n","protected":false},"excerpt":{"rendered":"<p>A Escova de Limpeza 2&#215;1 Lolly Kinddy facilita a higieniza\u00e7\u00e3o da mamadeira e do bico. A disposi\u00e7\u00e3o das cerdas assegura a limpeza das superf\u00edcies irregulares. Possui mini escova embutida para limpeza de bicos. Feita de material resistente e at\u00f3xico.<\/p>\n","protected":false},"featured_media":11005,"comment_status":"open","ping_status":"closed","template":"","meta":[],"product_cat":[239],"product_tag":[529,527,532,528,360,531,530],"class_list":{"0":"post-8790","1":"product","2":"type-product","3":"status-publish","4":"has-post-thumbnail","6":"product_cat-casa-e-seguranca","7":"product_tag-bico","8":"product_tag-escova-de-limpeza-de-mamadeira","9":"product_tag-higienizacao-de-itens-de-bebes","10":"product_tag-higienizacao-de-mamadeira","11":"product_tag-mamadeira","12":"product_tag-melhores-produtos-para-higienizar-mamadeira","13":"product_tag-miniescova-para-bicos","14":"description-off","16":"first","17":"instock","18":"shipping-taxable","19":"product-type-simple"},"yoast_head":"<!-- This site is optimized with the Yoast SEO plugin v23.7 - https:\/\/yoast.com\/wordpress\/plugins\/seo\/ -->\n<title>Escova de Limpeza 2x1 - Mamadeira e Bico - Lolly Kinddy<\/title>\n<meta name=\"description\" content=\"Facilidade na higieniza\u00e7\u00e3o da mamadeira e do bico. Cerdas dispostas para limpar superf\u00edcies irregulares. Miniescova embutida para bicos. Material resistente e at\u00f3xico.\" \/>\n<meta name=\"robots\" content=\"index, follow, max-snippet:-1, max-image-preview:large, max-video-preview:-1\" \/>\n<link rel=\"canonical\" href=\"https:\/\/lolly.com.br\/kinddy\/produto\/escova-de-limpeza-2x1-mamadeira-e-bico\/\" \/>\n<meta property=\"og:locale\" content=\"pt_BR\" \/>\n<meta property=\"og:type\" content=\"article\" \/>\n<meta property=\"og:title\" content=\"Escova de Limpeza 2x1 - Mamadeira e Bico - Lolly Kinddy\" \/>\n<meta property=\"og:description\" content=\"Facilidade na higieniza\u00e7\u00e3o da mamadeira e do bico. Cerdas dispostas para limpar superf\u00edcies irregulares. Miniescova embutida para bicos. Material resistente e at\u00f3xico.\" \/>\n<meta property=\"og:url\" content=\"https:\/\/lolly.com.br\/kinddy\/produto\/escova-de-limpeza-2x1-mamadeira-e-bico\/\" \/>\n<meta property=\"og:site_name\" content=\"Lolly Kinddy\" \/>\n<meta property=\"article:modified_time\" content=\"2024-12-17T14:54:47+00:00\" \/>\n<meta property=\"og:image\" content=\"https:\/\/lolly.com.br\/kinddy\/wp-content\/uploads\/2022\/06\/1.png\" \/>\n\t<meta property=\"og:image:width\" content=\"1080\" \/>\n\t<meta property=\"og:image:height\" content=\"1080\" \/>\n\t<meta property=\"og:image:type\" content=\"image\/png\" \/>\n<meta name=\"twitter:card\" content=\"summary_large_image\" \/>\n<meta name=\"twitter:label1\" content=\"Est. tempo de leitura\" \/>\n\t<meta name=\"twitter:data1\" content=\"1 minuto\" \/>\n<script type=\"application\/ld+json\" class=\"yoast-schema-graph\">{\"@context\":\"https:\/\/schema.org\",\"@graph\":[{\"@type\":\"WebPage\",\"@id\":\"https:\/\/lolly.com.br\/kinddy\/produto\/escova-de-limpeza-2x1-mamadeira-e-bico\/\",\"url\":\"https:\/\/lolly.com.br\/kinddy\/produto\/escova-de-limpeza-2x1-mamadeira-e-bico\/\",\"name\":\"Escova de Limpeza 2x1 - Mamadeira e Bico - Lolly Kinddy\",\"isPartOf\":{\"@id\":\"https:\/\/lolly.com.br\/kinddy\/#website\"},\"primaryImageOfPage\":{\"@id\":\"https:\/\/lolly.com.br\/kinddy\/produto\/escova-de-limpeza-2x1-mamadeira-e-bico\/#primaryimage\"},\"image\":{\"@id\":\"https:\/\/lolly.com.br\/kinddy\/produto\/escova-de-limpeza-2x1-mamadeira-e-bico\/#primaryimage\"},\"thumbnailUrl\":\"https:\/\/lolly.com.br\/kinddy\/wp-content\/uploads\/2022\/06\/1.png\",\"datePublished\":\"2022-06-09T20:43:18+00:00\",\"dateModified\":\"2024-12-17T14:54:47+00:00\",\"description\":\"Facilidade na higieniza\u00e7\u00e3o da mamadeira e do bico. Cerdas dispostas para limpar superf\u00edcies irregulares. Miniescova embutida para bicos. Material resistente e at\u00f3xico.\",\"breadcrumb\":{\"@id\":\"https:\/\/lolly.com.br\/kinddy\/produto\/escova-de-limpeza-2x1-mamadeira-e-bico\/#breadcrumb\"},\"inLanguage\":\"pt-BR\",\"potentialAction\":[{\"@type\":\"ReadAction\",\"target\":[\"https:\/\/lolly.com.br\/kinddy\/produto\/escova-de-limpeza-2x1-mamadeira-e-bico\/\"]}]},{\"@type\":\"ImageObject\",\"inLanguage\":\"pt-BR\",\"@id\":\"https:\/\/lolly.com.br\/kinddy\/produto\/escova-de-limpeza-2x1-mamadeira-e-bico\/#primaryimage\",\"url\":\"https:\/\/lolly.com.br\/kinddy\/wp-content\/uploads\/2022\/06\/1.png\",\"contentUrl\":\"https:\/\/lolly.com.br\/kinddy\/wp-content\/uploads\/2022\/06\/1.png\",\"width\":1080,\"height\":1080},{\"@type\":\"BreadcrumbList\",\"@id\":\"https:\/\/lolly.com.br\/kinddy\/produto\/escova-de-limpeza-2x1-mamadeira-e-bico\/#breadcrumb\",\"itemListElement\":[{\"@type\":\"ListItem\",\"position\":1,\"name\":\"In\u00edcio\",\"item\":\"https:\/\/lolly.com.br\/kinddy\/\"},{\"@type\":\"ListItem\",\"position\":2,\"name\":\"Produtos\",\"item\":\"https:\/\/lolly.com.br\/kinddy\/produtos\/\"},{\"@type\":\"ListItem\",\"position\":3,\"name\":\"Escova de Limpeza 2&#215;1 &#8211; Mamadeira e Bico\"}]},{\"@type\":\"WebSite\",\"@id\":\"https:\/\/lolly.com.br\/kinddy\/#website\",\"url\":\"https:\/\/lolly.com.br\/kinddy\/\",\"name\":\"Lolly Kinddy\",\"description\":\"\",\"potentialAction\":[{\"@type\":\"SearchAction\",\"target\":{\"@type\":\"EntryPoint\",\"urlTemplate\":\"https:\/\/lolly.com.br\/kinddy\/?s={search_term_string}\"},\"query-input\":{\"@type\":\"PropertyValueSpecification\",\"valueRequired\":true,\"valueName\":\"search_term_string\"}}],\"inLanguage\":\"pt-BR\"}]}<\/script>\n<!-- \/ Yoast SEO plugin. -->","yoast_head_json":{"title":"Escova de Limpeza 2x1 - Mamadeira e Bico - Lolly Kinddy","description":"Facilidade na higieniza\u00e7\u00e3o da mamadeira e do bico. Cerdas dispostas para limpar superf\u00edcies irregulares. Miniescova embutida para bicos. Material resistente e at\u00f3xico.","robots":{"index":"index","follow":"follow","max-snippet":"max-snippet:-1","max-image-preview":"max-image-preview:large","max-video-preview":"max-video-preview:-1"},"canonical":"https:\/\/lolly.com.br\/kinddy\/produto\/escova-de-limpeza-2x1-mamadeira-e-bico\/","og_locale":"pt_BR","og_type":"article","og_title":"Escova de Limpeza 2x1 - Mamadeira e Bico - Lolly Kinddy","og_description":"Facilidade na higieniza\u00e7\u00e3o da mamadeira e do bico. Cerdas dispostas para limpar superf\u00edcies irregulares. Miniescova embutida para bicos. Material resistente e at\u00f3xico.","og_url":"https:\/\/lolly.com.br\/kinddy\/produto\/escova-de-limpeza-2x1-mamadeira-e-bico\/","og_site_name":"Lolly Kinddy","article_modified_time":"2024-12-17T14:54:47+00:00","og_image":[{"width":1080,"height":1080,"url":"https:\/\/lolly.com.br\/kinddy\/wp-content\/uploads\/2022\/06\/1.png","type":"image\/png"}],"twitter_card":"summary_large_image","twitter_misc":{"Est. tempo de leitura":"1 minuto"},"schema":{"@context":"https:\/\/schema.org","@graph":[{"@type":"WebPage","@id":"https:\/\/lolly.com.br\/kinddy\/produto\/escova-de-limpeza-2x1-mamadeira-e-bico\/","url":"https:\/\/lolly.com.br\/kinddy\/produto\/escova-de-limpeza-2x1-mamadeira-e-bico\/","name":"Escova de Limpeza 2x1 - Mamadeira e Bico - Lolly Kinddy","isPartOf":{"@id":"https:\/\/lolly.com.br\/kinddy\/#website"},"primaryImageOfPage":{"@id":"https:\/\/lolly.com.br\/kinddy\/produto\/escova-de-limpeza-2x1-mamadeira-e-bico\/#primaryimage"},"image":{"@id":"https:\/\/lolly.com.br\/kinddy\/produto\/escova-de-limpeza-2x1-mamadeira-e-bico\/#primaryimage"},"thumbnailUrl":"https:\/\/lolly.com.br\/kinddy\/wp-content\/uploads\/2022\/06\/1.png","datePublished":"2022-06-09T20:43:18+00:00","dateModified":"2024-12-17T14:54:47+00:00","description":"Facilidade na higieniza\u00e7\u00e3o da mamadeira e do bico. Cerdas dispostas para limpar superf\u00edcies irregulares. Miniescova embutida para bicos. Material resistente e at\u00f3xico.","breadcrumb":{"@id":"https:\/\/lolly.com.br\/kinddy\/produto\/escova-de-limpeza-2x1-mamadeira-e-bico\/#breadcrumb"},"inLanguage":"pt-BR","potentialAction":[{"@type":"ReadAction","target":["https:\/\/lolly.com.br\/kinddy\/produto\/escova-de-limpeza-2x1-mamadeira-e-bico\/"]}]},{"@type":"ImageObject","inLanguage":"pt-BR","@id":"https:\/\/lolly.com.br\/kinddy\/produto\/escova-de-limpeza-2x1-mamadeira-e-bico\/#primaryimage","url":"https:\/\/lolly.com.br\/kinddy\/wp-content\/uploads\/2022\/06\/1.png","contentUrl":"https:\/\/lolly.com.br\/kinddy\/wp-content\/uploads\/2022\/06\/1.png","width":1080,"height":1080},{"@type":"BreadcrumbList","@id":"https:\/\/lolly.com.br\/kinddy\/produto\/escova-de-limpeza-2x1-mamadeira-e-bico\/#breadcrumb","itemListElement":[{"@type":"ListItem","position":1,"name":"In\u00edcio","item":"https:\/\/lolly.com.br\/kinddy\/"},{"@type":"ListItem","position":2,"name":"Produtos","item":"https:\/\/lolly.com.br\/kinddy\/produtos\/"},{"@type":"ListItem","position":3,"name":"Escova de Limpeza 2&#215;1 &#8211; Mamadeira e Bico"}]},{"@type":"WebSite","@id":"https:\/\/lolly.com.br\/kinddy\/#website","url":"https:\/\/lolly.com.br\/kinddy\/","name":"Lolly Kinddy","description":"","potentialAction":[{"@type":"SearchAction","target":{"@type":"EntryPoint","urlTemplate":"https:\/\/lolly.com.br\/kinddy\/?s={search_term_string}"},"query-input":{"@type":"PropertyValueSpecification","valueRequired":true,"valueName":"search_term_string"}}],"inLanguage":"pt-BR"}]}},"_links":{"self":[{"href":"https:\/\/lolly.com.br\/kinddy\/wp-json\/wp\/v2\/product\/8790","targetHints":{"allow":["GET"]}}],"collection":[{"href":"https:\/\/lolly.com.br\/kinddy\/wp-json\/wp\/v2\/product"}],"about":[{"href":"https:\/\/lolly.com.br\/kinddy\/wp-json\/wp\/v2\/types\/product"}],"replies":[{"embeddable":true,"href":"https:\/\/lolly.com.br\/kinddy\/wp-json\/wp\/v2\/comments?post=8790"}],"version-history":[{"count":6,"href":"https:\/\/lolly.com.br\/kinddy\/wp-json\/wp\/v2\/product\/8790\/revisions"}],"predecessor-version":[{"id":11032,"href":"https:\/\/lolly.com.br\/kinddy\/wp-json\/wp\/v2\/product\/8790\/revisions\/11032"}],"wp:featuredmedia":[{"embeddable":true,"href":"https:\/\/lolly.com.br\/kinddy\/wp-json\/wp\/v2\/media\/11005"}],"wp:attachment":[{"href":"https:\/\/lolly.com.br\/kinddy\/wp-json\/wp\/v2\/media?parent=8790"}],"wp:term":[{"taxonomy":"product_cat","embeddable":true,"href":"https:\/\/lolly.com.br\/kinddy\/wp-json\/wp\/v2\/product_cat?post=8790"},{"taxonomy":"product_tag","embeddable":true,"href":"https:\/\/lolly.com.br\/kinddy\/wp-json\/wp\/v2\/product_tag?post=8790"}],"curies":[{"name":"wp","href":"https:\/\/api.w.org\/{rel}","templated":true}]}}