{"id":8779,"date":"2022-06-09T17:43:12","date_gmt":"2022-06-09T20:43:12","guid":{"rendered":"https:\/\/lolly.com.br\/kinddy\/produto\/extrator-manual-de-leite-materno\/"},"modified":"2023-06-07T11:05:39","modified_gmt":"2023-06-07T14:05:39","slug":"extrator-manual-de-leite-materno","status":"publish","type":"product","link":"https:\/\/lolly.com.br\/kinddy\/produto\/extrator-manual-de-leite-materno\/","title":{"rendered":"Extrator Manual de Leite Materno"},"content":{"rendered":"\t\t<div data-elementor-type=\"product-post\" data-elementor-id=\"8779\" class=\"elementor elementor-8779\" data-elementor-settings=\"[]\">\n\t\t\t\t\t\t\t<div class=\"elementor-section-wrap\">\n\t\t\t\t\t\t\t<section class=\"elementor-section elementor-top-section elementor-element elementor-element-665c00b4 elementor-section-boxed elementor-section-height-default elementor-section-height-default\" data-id=\"665c00b4\" data-element_type=\"section\">\n\t\t\t\t\t\t<div class=\"elementor-container elementor-column-gap-default\">\n\t\t\t\t\t<div class=\"elementor-column elementor-col-100 elementor-top-column elementor-element elementor-element-24f4c844\" data-id=\"24f4c844\" data-element_type=\"column\">\n\t\t\t<div class=\"elementor-widget-wrap elementor-element-populated\">\n\t\t\t\t\t\t\t\t<div class=\"elementor-element elementor-element-d541200 elementor-widget elementor-widget-text-editor\" data-id=\"d541200\" data-element_type=\"widget\" data-widget_type=\"text-editor.default\">\n\t\t\t\t<div class=\"elementor-widget-container\">\n\t\t\t\t\t\t\t<p>Extrator Manual de Leite materno, com almofada de silicone que massageia o peito e proporciona mais conforto na ordenha. Gatilho ergon\u00f4metrico, gargalo compat\u00edvel com mamadeiras.&nbsp;<\/p>\n<p>Leve e port\u00e1til, bolsa para transporte, acompanha 1 pote de leite extra. Auxilia na extra\u00e7\u00e3o do leite materno de maneira segura.<\/p>\n<p>Recomendado tamb\u00e9m para auxiliar na prepara\u00e7\u00e3o dos mamilos.<br><\/p>\n<p><span style=\"color: var( --e-global-color-el_color_1 ); letter-spacing: var(--the7-base-letter-spacing); text-transform: var(--the7-base-text-transform); word-spacing: normal;\"><br><\/span><\/p><p><span style=\"color: var( --e-global-color-el_color_1 ); letter-spacing: var(--the7-base-letter-spacing); text-transform: var(--the7-base-text-transform); word-spacing: normal;\">&nbsp;A Organiza\u00e7\u00e3o Mundial da Sa\u00fade (OMS) e o Minist\u00e9rio da Sa\u00fade do Brasil recomendam aleitamento materno por dois anos ou mais, sendo exclusivo nos primeiros seis meses.<\/span><br><\/p>\n<p><span style=\"color: var( --e-global-color-el_color_1 ); letter-spacing: var(--the7-base-letter-spacing); text-transform: var(--the7-base-text-transform); word-spacing: normal;\">&nbsp;<\/span><\/p>\t\t\t\t\t\t<\/div>\n\t\t\t\t<\/div>\n\t\t\t\t\t<\/div>\n\t\t<\/div>\n\t\t\t\t\t\t\t<\/div>\n\t\t<\/section>\n\t\t\t\t<section class=\"elementor-section elementor-top-section elementor-element elementor-element-0114a2a elementor-section-boxed elementor-section-height-default elementor-section-height-default\" data-id=\"0114a2a\" data-element_type=\"section\">\n\t\t\t\t\t\t<div class=\"elementor-container elementor-column-gap-default\">\n\t\t\t\t\t<div class=\"elementor-column elementor-col-100 elementor-top-column elementor-element elementor-element-db335af\" data-id=\"db335af\" data-element_type=\"column\">\n\t\t\t<div class=\"elementor-widget-wrap elementor-element-populated\">\n\t\t\t\t\t\t\t\t<div class=\"elementor-element elementor-element-fb42ad2 elementor-aspect-ratio-169 elementor-widget elementor-widget-video\" data-id=\"fb42ad2\" data-element_type=\"widget\" data-settings=\"{&quot;youtube_url&quot;:&quot;https:\\\/\\\/www.youtube.com\\\/watch?v=WdBWrlCtKKw&quot;,&quot;video_type&quot;:&quot;youtube&quot;,&quot;controls&quot;:&quot;yes&quot;,&quot;aspect_ratio&quot;:&quot;169&quot;}\" data-widget_type=\"video.default\">\n\t\t\t\t<div class=\"elementor-widget-container\">\n\t\t\t\t\t<div class=\"elementor-wrapper elementor-fit-aspect-ratio elementor-open-inline\">\n\t\t\t<div class=\"elementor-video\"><\/div>\t\t<\/div>\n\t\t\t\t<\/div>\n\t\t\t\t<\/div>\n\t\t\t\t\t<\/div>\n\t\t<\/div>\n\t\t\t\t\t\t\t<\/div>\n\t\t<\/section>\n\t\t\t\t\t\t<\/div>\n\t\t\t\t\t<\/div>\n\t\t","protected":false},"excerpt":{"rendered":"<p>Conforto, seguran\u00e7a e praticidade na ordenha. Almofada de silicone, gatilho ergon\u00f4mico, gargalo compat\u00edvel com mamadeiras. Leve, port\u00e1til, acompanha 1 pote de leite extra. Ideal para extra\u00e7\u00e3o segura do leite materno e prepara\u00e7\u00e3o dos mamilos.<\/p>\n<p>&nbsp;<\/p>\n<p>&nbsp;<\/p>\n","protected":false},"featured_media":8780,"comment_status":"open","ping_status":"closed","template":"","meta":[],"product_cat":[235],"product_tag":[335,338,340,334,337,336,339],"class_list":{"0":"post-8779","1":"product","2":"type-product","3":"status-publish","4":"has-post-thumbnail","6":"product_cat-amamentacao","7":"product_tag-almofada-de-silicone","8":"product_tag-bolsa-para-transporte","9":"product_tag-extrator-de-leite-com-silicone","10":"product_tag-extrator-manual-de-leite-materno","11":"product_tag-gargalo-compativel-com-mamadeiras","12":"product_tag-ordenha","13":"product_tag-pote-de-leite-extra","15":"first","16":"instock","17":"shipping-taxable","18":"product-type-simple"},"yoast_head":"<!-- This site is optimized with the Yoast SEO plugin v23.7 - https:\/\/yoast.com\/wordpress\/plugins\/seo\/ -->\n<title>Extrator Manual de Leite Materno - Lolly Kinddy<\/title>\n<meta name=\"description\" content=\"O Extrator Manual de Leite Materno Lolly Kinddy foi pensado na mam\u00e3e que precisa extrair o leite de forma pr\u00e1tica e segura. \u00c9 recomendado tamb\u00e9m para auxiliar na prepara\u00e7\u00e3o dos mamilos.\" \/>\n<meta name=\"robots\" content=\"index, follow, max-snippet:-1, max-image-preview:large, max-video-preview:-1\" \/>\n<link rel=\"canonical\" href=\"https:\/\/lolly.com.br\/kinddy\/produto\/extrator-manual-de-leite-materno\/\" \/>\n<meta property=\"og:locale\" content=\"pt_BR\" \/>\n<meta property=\"og:type\" content=\"article\" \/>\n<meta property=\"og:title\" content=\"Extrator Manual de Leite Materno - Lolly Kinddy\" \/>\n<meta property=\"og:description\" content=\"O Extrator Manual de Leite Materno Lolly Kinddy foi pensado na mam\u00e3e que precisa extrair o leite de forma pr\u00e1tica e segura. \u00c9 recomendado tamb\u00e9m para auxiliar na prepara\u00e7\u00e3o dos mamilos.\" \/>\n<meta property=\"og:url\" content=\"https:\/\/lolly.com.br\/kinddy\/produto\/extrator-manual-de-leite-materno\/\" \/>\n<meta property=\"og:site_name\" content=\"Lolly Kinddy\" \/>\n<meta property=\"article:modified_time\" content=\"2023-06-07T14:05:39+00:00\" \/>\n<meta property=\"og:image\" content=\"https:\/\/lolly.com.br\/kinddy\/wp-content\/uploads\/2022\/06\/7226-1-1.png\" \/>\n\t<meta property=\"og:image:width\" content=\"875\" \/>\n\t<meta property=\"og:image:height\" content=\"875\" \/>\n\t<meta property=\"og:image:type\" content=\"image\/png\" \/>\n<meta name=\"twitter:card\" content=\"summary_large_image\" \/>\n<meta name=\"twitter:label1\" content=\"Est. tempo de leitura\" \/>\n\t<meta name=\"twitter:data1\" content=\"1 minuto\" \/>\n<script type=\"application\/ld+json\" class=\"yoast-schema-graph\">{\"@context\":\"https:\/\/schema.org\",\"@graph\":[{\"@type\":\"WebPage\",\"@id\":\"https:\/\/lolly.com.br\/kinddy\/produto\/extrator-manual-de-leite-materno\/\",\"url\":\"https:\/\/lolly.com.br\/kinddy\/produto\/extrator-manual-de-leite-materno\/\",\"name\":\"Extrator Manual de Leite Materno - Lolly Kinddy\",\"isPartOf\":{\"@id\":\"https:\/\/lolly.com.br\/kinddy\/#website\"},\"primaryImageOfPage\":{\"@id\":\"https:\/\/lolly.com.br\/kinddy\/produto\/extrator-manual-de-leite-materno\/#primaryimage\"},\"image\":{\"@id\":\"https:\/\/lolly.com.br\/kinddy\/produto\/extrator-manual-de-leite-materno\/#primaryimage\"},\"thumbnailUrl\":\"https:\/\/lolly.com.br\/kinddy\/wp-content\/uploads\/2022\/06\/7226-1-1.png\",\"datePublished\":\"2022-06-09T20:43:12+00:00\",\"dateModified\":\"2023-06-07T14:05:39+00:00\",\"description\":\"O Extrator Manual de Leite Materno Lolly Kinddy foi pensado na mam\u00e3e que precisa extrair o leite de forma pr\u00e1tica e segura. \u00c9 recomendado tamb\u00e9m para auxiliar na prepara\u00e7\u00e3o dos mamilos.\",\"breadcrumb\":{\"@id\":\"https:\/\/lolly.com.br\/kinddy\/produto\/extrator-manual-de-leite-materno\/#breadcrumb\"},\"inLanguage\":\"pt-BR\",\"potentialAction\":[{\"@type\":\"ReadAction\",\"target\":[\"https:\/\/lolly.com.br\/kinddy\/produto\/extrator-manual-de-leite-materno\/\"]}]},{\"@type\":\"ImageObject\",\"inLanguage\":\"pt-BR\",\"@id\":\"https:\/\/lolly.com.br\/kinddy\/produto\/extrator-manual-de-leite-materno\/#primaryimage\",\"url\":\"https:\/\/lolly.com.br\/kinddy\/wp-content\/uploads\/2022\/06\/7226-1-1.png\",\"contentUrl\":\"https:\/\/lolly.com.br\/kinddy\/wp-content\/uploads\/2022\/06\/7226-1-1.png\",\"width\":875,\"height\":875,\"caption\":\"Extrator Manual de Leite Materno\"},{\"@type\":\"BreadcrumbList\",\"@id\":\"https:\/\/lolly.com.br\/kinddy\/produto\/extrator-manual-de-leite-materno\/#breadcrumb\",\"itemListElement\":[{\"@type\":\"ListItem\",\"position\":1,\"name\":\"In\u00edcio\",\"item\":\"https:\/\/lolly.com.br\/kinddy\/\"},{\"@type\":\"ListItem\",\"position\":2,\"name\":\"Produtos\",\"item\":\"https:\/\/lolly.com.br\/kinddy\/produtos\/\"},{\"@type\":\"ListItem\",\"position\":3,\"name\":\"Extrator Manual de Leite Materno\"}]},{\"@type\":\"WebSite\",\"@id\":\"https:\/\/lolly.com.br\/kinddy\/#website\",\"url\":\"https:\/\/lolly.com.br\/kinddy\/\",\"name\":\"Lolly Kinddy\",\"description\":\"\",\"potentialAction\":[{\"@type\":\"SearchAction\",\"target\":{\"@type\":\"EntryPoint\",\"urlTemplate\":\"https:\/\/lolly.com.br\/kinddy\/?s={search_term_string}\"},\"query-input\":{\"@type\":\"PropertyValueSpecification\",\"valueRequired\":true,\"valueName\":\"search_term_string\"}}],\"inLanguage\":\"pt-BR\"}]}<\/script>\n<!-- \/ Yoast SEO plugin. -->","yoast_head_json":{"title":"Extrator Manual de Leite Materno - Lolly Kinddy","description":"O Extrator Manual de Leite Materno Lolly Kinddy foi pensado na mam\u00e3e que precisa extrair o leite de forma pr\u00e1tica e segura. \u00c9 recomendado tamb\u00e9m para auxiliar na prepara\u00e7\u00e3o dos mamilos.","robots":{"index":"index","follow":"follow","max-snippet":"max-snippet:-1","max-image-preview":"max-image-preview:large","max-video-preview":"max-video-preview:-1"},"canonical":"https:\/\/lolly.com.br\/kinddy\/produto\/extrator-manual-de-leite-materno\/","og_locale":"pt_BR","og_type":"article","og_title":"Extrator Manual de Leite Materno - Lolly Kinddy","og_description":"O Extrator Manual de Leite Materno Lolly Kinddy foi pensado na mam\u00e3e que precisa extrair o leite de forma pr\u00e1tica e segura. \u00c9 recomendado tamb\u00e9m para auxiliar na prepara\u00e7\u00e3o dos mamilos.","og_url":"https:\/\/lolly.com.br\/kinddy\/produto\/extrator-manual-de-leite-materno\/","og_site_name":"Lolly Kinddy","article_modified_time":"2023-06-07T14:05:39+00:00","og_image":[{"width":875,"height":875,"url":"https:\/\/lolly.com.br\/kinddy\/wp-content\/uploads\/2022\/06\/7226-1-1.png","type":"image\/png"}],"twitter_card":"summary_large_image","twitter_misc":{"Est. tempo de leitura":"1 minuto"},"schema":{"@context":"https:\/\/schema.org","@graph":[{"@type":"WebPage","@id":"https:\/\/lolly.com.br\/kinddy\/produto\/extrator-manual-de-leite-materno\/","url":"https:\/\/lolly.com.br\/kinddy\/produto\/extrator-manual-de-leite-materno\/","name":"Extrator Manual de Leite Materno - Lolly Kinddy","isPartOf":{"@id":"https:\/\/lolly.com.br\/kinddy\/#website"},"primaryImageOfPage":{"@id":"https:\/\/lolly.com.br\/kinddy\/produto\/extrator-manual-de-leite-materno\/#primaryimage"},"image":{"@id":"https:\/\/lolly.com.br\/kinddy\/produto\/extrator-manual-de-leite-materno\/#primaryimage"},"thumbnailUrl":"https:\/\/lolly.com.br\/kinddy\/wp-content\/uploads\/2022\/06\/7226-1-1.png","datePublished":"2022-06-09T20:43:12+00:00","dateModified":"2023-06-07T14:05:39+00:00","description":"O Extrator Manual de Leite Materno Lolly Kinddy foi pensado na mam\u00e3e que precisa extrair o leite de forma pr\u00e1tica e segura. \u00c9 recomendado tamb\u00e9m para auxiliar na prepara\u00e7\u00e3o dos mamilos.","breadcrumb":{"@id":"https:\/\/lolly.com.br\/kinddy\/produto\/extrator-manual-de-leite-materno\/#breadcrumb"},"inLanguage":"pt-BR","potentialAction":[{"@type":"ReadAction","target":["https:\/\/lolly.com.br\/kinddy\/produto\/extrator-manual-de-leite-materno\/"]}]},{"@type":"ImageObject","inLanguage":"pt-BR","@id":"https:\/\/lolly.com.br\/kinddy\/produto\/extrator-manual-de-leite-materno\/#primaryimage","url":"https:\/\/lolly.com.br\/kinddy\/wp-content\/uploads\/2022\/06\/7226-1-1.png","contentUrl":"https:\/\/lolly.com.br\/kinddy\/wp-content\/uploads\/2022\/06\/7226-1-1.png","width":875,"height":875,"caption":"Extrator Manual de Leite Materno"},{"@type":"BreadcrumbList","@id":"https:\/\/lolly.com.br\/kinddy\/produto\/extrator-manual-de-leite-materno\/#breadcrumb","itemListElement":[{"@type":"ListItem","position":1,"name":"In\u00edcio","item":"https:\/\/lolly.com.br\/kinddy\/"},{"@type":"ListItem","position":2,"name":"Produtos","item":"https:\/\/lolly.com.br\/kinddy\/produtos\/"},{"@type":"ListItem","position":3,"name":"Extrator Manual de Leite Materno"}]},{"@type":"WebSite","@id":"https:\/\/lolly.com.br\/kinddy\/#website","url":"https:\/\/lolly.com.br\/kinddy\/","name":"Lolly Kinddy","description":"","potentialAction":[{"@type":"SearchAction","target":{"@type":"EntryPoint","urlTemplate":"https:\/\/lolly.com.br\/kinddy\/?s={search_term_string}"},"query-input":{"@type":"PropertyValueSpecification","valueRequired":true,"valueName":"search_term_string"}}],"inLanguage":"pt-BR"}]}},"_links":{"self":[{"href":"https:\/\/lolly.com.br\/kinddy\/wp-json\/wp\/v2\/product\/8779","targetHints":{"allow":["GET"]}}],"collection":[{"href":"https:\/\/lolly.com.br\/kinddy\/wp-json\/wp\/v2\/product"}],"about":[{"href":"https:\/\/lolly.com.br\/kinddy\/wp-json\/wp\/v2\/types\/product"}],"replies":[{"embeddable":true,"href":"https:\/\/lolly.com.br\/kinddy\/wp-json\/wp\/v2\/comments?post=8779"}],"version-history":[{"count":27,"href":"https:\/\/lolly.com.br\/kinddy\/wp-json\/wp\/v2\/product\/8779\/revisions"}],"predecessor-version":[{"id":9834,"href":"https:\/\/lolly.com.br\/kinddy\/wp-json\/wp\/v2\/product\/8779\/revisions\/9834"}],"wp:featuredmedia":[{"embeddable":true,"href":"https:\/\/lolly.com.br\/kinddy\/wp-json\/wp\/v2\/media\/8780"}],"wp:attachment":[{"href":"https:\/\/lolly.com.br\/kinddy\/wp-json\/wp\/v2\/media?parent=8779"}],"wp:term":[{"taxonomy":"product_cat","embeddable":true,"href":"https:\/\/lolly.com.br\/kinddy\/wp-json\/wp\/v2\/product_cat?post=8779"},{"taxonomy":"product_tag","embeddable":true,"href":"https:\/\/lolly.com.br\/kinddy\/wp-json\/wp\/v2\/product_tag?post=8779"}],"curies":[{"name":"wp","href":"https:\/\/api.w.org\/{rel}","templated":true}]}}