{"id":8776,"date":"2022-06-09T17:43:12","date_gmt":"2022-06-09T20:43:12","guid":{"rendered":"https:\/\/lolly.com.br\/kinddy\/produto\/coletor-de-leite-materno\/"},"modified":"2023-06-07T11:32:07","modified_gmt":"2023-06-07T14:32:07","slug":"coletor-de-leite-materno","status":"publish","type":"product","link":"https:\/\/lolly.com.br\/kinddy\/produto\/coletor-de-leite-materno\/","title":{"rendered":"Coletor de Leite Materno"},"content":{"rendered":"<p>O Coletor de Leite Materno \u00e9 feito 100% de silicone, possui base com ventosa para maior seguran\u00e7a, evitando quedas e desperd\u00edcio de leite. Conta com tampa protetora para manter sempre limpo, e canaleta para facilitar a transfer\u00eancia do leite para o pote de armazenamento. O pote \u00e9 graduado e o coletor \u00e9 o \u00fanico feito totalmente no Brasil.<\/p>\n<p>Auxilia a m\u00e3e na hora da <a href=\"https:\/\/lolly.com.br\/kinddy\/cat\/amamentacao\/\" target=\"_blank\" rel=\"noopener\">amamenta\u00e7\u00e3o<\/a>, enquanto o beb\u00ea mama em um seio, o outro \u00e9 estimulado liberado leite, o coletor de leite materno vai ajudar a coletar esse leite sem desperdi\u00e7ar.<\/p>\n<p>* A Organiza\u00e7\u00e3o Mundial da Sa\u00fade (OMS) e o Minist\u00e9rio da Sa\u00fade do Brasil recomendam aleitamento materno por dois anos ou mais, sendo exclusivo nos primeiros seis meses.<\/p>\n<p>Assista ao v\u00eddeo no <a href=\"https:\/\/youtu.be\/DbTSd14P-8g\" target=\"_blank\" rel=\"noopener\">YouTube<\/a>:<\/p>\n<p><iframe loading=\"lazy\" title=\"Coletor de Leite Materno Lolly\" width=\"1200\" height=\"675\" src=\"https:\/\/www.youtube.com\/embed\/DbTSd14P-8g?feature=oembed\" frameborder=\"0\" allow=\"accelerometer; autoplay; clipboard-write; encrypted-media; gyroscope; picture-in-picture; web-share\" allowfullscreen><\/iframe><\/p>\n","protected":false},"excerpt":{"rendered":"<p>Silicone seguro, ventosa antiqueda, tampa protetora, canaleta de transfer\u00eancia e pote graduado. \u00danico no Brasil. Praticidade e seguran\u00e7a na coleta e armazenamento do leite materno.<\/p>\n","protected":false},"featured_media":8777,"comment_status":"open","ping_status":"closed","template":"","meta":[],"product_cat":[235],"product_tag":[346,344,349,341,345,348,347,343,342],"class_list":{"0":"post-8776","1":"product","2":"type-product","3":"status-publish","4":"has-post-thumbnail","6":"product_cat-amamentacao","7":"product_tag-amamentacao","8":"product_tag-base-com-ventosa","9":"product_tag-coleta-de-leite-materno","10":"product_tag-coletor-de-leite-materno","11":"product_tag-desperdicio","12":"product_tag-lactante","13":"product_tag-leite-materno","14":"product_tag-seguro","15":"product_tag-silicone","16":"description-off","18":"first","19":"instock","20":"shipping-taxable","21":"product-type-simple"},"yoast_head":"<!-- This site is optimized with the Yoast SEO plugin v23.7 - https:\/\/yoast.com\/wordpress\/plugins\/seo\/ -->\n<title>Coletor de Leite Materno - Lolly Kinddy<\/title>\n<meta name=\"description\" content=\"O Coletor de Leite Materno \u00e9 um produto de silicone 100% seguro, com base de ventosa para evitar quedas e desperd\u00edcio. Sua tampa protetora mant\u00e9m a higiene, enquanto a canaleta facilita a transfer\u00eancia para o pote de armazenamento. O \u00fanico coletor feito 100% no Brasil. Garante praticidade, conforto e seguran\u00e7a na coleta e armazenamento do leite materno.\" \/>\n<meta name=\"robots\" content=\"index, follow, max-snippet:-1, max-image-preview:large, max-video-preview:-1\" \/>\n<link rel=\"canonical\" href=\"https:\/\/lolly.com.br\/kinddy\/produto\/coletor-de-leite-materno\/\" \/>\n<meta property=\"og:locale\" content=\"pt_BR\" \/>\n<meta property=\"og:type\" content=\"article\" \/>\n<meta property=\"og:title\" content=\"Coletor de Leite Materno - Lolly Kinddy\" \/>\n<meta property=\"og:description\" content=\"O Coletor de Leite Materno \u00e9 um produto de silicone 100% seguro, com base de ventosa para evitar quedas e desperd\u00edcio. Sua tampa protetora mant\u00e9m a higiene, enquanto a canaleta facilita a transfer\u00eancia para o pote de armazenamento. O \u00fanico coletor feito 100% no Brasil. Garante praticidade, conforto e seguran\u00e7a na coleta e armazenamento do leite materno.\" \/>\n<meta property=\"og:url\" content=\"https:\/\/lolly.com.br\/kinddy\/produto\/coletor-de-leite-materno\/\" \/>\n<meta property=\"og:site_name\" content=\"Lolly Kinddy\" \/>\n<meta property=\"article:modified_time\" content=\"2023-06-07T14:32:07+00:00\" \/>\n<meta property=\"og:image\" content=\"https:\/\/lolly.com.br\/kinddy\/wp-content\/uploads\/2022\/06\/7228-1-1.png\" \/>\n\t<meta property=\"og:image:width\" content=\"875\" \/>\n\t<meta property=\"og:image:height\" content=\"875\" \/>\n\t<meta property=\"og:image:type\" content=\"image\/png\" \/>\n<meta name=\"twitter:card\" content=\"summary_large_image\" \/>\n<meta name=\"twitter:label1\" content=\"Est. tempo de leitura\" \/>\n\t<meta name=\"twitter:data1\" content=\"1 minuto\" \/>\n<script type=\"application\/ld+json\" class=\"yoast-schema-graph\">{\"@context\":\"https:\/\/schema.org\",\"@graph\":[{\"@type\":\"WebPage\",\"@id\":\"https:\/\/lolly.com.br\/kinddy\/produto\/coletor-de-leite-materno\/\",\"url\":\"https:\/\/lolly.com.br\/kinddy\/produto\/coletor-de-leite-materno\/\",\"name\":\"Coletor de Leite Materno - Lolly Kinddy\",\"isPartOf\":{\"@id\":\"https:\/\/lolly.com.br\/kinddy\/#website\"},\"primaryImageOfPage\":{\"@id\":\"https:\/\/lolly.com.br\/kinddy\/produto\/coletor-de-leite-materno\/#primaryimage\"},\"image\":{\"@id\":\"https:\/\/lolly.com.br\/kinddy\/produto\/coletor-de-leite-materno\/#primaryimage\"},\"thumbnailUrl\":\"https:\/\/lolly.com.br\/kinddy\/wp-content\/uploads\/2022\/06\/7228-1-1.png\",\"datePublished\":\"2022-06-09T20:43:12+00:00\",\"dateModified\":\"2023-06-07T14:32:07+00:00\",\"description\":\"O Coletor de Leite Materno \u00e9 um produto de silicone 100% seguro, com base de ventosa para evitar quedas e desperd\u00edcio. Sua tampa protetora mant\u00e9m a higiene, enquanto a canaleta facilita a transfer\u00eancia para o pote de armazenamento. O \u00fanico coletor feito 100% no Brasil. Garante praticidade, conforto e seguran\u00e7a na coleta e armazenamento do leite materno.\",\"breadcrumb\":{\"@id\":\"https:\/\/lolly.com.br\/kinddy\/produto\/coletor-de-leite-materno\/#breadcrumb\"},\"inLanguage\":\"pt-BR\",\"potentialAction\":[{\"@type\":\"ReadAction\",\"target\":[\"https:\/\/lolly.com.br\/kinddy\/produto\/coletor-de-leite-materno\/\"]}]},{\"@type\":\"ImageObject\",\"inLanguage\":\"pt-BR\",\"@id\":\"https:\/\/lolly.com.br\/kinddy\/produto\/coletor-de-leite-materno\/#primaryimage\",\"url\":\"https:\/\/lolly.com.br\/kinddy\/wp-content\/uploads\/2022\/06\/7228-1-1.png\",\"contentUrl\":\"https:\/\/lolly.com.br\/kinddy\/wp-content\/uploads\/2022\/06\/7228-1-1.png\",\"width\":875,\"height\":875,\"caption\":\"Coletor de Leite Materno\"},{\"@type\":\"BreadcrumbList\",\"@id\":\"https:\/\/lolly.com.br\/kinddy\/produto\/coletor-de-leite-materno\/#breadcrumb\",\"itemListElement\":[{\"@type\":\"ListItem\",\"position\":1,\"name\":\"In\u00edcio\",\"item\":\"https:\/\/lolly.com.br\/kinddy\/\"},{\"@type\":\"ListItem\",\"position\":2,\"name\":\"Produtos\",\"item\":\"https:\/\/lolly.com.br\/kinddy\/produtos\/\"},{\"@type\":\"ListItem\",\"position\":3,\"name\":\"Coletor de Leite Materno\"}]},{\"@type\":\"WebSite\",\"@id\":\"https:\/\/lolly.com.br\/kinddy\/#website\",\"url\":\"https:\/\/lolly.com.br\/kinddy\/\",\"name\":\"Lolly Kinddy\",\"description\":\"\",\"potentialAction\":[{\"@type\":\"SearchAction\",\"target\":{\"@type\":\"EntryPoint\",\"urlTemplate\":\"https:\/\/lolly.com.br\/kinddy\/?s={search_term_string}\"},\"query-input\":{\"@type\":\"PropertyValueSpecification\",\"valueRequired\":true,\"valueName\":\"search_term_string\"}}],\"inLanguage\":\"pt-BR\"}]}<\/script>\n<!-- \/ Yoast SEO plugin. -->","yoast_head_json":{"title":"Coletor de Leite Materno - Lolly Kinddy","description":"O Coletor de Leite Materno \u00e9 um produto de silicone 100% seguro, com base de ventosa para evitar quedas e desperd\u00edcio. Sua tampa protetora mant\u00e9m a higiene, enquanto a canaleta facilita a transfer\u00eancia para o pote de armazenamento. O \u00fanico coletor feito 100% no Brasil. Garante praticidade, conforto e seguran\u00e7a na coleta e armazenamento do leite materno.","robots":{"index":"index","follow":"follow","max-snippet":"max-snippet:-1","max-image-preview":"max-image-preview:large","max-video-preview":"max-video-preview:-1"},"canonical":"https:\/\/lolly.com.br\/kinddy\/produto\/coletor-de-leite-materno\/","og_locale":"pt_BR","og_type":"article","og_title":"Coletor de Leite Materno - Lolly Kinddy","og_description":"O Coletor de Leite Materno \u00e9 um produto de silicone 100% seguro, com base de ventosa para evitar quedas e desperd\u00edcio. Sua tampa protetora mant\u00e9m a higiene, enquanto a canaleta facilita a transfer\u00eancia para o pote de armazenamento. O \u00fanico coletor feito 100% no Brasil. Garante praticidade, conforto e seguran\u00e7a na coleta e armazenamento do leite materno.","og_url":"https:\/\/lolly.com.br\/kinddy\/produto\/coletor-de-leite-materno\/","og_site_name":"Lolly Kinddy","article_modified_time":"2023-06-07T14:32:07+00:00","og_image":[{"width":875,"height":875,"url":"https:\/\/lolly.com.br\/kinddy\/wp-content\/uploads\/2022\/06\/7228-1-1.png","type":"image\/png"}],"twitter_card":"summary_large_image","twitter_misc":{"Est. tempo de leitura":"1 minuto"},"schema":{"@context":"https:\/\/schema.org","@graph":[{"@type":"WebPage","@id":"https:\/\/lolly.com.br\/kinddy\/produto\/coletor-de-leite-materno\/","url":"https:\/\/lolly.com.br\/kinddy\/produto\/coletor-de-leite-materno\/","name":"Coletor de Leite Materno - Lolly Kinddy","isPartOf":{"@id":"https:\/\/lolly.com.br\/kinddy\/#website"},"primaryImageOfPage":{"@id":"https:\/\/lolly.com.br\/kinddy\/produto\/coletor-de-leite-materno\/#primaryimage"},"image":{"@id":"https:\/\/lolly.com.br\/kinddy\/produto\/coletor-de-leite-materno\/#primaryimage"},"thumbnailUrl":"https:\/\/lolly.com.br\/kinddy\/wp-content\/uploads\/2022\/06\/7228-1-1.png","datePublished":"2022-06-09T20:43:12+00:00","dateModified":"2023-06-07T14:32:07+00:00","description":"O Coletor de Leite Materno \u00e9 um produto de silicone 100% seguro, com base de ventosa para evitar quedas e desperd\u00edcio. Sua tampa protetora mant\u00e9m a higiene, enquanto a canaleta facilita a transfer\u00eancia para o pote de armazenamento. O \u00fanico coletor feito 100% no Brasil. Garante praticidade, conforto e seguran\u00e7a na coleta e armazenamento do leite materno.","breadcrumb":{"@id":"https:\/\/lolly.com.br\/kinddy\/produto\/coletor-de-leite-materno\/#breadcrumb"},"inLanguage":"pt-BR","potentialAction":[{"@type":"ReadAction","target":["https:\/\/lolly.com.br\/kinddy\/produto\/coletor-de-leite-materno\/"]}]},{"@type":"ImageObject","inLanguage":"pt-BR","@id":"https:\/\/lolly.com.br\/kinddy\/produto\/coletor-de-leite-materno\/#primaryimage","url":"https:\/\/lolly.com.br\/kinddy\/wp-content\/uploads\/2022\/06\/7228-1-1.png","contentUrl":"https:\/\/lolly.com.br\/kinddy\/wp-content\/uploads\/2022\/06\/7228-1-1.png","width":875,"height":875,"caption":"Coletor de Leite Materno"},{"@type":"BreadcrumbList","@id":"https:\/\/lolly.com.br\/kinddy\/produto\/coletor-de-leite-materno\/#breadcrumb","itemListElement":[{"@type":"ListItem","position":1,"name":"In\u00edcio","item":"https:\/\/lolly.com.br\/kinddy\/"},{"@type":"ListItem","position":2,"name":"Produtos","item":"https:\/\/lolly.com.br\/kinddy\/produtos\/"},{"@type":"ListItem","position":3,"name":"Coletor de Leite Materno"}]},{"@type":"WebSite","@id":"https:\/\/lolly.com.br\/kinddy\/#website","url":"https:\/\/lolly.com.br\/kinddy\/","name":"Lolly Kinddy","description":"","potentialAction":[{"@type":"SearchAction","target":{"@type":"EntryPoint","urlTemplate":"https:\/\/lolly.com.br\/kinddy\/?s={search_term_string}"},"query-input":{"@type":"PropertyValueSpecification","valueRequired":true,"valueName":"search_term_string"}}],"inLanguage":"pt-BR"}]}},"_links":{"self":[{"href":"https:\/\/lolly.com.br\/kinddy\/wp-json\/wp\/v2\/product\/8776","targetHints":{"allow":["GET"]}}],"collection":[{"href":"https:\/\/lolly.com.br\/kinddy\/wp-json\/wp\/v2\/product"}],"about":[{"href":"https:\/\/lolly.com.br\/kinddy\/wp-json\/wp\/v2\/types\/product"}],"replies":[{"embeddable":true,"href":"https:\/\/lolly.com.br\/kinddy\/wp-json\/wp\/v2\/comments?post=8776"}],"version-history":[{"count":11,"href":"https:\/\/lolly.com.br\/kinddy\/wp-json\/wp\/v2\/product\/8776\/revisions"}],"predecessor-version":[{"id":9854,"href":"https:\/\/lolly.com.br\/kinddy\/wp-json\/wp\/v2\/product\/8776\/revisions\/9854"}],"wp:featuredmedia":[{"embeddable":true,"href":"https:\/\/lolly.com.br\/kinddy\/wp-json\/wp\/v2\/media\/8777"}],"wp:attachment":[{"href":"https:\/\/lolly.com.br\/kinddy\/wp-json\/wp\/v2\/media?parent=8776"}],"wp:term":[{"taxonomy":"product_cat","embeddable":true,"href":"https:\/\/lolly.com.br\/kinddy\/wp-json\/wp\/v2\/product_cat?post=8776"},{"taxonomy":"product_tag","embeddable":true,"href":"https:\/\/lolly.com.br\/kinddy\/wp-json\/wp\/v2\/product_tag?post=8776"}],"curies":[{"name":"wp","href":"https:\/\/api.w.org\/{rel}","templated":true}]}}