{"id":8775,"date":"2022-06-09T17:43:10","date_gmt":"2022-06-09T20:43:10","guid":{"rendered":"https:\/\/lolly.com.br\/kinddy\/produto\/tira-leite\/"},"modified":"2024-10-30T08:15:16","modified_gmt":"2024-10-30T11:15:16","slug":"tira-leite","status":"publish","type":"product","link":"https:\/\/lolly.com.br\/kinddy\/produto\/tira-leite\/","title":{"rendered":"Tira Leite"},"content":{"rendered":"<p>O Tira Leite Lolly Kinddy, \u00e9 indicado para auxiliar as m\u00e3es na extra\u00e7\u00e3o do leite materno de forma pr\u00e1tica e segura. Possui tampa protetora para manter o leite extra\u00eddo protegido, frasco graduado de 70ml, acompanha 1\u00eambolo extra para substitui\u00e7\u00e3o.<\/p>\n<p>O gargalo do seu frasco \u00e9 compat\u00edvel com mamadeiras de gargalo estreito. F\u00e1cil de transportar.<\/p>\n<p>Suavidade, conforto e seguran\u00e7a na extra\u00e7\u00e3o do leite.<\/p>\n<p>* A Organiza\u00e7\u00e3o Mundial da Sa\u00fade (OMS) e o Minist\u00e9rio da Sa\u00fade do Brasil recomendam aleitamento materno por dois anos ou mais, sendo exclusivo nos primeiros seis meses.<\/p>\n<p>Assista ao nosso v\u00eddeo no <a href=\"https:\/\/youtu.be\/wwRYBLsGH_I\" target=\"_blank\" rel=\"noopener\">Youtube<\/a>:<\/p>\n<p><iframe loading=\"lazy\" title=\"Tira Leite Lolly\" width=\"1200\" height=\"675\" src=\"https:\/\/www.youtube.com\/embed\/wwRYBLsGH_I?feature=oembed\" frameborder=\"0\" allow=\"accelerometer; autoplay; clipboard-write; encrypted-media; gyroscope; picture-in-picture; web-share\" referrerpolicy=\"strict-origin-when-cross-origin\" allowfullscreen><\/iframe><\/p>\n<p>&nbsp;<\/p>\n<p>&nbsp;<\/p>\n","protected":false},"excerpt":{"rendered":"<p>Extraia leite materno com praticidade e seguran\u00e7a com o Tira Leite Lolly Kinddy.<\/p>\n<p>Tampa protetora, frasco graduado de 70ml, 1 \u00eambolo extra. Gargalo compat\u00edvel com mamadeiras de gargalo estreito.<\/p>\n<p>F\u00e1cil transporte. Suavidade, conforto e seguran\u00e7a garantidos na extra\u00e7\u00e3o do leite.<\/p>\n","protected":false},"featured_media":10954,"comment_status":"open","ping_status":"closed","template":"","meta":[],"product_cat":[235],"product_tag":[353,346,347,360,357,358,359,361],"class_list":{"0":"post-8775","1":"product","2":"type-product","3":"status-publish","4":"has-post-thumbnail","6":"product_cat-amamentacao","7":"product_tag-aleitamento-materno","8":"product_tag-amamentacao","9":"product_tag-leite-materno","10":"product_tag-mamadeira","11":"product_tag-maternidade","12":"product_tag-tira-leite","13":"product_tag-tira-leite-materno","14":"product_tag-tira-leite-pratico","15":"description-off","17":"first","18":"instock","19":"shipping-taxable","20":"product-type-simple"},"yoast_head":"<!-- This site is optimized with the Yoast SEO plugin v23.7 - https:\/\/yoast.com\/wordpress\/plugins\/seo\/ -->\n<title>Tira Leite - Lolly Kinddy<\/title>\n<meta name=\"description\" content=\"Tira Leite Lolly Kinddy: Pr\u00e1tico e seguro para extra\u00e7\u00e3o do leite materno. Tampa protetora, frasco graduado de 70ml, 1 \u00eambolo extra. Gargalo compat\u00edvel com mamadeiras de gargalo estreito. F\u00e1cil transporte. Suavidade, conforto e seguran\u00e7a na extra\u00e7\u00e3o do leite.\" \/>\n<meta name=\"robots\" content=\"index, follow, max-snippet:-1, max-image-preview:large, max-video-preview:-1\" \/>\n<link rel=\"canonical\" href=\"https:\/\/lolly.com.br\/kinddy\/produto\/tira-leite\/\" \/>\n<meta property=\"og:locale\" content=\"pt_BR\" \/>\n<meta property=\"og:type\" content=\"article\" \/>\n<meta property=\"og:title\" content=\"Tira Leite - Lolly Kinddy\" \/>\n<meta property=\"og:description\" content=\"Tira Leite Lolly Kinddy: Pr\u00e1tico e seguro para extra\u00e7\u00e3o do leite materno. Tampa protetora, frasco graduado de 70ml, 1 \u00eambolo extra. Gargalo compat\u00edvel com mamadeiras de gargalo estreito. F\u00e1cil transporte. Suavidade, conforto e seguran\u00e7a na extra\u00e7\u00e3o do leite.\" \/>\n<meta property=\"og:url\" content=\"https:\/\/lolly.com.br\/kinddy\/produto\/tira-leite\/\" \/>\n<meta property=\"og:site_name\" content=\"Lolly Kinddy\" \/>\n<meta property=\"article:modified_time\" content=\"2024-10-30T11:15:16+00:00\" \/>\n<meta property=\"og:image\" content=\"https:\/\/lolly.com.br\/kinddy\/wp-content\/uploads\/2022\/06\/7225-01_TIRALEITE_7896699019989.png\" \/>\n\t<meta property=\"og:image:width\" content=\"2000\" \/>\n\t<meta property=\"og:image:height\" content=\"2000\" \/>\n\t<meta property=\"og:image:type\" content=\"image\/png\" \/>\n<meta name=\"twitter:card\" content=\"summary_large_image\" \/>\n<meta name=\"twitter:label1\" content=\"Est. tempo de leitura\" \/>\n\t<meta name=\"twitter:data1\" content=\"1 minuto\" \/>\n<script type=\"application\/ld+json\" class=\"yoast-schema-graph\">{\"@context\":\"https:\/\/schema.org\",\"@graph\":[{\"@type\":\"WebPage\",\"@id\":\"https:\/\/lolly.com.br\/kinddy\/produto\/tira-leite\/\",\"url\":\"https:\/\/lolly.com.br\/kinddy\/produto\/tira-leite\/\",\"name\":\"Tira Leite - Lolly Kinddy\",\"isPartOf\":{\"@id\":\"https:\/\/lolly.com.br\/kinddy\/#website\"},\"primaryImageOfPage\":{\"@id\":\"https:\/\/lolly.com.br\/kinddy\/produto\/tira-leite\/#primaryimage\"},\"image\":{\"@id\":\"https:\/\/lolly.com.br\/kinddy\/produto\/tira-leite\/#primaryimage\"},\"thumbnailUrl\":\"https:\/\/lolly.com.br\/kinddy\/wp-content\/uploads\/2022\/06\/7225-01_TIRALEITE_7896699019989.png\",\"datePublished\":\"2022-06-09T20:43:10+00:00\",\"dateModified\":\"2024-10-30T11:15:16+00:00\",\"description\":\"Tira Leite Lolly Kinddy: Pr\u00e1tico e seguro para extra\u00e7\u00e3o do leite materno. Tampa protetora, frasco graduado de 70ml, 1 \u00eambolo extra. Gargalo compat\u00edvel com mamadeiras de gargalo estreito. F\u00e1cil transporte. Suavidade, conforto e seguran\u00e7a na extra\u00e7\u00e3o do leite.\",\"breadcrumb\":{\"@id\":\"https:\/\/lolly.com.br\/kinddy\/produto\/tira-leite\/#breadcrumb\"},\"inLanguage\":\"pt-BR\",\"potentialAction\":[{\"@type\":\"ReadAction\",\"target\":[\"https:\/\/lolly.com.br\/kinddy\/produto\/tira-leite\/\"]}]},{\"@type\":\"ImageObject\",\"inLanguage\":\"pt-BR\",\"@id\":\"https:\/\/lolly.com.br\/kinddy\/produto\/tira-leite\/#primaryimage\",\"url\":\"https:\/\/lolly.com.br\/kinddy\/wp-content\/uploads\/2022\/06\/7225-01_TIRALEITE_7896699019989.png\",\"contentUrl\":\"https:\/\/lolly.com.br\/kinddy\/wp-content\/uploads\/2022\/06\/7225-01_TIRALEITE_7896699019989.png\",\"width\":2000,\"height\":2000,\"caption\":\"Tira Leite - Kinddy\"},{\"@type\":\"BreadcrumbList\",\"@id\":\"https:\/\/lolly.com.br\/kinddy\/produto\/tira-leite\/#breadcrumb\",\"itemListElement\":[{\"@type\":\"ListItem\",\"position\":1,\"name\":\"In\u00edcio\",\"item\":\"https:\/\/lolly.com.br\/kinddy\/\"},{\"@type\":\"ListItem\",\"position\":2,\"name\":\"Produtos\",\"item\":\"https:\/\/lolly.com.br\/kinddy\/produtos\/\"},{\"@type\":\"ListItem\",\"position\":3,\"name\":\"Tira Leite\"}]},{\"@type\":\"WebSite\",\"@id\":\"https:\/\/lolly.com.br\/kinddy\/#website\",\"url\":\"https:\/\/lolly.com.br\/kinddy\/\",\"name\":\"Lolly Kinddy\",\"description\":\"\",\"potentialAction\":[{\"@type\":\"SearchAction\",\"target\":{\"@type\":\"EntryPoint\",\"urlTemplate\":\"https:\/\/lolly.com.br\/kinddy\/?s={search_term_string}\"},\"query-input\":{\"@type\":\"PropertyValueSpecification\",\"valueRequired\":true,\"valueName\":\"search_term_string\"}}],\"inLanguage\":\"pt-BR\"}]}<\/script>\n<!-- \/ Yoast SEO plugin. -->","yoast_head_json":{"title":"Tira Leite - Lolly Kinddy","description":"Tira Leite Lolly Kinddy: Pr\u00e1tico e seguro para extra\u00e7\u00e3o do leite materno. Tampa protetora, frasco graduado de 70ml, 1 \u00eambolo extra. Gargalo compat\u00edvel com mamadeiras de gargalo estreito. F\u00e1cil transporte. Suavidade, conforto e seguran\u00e7a na extra\u00e7\u00e3o do leite.","robots":{"index":"index","follow":"follow","max-snippet":"max-snippet:-1","max-image-preview":"max-image-preview:large","max-video-preview":"max-video-preview:-1"},"canonical":"https:\/\/lolly.com.br\/kinddy\/produto\/tira-leite\/","og_locale":"pt_BR","og_type":"article","og_title":"Tira Leite - Lolly Kinddy","og_description":"Tira Leite Lolly Kinddy: Pr\u00e1tico e seguro para extra\u00e7\u00e3o do leite materno. Tampa protetora, frasco graduado de 70ml, 1 \u00eambolo extra. Gargalo compat\u00edvel com mamadeiras de gargalo estreito. F\u00e1cil transporte. Suavidade, conforto e seguran\u00e7a na extra\u00e7\u00e3o do leite.","og_url":"https:\/\/lolly.com.br\/kinddy\/produto\/tira-leite\/","og_site_name":"Lolly Kinddy","article_modified_time":"2024-10-30T11:15:16+00:00","og_image":[{"width":2000,"height":2000,"url":"https:\/\/lolly.com.br\/kinddy\/wp-content\/uploads\/2022\/06\/7225-01_TIRALEITE_7896699019989.png","type":"image\/png"}],"twitter_card":"summary_large_image","twitter_misc":{"Est. tempo de leitura":"1 minuto"},"schema":{"@context":"https:\/\/schema.org","@graph":[{"@type":"WebPage","@id":"https:\/\/lolly.com.br\/kinddy\/produto\/tira-leite\/","url":"https:\/\/lolly.com.br\/kinddy\/produto\/tira-leite\/","name":"Tira Leite - Lolly Kinddy","isPartOf":{"@id":"https:\/\/lolly.com.br\/kinddy\/#website"},"primaryImageOfPage":{"@id":"https:\/\/lolly.com.br\/kinddy\/produto\/tira-leite\/#primaryimage"},"image":{"@id":"https:\/\/lolly.com.br\/kinddy\/produto\/tira-leite\/#primaryimage"},"thumbnailUrl":"https:\/\/lolly.com.br\/kinddy\/wp-content\/uploads\/2022\/06\/7225-01_TIRALEITE_7896699019989.png","datePublished":"2022-06-09T20:43:10+00:00","dateModified":"2024-10-30T11:15:16+00:00","description":"Tira Leite Lolly Kinddy: Pr\u00e1tico e seguro para extra\u00e7\u00e3o do leite materno. Tampa protetora, frasco graduado de 70ml, 1 \u00eambolo extra. Gargalo compat\u00edvel com mamadeiras de gargalo estreito. F\u00e1cil transporte. Suavidade, conforto e seguran\u00e7a na extra\u00e7\u00e3o do leite.","breadcrumb":{"@id":"https:\/\/lolly.com.br\/kinddy\/produto\/tira-leite\/#breadcrumb"},"inLanguage":"pt-BR","potentialAction":[{"@type":"ReadAction","target":["https:\/\/lolly.com.br\/kinddy\/produto\/tira-leite\/"]}]},{"@type":"ImageObject","inLanguage":"pt-BR","@id":"https:\/\/lolly.com.br\/kinddy\/produto\/tira-leite\/#primaryimage","url":"https:\/\/lolly.com.br\/kinddy\/wp-content\/uploads\/2022\/06\/7225-01_TIRALEITE_7896699019989.png","contentUrl":"https:\/\/lolly.com.br\/kinddy\/wp-content\/uploads\/2022\/06\/7225-01_TIRALEITE_7896699019989.png","width":2000,"height":2000,"caption":"Tira Leite - Kinddy"},{"@type":"BreadcrumbList","@id":"https:\/\/lolly.com.br\/kinddy\/produto\/tira-leite\/#breadcrumb","itemListElement":[{"@type":"ListItem","position":1,"name":"In\u00edcio","item":"https:\/\/lolly.com.br\/kinddy\/"},{"@type":"ListItem","position":2,"name":"Produtos","item":"https:\/\/lolly.com.br\/kinddy\/produtos\/"},{"@type":"ListItem","position":3,"name":"Tira Leite"}]},{"@type":"WebSite","@id":"https:\/\/lolly.com.br\/kinddy\/#website","url":"https:\/\/lolly.com.br\/kinddy\/","name":"Lolly Kinddy","description":"","potentialAction":[{"@type":"SearchAction","target":{"@type":"EntryPoint","urlTemplate":"https:\/\/lolly.com.br\/kinddy\/?s={search_term_string}"},"query-input":{"@type":"PropertyValueSpecification","valueRequired":true,"valueName":"search_term_string"}}],"inLanguage":"pt-BR"}]}},"_links":{"self":[{"href":"https:\/\/lolly.com.br\/kinddy\/wp-json\/wp\/v2\/product\/8775","targetHints":{"allow":["GET"]}}],"collection":[{"href":"https:\/\/lolly.com.br\/kinddy\/wp-json\/wp\/v2\/product"}],"about":[{"href":"https:\/\/lolly.com.br\/kinddy\/wp-json\/wp\/v2\/types\/product"}],"replies":[{"embeddable":true,"href":"https:\/\/lolly.com.br\/kinddy\/wp-json\/wp\/v2\/comments?post=8775"}],"version-history":[{"count":3,"href":"https:\/\/lolly.com.br\/kinddy\/wp-json\/wp\/v2\/product\/8775\/revisions"}],"predecessor-version":[{"id":9874,"href":"https:\/\/lolly.com.br\/kinddy\/wp-json\/wp\/v2\/product\/8775\/revisions\/9874"}],"wp:featuredmedia":[{"embeddable":true,"href":"https:\/\/lolly.com.br\/kinddy\/wp-json\/wp\/v2\/media\/10954"}],"wp:attachment":[{"href":"https:\/\/lolly.com.br\/kinddy\/wp-json\/wp\/v2\/media?parent=8775"}],"wp:term":[{"taxonomy":"product_cat","embeddable":true,"href":"https:\/\/lolly.com.br\/kinddy\/wp-json\/wp\/v2\/product_cat?post=8775"},{"taxonomy":"product_tag","embeddable":true,"href":"https:\/\/lolly.com.br\/kinddy\/wp-json\/wp\/v2\/product_tag?post=8775"}],"curies":[{"name":"wp","href":"https:\/\/api.w.org\/{rel}","templated":true}]}}