{"id":8771,"date":"2022-06-09T17:43:08","date_gmt":"2022-06-09T20:43:08","guid":{"rendered":"https:\/\/lolly.com.br\/kinddy\/produto\/concha-amamentacao-pos-parto\/"},"modified":"2023-06-07T12:31:13","modified_gmt":"2023-06-07T15:31:13","slug":"concha-amamentacao-pos-parto","status":"publish","type":"product","link":"https:\/\/lolly.com.br\/kinddy\/produto\/concha-amamentacao-pos-parto\/","title":{"rendered":"Concha Amamenta\u00e7\u00e3o P\u00f3s-parto"},"content":{"rendered":"<p>Kit com 4 Conchas de Amamenta\u00e7\u00e3o P\u00f3s-parto Lolly Kinddy. Base macia, v\u00e1lvula de ventila\u00e7\u00e3o que evita les\u00f5es e favorece a cicatriza\u00e7\u00e3o.<\/p>\n<p>Dois pares e dois tamanhos: As conchas menores s\u00e3o indicadas para quando o vazamento de leite \u00e9 menor. Auxiliam na prepara\u00e7\u00e3o e forma\u00e7\u00e3o do bico para a pega correta do beb\u00ea, al\u00e9m de proteger o mamilo e evitar rachaduras e vazamentos.<\/p>\n<p>Podem ser usadas a partir da 35\u00aa semana de gesta\u00e7\u00e3o. \u00c9 indicada para bicos curtos, planos ou invertidos.<\/p>\n<p>* A Organiza\u00e7\u00e3o Mundial da Sa\u00fade (OMS) e o Minist\u00e9rio da Sa\u00fade do Brasil recomendam aleitamento materno por dois anos ou mais, sendo exclusivo nos primeiros seis meses.<\/p>\n<p>Assista nosso v\u00eddeo no <a href=\"https:\/\/youtu.be\/qlKxiOtvYwk\" target=\"_blank\" rel=\"noopener\">Youtube:<\/a><\/p>\n<p><iframe loading=\"lazy\" title=\"Conchas de Amamenta\u00e7\u00e3o Lolly\" width=\"1200\" height=\"675\" src=\"https:\/\/www.youtube.com\/embed\/qlKxiOtvYwk?feature=oembed\" frameborder=\"0\" allow=\"accelerometer; autoplay; clipboard-write; encrypted-media; gyroscope; picture-in-picture; web-share\" allowfullscreen><\/iframe><\/p>\n<p>&nbsp;<\/p>\n","protected":false},"excerpt":{"rendered":"<p>Conchas de Amamenta\u00e7\u00e3o P\u00f3s-parto Lolly Kinddy: Kit 4 unidades.<\/p>\n<p>Base macia, v\u00e1lvula de ventila\u00e7\u00e3o.<\/p>\n<p>Auxiliam na forma\u00e7\u00e3o do bico, protegem contra rachaduras e vazamentos.<\/p>\n<p>Indicadas para bicos curtos, planos ou invertidos.<\/p>\n<p>Uso a partir da 35\u00aa semana de gesta\u00e7\u00e3o.<\/p>\n","protected":false},"featured_media":8772,"comment_status":"open","ping_status":"closed","template":"","meta":[],"product_cat":[235],"product_tag":[353,375,376,378,377,374,381,348,357,364,379,380,382],"class_list":{"0":"post-8771","1":"product","2":"type-product","3":"status-publish","4":"has-post-thumbnail","6":"product_cat-amamentacao","7":"product_tag-aleitamento-materno","8":"product_tag-concha-macia","9":"product_tag-concha-para-bicos-curtos","10":"product_tag-concha-para-bicos-invertidos","11":"product_tag-concha-para-bicos-planos","12":"product_tag-conchas-de-amamentacao-pos-parto","13":"product_tag-conchas-pos-parto","14":"product_tag-lactante","15":"product_tag-maternidade","16":"product_tag-preparacao-do-bico-para-amamentacao","17":"product_tag-protecao-contra-rachaduras-do-seio","18":"product_tag-protecao-contra-vazamentos-do-leite","19":"product_tag-protecao-do-seio-pos-parto","20":"description-off","22":"first","23":"instock","24":"shipping-taxable","25":"product-type-simple"},"yoast_head":"<!-- This site is optimized with the Yoast SEO plugin v23.7 - https:\/\/yoast.com\/wordpress\/plugins\/seo\/ -->\n<title>Concha Amamenta\u00e7\u00e3o P\u00f3s-parto - Lolly Kinddy<\/title>\n<meta name=\"description\" content=\"Conchas de Amamenta\u00e7\u00e3o P\u00f3s-parto Lolly Kinddy: Kit 4 unidades. Base macia, v\u00e1lvula de ventila\u00e7\u00e3o para cicatriza\u00e7\u00e3o. Dois pares, dois tamanhos. Auxiliam na forma\u00e7\u00e3o do bico, protegem contra rachaduras e vazamentos. Indicadas para bicos curtos, planos ou invertidos. Uso a partir da 35\u00aa semana de gesta\u00e7\u00e3o.\" \/>\n<meta name=\"robots\" content=\"index, follow, max-snippet:-1, max-image-preview:large, max-video-preview:-1\" \/>\n<link rel=\"canonical\" href=\"https:\/\/lolly.com.br\/kinddy\/produto\/concha-amamentacao-pos-parto\/\" \/>\n<meta property=\"og:locale\" content=\"pt_BR\" \/>\n<meta property=\"og:type\" content=\"article\" \/>\n<meta property=\"og:title\" content=\"Concha Amamenta\u00e7\u00e3o P\u00f3s-parto - Lolly Kinddy\" \/>\n<meta property=\"og:description\" content=\"Conchas de Amamenta\u00e7\u00e3o P\u00f3s-parto Lolly Kinddy: Kit 4 unidades. Base macia, v\u00e1lvula de ventila\u00e7\u00e3o para cicatriza\u00e7\u00e3o. Dois pares, dois tamanhos. Auxiliam na forma\u00e7\u00e3o do bico, protegem contra rachaduras e vazamentos. Indicadas para bicos curtos, planos ou invertidos. Uso a partir da 35\u00aa semana de gesta\u00e7\u00e3o.\" \/>\n<meta property=\"og:url\" content=\"https:\/\/lolly.com.br\/kinddy\/produto\/concha-amamentacao-pos-parto\/\" \/>\n<meta property=\"og:site_name\" content=\"Lolly Kinddy\" \/>\n<meta property=\"article:modified_time\" content=\"2023-06-07T15:31:13+00:00\" \/>\n<meta property=\"og:image\" content=\"https:\/\/lolly.com.br\/kinddy\/wp-content\/uploads\/2022\/06\/7221-1-1.png\" \/>\n\t<meta property=\"og:image:width\" content=\"875\" \/>\n\t<meta property=\"og:image:height\" content=\"875\" \/>\n\t<meta property=\"og:image:type\" content=\"image\/png\" \/>\n<meta name=\"twitter:card\" content=\"summary_large_image\" \/>\n<meta name=\"twitter:label1\" content=\"Est. tempo de leitura\" \/>\n\t<meta name=\"twitter:data1\" content=\"1 minuto\" \/>\n<script type=\"application\/ld+json\" class=\"yoast-schema-graph\">{\"@context\":\"https:\/\/schema.org\",\"@graph\":[{\"@type\":\"WebPage\",\"@id\":\"https:\/\/lolly.com.br\/kinddy\/produto\/concha-amamentacao-pos-parto\/\",\"url\":\"https:\/\/lolly.com.br\/kinddy\/produto\/concha-amamentacao-pos-parto\/\",\"name\":\"Concha Amamenta\u00e7\u00e3o P\u00f3s-parto - Lolly Kinddy\",\"isPartOf\":{\"@id\":\"https:\/\/lolly.com.br\/kinddy\/#website\"},\"primaryImageOfPage\":{\"@id\":\"https:\/\/lolly.com.br\/kinddy\/produto\/concha-amamentacao-pos-parto\/#primaryimage\"},\"image\":{\"@id\":\"https:\/\/lolly.com.br\/kinddy\/produto\/concha-amamentacao-pos-parto\/#primaryimage\"},\"thumbnailUrl\":\"https:\/\/lolly.com.br\/kinddy\/wp-content\/uploads\/2022\/06\/7221-1-1.png\",\"datePublished\":\"2022-06-09T20:43:08+00:00\",\"dateModified\":\"2023-06-07T15:31:13+00:00\",\"description\":\"Conchas de Amamenta\u00e7\u00e3o P\u00f3s-parto Lolly Kinddy: Kit 4 unidades. Base macia, v\u00e1lvula de ventila\u00e7\u00e3o para cicatriza\u00e7\u00e3o. Dois pares, dois tamanhos. Auxiliam na forma\u00e7\u00e3o do bico, protegem contra rachaduras e vazamentos. Indicadas para bicos curtos, planos ou invertidos. Uso a partir da 35\u00aa semana de gesta\u00e7\u00e3o.\",\"breadcrumb\":{\"@id\":\"https:\/\/lolly.com.br\/kinddy\/produto\/concha-amamentacao-pos-parto\/#breadcrumb\"},\"inLanguage\":\"pt-BR\",\"potentialAction\":[{\"@type\":\"ReadAction\",\"target\":[\"https:\/\/lolly.com.br\/kinddy\/produto\/concha-amamentacao-pos-parto\/\"]}]},{\"@type\":\"ImageObject\",\"inLanguage\":\"pt-BR\",\"@id\":\"https:\/\/lolly.com.br\/kinddy\/produto\/concha-amamentacao-pos-parto\/#primaryimage\",\"url\":\"https:\/\/lolly.com.br\/kinddy\/wp-content\/uploads\/2022\/06\/7221-1-1.png\",\"contentUrl\":\"https:\/\/lolly.com.br\/kinddy\/wp-content\/uploads\/2022\/06\/7221-1-1.png\",\"width\":875,\"height\":875,\"caption\":\"Concha Amamenta\u00e7\u00e3o P\u00f3s-parto\"},{\"@type\":\"BreadcrumbList\",\"@id\":\"https:\/\/lolly.com.br\/kinddy\/produto\/concha-amamentacao-pos-parto\/#breadcrumb\",\"itemListElement\":[{\"@type\":\"ListItem\",\"position\":1,\"name\":\"In\u00edcio\",\"item\":\"https:\/\/lolly.com.br\/kinddy\/\"},{\"@type\":\"ListItem\",\"position\":2,\"name\":\"Produtos\",\"item\":\"https:\/\/lolly.com.br\/kinddy\/produtos\/\"},{\"@type\":\"ListItem\",\"position\":3,\"name\":\"Concha Amamenta\u00e7\u00e3o P\u00f3s-parto\"}]},{\"@type\":\"WebSite\",\"@id\":\"https:\/\/lolly.com.br\/kinddy\/#website\",\"url\":\"https:\/\/lolly.com.br\/kinddy\/\",\"name\":\"Lolly Kinddy\",\"description\":\"\",\"potentialAction\":[{\"@type\":\"SearchAction\",\"target\":{\"@type\":\"EntryPoint\",\"urlTemplate\":\"https:\/\/lolly.com.br\/kinddy\/?s={search_term_string}\"},\"query-input\":{\"@type\":\"PropertyValueSpecification\",\"valueRequired\":true,\"valueName\":\"search_term_string\"}}],\"inLanguage\":\"pt-BR\"}]}<\/script>\n<!-- \/ Yoast SEO plugin. -->","yoast_head_json":{"title":"Concha Amamenta\u00e7\u00e3o P\u00f3s-parto - Lolly Kinddy","description":"Conchas de Amamenta\u00e7\u00e3o P\u00f3s-parto Lolly Kinddy: Kit 4 unidades. Base macia, v\u00e1lvula de ventila\u00e7\u00e3o para cicatriza\u00e7\u00e3o. Dois pares, dois tamanhos. Auxiliam na forma\u00e7\u00e3o do bico, protegem contra rachaduras e vazamentos. Indicadas para bicos curtos, planos ou invertidos. Uso a partir da 35\u00aa semana de gesta\u00e7\u00e3o.","robots":{"index":"index","follow":"follow","max-snippet":"max-snippet:-1","max-image-preview":"max-image-preview:large","max-video-preview":"max-video-preview:-1"},"canonical":"https:\/\/lolly.com.br\/kinddy\/produto\/concha-amamentacao-pos-parto\/","og_locale":"pt_BR","og_type":"article","og_title":"Concha Amamenta\u00e7\u00e3o P\u00f3s-parto - Lolly Kinddy","og_description":"Conchas de Amamenta\u00e7\u00e3o P\u00f3s-parto Lolly Kinddy: Kit 4 unidades. Base macia, v\u00e1lvula de ventila\u00e7\u00e3o para cicatriza\u00e7\u00e3o. Dois pares, dois tamanhos. Auxiliam na forma\u00e7\u00e3o do bico, protegem contra rachaduras e vazamentos. Indicadas para bicos curtos, planos ou invertidos. Uso a partir da 35\u00aa semana de gesta\u00e7\u00e3o.","og_url":"https:\/\/lolly.com.br\/kinddy\/produto\/concha-amamentacao-pos-parto\/","og_site_name":"Lolly Kinddy","article_modified_time":"2023-06-07T15:31:13+00:00","og_image":[{"width":875,"height":875,"url":"https:\/\/lolly.com.br\/kinddy\/wp-content\/uploads\/2022\/06\/7221-1-1.png","type":"image\/png"}],"twitter_card":"summary_large_image","twitter_misc":{"Est. tempo de leitura":"1 minuto"},"schema":{"@context":"https:\/\/schema.org","@graph":[{"@type":"WebPage","@id":"https:\/\/lolly.com.br\/kinddy\/produto\/concha-amamentacao-pos-parto\/","url":"https:\/\/lolly.com.br\/kinddy\/produto\/concha-amamentacao-pos-parto\/","name":"Concha Amamenta\u00e7\u00e3o P\u00f3s-parto - Lolly Kinddy","isPartOf":{"@id":"https:\/\/lolly.com.br\/kinddy\/#website"},"primaryImageOfPage":{"@id":"https:\/\/lolly.com.br\/kinddy\/produto\/concha-amamentacao-pos-parto\/#primaryimage"},"image":{"@id":"https:\/\/lolly.com.br\/kinddy\/produto\/concha-amamentacao-pos-parto\/#primaryimage"},"thumbnailUrl":"https:\/\/lolly.com.br\/kinddy\/wp-content\/uploads\/2022\/06\/7221-1-1.png","datePublished":"2022-06-09T20:43:08+00:00","dateModified":"2023-06-07T15:31:13+00:00","description":"Conchas de Amamenta\u00e7\u00e3o P\u00f3s-parto Lolly Kinddy: Kit 4 unidades. Base macia, v\u00e1lvula de ventila\u00e7\u00e3o para cicatriza\u00e7\u00e3o. Dois pares, dois tamanhos. Auxiliam na forma\u00e7\u00e3o do bico, protegem contra rachaduras e vazamentos. Indicadas para bicos curtos, planos ou invertidos. Uso a partir da 35\u00aa semana de gesta\u00e7\u00e3o.","breadcrumb":{"@id":"https:\/\/lolly.com.br\/kinddy\/produto\/concha-amamentacao-pos-parto\/#breadcrumb"},"inLanguage":"pt-BR","potentialAction":[{"@type":"ReadAction","target":["https:\/\/lolly.com.br\/kinddy\/produto\/concha-amamentacao-pos-parto\/"]}]},{"@type":"ImageObject","inLanguage":"pt-BR","@id":"https:\/\/lolly.com.br\/kinddy\/produto\/concha-amamentacao-pos-parto\/#primaryimage","url":"https:\/\/lolly.com.br\/kinddy\/wp-content\/uploads\/2022\/06\/7221-1-1.png","contentUrl":"https:\/\/lolly.com.br\/kinddy\/wp-content\/uploads\/2022\/06\/7221-1-1.png","width":875,"height":875,"caption":"Concha Amamenta\u00e7\u00e3o P\u00f3s-parto"},{"@type":"BreadcrumbList","@id":"https:\/\/lolly.com.br\/kinddy\/produto\/concha-amamentacao-pos-parto\/#breadcrumb","itemListElement":[{"@type":"ListItem","position":1,"name":"In\u00edcio","item":"https:\/\/lolly.com.br\/kinddy\/"},{"@type":"ListItem","position":2,"name":"Produtos","item":"https:\/\/lolly.com.br\/kinddy\/produtos\/"},{"@type":"ListItem","position":3,"name":"Concha Amamenta\u00e7\u00e3o P\u00f3s-parto"}]},{"@type":"WebSite","@id":"https:\/\/lolly.com.br\/kinddy\/#website","url":"https:\/\/lolly.com.br\/kinddy\/","name":"Lolly Kinddy","description":"","potentialAction":[{"@type":"SearchAction","target":{"@type":"EntryPoint","urlTemplate":"https:\/\/lolly.com.br\/kinddy\/?s={search_term_string}"},"query-input":{"@type":"PropertyValueSpecification","valueRequired":true,"valueName":"search_term_string"}}],"inLanguage":"pt-BR"}]}},"_links":{"self":[{"href":"https:\/\/lolly.com.br\/kinddy\/wp-json\/wp\/v2\/product\/8771","targetHints":{"allow":["GET"]}}],"collection":[{"href":"https:\/\/lolly.com.br\/kinddy\/wp-json\/wp\/v2\/product"}],"about":[{"href":"https:\/\/lolly.com.br\/kinddy\/wp-json\/wp\/v2\/types\/product"}],"replies":[{"embeddable":true,"href":"https:\/\/lolly.com.br\/kinddy\/wp-json\/wp\/v2\/comments?post=8771"}],"version-history":[{"count":2,"href":"https:\/\/lolly.com.br\/kinddy\/wp-json\/wp\/v2\/product\/8771\/revisions"}],"predecessor-version":[{"id":9892,"href":"https:\/\/lolly.com.br\/kinddy\/wp-json\/wp\/v2\/product\/8771\/revisions\/9892"}],"wp:featuredmedia":[{"embeddable":true,"href":"https:\/\/lolly.com.br\/kinddy\/wp-json\/wp\/v2\/media\/8772"}],"wp:attachment":[{"href":"https:\/\/lolly.com.br\/kinddy\/wp-json\/wp\/v2\/media?parent=8771"}],"wp:term":[{"taxonomy":"product_cat","embeddable":true,"href":"https:\/\/lolly.com.br\/kinddy\/wp-json\/wp\/v2\/product_cat?post=8771"},{"taxonomy":"product_tag","embeddable":true,"href":"https:\/\/lolly.com.br\/kinddy\/wp-json\/wp\/v2\/product_tag?post=8771"}],"curies":[{"name":"wp","href":"https:\/\/api.w.org\/{rel}","templated":true}]}}