{"id":8768,"date":"2022-06-09T17:43:08","date_gmt":"2022-06-09T20:43:08","guid":{"rendered":"https:\/\/lolly.com.br\/kinddy\/produto\/concha-amamentacao-pre-parto\/"},"modified":"2023-06-07T12:21:09","modified_gmt":"2023-06-07T15:21:09","slug":"concha-amamentacao-pre-parto","status":"publish","type":"product","link":"https:\/\/lolly.com.br\/kinddy\/produto\/concha-amamentacao-pre-parto\/","title":{"rendered":"Concha Amamenta\u00e7\u00e3o Pr\u00e9-parto"},"content":{"rendered":"<p>Kit com 4 Conchas de Amamenta\u00e7\u00e3o Pr\u00e9-parto Lolly Kinddy. Dois pares e dois tamanhos: As conchas menores s\u00e3o indicadas para quando o vazamento de leite \u00e9 menor. V\u00e1lvula de ventila\u00e7\u00e3o que evita les\u00f5es e favorece a cicatriza\u00e7\u00e3o. Auxiliam na prepara\u00e7\u00e3o e forma\u00e7\u00e3o do bico para a pega correta do beb\u00ea, al\u00e9m de proteger o mamilo e evitar rachaduras e vazamentos.<\/p>\n<p>Podem ser usadas a partir da 35\u00aa semana de gesta\u00e7\u00e3o. \u00c9 indicada para bicos curtos, planos ou invertidos.<\/p>\n<p>* A Organiza\u00e7\u00e3o Mundial da Sa\u00fade (OMS) e o Minist\u00e9rio da Sa\u00fade do Brasil recomendam aleitamento materno por dois anos ou mais, sendo exclusivo nos primeiros seis meses.<\/p>\n<p>Assista ao nosso v\u00eddeo no <a href=\"https:\/\/youtu.be\/qlKxiOtvYwk\" target=\"_blank\" rel=\"noopener\">Youtube<\/a>:<\/p>\n<p><iframe loading=\"lazy\" title=\"Conchas de Amamenta\u00e7\u00e3o Lolly\" width=\"1200\" height=\"675\" src=\"https:\/\/www.youtube.com\/embed\/qlKxiOtvYwk?feature=oembed\" frameborder=\"0\" allow=\"accelerometer; autoplay; clipboard-write; encrypted-media; gyroscope; picture-in-picture; web-share\" allowfullscreen><\/iframe><\/p>\n","protected":false},"excerpt":{"rendered":"<p>Conchas de Amamenta\u00e7\u00e3o Pr\u00e9-parto:<\/p>\n<p>Kit 4 unidades.<\/p>\n<p>Auxiliam na prepara\u00e7\u00e3o do bico, protegem contra rachaduras e vazamentos.<\/p>\n<p>Indicadas para bicos curtos, planos ou invertidos.<\/p>\n<p>Uso a partir da 35\u00aa semana de gesta\u00e7\u00e3o.<\/p>\n","protected":false},"featured_media":8769,"comment_status":"open","ping_status":"closed","template":"","meta":[],"product_cat":[235],"product_tag":[353,346,372,371,367,369,368,370,362,373,363,357,364,365,366],"class_list":{"0":"post-8768","1":"product","2":"type-product","3":"status-publish","4":"has-post-thumbnail","6":"product_cat-amamentacao","7":"product_tag-aleitamento-materno","8":"product_tag-amamentacao","9":"product_tag-amamentacao-confortavel","10":"product_tag-amamentacao-tranquila","11":"product_tag-bicos-curtos","12":"product_tag-bicos-invertidos","13":"product_tag-bicos-planos","14":"product_tag-conchas-a-partir-da-35a-semana-de-gestacao","15":"product_tag-conchas-de-amamentacao-pre-parto","16":"product_tag-gestante","17":"product_tag-kit-com-4-unidades","18":"product_tag-maternidade","19":"product_tag-preparacao-do-bico-para-amamentacao","20":"product_tag-protecao-contra-rachaduras","21":"product_tag-protecao-contra-vazamentos","22":"description-off","24":"first","25":"instock","26":"shipping-taxable","27":"product-type-simple"},"yoast_head":"<!-- This site is optimized with the Yoast SEO plugin v23.7 - https:\/\/yoast.com\/wordpress\/plugins\/seo\/ -->\n<title>Concha Amamenta\u00e7\u00e3o Pr\u00e9-parto - Lolly Kinddy<\/title>\n<meta name=\"description\" content=\"Conchas de Amamenta\u00e7\u00e3o Pr\u00e9-parto Lolly Kinddy: Kit com 4 unidades, dois pares e dois tamanhos. Auxiliam na prepara\u00e7\u00e3o do bico e protegem contra rachaduras e vazamentos. Indicadas para bicos curtos, planos ou invertidos. Uso a partir da 35\u00aa semana de gesta\u00e7\u00e3o. Garanta uma amamenta\u00e7\u00e3o tranquila e confort\u00e1vel.\" \/>\n<meta name=\"robots\" content=\"index, follow, max-snippet:-1, max-image-preview:large, max-video-preview:-1\" \/>\n<link rel=\"canonical\" href=\"https:\/\/lolly.com.br\/kinddy\/produto\/concha-amamentacao-pre-parto\/\" \/>\n<meta property=\"og:locale\" content=\"pt_BR\" \/>\n<meta property=\"og:type\" content=\"article\" \/>\n<meta property=\"og:title\" content=\"Concha Amamenta\u00e7\u00e3o Pr\u00e9-parto - Lolly Kinddy\" \/>\n<meta property=\"og:description\" content=\"Conchas de Amamenta\u00e7\u00e3o Pr\u00e9-parto Lolly Kinddy: Kit com 4 unidades, dois pares e dois tamanhos. Auxiliam na prepara\u00e7\u00e3o do bico e protegem contra rachaduras e vazamentos. Indicadas para bicos curtos, planos ou invertidos. Uso a partir da 35\u00aa semana de gesta\u00e7\u00e3o. Garanta uma amamenta\u00e7\u00e3o tranquila e confort\u00e1vel.\" \/>\n<meta property=\"og:url\" content=\"https:\/\/lolly.com.br\/kinddy\/produto\/concha-amamentacao-pre-parto\/\" \/>\n<meta property=\"og:site_name\" content=\"Lolly Kinddy\" \/>\n<meta property=\"article:modified_time\" content=\"2023-06-07T15:21:09+00:00\" \/>\n<meta property=\"og:image\" content=\"https:\/\/lolly.com.br\/kinddy\/wp-content\/uploads\/2022\/06\/7220-1-1.png\" \/>\n\t<meta property=\"og:image:width\" content=\"875\" \/>\n\t<meta property=\"og:image:height\" content=\"875\" \/>\n\t<meta property=\"og:image:type\" content=\"image\/png\" \/>\n<meta name=\"twitter:card\" content=\"summary_large_image\" \/>\n<meta name=\"twitter:label1\" content=\"Est. tempo de leitura\" \/>\n\t<meta name=\"twitter:data1\" content=\"1 minuto\" \/>\n<script type=\"application\/ld+json\" class=\"yoast-schema-graph\">{\"@context\":\"https:\/\/schema.org\",\"@graph\":[{\"@type\":\"WebPage\",\"@id\":\"https:\/\/lolly.com.br\/kinddy\/produto\/concha-amamentacao-pre-parto\/\",\"url\":\"https:\/\/lolly.com.br\/kinddy\/produto\/concha-amamentacao-pre-parto\/\",\"name\":\"Concha Amamenta\u00e7\u00e3o Pr\u00e9-parto - Lolly Kinddy\",\"isPartOf\":{\"@id\":\"https:\/\/lolly.com.br\/kinddy\/#website\"},\"primaryImageOfPage\":{\"@id\":\"https:\/\/lolly.com.br\/kinddy\/produto\/concha-amamentacao-pre-parto\/#primaryimage\"},\"image\":{\"@id\":\"https:\/\/lolly.com.br\/kinddy\/produto\/concha-amamentacao-pre-parto\/#primaryimage\"},\"thumbnailUrl\":\"https:\/\/lolly.com.br\/kinddy\/wp-content\/uploads\/2022\/06\/7220-1-1.png\",\"datePublished\":\"2022-06-09T20:43:08+00:00\",\"dateModified\":\"2023-06-07T15:21:09+00:00\",\"description\":\"Conchas de Amamenta\u00e7\u00e3o Pr\u00e9-parto Lolly Kinddy: Kit com 4 unidades, dois pares e dois tamanhos. Auxiliam na prepara\u00e7\u00e3o do bico e protegem contra rachaduras e vazamentos. Indicadas para bicos curtos, planos ou invertidos. Uso a partir da 35\u00aa semana de gesta\u00e7\u00e3o. Garanta uma amamenta\u00e7\u00e3o tranquila e confort\u00e1vel.\",\"breadcrumb\":{\"@id\":\"https:\/\/lolly.com.br\/kinddy\/produto\/concha-amamentacao-pre-parto\/#breadcrumb\"},\"inLanguage\":\"pt-BR\",\"potentialAction\":[{\"@type\":\"ReadAction\",\"target\":[\"https:\/\/lolly.com.br\/kinddy\/produto\/concha-amamentacao-pre-parto\/\"]}]},{\"@type\":\"ImageObject\",\"inLanguage\":\"pt-BR\",\"@id\":\"https:\/\/lolly.com.br\/kinddy\/produto\/concha-amamentacao-pre-parto\/#primaryimage\",\"url\":\"https:\/\/lolly.com.br\/kinddy\/wp-content\/uploads\/2022\/06\/7220-1-1.png\",\"contentUrl\":\"https:\/\/lolly.com.br\/kinddy\/wp-content\/uploads\/2022\/06\/7220-1-1.png\",\"width\":875,\"height\":875,\"caption\":\"Concha Amamenta\u00e7\u00e3o Pr\u00e9-parto\"},{\"@type\":\"BreadcrumbList\",\"@id\":\"https:\/\/lolly.com.br\/kinddy\/produto\/concha-amamentacao-pre-parto\/#breadcrumb\",\"itemListElement\":[{\"@type\":\"ListItem\",\"position\":1,\"name\":\"In\u00edcio\",\"item\":\"https:\/\/lolly.com.br\/kinddy\/\"},{\"@type\":\"ListItem\",\"position\":2,\"name\":\"Produtos\",\"item\":\"https:\/\/lolly.com.br\/kinddy\/produtos\/\"},{\"@type\":\"ListItem\",\"position\":3,\"name\":\"Concha Amamenta\u00e7\u00e3o Pr\u00e9-parto\"}]},{\"@type\":\"WebSite\",\"@id\":\"https:\/\/lolly.com.br\/kinddy\/#website\",\"url\":\"https:\/\/lolly.com.br\/kinddy\/\",\"name\":\"Lolly Kinddy\",\"description\":\"\",\"potentialAction\":[{\"@type\":\"SearchAction\",\"target\":{\"@type\":\"EntryPoint\",\"urlTemplate\":\"https:\/\/lolly.com.br\/kinddy\/?s={search_term_string}\"},\"query-input\":{\"@type\":\"PropertyValueSpecification\",\"valueRequired\":true,\"valueName\":\"search_term_string\"}}],\"inLanguage\":\"pt-BR\"}]}<\/script>\n<!-- \/ Yoast SEO plugin. -->","yoast_head_json":{"title":"Concha Amamenta\u00e7\u00e3o Pr\u00e9-parto - Lolly Kinddy","description":"Conchas de Amamenta\u00e7\u00e3o Pr\u00e9-parto Lolly Kinddy: Kit com 4 unidades, dois pares e dois tamanhos. Auxiliam na prepara\u00e7\u00e3o do bico e protegem contra rachaduras e vazamentos. Indicadas para bicos curtos, planos ou invertidos. Uso a partir da 35\u00aa semana de gesta\u00e7\u00e3o. Garanta uma amamenta\u00e7\u00e3o tranquila e confort\u00e1vel.","robots":{"index":"index","follow":"follow","max-snippet":"max-snippet:-1","max-image-preview":"max-image-preview:large","max-video-preview":"max-video-preview:-1"},"canonical":"https:\/\/lolly.com.br\/kinddy\/produto\/concha-amamentacao-pre-parto\/","og_locale":"pt_BR","og_type":"article","og_title":"Concha Amamenta\u00e7\u00e3o Pr\u00e9-parto - Lolly Kinddy","og_description":"Conchas de Amamenta\u00e7\u00e3o Pr\u00e9-parto Lolly Kinddy: Kit com 4 unidades, dois pares e dois tamanhos. Auxiliam na prepara\u00e7\u00e3o do bico e protegem contra rachaduras e vazamentos. Indicadas para bicos curtos, planos ou invertidos. Uso a partir da 35\u00aa semana de gesta\u00e7\u00e3o. Garanta uma amamenta\u00e7\u00e3o tranquila e confort\u00e1vel.","og_url":"https:\/\/lolly.com.br\/kinddy\/produto\/concha-amamentacao-pre-parto\/","og_site_name":"Lolly Kinddy","article_modified_time":"2023-06-07T15:21:09+00:00","og_image":[{"width":875,"height":875,"url":"https:\/\/lolly.com.br\/kinddy\/wp-content\/uploads\/2022\/06\/7220-1-1.png","type":"image\/png"}],"twitter_card":"summary_large_image","twitter_misc":{"Est. tempo de leitura":"1 minuto"},"schema":{"@context":"https:\/\/schema.org","@graph":[{"@type":"WebPage","@id":"https:\/\/lolly.com.br\/kinddy\/produto\/concha-amamentacao-pre-parto\/","url":"https:\/\/lolly.com.br\/kinddy\/produto\/concha-amamentacao-pre-parto\/","name":"Concha Amamenta\u00e7\u00e3o Pr\u00e9-parto - Lolly Kinddy","isPartOf":{"@id":"https:\/\/lolly.com.br\/kinddy\/#website"},"primaryImageOfPage":{"@id":"https:\/\/lolly.com.br\/kinddy\/produto\/concha-amamentacao-pre-parto\/#primaryimage"},"image":{"@id":"https:\/\/lolly.com.br\/kinddy\/produto\/concha-amamentacao-pre-parto\/#primaryimage"},"thumbnailUrl":"https:\/\/lolly.com.br\/kinddy\/wp-content\/uploads\/2022\/06\/7220-1-1.png","datePublished":"2022-06-09T20:43:08+00:00","dateModified":"2023-06-07T15:21:09+00:00","description":"Conchas de Amamenta\u00e7\u00e3o Pr\u00e9-parto Lolly Kinddy: Kit com 4 unidades, dois pares e dois tamanhos. Auxiliam na prepara\u00e7\u00e3o do bico e protegem contra rachaduras e vazamentos. Indicadas para bicos curtos, planos ou invertidos. Uso a partir da 35\u00aa semana de gesta\u00e7\u00e3o. Garanta uma amamenta\u00e7\u00e3o tranquila e confort\u00e1vel.","breadcrumb":{"@id":"https:\/\/lolly.com.br\/kinddy\/produto\/concha-amamentacao-pre-parto\/#breadcrumb"},"inLanguage":"pt-BR","potentialAction":[{"@type":"ReadAction","target":["https:\/\/lolly.com.br\/kinddy\/produto\/concha-amamentacao-pre-parto\/"]}]},{"@type":"ImageObject","inLanguage":"pt-BR","@id":"https:\/\/lolly.com.br\/kinddy\/produto\/concha-amamentacao-pre-parto\/#primaryimage","url":"https:\/\/lolly.com.br\/kinddy\/wp-content\/uploads\/2022\/06\/7220-1-1.png","contentUrl":"https:\/\/lolly.com.br\/kinddy\/wp-content\/uploads\/2022\/06\/7220-1-1.png","width":875,"height":875,"caption":"Concha Amamenta\u00e7\u00e3o Pr\u00e9-parto"},{"@type":"BreadcrumbList","@id":"https:\/\/lolly.com.br\/kinddy\/produto\/concha-amamentacao-pre-parto\/#breadcrumb","itemListElement":[{"@type":"ListItem","position":1,"name":"In\u00edcio","item":"https:\/\/lolly.com.br\/kinddy\/"},{"@type":"ListItem","position":2,"name":"Produtos","item":"https:\/\/lolly.com.br\/kinddy\/produtos\/"},{"@type":"ListItem","position":3,"name":"Concha Amamenta\u00e7\u00e3o Pr\u00e9-parto"}]},{"@type":"WebSite","@id":"https:\/\/lolly.com.br\/kinddy\/#website","url":"https:\/\/lolly.com.br\/kinddy\/","name":"Lolly Kinddy","description":"","potentialAction":[{"@type":"SearchAction","target":{"@type":"EntryPoint","urlTemplate":"https:\/\/lolly.com.br\/kinddy\/?s={search_term_string}"},"query-input":{"@type":"PropertyValueSpecification","valueRequired":true,"valueName":"search_term_string"}}],"inLanguage":"pt-BR"}]}},"_links":{"self":[{"href":"https:\/\/lolly.com.br\/kinddy\/wp-json\/wp\/v2\/product\/8768","targetHints":{"allow":["GET"]}}],"collection":[{"href":"https:\/\/lolly.com.br\/kinddy\/wp-json\/wp\/v2\/product"}],"about":[{"href":"https:\/\/lolly.com.br\/kinddy\/wp-json\/wp\/v2\/types\/product"}],"replies":[{"embeddable":true,"href":"https:\/\/lolly.com.br\/kinddy\/wp-json\/wp\/v2\/comments?post=8768"}],"version-history":[{"count":3,"href":"https:\/\/lolly.com.br\/kinddy\/wp-json\/wp\/v2\/product\/8768\/revisions"}],"predecessor-version":[{"id":9884,"href":"https:\/\/lolly.com.br\/kinddy\/wp-json\/wp\/v2\/product\/8768\/revisions\/9884"}],"wp:featuredmedia":[{"embeddable":true,"href":"https:\/\/lolly.com.br\/kinddy\/wp-json\/wp\/v2\/media\/8769"}],"wp:attachment":[{"href":"https:\/\/lolly.com.br\/kinddy\/wp-json\/wp\/v2\/media?parent=8768"}],"wp:term":[{"taxonomy":"product_cat","embeddable":true,"href":"https:\/\/lolly.com.br\/kinddy\/wp-json\/wp\/v2\/product_cat?post=8768"},{"taxonomy":"product_tag","embeddable":true,"href":"https:\/\/lolly.com.br\/kinddy\/wp-json\/wp\/v2\/product_tag?post=8768"}],"curies":[{"name":"wp","href":"https:\/\/api.w.org\/{rel}","templated":true}]}}