{"id":8765,"date":"2022-06-09T17:43:08","date_gmt":"2022-06-09T20:43:08","guid":{"rendered":"https:\/\/lolly.com.br\/kinddy\/produto\/colher-oceano-com-ponta-de-silicone\/"},"modified":"2023-07-19T10:07:05","modified_gmt":"2023-07-19T13:07:05","slug":"colher-oceano-com-ponta-de-silicone","status":"publish","type":"product","link":"https:\/\/lolly.com.br\/kinddy\/produto\/colher-oceano-com-ponta-de-silicone\/","title":{"rendered":"Colher de Silicone"},"content":{"rendered":"<p>A Colher de Silicone Lolly facilita a alimenta\u00e7\u00e3o das crian\u00e7as e evita que elas se machuquem. Com a Colher de Silicone Lolly as refei\u00e7\u00f5es v\u00e3o ser muito mais pr\u00e1ticas, divertidas e seguras!<\/p>\n","protected":false},"excerpt":{"rendered":"<p>A Colher de Silicone Lolly facilita a alimenta\u00e7\u00e3o das crian\u00e7as e evita que elas se machuquem. Com a Colher de Silicone Lolly as refei\u00e7\u00f5es v\u00e3o ser muito mais pr\u00e1ticas, divertidas e seguras!<\/p>\n","protected":false},"featured_media":10234,"comment_status":"open","ping_status":"closed","template":"","meta":[],"product_cat":[232],"product_tag":[],"class_list":{"0":"post-8765","1":"product","2":"type-product","3":"status-publish","4":"has-post-thumbnail","6":"product_cat-alimentacao","7":"pa_idade-6-meses","8":"description-off","10":"first","11":"instock","12":"shipping-taxable","13":"product-type-simple"},"yoast_head":"<!-- This site is optimized with the Yoast SEO plugin v23.7 - https:\/\/yoast.com\/wordpress\/plugins\/seo\/ -->\n<title>Colher de Silicone - Lolly Kinddy<\/title>\n<meta name=\"description\" content=\"A Colher de Silicone Lolly facilita a alimenta\u00e7\u00e3o das crian\u00e7as e evita que elas se machuquem. As refei\u00e7\u00f5es v\u00e3o ser muito mais pr\u00e1ticas e seguras.\" \/>\n<meta name=\"robots\" content=\"index, follow, max-snippet:-1, max-image-preview:large, max-video-preview:-1\" \/>\n<link rel=\"canonical\" href=\"https:\/\/lolly.com.br\/kinddy\/produto\/colher-oceano-com-ponta-de-silicone\/\" \/>\n<meta property=\"og:locale\" content=\"pt_BR\" \/>\n<meta property=\"og:type\" content=\"article\" \/>\n<meta property=\"og:title\" content=\"Colher de Silicone - Lolly Kinddy\" \/>\n<meta property=\"og:description\" content=\"A Colher de Silicone Lolly facilita a alimenta\u00e7\u00e3o das crian\u00e7as e evita que elas se machuquem. As refei\u00e7\u00f5es v\u00e3o ser muito mais pr\u00e1ticas e seguras.\" \/>\n<meta property=\"og:url\" content=\"https:\/\/lolly.com.br\/kinddy\/produto\/colher-oceano-com-ponta-de-silicone\/\" \/>\n<meta property=\"og:site_name\" content=\"Lolly Kinddy\" \/>\n<meta property=\"article:modified_time\" content=\"2023-07-19T13:07:05+00:00\" \/>\n<meta property=\"og:image\" content=\"https:\/\/lolly.com.br\/kinddy\/wp-content\/uploads\/2022\/06\/7117-01-M2_COLHERSILICONEM_77896699035361-1200px.jpg\" \/>\n\t<meta property=\"og:image:width\" content=\"1200\" \/>\n\t<meta property=\"og:image:height\" content=\"1200\" \/>\n\t<meta property=\"og:image:type\" content=\"image\/jpeg\" \/>\n<meta name=\"twitter:card\" content=\"summary_large_image\" \/>\n<meta name=\"twitter:label1\" content=\"Est. tempo de leitura\" \/>\n\t<meta name=\"twitter:data1\" content=\"1 minuto\" \/>\n<script type=\"application\/ld+json\" class=\"yoast-schema-graph\">{\"@context\":\"https:\/\/schema.org\",\"@graph\":[{\"@type\":\"WebPage\",\"@id\":\"https:\/\/lolly.com.br\/kinddy\/produto\/colher-oceano-com-ponta-de-silicone\/\",\"url\":\"https:\/\/lolly.com.br\/kinddy\/produto\/colher-oceano-com-ponta-de-silicone\/\",\"name\":\"Colher de Silicone - Lolly Kinddy\",\"isPartOf\":{\"@id\":\"https:\/\/lolly.com.br\/kinddy\/#website\"},\"primaryImageOfPage\":{\"@id\":\"https:\/\/lolly.com.br\/kinddy\/produto\/colher-oceano-com-ponta-de-silicone\/#primaryimage\"},\"image\":{\"@id\":\"https:\/\/lolly.com.br\/kinddy\/produto\/colher-oceano-com-ponta-de-silicone\/#primaryimage\"},\"thumbnailUrl\":\"https:\/\/lolly.com.br\/kinddy\/wp-content\/uploads\/2022\/06\/7117-01-M2_COLHERSILICONEM_77896699035361-1200px.jpg\",\"datePublished\":\"2022-06-09T20:43:08+00:00\",\"dateModified\":\"2023-07-19T13:07:05+00:00\",\"description\":\"A Colher de Silicone Lolly facilita a alimenta\u00e7\u00e3o das crian\u00e7as e evita que elas se machuquem. As refei\u00e7\u00f5es v\u00e3o ser muito mais pr\u00e1ticas e seguras.\",\"breadcrumb\":{\"@id\":\"https:\/\/lolly.com.br\/kinddy\/produto\/colher-oceano-com-ponta-de-silicone\/#breadcrumb\"},\"inLanguage\":\"pt-BR\",\"potentialAction\":[{\"@type\":\"ReadAction\",\"target\":[\"https:\/\/lolly.com.br\/kinddy\/produto\/colher-oceano-com-ponta-de-silicone\/\"]}]},{\"@type\":\"ImageObject\",\"inLanguage\":\"pt-BR\",\"@id\":\"https:\/\/lolly.com.br\/kinddy\/produto\/colher-oceano-com-ponta-de-silicone\/#primaryimage\",\"url\":\"https:\/\/lolly.com.br\/kinddy\/wp-content\/uploads\/2022\/06\/7117-01-M2_COLHERSILICONEM_77896699035361-1200px.jpg\",\"contentUrl\":\"https:\/\/lolly.com.br\/kinddy\/wp-content\/uploads\/2022\/06\/7117-01-M2_COLHERSILICONEM_77896699035361-1200px.jpg\",\"width\":1200,\"height\":1200},{\"@type\":\"BreadcrumbList\",\"@id\":\"https:\/\/lolly.com.br\/kinddy\/produto\/colher-oceano-com-ponta-de-silicone\/#breadcrumb\",\"itemListElement\":[{\"@type\":\"ListItem\",\"position\":1,\"name\":\"In\u00edcio\",\"item\":\"https:\/\/lolly.com.br\/kinddy\/\"},{\"@type\":\"ListItem\",\"position\":2,\"name\":\"Produtos\",\"item\":\"https:\/\/lolly.com.br\/kinddy\/produtos\/\"},{\"@type\":\"ListItem\",\"position\":3,\"name\":\"Colher de Silicone\"}]},{\"@type\":\"WebSite\",\"@id\":\"https:\/\/lolly.com.br\/kinddy\/#website\",\"url\":\"https:\/\/lolly.com.br\/kinddy\/\",\"name\":\"Lolly Kinddy\",\"description\":\"\",\"potentialAction\":[{\"@type\":\"SearchAction\",\"target\":{\"@type\":\"EntryPoint\",\"urlTemplate\":\"https:\/\/lolly.com.br\/kinddy\/?s={search_term_string}\"},\"query-input\":{\"@type\":\"PropertyValueSpecification\",\"valueRequired\":true,\"valueName\":\"search_term_string\"}}],\"inLanguage\":\"pt-BR\"}]}<\/script>\n<!-- \/ Yoast SEO plugin. -->","yoast_head_json":{"title":"Colher de Silicone - Lolly Kinddy","description":"A Colher de Silicone Lolly facilita a alimenta\u00e7\u00e3o das crian\u00e7as e evita que elas se machuquem. As refei\u00e7\u00f5es v\u00e3o ser muito mais pr\u00e1ticas e seguras.","robots":{"index":"index","follow":"follow","max-snippet":"max-snippet:-1","max-image-preview":"max-image-preview:large","max-video-preview":"max-video-preview:-1"},"canonical":"https:\/\/lolly.com.br\/kinddy\/produto\/colher-oceano-com-ponta-de-silicone\/","og_locale":"pt_BR","og_type":"article","og_title":"Colher de Silicone - Lolly Kinddy","og_description":"A Colher de Silicone Lolly facilita a alimenta\u00e7\u00e3o das crian\u00e7as e evita que elas se machuquem. As refei\u00e7\u00f5es v\u00e3o ser muito mais pr\u00e1ticas e seguras.","og_url":"https:\/\/lolly.com.br\/kinddy\/produto\/colher-oceano-com-ponta-de-silicone\/","og_site_name":"Lolly Kinddy","article_modified_time":"2023-07-19T13:07:05+00:00","og_image":[{"width":1200,"height":1200,"url":"https:\/\/lolly.com.br\/kinddy\/wp-content\/uploads\/2022\/06\/7117-01-M2_COLHERSILICONEM_77896699035361-1200px.jpg","type":"image\/jpeg"}],"twitter_card":"summary_large_image","twitter_misc":{"Est. tempo de leitura":"1 minuto"},"schema":{"@context":"https:\/\/schema.org","@graph":[{"@type":"WebPage","@id":"https:\/\/lolly.com.br\/kinddy\/produto\/colher-oceano-com-ponta-de-silicone\/","url":"https:\/\/lolly.com.br\/kinddy\/produto\/colher-oceano-com-ponta-de-silicone\/","name":"Colher de Silicone - Lolly Kinddy","isPartOf":{"@id":"https:\/\/lolly.com.br\/kinddy\/#website"},"primaryImageOfPage":{"@id":"https:\/\/lolly.com.br\/kinddy\/produto\/colher-oceano-com-ponta-de-silicone\/#primaryimage"},"image":{"@id":"https:\/\/lolly.com.br\/kinddy\/produto\/colher-oceano-com-ponta-de-silicone\/#primaryimage"},"thumbnailUrl":"https:\/\/lolly.com.br\/kinddy\/wp-content\/uploads\/2022\/06\/7117-01-M2_COLHERSILICONEM_77896699035361-1200px.jpg","datePublished":"2022-06-09T20:43:08+00:00","dateModified":"2023-07-19T13:07:05+00:00","description":"A Colher de Silicone Lolly facilita a alimenta\u00e7\u00e3o das crian\u00e7as e evita que elas se machuquem. As refei\u00e7\u00f5es v\u00e3o ser muito mais pr\u00e1ticas e seguras.","breadcrumb":{"@id":"https:\/\/lolly.com.br\/kinddy\/produto\/colher-oceano-com-ponta-de-silicone\/#breadcrumb"},"inLanguage":"pt-BR","potentialAction":[{"@type":"ReadAction","target":["https:\/\/lolly.com.br\/kinddy\/produto\/colher-oceano-com-ponta-de-silicone\/"]}]},{"@type":"ImageObject","inLanguage":"pt-BR","@id":"https:\/\/lolly.com.br\/kinddy\/produto\/colher-oceano-com-ponta-de-silicone\/#primaryimage","url":"https:\/\/lolly.com.br\/kinddy\/wp-content\/uploads\/2022\/06\/7117-01-M2_COLHERSILICONEM_77896699035361-1200px.jpg","contentUrl":"https:\/\/lolly.com.br\/kinddy\/wp-content\/uploads\/2022\/06\/7117-01-M2_COLHERSILICONEM_77896699035361-1200px.jpg","width":1200,"height":1200},{"@type":"BreadcrumbList","@id":"https:\/\/lolly.com.br\/kinddy\/produto\/colher-oceano-com-ponta-de-silicone\/#breadcrumb","itemListElement":[{"@type":"ListItem","position":1,"name":"In\u00edcio","item":"https:\/\/lolly.com.br\/kinddy\/"},{"@type":"ListItem","position":2,"name":"Produtos","item":"https:\/\/lolly.com.br\/kinddy\/produtos\/"},{"@type":"ListItem","position":3,"name":"Colher de Silicone"}]},{"@type":"WebSite","@id":"https:\/\/lolly.com.br\/kinddy\/#website","url":"https:\/\/lolly.com.br\/kinddy\/","name":"Lolly Kinddy","description":"","potentialAction":[{"@type":"SearchAction","target":{"@type":"EntryPoint","urlTemplate":"https:\/\/lolly.com.br\/kinddy\/?s={search_term_string}"},"query-input":{"@type":"PropertyValueSpecification","valueRequired":true,"valueName":"search_term_string"}}],"inLanguage":"pt-BR"}]}},"_links":{"self":[{"href":"https:\/\/lolly.com.br\/kinddy\/wp-json\/wp\/v2\/product\/8765","targetHints":{"allow":["GET"]}}],"collection":[{"href":"https:\/\/lolly.com.br\/kinddy\/wp-json\/wp\/v2\/product"}],"about":[{"href":"https:\/\/lolly.com.br\/kinddy\/wp-json\/wp\/v2\/types\/product"}],"replies":[{"embeddable":true,"href":"https:\/\/lolly.com.br\/kinddy\/wp-json\/wp\/v2\/comments?post=8765"}],"version-history":[{"count":2,"href":"https:\/\/lolly.com.br\/kinddy\/wp-json\/wp\/v2\/product\/8765\/revisions"}],"predecessor-version":[{"id":10237,"href":"https:\/\/lolly.com.br\/kinddy\/wp-json\/wp\/v2\/product\/8765\/revisions\/10237"}],"wp:featuredmedia":[{"embeddable":true,"href":"https:\/\/lolly.com.br\/kinddy\/wp-json\/wp\/v2\/media\/10234"}],"wp:attachment":[{"href":"https:\/\/lolly.com.br\/kinddy\/wp-json\/wp\/v2\/media?parent=8765"}],"wp:term":[{"taxonomy":"product_cat","embeddable":true,"href":"https:\/\/lolly.com.br\/kinddy\/wp-json\/wp\/v2\/product_cat?post=8765"},{"taxonomy":"product_tag","embeddable":true,"href":"https:\/\/lolly.com.br\/kinddy\/wp-json\/wp\/v2\/product_tag?post=8765"}],"curies":[{"name":"wp","href":"https:\/\/api.w.org\/{rel}","templated":true}]}}