{"id":8749,"date":"2022-06-09T17:43:06","date_gmt":"2022-06-09T20:43:06","guid":{"rendered":"https:\/\/lolly.com.br\/kinddy\/produto\/porta-chupeta-zoo\/"},"modified":"2024-08-28T11:22:57","modified_gmt":"2024-08-28T14:22:57","slug":"porta-chupeta-zoo","status":"publish","type":"product","link":"https:\/\/lolly.com.br\/kinddy\/produto\/porta-chupeta-zoo\/","title":{"rendered":"Porta Chupeta Zoo"},"content":{"rendered":"<p>Porta Chupetas Zoo foi desenvolvido para guardar a chupeta do beb\u00ea. \u00c9 pr\u00e1tico porque sua al\u00e7a permite encaixe em bolsas e carrinhos, evitando a perda. Comporta 2 chupetas. Idade: 0+ meses.<\/p>\n<p>Tons suaves, decora\u00e7\u00e3o Zoo (bichinhos). Higi\u00eanico e seguro, mant\u00e9m as chupetas de impurezas. Sem Ftalatos, BPA e Bisfenol-A.<\/p>\n<p>&nbsp;<\/p>\n","protected":false},"excerpt":{"rendered":"<p>Porta Chupetas Zoo foi desenvolvido para guardar a chupeta do beb\u00ea. \u00c9 pr\u00e1tico porque sua al\u00e7a permite encaixe em bolsas e carrinhos, evitando a perda. Comporta 2 chupetas. Idade: 0+ meses. Tons suaves, decora\u00e7\u00e3o Zoo (bichinhos). Higi\u00eanico e seguro, mant\u00e9m as chupetas de impurezas. Sem Ftalatos, BPA e Bisfenol-A.<\/p>\n","protected":false},"featured_media":10791,"comment_status":"open","ping_status":"closed","template":"","meta":[],"product_cat":[226,227],"product_tag":[419,418,420,421,415,417,416],"class_list":{"0":"post-8749","1":"product","2":"type-product","3":"status-publish","4":"has-post-thumbnail","6":"product_cat-acessorios","7":"product_cat-mamadeira","8":"product_tag-bebes","9":"product_tag-chupetas","10":"product_tag-guardar-chupeta","11":"product_tag-melhor-forma-de-guardar-chupeta","12":"product_tag-porta-chupetas","13":"product_tag-porta-chupetas-para-2-unidades","14":"product_tag-protetor-de-chupetas","15":"pa_idade-0-meses","16":"description-off","18":"first","19":"instock","20":"shipping-taxable","21":"product-type-simple"},"yoast_head":"<!-- This site is optimized with the Yoast SEO plugin v23.7 - https:\/\/yoast.com\/wordpress\/plugins\/seo\/ -->\n<title>Porta Chupeta Zoo - Lolly Kinddy<\/title>\n<meta name=\"description\" content=\"Porta Chupetas Zoo: pr\u00e1tico, seguro e higi\u00eanico. Com al\u00e7a para encaixe em bolsas e carrinhos, evita a perda. Comporta 2 chupetas. Idade: 0+ meses. Decora\u00e7\u00e3o Zoo (bichinhos) em tons suaves. Livre de Ftalatos, BPA e Bisfenol-A.\" \/>\n<meta name=\"robots\" content=\"index, follow, max-snippet:-1, max-image-preview:large, max-video-preview:-1\" \/>\n<link rel=\"canonical\" href=\"https:\/\/lolly.com.br\/kinddy\/produto\/porta-chupeta-zoo\/\" \/>\n<meta property=\"og:locale\" content=\"pt_BR\" \/>\n<meta property=\"og:type\" content=\"article\" \/>\n<meta property=\"og:title\" content=\"Porta Chupeta Zoo - Lolly Kinddy\" \/>\n<meta property=\"og:description\" content=\"Porta Chupetas Zoo: pr\u00e1tico, seguro e higi\u00eanico. Com al\u00e7a para encaixe em bolsas e carrinhos, evita a perda. Comporta 2 chupetas. Idade: 0+ meses. Decora\u00e7\u00e3o Zoo (bichinhos) em tons suaves. Livre de Ftalatos, BPA e Bisfenol-A.\" \/>\n<meta property=\"og:url\" content=\"https:\/\/lolly.com.br\/kinddy\/produto\/porta-chupeta-zoo\/\" \/>\n<meta property=\"og:site_name\" content=\"Lolly Kinddy\" \/>\n<meta property=\"article:modified_time\" content=\"2024-08-28T14:22:57+00:00\" \/>\n<meta property=\"og:image\" content=\"https:\/\/lolly.com.br\/kinddy\/wp-content\/uploads\/2022\/06\/7351-01-F_PORTACHUPETAZOOF_7896699029070-2-559px.jpg\" \/>\n\t<meta property=\"og:image:width\" content=\"559\" \/>\n\t<meta property=\"og:image:height\" content=\"602\" \/>\n\t<meta property=\"og:image:type\" content=\"image\/jpeg\" \/>\n<meta name=\"twitter:card\" content=\"summary_large_image\" \/>\n<meta name=\"twitter:label1\" content=\"Est. tempo de leitura\" \/>\n\t<meta name=\"twitter:data1\" content=\"1 minuto\" \/>\n<script type=\"application\/ld+json\" class=\"yoast-schema-graph\">{\"@context\":\"https:\/\/schema.org\",\"@graph\":[{\"@type\":\"WebPage\",\"@id\":\"https:\/\/lolly.com.br\/kinddy\/produto\/porta-chupeta-zoo\/\",\"url\":\"https:\/\/lolly.com.br\/kinddy\/produto\/porta-chupeta-zoo\/\",\"name\":\"Porta Chupeta Zoo - Lolly Kinddy\",\"isPartOf\":{\"@id\":\"https:\/\/lolly.com.br\/kinddy\/#website\"},\"primaryImageOfPage\":{\"@id\":\"https:\/\/lolly.com.br\/kinddy\/produto\/porta-chupeta-zoo\/#primaryimage\"},\"image\":{\"@id\":\"https:\/\/lolly.com.br\/kinddy\/produto\/porta-chupeta-zoo\/#primaryimage\"},\"thumbnailUrl\":\"https:\/\/lolly.com.br\/kinddy\/wp-content\/uploads\/2022\/06\/7351-01-F_PORTACHUPETAZOOF_7896699029070-2-559px.jpg\",\"datePublished\":\"2022-06-09T20:43:06+00:00\",\"dateModified\":\"2024-08-28T14:22:57+00:00\",\"description\":\"Porta Chupetas Zoo: pr\u00e1tico, seguro e higi\u00eanico. Com al\u00e7a para encaixe em bolsas e carrinhos, evita a perda. Comporta 2 chupetas. Idade: 0+ meses. Decora\u00e7\u00e3o Zoo (bichinhos) em tons suaves. Livre de Ftalatos, BPA e Bisfenol-A.\",\"breadcrumb\":{\"@id\":\"https:\/\/lolly.com.br\/kinddy\/produto\/porta-chupeta-zoo\/#breadcrumb\"},\"inLanguage\":\"pt-BR\",\"potentialAction\":[{\"@type\":\"ReadAction\",\"target\":[\"https:\/\/lolly.com.br\/kinddy\/produto\/porta-chupeta-zoo\/\"]}]},{\"@type\":\"ImageObject\",\"inLanguage\":\"pt-BR\",\"@id\":\"https:\/\/lolly.com.br\/kinddy\/produto\/porta-chupeta-zoo\/#primaryimage\",\"url\":\"https:\/\/lolly.com.br\/kinddy\/wp-content\/uploads\/2022\/06\/7351-01-F_PORTACHUPETAZOOF_7896699029070-2-559px.jpg\",\"contentUrl\":\"https:\/\/lolly.com.br\/kinddy\/wp-content\/uploads\/2022\/06\/7351-01-F_PORTACHUPETAZOOF_7896699029070-2-559px.jpg\",\"width\":559,\"height\":602},{\"@type\":\"BreadcrumbList\",\"@id\":\"https:\/\/lolly.com.br\/kinddy\/produto\/porta-chupeta-zoo\/#breadcrumb\",\"itemListElement\":[{\"@type\":\"ListItem\",\"position\":1,\"name\":\"In\u00edcio\",\"item\":\"https:\/\/lolly.com.br\/kinddy\/\"},{\"@type\":\"ListItem\",\"position\":2,\"name\":\"Produtos\",\"item\":\"https:\/\/lolly.com.br\/kinddy\/produtos\/\"},{\"@type\":\"ListItem\",\"position\":3,\"name\":\"Porta Chupeta Zoo\"}]},{\"@type\":\"WebSite\",\"@id\":\"https:\/\/lolly.com.br\/kinddy\/#website\",\"url\":\"https:\/\/lolly.com.br\/kinddy\/\",\"name\":\"Lolly Kinddy\",\"description\":\"\",\"potentialAction\":[{\"@type\":\"SearchAction\",\"target\":{\"@type\":\"EntryPoint\",\"urlTemplate\":\"https:\/\/lolly.com.br\/kinddy\/?s={search_term_string}\"},\"query-input\":{\"@type\":\"PropertyValueSpecification\",\"valueRequired\":true,\"valueName\":\"search_term_string\"}}],\"inLanguage\":\"pt-BR\"}]}<\/script>\n<!-- \/ Yoast SEO plugin. -->","yoast_head_json":{"title":"Porta Chupeta Zoo - Lolly Kinddy","description":"Porta Chupetas Zoo: pr\u00e1tico, seguro e higi\u00eanico. Com al\u00e7a para encaixe em bolsas e carrinhos, evita a perda. Comporta 2 chupetas. Idade: 0+ meses. Decora\u00e7\u00e3o Zoo (bichinhos) em tons suaves. Livre de Ftalatos, BPA e Bisfenol-A.","robots":{"index":"index","follow":"follow","max-snippet":"max-snippet:-1","max-image-preview":"max-image-preview:large","max-video-preview":"max-video-preview:-1"},"canonical":"https:\/\/lolly.com.br\/kinddy\/produto\/porta-chupeta-zoo\/","og_locale":"pt_BR","og_type":"article","og_title":"Porta Chupeta Zoo - Lolly Kinddy","og_description":"Porta Chupetas Zoo: pr\u00e1tico, seguro e higi\u00eanico. Com al\u00e7a para encaixe em bolsas e carrinhos, evita a perda. Comporta 2 chupetas. Idade: 0+ meses. Decora\u00e7\u00e3o Zoo (bichinhos) em tons suaves. Livre de Ftalatos, BPA e Bisfenol-A.","og_url":"https:\/\/lolly.com.br\/kinddy\/produto\/porta-chupeta-zoo\/","og_site_name":"Lolly Kinddy","article_modified_time":"2024-08-28T14:22:57+00:00","og_image":[{"width":559,"height":602,"url":"https:\/\/lolly.com.br\/kinddy\/wp-content\/uploads\/2022\/06\/7351-01-F_PORTACHUPETAZOOF_7896699029070-2-559px.jpg","type":"image\/jpeg"}],"twitter_card":"summary_large_image","twitter_misc":{"Est. tempo de leitura":"1 minuto"},"schema":{"@context":"https:\/\/schema.org","@graph":[{"@type":"WebPage","@id":"https:\/\/lolly.com.br\/kinddy\/produto\/porta-chupeta-zoo\/","url":"https:\/\/lolly.com.br\/kinddy\/produto\/porta-chupeta-zoo\/","name":"Porta Chupeta Zoo - Lolly Kinddy","isPartOf":{"@id":"https:\/\/lolly.com.br\/kinddy\/#website"},"primaryImageOfPage":{"@id":"https:\/\/lolly.com.br\/kinddy\/produto\/porta-chupeta-zoo\/#primaryimage"},"image":{"@id":"https:\/\/lolly.com.br\/kinddy\/produto\/porta-chupeta-zoo\/#primaryimage"},"thumbnailUrl":"https:\/\/lolly.com.br\/kinddy\/wp-content\/uploads\/2022\/06\/7351-01-F_PORTACHUPETAZOOF_7896699029070-2-559px.jpg","datePublished":"2022-06-09T20:43:06+00:00","dateModified":"2024-08-28T14:22:57+00:00","description":"Porta Chupetas Zoo: pr\u00e1tico, seguro e higi\u00eanico. Com al\u00e7a para encaixe em bolsas e carrinhos, evita a perda. Comporta 2 chupetas. Idade: 0+ meses. Decora\u00e7\u00e3o Zoo (bichinhos) em tons suaves. Livre de Ftalatos, BPA e Bisfenol-A.","breadcrumb":{"@id":"https:\/\/lolly.com.br\/kinddy\/produto\/porta-chupeta-zoo\/#breadcrumb"},"inLanguage":"pt-BR","potentialAction":[{"@type":"ReadAction","target":["https:\/\/lolly.com.br\/kinddy\/produto\/porta-chupeta-zoo\/"]}]},{"@type":"ImageObject","inLanguage":"pt-BR","@id":"https:\/\/lolly.com.br\/kinddy\/produto\/porta-chupeta-zoo\/#primaryimage","url":"https:\/\/lolly.com.br\/kinddy\/wp-content\/uploads\/2022\/06\/7351-01-F_PORTACHUPETAZOOF_7896699029070-2-559px.jpg","contentUrl":"https:\/\/lolly.com.br\/kinddy\/wp-content\/uploads\/2022\/06\/7351-01-F_PORTACHUPETAZOOF_7896699029070-2-559px.jpg","width":559,"height":602},{"@type":"BreadcrumbList","@id":"https:\/\/lolly.com.br\/kinddy\/produto\/porta-chupeta-zoo\/#breadcrumb","itemListElement":[{"@type":"ListItem","position":1,"name":"In\u00edcio","item":"https:\/\/lolly.com.br\/kinddy\/"},{"@type":"ListItem","position":2,"name":"Produtos","item":"https:\/\/lolly.com.br\/kinddy\/produtos\/"},{"@type":"ListItem","position":3,"name":"Porta Chupeta Zoo"}]},{"@type":"WebSite","@id":"https:\/\/lolly.com.br\/kinddy\/#website","url":"https:\/\/lolly.com.br\/kinddy\/","name":"Lolly Kinddy","description":"","potentialAction":[{"@type":"SearchAction","target":{"@type":"EntryPoint","urlTemplate":"https:\/\/lolly.com.br\/kinddy\/?s={search_term_string}"},"query-input":{"@type":"PropertyValueSpecification","valueRequired":true,"valueName":"search_term_string"}}],"inLanguage":"pt-BR"}]}},"_links":{"self":[{"href":"https:\/\/lolly.com.br\/kinddy\/wp-json\/wp\/v2\/product\/8749","targetHints":{"allow":["GET"]}}],"collection":[{"href":"https:\/\/lolly.com.br\/kinddy\/wp-json\/wp\/v2\/product"}],"about":[{"href":"https:\/\/lolly.com.br\/kinddy\/wp-json\/wp\/v2\/types\/product"}],"replies":[{"embeddable":true,"href":"https:\/\/lolly.com.br\/kinddy\/wp-json\/wp\/v2\/comments?post=8749"}],"version-history":[{"count":3,"href":"https:\/\/lolly.com.br\/kinddy\/wp-json\/wp\/v2\/product\/8749\/revisions"}],"predecessor-version":[{"id":9929,"href":"https:\/\/lolly.com.br\/kinddy\/wp-json\/wp\/v2\/product\/8749\/revisions\/9929"}],"wp:featuredmedia":[{"embeddable":true,"href":"https:\/\/lolly.com.br\/kinddy\/wp-json\/wp\/v2\/media\/10791"}],"wp:attachment":[{"href":"https:\/\/lolly.com.br\/kinddy\/wp-json\/wp\/v2\/media?parent=8749"}],"wp:term":[{"taxonomy":"product_cat","embeddable":true,"href":"https:\/\/lolly.com.br\/kinddy\/wp-json\/wp\/v2\/product_cat?post=8749"},{"taxonomy":"product_tag","embeddable":true,"href":"https:\/\/lolly.com.br\/kinddy\/wp-json\/wp\/v2\/product_tag?post=8749"}],"curies":[{"name":"wp","href":"https:\/\/api.w.org\/{rel}","templated":true}]}}