{"id":8743,"date":"2022-06-09T17:43:05","date_gmt":"2022-06-09T20:43:05","guid":{"rendered":"https:\/\/lolly.com.br\/kinddy\/produto\/prendedor-de-chupeta-dreams\/"},"modified":"2023-06-07T15:43:38","modified_gmt":"2023-06-07T18:43:38","slug":"prendedor-de-chupeta-dreams","status":"publish","type":"product","link":"https:\/\/lolly.com.br\/kinddy\/produto\/prendedor-de-chupeta-dreams\/","title":{"rendered":"Prendedor de Chupeta Dreams"},"content":{"rendered":"<p>Prendedor de Chupeta Dreams, com clip f\u00e1cil de prender e seguro, o beb\u00ea pode puxar que n\u00e3o solta. Idade: 0+ Meses. Possui fita lav\u00e1vel e anel flex\u00edvel, que permite utilizar como quiser.<\/p>\n<p>Compat\u00edvel com chupetas com al\u00e7a e sem. Decora\u00e7\u00e3o Dreams (sonhos) em tons suaves.<\/p>\n<p>Ajuda a manter a chupeta limpa e evitar sua perda.<\/p>\n","protected":false},"excerpt":{"rendered":"<p>Prendedor de Chupeta Dreams, com clip f\u00e1cil de prender e seguro, o beb\u00ea pode puxar que n\u00e3o solta. Idade: 0+ Meses. Possui fita lav\u00e1vel e anel flex\u00edvel, que permite utilizar como quiser. Compat\u00edvel com chupetas com al\u00e7a e sem. Decora\u00e7\u00e3o Dreams (sonhos) em tons suaves. Ajuda a manter a chupeta limpa e evitar sua perda.<\/p>\n","protected":false},"featured_media":8744,"comment_status":"open","ping_status":"closed","template":"","meta":[],"product_cat":[226,227],"product_tag":[427,396,357,426,425,422,423,424],"class_list":{"0":"post-8743","1":"product","2":"type-product","3":"status-publish","4":"has-post-thumbnail","6":"product_cat-acessorios","7":"product_cat-mamadeira","8":"product_tag-bebe","9":"product_tag-chupeta","10":"product_tag-maternidade","11":"product_tag-melhor-prendendor-para-chupeta","12":"product_tag-melhores-prendedores-para-chupetas","13":"product_tag-prendedor-de-chupetas","14":"product_tag-prendendor-para-chupetas","15":"product_tag-prendendor-para-chupetas-sem-alca","16":"pa_idade-0-meses","17":"description-off","19":"first","20":"instock","21":"shipping-taxable","22":"product-type-simple"},"yoast_head":"<!-- This site is optimized with the Yoast SEO plugin v23.7 - https:\/\/yoast.com\/wordpress\/plugins\/seo\/ -->\n<title>Prendedor de Chupeta Dreams - Lolly Kinddy<\/title>\n<meta name=\"description\" content=\"Prendedor de Chupeta Dreams: seguro, vers\u00e1til e encantador. Ajuda a manter a chupeta limpa e evita perdas. Clip f\u00e1cil de prender e seguro. Compat\u00edvel com chupetas com al\u00e7a e sem. Idade: 0+ Meses. Decora\u00e7\u00e3o Dreams em tons suaves.\" \/>\n<meta name=\"robots\" content=\"index, follow, max-snippet:-1, max-image-preview:large, max-video-preview:-1\" \/>\n<link rel=\"canonical\" href=\"https:\/\/lolly.com.br\/kinddy\/produto\/prendedor-de-chupeta-dreams\/\" \/>\n<meta property=\"og:locale\" content=\"pt_BR\" \/>\n<meta property=\"og:type\" content=\"article\" \/>\n<meta property=\"og:title\" content=\"Prendedor de Chupeta Dreams - Lolly Kinddy\" \/>\n<meta property=\"og:description\" content=\"Prendedor de Chupeta Dreams: seguro, vers\u00e1til e encantador. Ajuda a manter a chupeta limpa e evita perdas. Clip f\u00e1cil de prender e seguro. Compat\u00edvel com chupetas com al\u00e7a e sem. Idade: 0+ Meses. Decora\u00e7\u00e3o Dreams em tons suaves.\" \/>\n<meta property=\"og:url\" content=\"https:\/\/lolly.com.br\/kinddy\/produto\/prendedor-de-chupeta-dreams\/\" \/>\n<meta property=\"og:site_name\" content=\"Lolly Kinddy\" \/>\n<meta property=\"article:modified_time\" content=\"2023-06-07T18:43:38+00:00\" \/>\n<meta property=\"og:image\" content=\"https:\/\/lolly.com.br\/kinddy\/wp-content\/uploads\/2022\/06\/7075-1-1.png\" \/>\n\t<meta property=\"og:image:width\" content=\"875\" \/>\n\t<meta property=\"og:image:height\" content=\"875\" \/>\n\t<meta property=\"og:image:type\" content=\"image\/png\" \/>\n<meta name=\"twitter:card\" content=\"summary_large_image\" \/>\n<meta name=\"twitter:label1\" content=\"Est. tempo de leitura\" \/>\n\t<meta name=\"twitter:data1\" content=\"1 minuto\" \/>\n<script type=\"application\/ld+json\" class=\"yoast-schema-graph\">{\"@context\":\"https:\/\/schema.org\",\"@graph\":[{\"@type\":\"WebPage\",\"@id\":\"https:\/\/lolly.com.br\/kinddy\/produto\/prendedor-de-chupeta-dreams\/\",\"url\":\"https:\/\/lolly.com.br\/kinddy\/produto\/prendedor-de-chupeta-dreams\/\",\"name\":\"Prendedor de Chupeta Dreams - Lolly Kinddy\",\"isPartOf\":{\"@id\":\"https:\/\/lolly.com.br\/kinddy\/#website\"},\"primaryImageOfPage\":{\"@id\":\"https:\/\/lolly.com.br\/kinddy\/produto\/prendedor-de-chupeta-dreams\/#primaryimage\"},\"image\":{\"@id\":\"https:\/\/lolly.com.br\/kinddy\/produto\/prendedor-de-chupeta-dreams\/#primaryimage\"},\"thumbnailUrl\":\"https:\/\/lolly.com.br\/kinddy\/wp-content\/uploads\/2022\/06\/7075-1-1.png\",\"datePublished\":\"2022-06-09T20:43:05+00:00\",\"dateModified\":\"2023-06-07T18:43:38+00:00\",\"description\":\"Prendedor de Chupeta Dreams: seguro, vers\u00e1til e encantador. Ajuda a manter a chupeta limpa e evita perdas. Clip f\u00e1cil de prender e seguro. Compat\u00edvel com chupetas com al\u00e7a e sem. Idade: 0+ Meses. Decora\u00e7\u00e3o Dreams em tons suaves.\",\"breadcrumb\":{\"@id\":\"https:\/\/lolly.com.br\/kinddy\/produto\/prendedor-de-chupeta-dreams\/#breadcrumb\"},\"inLanguage\":\"pt-BR\",\"potentialAction\":[{\"@type\":\"ReadAction\",\"target\":[\"https:\/\/lolly.com.br\/kinddy\/produto\/prendedor-de-chupeta-dreams\/\"]}]},{\"@type\":\"ImageObject\",\"inLanguage\":\"pt-BR\",\"@id\":\"https:\/\/lolly.com.br\/kinddy\/produto\/prendedor-de-chupeta-dreams\/#primaryimage\",\"url\":\"https:\/\/lolly.com.br\/kinddy\/wp-content\/uploads\/2022\/06\/7075-1-1.png\",\"contentUrl\":\"https:\/\/lolly.com.br\/kinddy\/wp-content\/uploads\/2022\/06\/7075-1-1.png\",\"width\":875,\"height\":875,\"caption\":\"Prendedor de Chupeta Dreams\"},{\"@type\":\"BreadcrumbList\",\"@id\":\"https:\/\/lolly.com.br\/kinddy\/produto\/prendedor-de-chupeta-dreams\/#breadcrumb\",\"itemListElement\":[{\"@type\":\"ListItem\",\"position\":1,\"name\":\"In\u00edcio\",\"item\":\"https:\/\/lolly.com.br\/kinddy\/\"},{\"@type\":\"ListItem\",\"position\":2,\"name\":\"Produtos\",\"item\":\"https:\/\/lolly.com.br\/kinddy\/produtos\/\"},{\"@type\":\"ListItem\",\"position\":3,\"name\":\"Prendedor de Chupeta Dreams\"}]},{\"@type\":\"WebSite\",\"@id\":\"https:\/\/lolly.com.br\/kinddy\/#website\",\"url\":\"https:\/\/lolly.com.br\/kinddy\/\",\"name\":\"Lolly Kinddy\",\"description\":\"\",\"potentialAction\":[{\"@type\":\"SearchAction\",\"target\":{\"@type\":\"EntryPoint\",\"urlTemplate\":\"https:\/\/lolly.com.br\/kinddy\/?s={search_term_string}\"},\"query-input\":{\"@type\":\"PropertyValueSpecification\",\"valueRequired\":true,\"valueName\":\"search_term_string\"}}],\"inLanguage\":\"pt-BR\"}]}<\/script>\n<!-- \/ Yoast SEO plugin. -->","yoast_head_json":{"title":"Prendedor de Chupeta Dreams - Lolly Kinddy","description":"Prendedor de Chupeta Dreams: seguro, vers\u00e1til e encantador. Ajuda a manter a chupeta limpa e evita perdas. Clip f\u00e1cil de prender e seguro. Compat\u00edvel com chupetas com al\u00e7a e sem. Idade: 0+ Meses. Decora\u00e7\u00e3o Dreams em tons suaves.","robots":{"index":"index","follow":"follow","max-snippet":"max-snippet:-1","max-image-preview":"max-image-preview:large","max-video-preview":"max-video-preview:-1"},"canonical":"https:\/\/lolly.com.br\/kinddy\/produto\/prendedor-de-chupeta-dreams\/","og_locale":"pt_BR","og_type":"article","og_title":"Prendedor de Chupeta Dreams - Lolly Kinddy","og_description":"Prendedor de Chupeta Dreams: seguro, vers\u00e1til e encantador. Ajuda a manter a chupeta limpa e evita perdas. Clip f\u00e1cil de prender e seguro. Compat\u00edvel com chupetas com al\u00e7a e sem. Idade: 0+ Meses. Decora\u00e7\u00e3o Dreams em tons suaves.","og_url":"https:\/\/lolly.com.br\/kinddy\/produto\/prendedor-de-chupeta-dreams\/","og_site_name":"Lolly Kinddy","article_modified_time":"2023-06-07T18:43:38+00:00","og_image":[{"width":875,"height":875,"url":"https:\/\/lolly.com.br\/kinddy\/wp-content\/uploads\/2022\/06\/7075-1-1.png","type":"image\/png"}],"twitter_card":"summary_large_image","twitter_misc":{"Est. tempo de leitura":"1 minuto"},"schema":{"@context":"https:\/\/schema.org","@graph":[{"@type":"WebPage","@id":"https:\/\/lolly.com.br\/kinddy\/produto\/prendedor-de-chupeta-dreams\/","url":"https:\/\/lolly.com.br\/kinddy\/produto\/prendedor-de-chupeta-dreams\/","name":"Prendedor de Chupeta Dreams - Lolly Kinddy","isPartOf":{"@id":"https:\/\/lolly.com.br\/kinddy\/#website"},"primaryImageOfPage":{"@id":"https:\/\/lolly.com.br\/kinddy\/produto\/prendedor-de-chupeta-dreams\/#primaryimage"},"image":{"@id":"https:\/\/lolly.com.br\/kinddy\/produto\/prendedor-de-chupeta-dreams\/#primaryimage"},"thumbnailUrl":"https:\/\/lolly.com.br\/kinddy\/wp-content\/uploads\/2022\/06\/7075-1-1.png","datePublished":"2022-06-09T20:43:05+00:00","dateModified":"2023-06-07T18:43:38+00:00","description":"Prendedor de Chupeta Dreams: seguro, vers\u00e1til e encantador. Ajuda a manter a chupeta limpa e evita perdas. Clip f\u00e1cil de prender e seguro. Compat\u00edvel com chupetas com al\u00e7a e sem. Idade: 0+ Meses. Decora\u00e7\u00e3o Dreams em tons suaves.","breadcrumb":{"@id":"https:\/\/lolly.com.br\/kinddy\/produto\/prendedor-de-chupeta-dreams\/#breadcrumb"},"inLanguage":"pt-BR","potentialAction":[{"@type":"ReadAction","target":["https:\/\/lolly.com.br\/kinddy\/produto\/prendedor-de-chupeta-dreams\/"]}]},{"@type":"ImageObject","inLanguage":"pt-BR","@id":"https:\/\/lolly.com.br\/kinddy\/produto\/prendedor-de-chupeta-dreams\/#primaryimage","url":"https:\/\/lolly.com.br\/kinddy\/wp-content\/uploads\/2022\/06\/7075-1-1.png","contentUrl":"https:\/\/lolly.com.br\/kinddy\/wp-content\/uploads\/2022\/06\/7075-1-1.png","width":875,"height":875,"caption":"Prendedor de Chupeta Dreams"},{"@type":"BreadcrumbList","@id":"https:\/\/lolly.com.br\/kinddy\/produto\/prendedor-de-chupeta-dreams\/#breadcrumb","itemListElement":[{"@type":"ListItem","position":1,"name":"In\u00edcio","item":"https:\/\/lolly.com.br\/kinddy\/"},{"@type":"ListItem","position":2,"name":"Produtos","item":"https:\/\/lolly.com.br\/kinddy\/produtos\/"},{"@type":"ListItem","position":3,"name":"Prendedor de Chupeta Dreams"}]},{"@type":"WebSite","@id":"https:\/\/lolly.com.br\/kinddy\/#website","url":"https:\/\/lolly.com.br\/kinddy\/","name":"Lolly Kinddy","description":"","potentialAction":[{"@type":"SearchAction","target":{"@type":"EntryPoint","urlTemplate":"https:\/\/lolly.com.br\/kinddy\/?s={search_term_string}"},"query-input":{"@type":"PropertyValueSpecification","valueRequired":true,"valueName":"search_term_string"}}],"inLanguage":"pt-BR"}]}},"_links":{"self":[{"href":"https:\/\/lolly.com.br\/kinddy\/wp-json\/wp\/v2\/product\/8743","targetHints":{"allow":["GET"]}}],"collection":[{"href":"https:\/\/lolly.com.br\/kinddy\/wp-json\/wp\/v2\/product"}],"about":[{"href":"https:\/\/lolly.com.br\/kinddy\/wp-json\/wp\/v2\/types\/product"}],"replies":[{"embeddable":true,"href":"https:\/\/lolly.com.br\/kinddy\/wp-json\/wp\/v2\/comments?post=8743"}],"version-history":[{"count":2,"href":"https:\/\/lolly.com.br\/kinddy\/wp-json\/wp\/v2\/product\/8743\/revisions"}],"predecessor-version":[{"id":9945,"href":"https:\/\/lolly.com.br\/kinddy\/wp-json\/wp\/v2\/product\/8743\/revisions\/9945"}],"wp:featuredmedia":[{"embeddable":true,"href":"https:\/\/lolly.com.br\/kinddy\/wp-json\/wp\/v2\/media\/8744"}],"wp:attachment":[{"href":"https:\/\/lolly.com.br\/kinddy\/wp-json\/wp\/v2\/media?parent=8743"}],"wp:term":[{"taxonomy":"product_cat","embeddable":true,"href":"https:\/\/lolly.com.br\/kinddy\/wp-json\/wp\/v2\/product_cat?post=8743"},{"taxonomy":"product_tag","embeddable":true,"href":"https:\/\/lolly.com.br\/kinddy\/wp-json\/wp\/v2\/product_tag?post=8743"}],"curies":[{"name":"wp","href":"https:\/\/api.w.org\/{rel}","templated":true}]}}