{"id":11241,"date":"2025-05-30T08:31:02","date_gmt":"2025-05-30T11:31:02","guid":{"rendered":"https:\/\/lolly.com.br\/kinddy\/?post_type=product&#038;p=11241"},"modified":"2025-05-30T08:31:03","modified_gmt":"2025-05-30T11:31:03","slug":"11241","status":"publish","type":"product","link":"https:\/\/lolly.com.br\/kinddy\/produto\/11241\/","title":{"rendered":""},"content":{"rendered":"<h3 data-start=\"221\" data-end=\"445\">Porta Chupeta Patrulha Canina &#8211; Marshall<\/h3>\n<p data-start=\"221\" data-end=\"445\">Mantenha as chupetas do seu beb\u00ea sempre limpas e ao alcance com o Porta Chupeta da Lolly Kinddy! Com design exclusivo da Patrulha Canina, estampando o divertido Marshall, este acess\u00f3rio \u00e9 ideal para o dia a dia das fam\u00edlias.<\/p>\n<p data-start=\"447\" data-end=\"708\">\u2714 <strong data-start=\"449\" data-end=\"479\">Capacidade para 2 chupetas<\/strong><br data-start=\"479\" data-end=\"482\" \/>\u2714 <strong data-start=\"484\" data-end=\"536\">Al\u00e7a com encaixe pr\u00e1tico para bolsas e carrinhos<\/strong><br data-start=\"536\" data-end=\"539\" \/>\u2714 <strong data-start=\"541\" data-end=\"574\">Material transparente sem cor<\/strong> \u2013 facilita a visualiza\u00e7\u00e3o do conte\u00fado<br data-start=\"612\" data-end=\"615\" \/>\u2714 <strong data-start=\"617\" data-end=\"633\">Livre de BPA<\/strong> \u2013 mais seguran\u00e7a para o seu beb\u00ea<br data-start=\"666\" data-end=\"669\" data-is-only-node=\"\" \/>\u2714 <strong data-start=\"671\" data-end=\"708\">Indicado desde o nascimento (0m+)<\/strong><\/p>\n<p data-start=\"710\" data-end=\"870\">Com a qualidade Lolly Kinddy e o encanto da Nickelodeon, este porta chupeta \u00e9 a escolha perfeita para quem busca praticidade, higiene e estilo em um s\u00f3 produto!<\/p>\n","protected":false},"excerpt":{"rendered":"<p>Porta Chupeta Patrulha Canina &#8211; Marshall Mantenha as chupetas do seu beb\u00ea sempre limpas e ao alcance com o Porta Chupeta da Lolly Kinddy! Com design exclusivo da Patrulha Canina, estampando o divertido Marshall, este acess\u00f3rio \u00e9 ideal para o dia a dia das fam\u00edlias. \u2714 Capacidade para 2 chupetas\u2714 Al\u00e7a com encaixe pr\u00e1tico para&hellip;<\/p>\n","protected":false},"featured_media":11242,"comment_status":"open","ping_status":"closed","template":"","meta":[],"product_cat":[226,599],"product_tag":[],"class_list":{"0":"post-11241","1":"product","2":"type-product","3":"status-publish","4":"has-post-thumbnail","6":"product_cat-acessorios","7":"product_cat-patrulha-canina","8":"description-off","10":"first","11":"instock","12":"shipping-taxable","13":"product-type-simple"},"yoast_head":"<!-- This site is optimized with the Yoast SEO plugin v23.7 - https:\/\/yoast.com\/wordpress\/plugins\/seo\/ -->\n<title>- Lolly Kinddy<\/title>\n<meta name=\"robots\" content=\"index, follow, max-snippet:-1, max-image-preview:large, max-video-preview:-1\" \/>\n<link rel=\"canonical\" href=\"https:\/\/lolly.com.br\/kinddy\/produto\/11241\/\" \/>\n<meta property=\"og:locale\" content=\"pt_BR\" \/>\n<meta property=\"og:type\" content=\"article\" \/>\n<meta property=\"og:title\" content=\"- Lolly Kinddy\" \/>\n<meta property=\"og:description\" content=\"Porta Chupeta Patrulha Canina &#8211; Marshall Mantenha as chupetas do seu beb\u00ea sempre limpas e ao alcance com o Porta Chupeta da Lolly Kinddy! Com design exclusivo da Patrulha Canina, estampando o divertido Marshall, este acess\u00f3rio \u00e9 ideal para o dia a dia das fam\u00edlias. \u2714 Capacidade para 2 chupetas\u2714 Al\u00e7a com encaixe pr\u00e1tico para&hellip;\" \/>\n<meta property=\"og:url\" content=\"https:\/\/lolly.com.br\/kinddy\/produto\/11241\/\" \/>\n<meta property=\"og:site_name\" content=\"Lolly Kinddy\" \/>\n<meta property=\"article:modified_time\" content=\"2025-05-30T11:31:03+00:00\" \/>\n<meta property=\"og:image\" content=\"https:\/\/lolly.com.br\/kinddy\/wp-content\/uploads\/2025\/05\/PC-7351-01_PORTACHUPETAPATR-CANINA_7896699037068-1.png\" \/>\n\t<meta property=\"og:image:width\" content=\"2000\" \/>\n\t<meta property=\"og:image:height\" content=\"2000\" \/>\n\t<meta property=\"og:image:type\" content=\"image\/png\" \/>\n<meta name=\"twitter:card\" content=\"summary_large_image\" \/>\n<meta name=\"twitter:label1\" content=\"Est. tempo de leitura\" \/>\n\t<meta name=\"twitter:data1\" content=\"1 minuto\" \/>\n<script type=\"application\/ld+json\" class=\"yoast-schema-graph\">{\"@context\":\"https:\/\/schema.org\",\"@graph\":[{\"@type\":\"WebPage\",\"@id\":\"https:\/\/lolly.com.br\/kinddy\/produto\/11241\/\",\"url\":\"https:\/\/lolly.com.br\/kinddy\/produto\/11241\/\",\"name\":\"- Lolly Kinddy\",\"isPartOf\":{\"@id\":\"https:\/\/lolly.com.br\/kinddy\/#website\"},\"primaryImageOfPage\":{\"@id\":\"https:\/\/lolly.com.br\/kinddy\/produto\/11241\/#primaryimage\"},\"image\":{\"@id\":\"https:\/\/lolly.com.br\/kinddy\/produto\/11241\/#primaryimage\"},\"thumbnailUrl\":\"https:\/\/lolly.com.br\/kinddy\/wp-content\/uploads\/2025\/05\/PC-7351-01_PORTACHUPETAPATR-CANINA_7896699037068-1.png\",\"datePublished\":\"2025-05-30T11:31:02+00:00\",\"dateModified\":\"2025-05-30T11:31:03+00:00\",\"breadcrumb\":{\"@id\":\"https:\/\/lolly.com.br\/kinddy\/produto\/11241\/#breadcrumb\"},\"inLanguage\":\"pt-BR\",\"potentialAction\":[{\"@type\":\"ReadAction\",\"target\":[\"https:\/\/lolly.com.br\/kinddy\/produto\/11241\/\"]}]},{\"@type\":\"ImageObject\",\"inLanguage\":\"pt-BR\",\"@id\":\"https:\/\/lolly.com.br\/kinddy\/produto\/11241\/#primaryimage\",\"url\":\"https:\/\/lolly.com.br\/kinddy\/wp-content\/uploads\/2025\/05\/PC-7351-01_PORTACHUPETAPATR-CANINA_7896699037068-1.png\",\"contentUrl\":\"https:\/\/lolly.com.br\/kinddy\/wp-content\/uploads\/2025\/05\/PC-7351-01_PORTACHUPETAPATR-CANINA_7896699037068-1.png\",\"width\":2000,\"height\":2000},{\"@type\":\"BreadcrumbList\",\"@id\":\"https:\/\/lolly.com.br\/kinddy\/produto\/11241\/#breadcrumb\",\"itemListElement\":[{\"@type\":\"ListItem\",\"position\":1,\"name\":\"In\u00edcio\",\"item\":\"https:\/\/lolly.com.br\/kinddy\/\"},{\"@type\":\"ListItem\",\"position\":2,\"name\":\"Produtos\",\"item\":\"https:\/\/lolly.com.br\/kinddy\/produtos\/\"}]},{\"@type\":\"WebSite\",\"@id\":\"https:\/\/lolly.com.br\/kinddy\/#website\",\"url\":\"https:\/\/lolly.com.br\/kinddy\/\",\"name\":\"Lolly Kinddy\",\"description\":\"\",\"potentialAction\":[{\"@type\":\"SearchAction\",\"target\":{\"@type\":\"EntryPoint\",\"urlTemplate\":\"https:\/\/lolly.com.br\/kinddy\/?s={search_term_string}\"},\"query-input\":{\"@type\":\"PropertyValueSpecification\",\"valueRequired\":true,\"valueName\":\"search_term_string\"}}],\"inLanguage\":\"pt-BR\"}]}<\/script>\n<!-- \/ Yoast SEO plugin. -->","yoast_head_json":{"title":"- Lolly Kinddy","robots":{"index":"index","follow":"follow","max-snippet":"max-snippet:-1","max-image-preview":"max-image-preview:large","max-video-preview":"max-video-preview:-1"},"canonical":"https:\/\/lolly.com.br\/kinddy\/produto\/11241\/","og_locale":"pt_BR","og_type":"article","og_title":"- Lolly Kinddy","og_description":"Porta Chupeta Patrulha Canina &#8211; Marshall Mantenha as chupetas do seu beb\u00ea sempre limpas e ao alcance com o Porta Chupeta da Lolly Kinddy! Com design exclusivo da Patrulha Canina, estampando o divertido Marshall, este acess\u00f3rio \u00e9 ideal para o dia a dia das fam\u00edlias. \u2714 Capacidade para 2 chupetas\u2714 Al\u00e7a com encaixe pr\u00e1tico para&hellip;","og_url":"https:\/\/lolly.com.br\/kinddy\/produto\/11241\/","og_site_name":"Lolly Kinddy","article_modified_time":"2025-05-30T11:31:03+00:00","og_image":[{"width":2000,"height":2000,"url":"https:\/\/lolly.com.br\/kinddy\/wp-content\/uploads\/2025\/05\/PC-7351-01_PORTACHUPETAPATR-CANINA_7896699037068-1.png","type":"image\/png"}],"twitter_card":"summary_large_image","twitter_misc":{"Est. tempo de leitura":"1 minuto"},"schema":{"@context":"https:\/\/schema.org","@graph":[{"@type":"WebPage","@id":"https:\/\/lolly.com.br\/kinddy\/produto\/11241\/","url":"https:\/\/lolly.com.br\/kinddy\/produto\/11241\/","name":"- Lolly Kinddy","isPartOf":{"@id":"https:\/\/lolly.com.br\/kinddy\/#website"},"primaryImageOfPage":{"@id":"https:\/\/lolly.com.br\/kinddy\/produto\/11241\/#primaryimage"},"image":{"@id":"https:\/\/lolly.com.br\/kinddy\/produto\/11241\/#primaryimage"},"thumbnailUrl":"https:\/\/lolly.com.br\/kinddy\/wp-content\/uploads\/2025\/05\/PC-7351-01_PORTACHUPETAPATR-CANINA_7896699037068-1.png","datePublished":"2025-05-30T11:31:02+00:00","dateModified":"2025-05-30T11:31:03+00:00","breadcrumb":{"@id":"https:\/\/lolly.com.br\/kinddy\/produto\/11241\/#breadcrumb"},"inLanguage":"pt-BR","potentialAction":[{"@type":"ReadAction","target":["https:\/\/lolly.com.br\/kinddy\/produto\/11241\/"]}]},{"@type":"ImageObject","inLanguage":"pt-BR","@id":"https:\/\/lolly.com.br\/kinddy\/produto\/11241\/#primaryimage","url":"https:\/\/lolly.com.br\/kinddy\/wp-content\/uploads\/2025\/05\/PC-7351-01_PORTACHUPETAPATR-CANINA_7896699037068-1.png","contentUrl":"https:\/\/lolly.com.br\/kinddy\/wp-content\/uploads\/2025\/05\/PC-7351-01_PORTACHUPETAPATR-CANINA_7896699037068-1.png","width":2000,"height":2000},{"@type":"BreadcrumbList","@id":"https:\/\/lolly.com.br\/kinddy\/produto\/11241\/#breadcrumb","itemListElement":[{"@type":"ListItem","position":1,"name":"In\u00edcio","item":"https:\/\/lolly.com.br\/kinddy\/"},{"@type":"ListItem","position":2,"name":"Produtos","item":"https:\/\/lolly.com.br\/kinddy\/produtos\/"}]},{"@type":"WebSite","@id":"https:\/\/lolly.com.br\/kinddy\/#website","url":"https:\/\/lolly.com.br\/kinddy\/","name":"Lolly Kinddy","description":"","potentialAction":[{"@type":"SearchAction","target":{"@type":"EntryPoint","urlTemplate":"https:\/\/lolly.com.br\/kinddy\/?s={search_term_string}"},"query-input":{"@type":"PropertyValueSpecification","valueRequired":true,"valueName":"search_term_string"}}],"inLanguage":"pt-BR"}]}},"_links":{"self":[{"href":"https:\/\/lolly.com.br\/kinddy\/wp-json\/wp\/v2\/product\/11241","targetHints":{"allow":["GET"]}}],"collection":[{"href":"https:\/\/lolly.com.br\/kinddy\/wp-json\/wp\/v2\/product"}],"about":[{"href":"https:\/\/lolly.com.br\/kinddy\/wp-json\/wp\/v2\/types\/product"}],"replies":[{"embeddable":true,"href":"https:\/\/lolly.com.br\/kinddy\/wp-json\/wp\/v2\/comments?post=11241"}],"version-history":[{"count":1,"href":"https:\/\/lolly.com.br\/kinddy\/wp-json\/wp\/v2\/product\/11241\/revisions"}],"predecessor-version":[{"id":11244,"href":"https:\/\/lolly.com.br\/kinddy\/wp-json\/wp\/v2\/product\/11241\/revisions\/11244"}],"wp:featuredmedia":[{"embeddable":true,"href":"https:\/\/lolly.com.br\/kinddy\/wp-json\/wp\/v2\/media\/11242"}],"wp:attachment":[{"href":"https:\/\/lolly.com.br\/kinddy\/wp-json\/wp\/v2\/media?parent=11241"}],"wp:term":[{"taxonomy":"product_cat","embeddable":true,"href":"https:\/\/lolly.com.br\/kinddy\/wp-json\/wp\/v2\/product_cat?post=11241"},{"taxonomy":"product_tag","embeddable":true,"href":"https:\/\/lolly.com.br\/kinddy\/wp-json\/wp\/v2\/product_tag?post=11241"}],"curies":[{"name":"wp","href":"https:\/\/api.w.org\/{rel}","templated":true}]}}