{"id":11201,"date":"2025-04-22T14:32:34","date_gmt":"2025-04-22T17:32:34","guid":{"rendered":"https:\/\/lolly.com.br\/kinddy\/?post_type=product&#038;p=11201"},"modified":"2025-04-22T14:32:35","modified_gmt":"2025-04-22T17:32:35","slug":"saboneteira-patrulha-canina","status":"publish","type":"product","link":"https:\/\/lolly.com.br\/kinddy\/produto\/saboneteira-patrulha-canina\/","title":{"rendered":"Saboneteira Patrulha Canina"},"content":{"rendered":"<p class=\"\" data-start=\"85\" data-end=\"228\">A <strong data-start=\"136\" data-end=\"183\">Saboneteira Patrulha Canina da Lolly Kinddy<\/strong> \u00e9 pr\u00e1tica, higi\u00eanica e cheia de fofura! \ud83d\udc96\ud83d\udc36<\/p>\n<p class=\"\" data-start=\"230\" data-end=\"523\">\u2728 Ideal para o <strong data-start=\"245\" data-end=\"270\">uso infantil e adulto<\/strong><br data-start=\"270\" data-end=\"273\" \/>\ud83e\uddf4 Perfeita para levar na bolsa, mochila ou organizar no banheiro<br data-start=\"338\" data-end=\"341\" \/>\ud83d\udebf <strong data-start=\"344\" data-end=\"367\">Pr\u00e1tica e higi\u00eanica<\/strong>, mant\u00e9m o sabonete sempre limpo<br data-start=\"399\" data-end=\"402\" \/>\ud83c\udf1f Design divertido com os personagens mais queridos da crian\u00e7ada<br data-start=\"467\" data-end=\"470\" \/>\u2705 <strong data-start=\"472\" data-end=\"484\">BPA Free<\/strong><br data-start=\"484\" data-end=\"487\" \/>\ud83d\udc76 Indicado a partir de <strong data-start=\"511\" data-end=\"523\">0+ meses<\/strong><\/p>\n","protected":false},"excerpt":{"rendered":"<p>A Saboneteira Patrulha Canina da Lolly Kinddy \u00e9 pr\u00e1tica, higi\u00eanica e cheia de fofura! \ud83d\udc96\ud83d\udc36 \u2728 Ideal para o uso infantil e adulto\ud83e\uddf4 Perfeita para levar na bolsa, mochila ou organizar no banheiro\ud83d\udebf Pr\u00e1tica e higi\u00eanica, mant\u00e9m o sabonete sempre limpo\ud83c\udf1f Design divertido com os personagens mais queridos da crian\u00e7ada\u2705 BPA Free\ud83d\udc76 Indicado a partir&hellip;<\/p>\n","protected":false},"featured_media":11204,"comment_status":"open","ping_status":"closed","template":"","meta":[],"product_cat":[599],"product_tag":[],"class_list":{"0":"post-11201","1":"product","2":"type-product","3":"status-publish","4":"has-post-thumbnail","6":"product_cat-patrulha-canina","7":"description-off","9":"first","10":"instock","11":"shipping-taxable","12":"product-type-simple"},"yoast_head":"<!-- This site is optimized with the Yoast SEO plugin v23.7 - https:\/\/yoast.com\/wordpress\/plugins\/seo\/ -->\n<title>Saboneteira Patrulha Canina - Lolly Kinddy<\/title>\n<meta name=\"robots\" content=\"index, follow, max-snippet:-1, max-image-preview:large, max-video-preview:-1\" \/>\n<link rel=\"canonical\" href=\"https:\/\/lolly.com.br\/kinddy\/produto\/saboneteira-patrulha-canina\/\" \/>\n<meta property=\"og:locale\" content=\"pt_BR\" \/>\n<meta property=\"og:type\" content=\"article\" \/>\n<meta property=\"og:title\" content=\"Saboneteira Patrulha Canina - Lolly Kinddy\" \/>\n<meta property=\"og:description\" content=\"A Saboneteira Patrulha Canina da Lolly Kinddy \u00e9 pr\u00e1tica, higi\u00eanica e cheia de fofura! \ud83d\udc96\ud83d\udc36 \u2728 Ideal para o uso infantil e adulto\ud83e\uddf4 Perfeita para levar na bolsa, mochila ou organizar no banheiro\ud83d\udebf Pr\u00e1tica e higi\u00eanica, mant\u00e9m o sabonete sempre limpo\ud83c\udf1f Design divertido com os personagens mais queridos da crian\u00e7ada\u2705 BPA Free\ud83d\udc76 Indicado a partir&hellip;\" \/>\n<meta property=\"og:url\" content=\"https:\/\/lolly.com.br\/kinddy\/produto\/saboneteira-patrulha-canina\/\" \/>\n<meta property=\"og:site_name\" content=\"Lolly Kinddy\" \/>\n<meta property=\"article:modified_time\" content=\"2025-04-22T17:32:35+00:00\" \/>\n<meta property=\"og:image\" content=\"https:\/\/lolly.com.br\/kinddy\/wp-content\/uploads\/2025\/04\/PC-7144-01-M_SABONETEIRAPATRCANINA-M_7896699037143-1.png\" \/>\n\t<meta property=\"og:image:width\" content=\"1745\" \/>\n\t<meta property=\"og:image:height\" content=\"1475\" \/>\n\t<meta property=\"og:image:type\" content=\"image\/png\" \/>\n<meta name=\"twitter:card\" content=\"summary_large_image\" \/>\n<meta name=\"twitter:label1\" content=\"Est. tempo de leitura\" \/>\n\t<meta name=\"twitter:data1\" content=\"1 minuto\" \/>\n<script type=\"application\/ld+json\" class=\"yoast-schema-graph\">{\"@context\":\"https:\/\/schema.org\",\"@graph\":[{\"@type\":\"WebPage\",\"@id\":\"https:\/\/lolly.com.br\/kinddy\/produto\/saboneteira-patrulha-canina\/\",\"url\":\"https:\/\/lolly.com.br\/kinddy\/produto\/saboneteira-patrulha-canina\/\",\"name\":\"Saboneteira Patrulha Canina - Lolly Kinddy\",\"isPartOf\":{\"@id\":\"https:\/\/lolly.com.br\/kinddy\/#website\"},\"primaryImageOfPage\":{\"@id\":\"https:\/\/lolly.com.br\/kinddy\/produto\/saboneteira-patrulha-canina\/#primaryimage\"},\"image\":{\"@id\":\"https:\/\/lolly.com.br\/kinddy\/produto\/saboneteira-patrulha-canina\/#primaryimage\"},\"thumbnailUrl\":\"https:\/\/lolly.com.br\/kinddy\/wp-content\/uploads\/2025\/04\/PC-7144-01-M_SABONETEIRAPATRCANINA-M_7896699037143-1.png\",\"datePublished\":\"2025-04-22T17:32:34+00:00\",\"dateModified\":\"2025-04-22T17:32:35+00:00\",\"breadcrumb\":{\"@id\":\"https:\/\/lolly.com.br\/kinddy\/produto\/saboneteira-patrulha-canina\/#breadcrumb\"},\"inLanguage\":\"pt-BR\",\"potentialAction\":[{\"@type\":\"ReadAction\",\"target\":[\"https:\/\/lolly.com.br\/kinddy\/produto\/saboneteira-patrulha-canina\/\"]}]},{\"@type\":\"ImageObject\",\"inLanguage\":\"pt-BR\",\"@id\":\"https:\/\/lolly.com.br\/kinddy\/produto\/saboneteira-patrulha-canina\/#primaryimage\",\"url\":\"https:\/\/lolly.com.br\/kinddy\/wp-content\/uploads\/2025\/04\/PC-7144-01-M_SABONETEIRAPATRCANINA-M_7896699037143-1.png\",\"contentUrl\":\"https:\/\/lolly.com.br\/kinddy\/wp-content\/uploads\/2025\/04\/PC-7144-01-M_SABONETEIRAPATRCANINA-M_7896699037143-1.png\",\"width\":1745,\"height\":1475},{\"@type\":\"BreadcrumbList\",\"@id\":\"https:\/\/lolly.com.br\/kinddy\/produto\/saboneteira-patrulha-canina\/#breadcrumb\",\"itemListElement\":[{\"@type\":\"ListItem\",\"position\":1,\"name\":\"In\u00edcio\",\"item\":\"https:\/\/lolly.com.br\/kinddy\/\"},{\"@type\":\"ListItem\",\"position\":2,\"name\":\"Produtos\",\"item\":\"https:\/\/lolly.com.br\/kinddy\/produtos\/\"},{\"@type\":\"ListItem\",\"position\":3,\"name\":\"Saboneteira Patrulha Canina\"}]},{\"@type\":\"WebSite\",\"@id\":\"https:\/\/lolly.com.br\/kinddy\/#website\",\"url\":\"https:\/\/lolly.com.br\/kinddy\/\",\"name\":\"Lolly Kinddy\",\"description\":\"\",\"potentialAction\":[{\"@type\":\"SearchAction\",\"target\":{\"@type\":\"EntryPoint\",\"urlTemplate\":\"https:\/\/lolly.com.br\/kinddy\/?s={search_term_string}\"},\"query-input\":{\"@type\":\"PropertyValueSpecification\",\"valueRequired\":true,\"valueName\":\"search_term_string\"}}],\"inLanguage\":\"pt-BR\"}]}<\/script>\n<!-- \/ Yoast SEO plugin. -->","yoast_head_json":{"title":"Saboneteira Patrulha Canina - Lolly Kinddy","robots":{"index":"index","follow":"follow","max-snippet":"max-snippet:-1","max-image-preview":"max-image-preview:large","max-video-preview":"max-video-preview:-1"},"canonical":"https:\/\/lolly.com.br\/kinddy\/produto\/saboneteira-patrulha-canina\/","og_locale":"pt_BR","og_type":"article","og_title":"Saboneteira Patrulha Canina - Lolly Kinddy","og_description":"A Saboneteira Patrulha Canina da Lolly Kinddy \u00e9 pr\u00e1tica, higi\u00eanica e cheia de fofura! \ud83d\udc96\ud83d\udc36 \u2728 Ideal para o uso infantil e adulto\ud83e\uddf4 Perfeita para levar na bolsa, mochila ou organizar no banheiro\ud83d\udebf Pr\u00e1tica e higi\u00eanica, mant\u00e9m o sabonete sempre limpo\ud83c\udf1f Design divertido com os personagens mais queridos da crian\u00e7ada\u2705 BPA Free\ud83d\udc76 Indicado a partir&hellip;","og_url":"https:\/\/lolly.com.br\/kinddy\/produto\/saboneteira-patrulha-canina\/","og_site_name":"Lolly Kinddy","article_modified_time":"2025-04-22T17:32:35+00:00","og_image":[{"width":1745,"height":1475,"url":"https:\/\/lolly.com.br\/kinddy\/wp-content\/uploads\/2025\/04\/PC-7144-01-M_SABONETEIRAPATRCANINA-M_7896699037143-1.png","type":"image\/png"}],"twitter_card":"summary_large_image","twitter_misc":{"Est. tempo de leitura":"1 minuto"},"schema":{"@context":"https:\/\/schema.org","@graph":[{"@type":"WebPage","@id":"https:\/\/lolly.com.br\/kinddy\/produto\/saboneteira-patrulha-canina\/","url":"https:\/\/lolly.com.br\/kinddy\/produto\/saboneteira-patrulha-canina\/","name":"Saboneteira Patrulha Canina - Lolly Kinddy","isPartOf":{"@id":"https:\/\/lolly.com.br\/kinddy\/#website"},"primaryImageOfPage":{"@id":"https:\/\/lolly.com.br\/kinddy\/produto\/saboneteira-patrulha-canina\/#primaryimage"},"image":{"@id":"https:\/\/lolly.com.br\/kinddy\/produto\/saboneteira-patrulha-canina\/#primaryimage"},"thumbnailUrl":"https:\/\/lolly.com.br\/kinddy\/wp-content\/uploads\/2025\/04\/PC-7144-01-M_SABONETEIRAPATRCANINA-M_7896699037143-1.png","datePublished":"2025-04-22T17:32:34+00:00","dateModified":"2025-04-22T17:32:35+00:00","breadcrumb":{"@id":"https:\/\/lolly.com.br\/kinddy\/produto\/saboneteira-patrulha-canina\/#breadcrumb"},"inLanguage":"pt-BR","potentialAction":[{"@type":"ReadAction","target":["https:\/\/lolly.com.br\/kinddy\/produto\/saboneteira-patrulha-canina\/"]}]},{"@type":"ImageObject","inLanguage":"pt-BR","@id":"https:\/\/lolly.com.br\/kinddy\/produto\/saboneteira-patrulha-canina\/#primaryimage","url":"https:\/\/lolly.com.br\/kinddy\/wp-content\/uploads\/2025\/04\/PC-7144-01-M_SABONETEIRAPATRCANINA-M_7896699037143-1.png","contentUrl":"https:\/\/lolly.com.br\/kinddy\/wp-content\/uploads\/2025\/04\/PC-7144-01-M_SABONETEIRAPATRCANINA-M_7896699037143-1.png","width":1745,"height":1475},{"@type":"BreadcrumbList","@id":"https:\/\/lolly.com.br\/kinddy\/produto\/saboneteira-patrulha-canina\/#breadcrumb","itemListElement":[{"@type":"ListItem","position":1,"name":"In\u00edcio","item":"https:\/\/lolly.com.br\/kinddy\/"},{"@type":"ListItem","position":2,"name":"Produtos","item":"https:\/\/lolly.com.br\/kinddy\/produtos\/"},{"@type":"ListItem","position":3,"name":"Saboneteira Patrulha Canina"}]},{"@type":"WebSite","@id":"https:\/\/lolly.com.br\/kinddy\/#website","url":"https:\/\/lolly.com.br\/kinddy\/","name":"Lolly Kinddy","description":"","potentialAction":[{"@type":"SearchAction","target":{"@type":"EntryPoint","urlTemplate":"https:\/\/lolly.com.br\/kinddy\/?s={search_term_string}"},"query-input":{"@type":"PropertyValueSpecification","valueRequired":true,"valueName":"search_term_string"}}],"inLanguage":"pt-BR"}]}},"_links":{"self":[{"href":"https:\/\/lolly.com.br\/kinddy\/wp-json\/wp\/v2\/product\/11201","targetHints":{"allow":["GET"]}}],"collection":[{"href":"https:\/\/lolly.com.br\/kinddy\/wp-json\/wp\/v2\/product"}],"about":[{"href":"https:\/\/lolly.com.br\/kinddy\/wp-json\/wp\/v2\/types\/product"}],"replies":[{"embeddable":true,"href":"https:\/\/lolly.com.br\/kinddy\/wp-json\/wp\/v2\/comments?post=11201"}],"version-history":[{"count":1,"href":"https:\/\/lolly.com.br\/kinddy\/wp-json\/wp\/v2\/product\/11201\/revisions"}],"predecessor-version":[{"id":11206,"href":"https:\/\/lolly.com.br\/kinddy\/wp-json\/wp\/v2\/product\/11201\/revisions\/11206"}],"wp:featuredmedia":[{"embeddable":true,"href":"https:\/\/lolly.com.br\/kinddy\/wp-json\/wp\/v2\/media\/11204"}],"wp:attachment":[{"href":"https:\/\/lolly.com.br\/kinddy\/wp-json\/wp\/v2\/media?parent=11201"}],"wp:term":[{"taxonomy":"product_cat","embeddable":true,"href":"https:\/\/lolly.com.br\/kinddy\/wp-json\/wp\/v2\/product_cat?post=11201"},{"taxonomy":"product_tag","embeddable":true,"href":"https:\/\/lolly.com.br\/kinddy\/wp-json\/wp\/v2\/product_tag?post=11201"}],"curies":[{"name":"wp","href":"https:\/\/api.w.org\/{rel}","templated":true}]}}