{"id":11197,"date":"2025-04-22T14:23:47","date_gmt":"2025-04-22T17:23:47","guid":{"rendered":"https:\/\/lolly.com.br\/kinddy\/?post_type=product&#038;p=11197"},"modified":"2025-04-22T14:23:48","modified_gmt":"2025-04-22T17:23:48","slug":"kit-cabelo-patrulha-canina","status":"publish","type":"product","link":"https:\/\/lolly.com.br\/kinddy\/produto\/kit-cabelo-patrulha-canina\/","title":{"rendered":"Kit Cabelo Patrulha Canina"},"content":{"rendered":"<p class=\"\" data-start=\"94\" data-end=\"237\">O <strong data-start=\"134\" data-end=\"180\">Kit Cabelo Patrulha Canina da Lolly Kinddy<\/strong> \u00e9 perfeito para os primeiros cuidados dos pequenos! \ud83d\udc99\ud83d\udc76<\/p>\n<p class=\"\" data-start=\"239\" data-end=\"516\">\ud83e\udeae Vem com <strong data-start=\"250\" data-end=\"277\">escova de cerdas macias<\/strong>, ideal para couro cabeludo delicado<br data-start=\"313\" data-end=\"316\" \/>\ud83d\udcab E <strong data-start=\"321\" data-end=\"354\">pente com pontas arredondadas<\/strong>, super seguro e confort\u00e1vel<br data-start=\"382\" data-end=\"385\" \/>\ud83e\uddfc <strong data-start=\"388\" data-end=\"411\">Pr\u00e1tico e higi\u00eanico<\/strong>, para usar no dia a dia sem complica\u00e7\u00e3o<br data-start=\"451\" data-end=\"454\" \/>\ud83d\udc76 Indicado desde o nascimento \u2013 <strong data-start=\"487\" data-end=\"499\">0+ meses<\/strong><br data-start=\"499\" data-end=\"502\" \/>\u2705 <strong data-start=\"504\" data-end=\"516\">BPA Free<\/strong><\/p>\n","protected":false},"excerpt":{"rendered":"<p>O Kit Cabelo Patrulha Canina da Lolly Kinddy \u00e9 perfeito para os primeiros cuidados dos pequenos! \ud83d\udc99\ud83d\udc76 \ud83e\udeae Vem com escova de cerdas macias, ideal para couro cabeludo delicado\ud83d\udcab E pente com pontas arredondadas, super seguro e confort\u00e1vel\ud83e\uddfc Pr\u00e1tico e higi\u00eanico, para usar no dia a dia sem complica\u00e7\u00e3o\ud83d\udc76 Indicado desde o nascimento \u2013 0+&hellip;<\/p>\n","protected":false},"featured_media":11198,"comment_status":"open","ping_status":"closed","template":"","meta":[],"product_cat":[599],"product_tag":[],"class_list":{"0":"post-11197","1":"product","2":"type-product","3":"status-publish","4":"has-post-thumbnail","6":"product_cat-patrulha-canina","7":"description-off","9":"first","10":"instock","11":"shipping-taxable","12":"product-type-simple"},"yoast_head":"<!-- This site is optimized with the Yoast SEO plugin v23.7 - https:\/\/yoast.com\/wordpress\/plugins\/seo\/ -->\n<title>Kit Cabelo Patrulha Canina - Lolly Kinddy<\/title>\n<meta name=\"robots\" content=\"index, follow, max-snippet:-1, max-image-preview:large, max-video-preview:-1\" \/>\n<link rel=\"canonical\" href=\"https:\/\/lolly.com.br\/kinddy\/produto\/kit-cabelo-patrulha-canina\/\" \/>\n<meta property=\"og:locale\" content=\"pt_BR\" \/>\n<meta property=\"og:type\" content=\"article\" \/>\n<meta property=\"og:title\" content=\"Kit Cabelo Patrulha Canina - Lolly Kinddy\" \/>\n<meta property=\"og:description\" content=\"O Kit Cabelo Patrulha Canina da Lolly Kinddy \u00e9 perfeito para os primeiros cuidados dos pequenos! \ud83d\udc99\ud83d\udc76 \ud83e\udeae Vem com escova de cerdas macias, ideal para couro cabeludo delicado\ud83d\udcab E pente com pontas arredondadas, super seguro e confort\u00e1vel\ud83e\uddfc Pr\u00e1tico e higi\u00eanico, para usar no dia a dia sem complica\u00e7\u00e3o\ud83d\udc76 Indicado desde o nascimento \u2013 0+&hellip;\" \/>\n<meta property=\"og:url\" content=\"https:\/\/lolly.com.br\/kinddy\/produto\/kit-cabelo-patrulha-canina\/\" \/>\n<meta property=\"og:site_name\" content=\"Lolly Kinddy\" \/>\n<meta property=\"article:modified_time\" content=\"2025-04-22T17:23:48+00:00\" \/>\n<meta property=\"og:image\" content=\"https:\/\/lolly.com.br\/kinddy\/wp-content\/uploads\/2025\/04\/PC-7054-01-F_KITCABELOPATRCANINA-F_7896699037112-1.png\" \/>\n\t<meta property=\"og:image:width\" content=\"1642\" \/>\n\t<meta property=\"og:image:height\" content=\"1577\" \/>\n\t<meta property=\"og:image:type\" content=\"image\/png\" \/>\n<meta name=\"twitter:card\" content=\"summary_large_image\" \/>\n<meta name=\"twitter:label1\" content=\"Est. tempo de leitura\" \/>\n\t<meta name=\"twitter:data1\" content=\"1 minuto\" \/>\n<script type=\"application\/ld+json\" class=\"yoast-schema-graph\">{\"@context\":\"https:\/\/schema.org\",\"@graph\":[{\"@type\":\"WebPage\",\"@id\":\"https:\/\/lolly.com.br\/kinddy\/produto\/kit-cabelo-patrulha-canina\/\",\"url\":\"https:\/\/lolly.com.br\/kinddy\/produto\/kit-cabelo-patrulha-canina\/\",\"name\":\"Kit Cabelo Patrulha Canina - Lolly Kinddy\",\"isPartOf\":{\"@id\":\"https:\/\/lolly.com.br\/kinddy\/#website\"},\"primaryImageOfPage\":{\"@id\":\"https:\/\/lolly.com.br\/kinddy\/produto\/kit-cabelo-patrulha-canina\/#primaryimage\"},\"image\":{\"@id\":\"https:\/\/lolly.com.br\/kinddy\/produto\/kit-cabelo-patrulha-canina\/#primaryimage\"},\"thumbnailUrl\":\"https:\/\/lolly.com.br\/kinddy\/wp-content\/uploads\/2025\/04\/PC-7054-01-F_KITCABELOPATRCANINA-F_7896699037112-1.png\",\"datePublished\":\"2025-04-22T17:23:47+00:00\",\"dateModified\":\"2025-04-22T17:23:48+00:00\",\"breadcrumb\":{\"@id\":\"https:\/\/lolly.com.br\/kinddy\/produto\/kit-cabelo-patrulha-canina\/#breadcrumb\"},\"inLanguage\":\"pt-BR\",\"potentialAction\":[{\"@type\":\"ReadAction\",\"target\":[\"https:\/\/lolly.com.br\/kinddy\/produto\/kit-cabelo-patrulha-canina\/\"]}]},{\"@type\":\"ImageObject\",\"inLanguage\":\"pt-BR\",\"@id\":\"https:\/\/lolly.com.br\/kinddy\/produto\/kit-cabelo-patrulha-canina\/#primaryimage\",\"url\":\"https:\/\/lolly.com.br\/kinddy\/wp-content\/uploads\/2025\/04\/PC-7054-01-F_KITCABELOPATRCANINA-F_7896699037112-1.png\",\"contentUrl\":\"https:\/\/lolly.com.br\/kinddy\/wp-content\/uploads\/2025\/04\/PC-7054-01-F_KITCABELOPATRCANINA-F_7896699037112-1.png\",\"width\":1642,\"height\":1577},{\"@type\":\"BreadcrumbList\",\"@id\":\"https:\/\/lolly.com.br\/kinddy\/produto\/kit-cabelo-patrulha-canina\/#breadcrumb\",\"itemListElement\":[{\"@type\":\"ListItem\",\"position\":1,\"name\":\"In\u00edcio\",\"item\":\"https:\/\/lolly.com.br\/kinddy\/\"},{\"@type\":\"ListItem\",\"position\":2,\"name\":\"Produtos\",\"item\":\"https:\/\/lolly.com.br\/kinddy\/produtos\/\"},{\"@type\":\"ListItem\",\"position\":3,\"name\":\"Kit Cabelo Patrulha Canina\"}]},{\"@type\":\"WebSite\",\"@id\":\"https:\/\/lolly.com.br\/kinddy\/#website\",\"url\":\"https:\/\/lolly.com.br\/kinddy\/\",\"name\":\"Lolly Kinddy\",\"description\":\"\",\"potentialAction\":[{\"@type\":\"SearchAction\",\"target\":{\"@type\":\"EntryPoint\",\"urlTemplate\":\"https:\/\/lolly.com.br\/kinddy\/?s={search_term_string}\"},\"query-input\":{\"@type\":\"PropertyValueSpecification\",\"valueRequired\":true,\"valueName\":\"search_term_string\"}}],\"inLanguage\":\"pt-BR\"}]}<\/script>\n<!-- \/ Yoast SEO plugin. -->","yoast_head_json":{"title":"Kit Cabelo Patrulha Canina - Lolly Kinddy","robots":{"index":"index","follow":"follow","max-snippet":"max-snippet:-1","max-image-preview":"max-image-preview:large","max-video-preview":"max-video-preview:-1"},"canonical":"https:\/\/lolly.com.br\/kinddy\/produto\/kit-cabelo-patrulha-canina\/","og_locale":"pt_BR","og_type":"article","og_title":"Kit Cabelo Patrulha Canina - Lolly Kinddy","og_description":"O Kit Cabelo Patrulha Canina da Lolly Kinddy \u00e9 perfeito para os primeiros cuidados dos pequenos! \ud83d\udc99\ud83d\udc76 \ud83e\udeae Vem com escova de cerdas macias, ideal para couro cabeludo delicado\ud83d\udcab E pente com pontas arredondadas, super seguro e confort\u00e1vel\ud83e\uddfc Pr\u00e1tico e higi\u00eanico, para usar no dia a dia sem complica\u00e7\u00e3o\ud83d\udc76 Indicado desde o nascimento \u2013 0+&hellip;","og_url":"https:\/\/lolly.com.br\/kinddy\/produto\/kit-cabelo-patrulha-canina\/","og_site_name":"Lolly Kinddy","article_modified_time":"2025-04-22T17:23:48+00:00","og_image":[{"width":1642,"height":1577,"url":"https:\/\/lolly.com.br\/kinddy\/wp-content\/uploads\/2025\/04\/PC-7054-01-F_KITCABELOPATRCANINA-F_7896699037112-1.png","type":"image\/png"}],"twitter_card":"summary_large_image","twitter_misc":{"Est. tempo de leitura":"1 minuto"},"schema":{"@context":"https:\/\/schema.org","@graph":[{"@type":"WebPage","@id":"https:\/\/lolly.com.br\/kinddy\/produto\/kit-cabelo-patrulha-canina\/","url":"https:\/\/lolly.com.br\/kinddy\/produto\/kit-cabelo-patrulha-canina\/","name":"Kit Cabelo Patrulha Canina - Lolly Kinddy","isPartOf":{"@id":"https:\/\/lolly.com.br\/kinddy\/#website"},"primaryImageOfPage":{"@id":"https:\/\/lolly.com.br\/kinddy\/produto\/kit-cabelo-patrulha-canina\/#primaryimage"},"image":{"@id":"https:\/\/lolly.com.br\/kinddy\/produto\/kit-cabelo-patrulha-canina\/#primaryimage"},"thumbnailUrl":"https:\/\/lolly.com.br\/kinddy\/wp-content\/uploads\/2025\/04\/PC-7054-01-F_KITCABELOPATRCANINA-F_7896699037112-1.png","datePublished":"2025-04-22T17:23:47+00:00","dateModified":"2025-04-22T17:23:48+00:00","breadcrumb":{"@id":"https:\/\/lolly.com.br\/kinddy\/produto\/kit-cabelo-patrulha-canina\/#breadcrumb"},"inLanguage":"pt-BR","potentialAction":[{"@type":"ReadAction","target":["https:\/\/lolly.com.br\/kinddy\/produto\/kit-cabelo-patrulha-canina\/"]}]},{"@type":"ImageObject","inLanguage":"pt-BR","@id":"https:\/\/lolly.com.br\/kinddy\/produto\/kit-cabelo-patrulha-canina\/#primaryimage","url":"https:\/\/lolly.com.br\/kinddy\/wp-content\/uploads\/2025\/04\/PC-7054-01-F_KITCABELOPATRCANINA-F_7896699037112-1.png","contentUrl":"https:\/\/lolly.com.br\/kinddy\/wp-content\/uploads\/2025\/04\/PC-7054-01-F_KITCABELOPATRCANINA-F_7896699037112-1.png","width":1642,"height":1577},{"@type":"BreadcrumbList","@id":"https:\/\/lolly.com.br\/kinddy\/produto\/kit-cabelo-patrulha-canina\/#breadcrumb","itemListElement":[{"@type":"ListItem","position":1,"name":"In\u00edcio","item":"https:\/\/lolly.com.br\/kinddy\/"},{"@type":"ListItem","position":2,"name":"Produtos","item":"https:\/\/lolly.com.br\/kinddy\/produtos\/"},{"@type":"ListItem","position":3,"name":"Kit Cabelo Patrulha Canina"}]},{"@type":"WebSite","@id":"https:\/\/lolly.com.br\/kinddy\/#website","url":"https:\/\/lolly.com.br\/kinddy\/","name":"Lolly Kinddy","description":"","potentialAction":[{"@type":"SearchAction","target":{"@type":"EntryPoint","urlTemplate":"https:\/\/lolly.com.br\/kinddy\/?s={search_term_string}"},"query-input":{"@type":"PropertyValueSpecification","valueRequired":true,"valueName":"search_term_string"}}],"inLanguage":"pt-BR"}]}},"_links":{"self":[{"href":"https:\/\/lolly.com.br\/kinddy\/wp-json\/wp\/v2\/product\/11197","targetHints":{"allow":["GET"]}}],"collection":[{"href":"https:\/\/lolly.com.br\/kinddy\/wp-json\/wp\/v2\/product"}],"about":[{"href":"https:\/\/lolly.com.br\/kinddy\/wp-json\/wp\/v2\/types\/product"}],"replies":[{"embeddable":true,"href":"https:\/\/lolly.com.br\/kinddy\/wp-json\/wp\/v2\/comments?post=11197"}],"version-history":[{"count":1,"href":"https:\/\/lolly.com.br\/kinddy\/wp-json\/wp\/v2\/product\/11197\/revisions"}],"predecessor-version":[{"id":11200,"href":"https:\/\/lolly.com.br\/kinddy\/wp-json\/wp\/v2\/product\/11197\/revisions\/11200"}],"wp:featuredmedia":[{"embeddable":true,"href":"https:\/\/lolly.com.br\/kinddy\/wp-json\/wp\/v2\/media\/11198"}],"wp:attachment":[{"href":"https:\/\/lolly.com.br\/kinddy\/wp-json\/wp\/v2\/media?parent=11197"}],"wp:term":[{"taxonomy":"product_cat","embeddable":true,"href":"https:\/\/lolly.com.br\/kinddy\/wp-json\/wp\/v2\/product_cat?post=11197"},{"taxonomy":"product_tag","embeddable":true,"href":"https:\/\/lolly.com.br\/kinddy\/wp-json\/wp\/v2\/product_tag?post=11197"}],"curies":[{"name":"wp","href":"https:\/\/api.w.org\/{rel}","templated":true}]}}