{"id":11193,"date":"2025-04-22T14:19:57","date_gmt":"2025-04-22T17:19:57","guid":{"rendered":"https:\/\/lolly.com.br\/kinddy\/?post_type=product&#038;p=11193"},"modified":"2025-04-22T14:19:57","modified_gmt":"2025-04-22T17:19:57","slug":"copo-com-canudo-patrulha-canina-330ml","status":"publish","type":"product","link":"https:\/\/lolly.com.br\/kinddy\/produto\/copo-com-canudo-patrulha-canina-330ml\/","title":{"rendered":"Copo com Canudo Patrulha Canina 330ml"},"content":{"rendered":"<p class=\"\" data-start=\"161\" data-end=\"332\">Hora de beber com estilo e divers\u00e3o!<br data-start=\"204\" data-end=\"207\" \/>O <strong data-start=\"209\" data-end=\"260\">Copo com Canudo Patrulha Canina da Lolly Kinddy<\/strong> chegou para deixar a hidrata\u00e7\u00e3o dos pequenos muito mais divertida! \ud83d\udca6\ud83d\udc3e<\/p>\n<p class=\"\" data-start=\"334\" data-end=\"722\">\ud83d\udc9c <strong data-start=\"337\" data-end=\"357\">Design anat\u00f4mico<\/strong> que encaixa certinho nas m\u00e3ozinhas \u2013 menos quedas, mais autonomia!<br data-start=\"424\" data-end=\"427\" \/>\ud83e\uddc3 <strong data-start=\"430\" data-end=\"453\">330ml de capacidade<\/strong> para acompanhar todas as aventuras do dia.<br data-start=\"496\" data-end=\"499\" \/>\ud83e\uddfc <strong data-start=\"502\" data-end=\"532\">Tampa protetora deslizante<\/strong> \u2013 abre e fecha f\u00e1cil, mantendo o canudo sempre limpinho.<br data-start=\"589\" data-end=\"592\" \/>\ud83d\udc9b <strong data-start=\"595\" data-end=\"633\">Canudo com ponta macia de silicone<\/strong>, pensado pro conforto na hora de beber.<br data-start=\"673\" data-end=\"676\" \/>\u2b50 Indicado para <strong data-start=\"692\" data-end=\"705\">+18 meses<\/strong><br data-start=\"705\" data-end=\"708\" \/>\u2705 <strong data-start=\"710\" data-end=\"722\">BPA Free<\/strong><\/p>\n<p class=\"\" data-start=\"724\" data-end=\"802\">Com os her\u00f3is da Patrulha Canina ao lado, beber \u00e1gua nunca foi t\u00e3o legal! \ud83d\ude92\ud83d\udc36<\/p>\n","protected":false},"excerpt":{"rendered":"<p>Hora de beber com estilo e divers\u00e3o!O Copo com Canudo Patrulha Canina da Lolly Kinddy chegou para deixar a hidrata\u00e7\u00e3o dos pequenos muito mais divertida! \ud83d\udca6\ud83d\udc3e \ud83d\udc9c Design anat\u00f4mico que encaixa certinho nas m\u00e3ozinhas \u2013 menos quedas, mais autonomia!\ud83e\uddc3 330ml de capacidade para acompanhar todas as aventuras do dia.\ud83e\uddfc Tampa protetora deslizante \u2013 abre e&hellip;<\/p>\n","protected":false},"featured_media":11195,"comment_status":"open","ping_status":"closed","template":"","meta":[],"product_cat":[599],"product_tag":[],"class_list":{"0":"post-11193","1":"product","2":"type-product","3":"status-publish","4":"has-post-thumbnail","6":"product_cat-patrulha-canina","7":"description-off","9":"first","10":"instock","11":"shipping-taxable","12":"product-type-simple"},"yoast_head":"<!-- This site is optimized with the Yoast SEO plugin v23.7 - https:\/\/yoast.com\/wordpress\/plugins\/seo\/ -->\n<title>Copo com Canudo Patrulha Canina 330ml - Lolly Kinddy<\/title>\n<meta name=\"robots\" content=\"index, follow, max-snippet:-1, max-image-preview:large, max-video-preview:-1\" \/>\n<link rel=\"canonical\" href=\"https:\/\/lolly.com.br\/kinddy\/produto\/copo-com-canudo-patrulha-canina-330ml\/\" \/>\n<meta property=\"og:locale\" content=\"pt_BR\" \/>\n<meta property=\"og:type\" content=\"article\" \/>\n<meta property=\"og:title\" content=\"Copo com Canudo Patrulha Canina 330ml - Lolly Kinddy\" \/>\n<meta property=\"og:description\" content=\"Hora de beber com estilo e divers\u00e3o!O Copo com Canudo Patrulha Canina da Lolly Kinddy chegou para deixar a hidrata\u00e7\u00e3o dos pequenos muito mais divertida! \ud83d\udca6\ud83d\udc3e \ud83d\udc9c Design anat\u00f4mico que encaixa certinho nas m\u00e3ozinhas \u2013 menos quedas, mais autonomia!\ud83e\uddc3 330ml de capacidade para acompanhar todas as aventuras do dia.\ud83e\uddfc Tampa protetora deslizante \u2013 abre e&hellip;\" \/>\n<meta property=\"og:url\" content=\"https:\/\/lolly.com.br\/kinddy\/produto\/copo-com-canudo-patrulha-canina-330ml\/\" \/>\n<meta property=\"og:site_name\" content=\"Lolly Kinddy\" \/>\n<meta property=\"og:image\" content=\"https:\/\/lolly.com.br\/kinddy\/wp-content\/uploads\/2025\/04\/PC-7198-00-M_COPOCANUDOPATRCANINA330ML-M_7896699037105-1.png\" \/>\n\t<meta property=\"og:image:width\" content=\"2000\" \/>\n\t<meta property=\"og:image:height\" content=\"2000\" \/>\n\t<meta property=\"og:image:type\" content=\"image\/png\" \/>\n<meta name=\"twitter:card\" content=\"summary_large_image\" \/>\n<meta name=\"twitter:label1\" content=\"Est. tempo de leitura\" \/>\n\t<meta name=\"twitter:data1\" content=\"1 minuto\" \/>\n<script type=\"application\/ld+json\" class=\"yoast-schema-graph\">{\"@context\":\"https:\/\/schema.org\",\"@graph\":[{\"@type\":\"WebPage\",\"@id\":\"https:\/\/lolly.com.br\/kinddy\/produto\/copo-com-canudo-patrulha-canina-330ml\/\",\"url\":\"https:\/\/lolly.com.br\/kinddy\/produto\/copo-com-canudo-patrulha-canina-330ml\/\",\"name\":\"Copo com Canudo Patrulha Canina 330ml - Lolly Kinddy\",\"isPartOf\":{\"@id\":\"https:\/\/lolly.com.br\/kinddy\/#website\"},\"primaryImageOfPage\":{\"@id\":\"https:\/\/lolly.com.br\/kinddy\/produto\/copo-com-canudo-patrulha-canina-330ml\/#primaryimage\"},\"image\":{\"@id\":\"https:\/\/lolly.com.br\/kinddy\/produto\/copo-com-canudo-patrulha-canina-330ml\/#primaryimage\"},\"thumbnailUrl\":\"https:\/\/lolly.com.br\/kinddy\/wp-content\/uploads\/2025\/04\/PC-7198-00-M_COPOCANUDOPATRCANINA330ML-M_7896699037105-1.png\",\"datePublished\":\"2025-04-22T17:19:57+00:00\",\"dateModified\":\"2025-04-22T17:19:57+00:00\",\"breadcrumb\":{\"@id\":\"https:\/\/lolly.com.br\/kinddy\/produto\/copo-com-canudo-patrulha-canina-330ml\/#breadcrumb\"},\"inLanguage\":\"pt-BR\",\"potentialAction\":[{\"@type\":\"ReadAction\",\"target\":[\"https:\/\/lolly.com.br\/kinddy\/produto\/copo-com-canudo-patrulha-canina-330ml\/\"]}]},{\"@type\":\"ImageObject\",\"inLanguage\":\"pt-BR\",\"@id\":\"https:\/\/lolly.com.br\/kinddy\/produto\/copo-com-canudo-patrulha-canina-330ml\/#primaryimage\",\"url\":\"https:\/\/lolly.com.br\/kinddy\/wp-content\/uploads\/2025\/04\/PC-7198-00-M_COPOCANUDOPATRCANINA330ML-M_7896699037105-1.png\",\"contentUrl\":\"https:\/\/lolly.com.br\/kinddy\/wp-content\/uploads\/2025\/04\/PC-7198-00-M_COPOCANUDOPATRCANINA330ML-M_7896699037105-1.png\",\"width\":2000,\"height\":2000},{\"@type\":\"BreadcrumbList\",\"@id\":\"https:\/\/lolly.com.br\/kinddy\/produto\/copo-com-canudo-patrulha-canina-330ml\/#breadcrumb\",\"itemListElement\":[{\"@type\":\"ListItem\",\"position\":1,\"name\":\"In\u00edcio\",\"item\":\"https:\/\/lolly.com.br\/kinddy\/\"},{\"@type\":\"ListItem\",\"position\":2,\"name\":\"Produtos\",\"item\":\"https:\/\/lolly.com.br\/kinddy\/produtos\/\"},{\"@type\":\"ListItem\",\"position\":3,\"name\":\"Copo com Canudo Patrulha Canina 330ml\"}]},{\"@type\":\"WebSite\",\"@id\":\"https:\/\/lolly.com.br\/kinddy\/#website\",\"url\":\"https:\/\/lolly.com.br\/kinddy\/\",\"name\":\"Lolly Kinddy\",\"description\":\"\",\"potentialAction\":[{\"@type\":\"SearchAction\",\"target\":{\"@type\":\"EntryPoint\",\"urlTemplate\":\"https:\/\/lolly.com.br\/kinddy\/?s={search_term_string}\"},\"query-input\":{\"@type\":\"PropertyValueSpecification\",\"valueRequired\":true,\"valueName\":\"search_term_string\"}}],\"inLanguage\":\"pt-BR\"}]}<\/script>\n<!-- \/ Yoast SEO plugin. -->","yoast_head_json":{"title":"Copo com Canudo Patrulha Canina 330ml - Lolly Kinddy","robots":{"index":"index","follow":"follow","max-snippet":"max-snippet:-1","max-image-preview":"max-image-preview:large","max-video-preview":"max-video-preview:-1"},"canonical":"https:\/\/lolly.com.br\/kinddy\/produto\/copo-com-canudo-patrulha-canina-330ml\/","og_locale":"pt_BR","og_type":"article","og_title":"Copo com Canudo Patrulha Canina 330ml - Lolly Kinddy","og_description":"Hora de beber com estilo e divers\u00e3o!O Copo com Canudo Patrulha Canina da Lolly Kinddy chegou para deixar a hidrata\u00e7\u00e3o dos pequenos muito mais divertida! \ud83d\udca6\ud83d\udc3e \ud83d\udc9c Design anat\u00f4mico que encaixa certinho nas m\u00e3ozinhas \u2013 menos quedas, mais autonomia!\ud83e\uddc3 330ml de capacidade para acompanhar todas as aventuras do dia.\ud83e\uddfc Tampa protetora deslizante \u2013 abre e&hellip;","og_url":"https:\/\/lolly.com.br\/kinddy\/produto\/copo-com-canudo-patrulha-canina-330ml\/","og_site_name":"Lolly Kinddy","og_image":[{"width":2000,"height":2000,"url":"https:\/\/lolly.com.br\/kinddy\/wp-content\/uploads\/2025\/04\/PC-7198-00-M_COPOCANUDOPATRCANINA330ML-M_7896699037105-1.png","type":"image\/png"}],"twitter_card":"summary_large_image","twitter_misc":{"Est. tempo de leitura":"1 minuto"},"schema":{"@context":"https:\/\/schema.org","@graph":[{"@type":"WebPage","@id":"https:\/\/lolly.com.br\/kinddy\/produto\/copo-com-canudo-patrulha-canina-330ml\/","url":"https:\/\/lolly.com.br\/kinddy\/produto\/copo-com-canudo-patrulha-canina-330ml\/","name":"Copo com Canudo Patrulha Canina 330ml - Lolly Kinddy","isPartOf":{"@id":"https:\/\/lolly.com.br\/kinddy\/#website"},"primaryImageOfPage":{"@id":"https:\/\/lolly.com.br\/kinddy\/produto\/copo-com-canudo-patrulha-canina-330ml\/#primaryimage"},"image":{"@id":"https:\/\/lolly.com.br\/kinddy\/produto\/copo-com-canudo-patrulha-canina-330ml\/#primaryimage"},"thumbnailUrl":"https:\/\/lolly.com.br\/kinddy\/wp-content\/uploads\/2025\/04\/PC-7198-00-M_COPOCANUDOPATRCANINA330ML-M_7896699037105-1.png","datePublished":"2025-04-22T17:19:57+00:00","dateModified":"2025-04-22T17:19:57+00:00","breadcrumb":{"@id":"https:\/\/lolly.com.br\/kinddy\/produto\/copo-com-canudo-patrulha-canina-330ml\/#breadcrumb"},"inLanguage":"pt-BR","potentialAction":[{"@type":"ReadAction","target":["https:\/\/lolly.com.br\/kinddy\/produto\/copo-com-canudo-patrulha-canina-330ml\/"]}]},{"@type":"ImageObject","inLanguage":"pt-BR","@id":"https:\/\/lolly.com.br\/kinddy\/produto\/copo-com-canudo-patrulha-canina-330ml\/#primaryimage","url":"https:\/\/lolly.com.br\/kinddy\/wp-content\/uploads\/2025\/04\/PC-7198-00-M_COPOCANUDOPATRCANINA330ML-M_7896699037105-1.png","contentUrl":"https:\/\/lolly.com.br\/kinddy\/wp-content\/uploads\/2025\/04\/PC-7198-00-M_COPOCANUDOPATRCANINA330ML-M_7896699037105-1.png","width":2000,"height":2000},{"@type":"BreadcrumbList","@id":"https:\/\/lolly.com.br\/kinddy\/produto\/copo-com-canudo-patrulha-canina-330ml\/#breadcrumb","itemListElement":[{"@type":"ListItem","position":1,"name":"In\u00edcio","item":"https:\/\/lolly.com.br\/kinddy\/"},{"@type":"ListItem","position":2,"name":"Produtos","item":"https:\/\/lolly.com.br\/kinddy\/produtos\/"},{"@type":"ListItem","position":3,"name":"Copo com Canudo Patrulha Canina 330ml"}]},{"@type":"WebSite","@id":"https:\/\/lolly.com.br\/kinddy\/#website","url":"https:\/\/lolly.com.br\/kinddy\/","name":"Lolly Kinddy","description":"","potentialAction":[{"@type":"SearchAction","target":{"@type":"EntryPoint","urlTemplate":"https:\/\/lolly.com.br\/kinddy\/?s={search_term_string}"},"query-input":{"@type":"PropertyValueSpecification","valueRequired":true,"valueName":"search_term_string"}}],"inLanguage":"pt-BR"}]}},"_links":{"self":[{"href":"https:\/\/lolly.com.br\/kinddy\/wp-json\/wp\/v2\/product\/11193","targetHints":{"allow":["GET"]}}],"collection":[{"href":"https:\/\/lolly.com.br\/kinddy\/wp-json\/wp\/v2\/product"}],"about":[{"href":"https:\/\/lolly.com.br\/kinddy\/wp-json\/wp\/v2\/types\/product"}],"replies":[{"embeddable":true,"href":"https:\/\/lolly.com.br\/kinddy\/wp-json\/wp\/v2\/comments?post=11193"}],"version-history":[{"count":1,"href":"https:\/\/lolly.com.br\/kinddy\/wp-json\/wp\/v2\/product\/11193\/revisions"}],"predecessor-version":[{"id":11196,"href":"https:\/\/lolly.com.br\/kinddy\/wp-json\/wp\/v2\/product\/11193\/revisions\/11196"}],"wp:featuredmedia":[{"embeddable":true,"href":"https:\/\/lolly.com.br\/kinddy\/wp-json\/wp\/v2\/media\/11195"}],"wp:attachment":[{"href":"https:\/\/lolly.com.br\/kinddy\/wp-json\/wp\/v2\/media?parent=11193"}],"wp:term":[{"taxonomy":"product_cat","embeddable":true,"href":"https:\/\/lolly.com.br\/kinddy\/wp-json\/wp\/v2\/product_cat?post=11193"},{"taxonomy":"product_tag","embeddable":true,"href":"https:\/\/lolly.com.br\/kinddy\/wp-json\/wp\/v2\/product_tag?post=11193"}],"curies":[{"name":"wp","href":"https:\/\/api.w.org\/{rel}","templated":true}]}}