{"id":11127,"date":"2025-04-16T12:22:40","date_gmt":"2025-04-16T15:22:40","guid":{"rendered":"https:\/\/lolly.com.br\/kinddy\/?post_type=product&#038;p=11127"},"modified":"2025-04-16T12:22:40","modified_gmt":"2025-04-16T15:22:40","slug":"mordedor-de-silicone-koally","status":"publish","type":"product","link":"https:\/\/lolly.com.br\/kinddy\/produto\/mordedor-de-silicone-koally\/","title":{"rendered":"Mordedor de Silicone Koally"},"content":{"rendered":"<h3 class=\"\" data-start=\"172\" data-end=\"223\">Mordedor de Silicone Koally \u2013 Lolly Kinddy<\/h3>\n<p class=\"\" data-start=\"224\" data-end=\"453\">A hora do nascimento dos primeiros dentinhos pode ser desafiadora para o beb\u00ea e para a fam\u00edlia. Pensando nisso, a Lolly Kinddy traz o <strong data-start=\"358\" data-end=\"377\">Mordedor Koally<\/strong>, feito 100% de silicone de alta qualidade, seguro, macio e cheio de charme!<\/p>\n<p class=\"\" data-start=\"455\" data-end=\"841\">Com toque suave, formas amig\u00e1veis e diferentes texturas, o Mordedor Koally foi desenvolvido especialmente para <strong data-start=\"566\" data-end=\"603\">aliviar o desconforto da denti\u00e7\u00e3o<\/strong>, proporcionando uma massagem suave que <strong data-start=\"643\" data-end=\"682\">acalma e estimula os dentes molares<\/strong>. Al\u00e9m disso, seu design inteligente \u00e9 <strong data-start=\"721\" data-end=\"780\">superflex\u00edvel e f\u00e1cil de segurar por m\u00e3ozinhas pequenas<\/strong>, favorecendo a coordena\u00e7\u00e3o motora desde os 4 meses de idade.<\/p>\n<p class=\"\" data-start=\"843\" data-end=\"935\">Ideal para transformar momentos de desconforto em descobertas sensoriais e tranquilidade. \ud83d\udc99<\/p>\n<hr class=\"\" data-start=\"937\" data-end=\"940\" \/>\n<h3 class=\"\" data-start=\"942\" data-end=\"970\">\ud83c\udf1f Destaques do produto:<\/h3>\n<ul data-start=\"971\" data-end=\"1313\">\n<li class=\"\" data-start=\"971\" data-end=\"1018\">\n<p class=\"\" data-start=\"973\" data-end=\"1018\">\u2705 Indicado para beb\u00eas a partir de <strong data-start=\"1007\" data-end=\"1018\">4 meses<\/strong><\/p>\n<\/li>\n<li class=\"\" data-start=\"1019\" data-end=\"1071\">\n<p class=\"\" data-start=\"1021\" data-end=\"1071\">\u2705 <strong data-start=\"1023\" data-end=\"1038\">Toque suave<\/strong> que proporciona conforto ao beb\u00ea<\/p>\n<\/li>\n<li class=\"\" data-start=\"1072\" data-end=\"1134\">\n<p class=\"\" data-start=\"1074\" data-end=\"1134\">\u2705 <strong data-start=\"1076\" data-end=\"1097\">Texturas variadas<\/strong> que massageiam e acalmam as gengivas<\/p>\n<\/li>\n<li class=\"\" data-start=\"1135\" data-end=\"1183\">\n<p class=\"\" data-start=\"1137\" data-end=\"1183\">\u2705 Estimula o nascimento dos <strong data-start=\"1165\" data-end=\"1183\">dentes molares<\/strong><\/p>\n<\/li>\n<li class=\"\" data-start=\"1184\" data-end=\"1213\">\n<p class=\"\" data-start=\"1186\" data-end=\"1213\">\u2705 <strong data-start=\"1188\" data-end=\"1213\">Supermacio e flex\u00edvel<\/strong><\/p>\n<\/li>\n<li class=\"\" data-start=\"1214\" data-end=\"1264\">\n<p class=\"\" data-start=\"1216\" data-end=\"1264\">\u2705 <strong data-start=\"1218\" data-end=\"1238\">F\u00e1cil de segurar<\/strong> com as pequenas m\u00e3ozinhas<\/p>\n<\/li>\n<li class=\"\" data-start=\"1265\" data-end=\"1313\">\n<p class=\"\" data-start=\"1267\" data-end=\"1313\">\u2705 Feito com <strong data-start=\"1279\" data-end=\"1313\">100% silicone seguro e at\u00f3xico<\/strong><\/p>\n<\/li>\n<\/ul>\n<p><img loading=\"lazy\" decoding=\"async\" class=\"alignnone size-medium wp-image-11131\" src=\"https:\/\/lolly.com.br\/kinddy\/wp-content\/uploads\/2025\/04\/19-300x300.png\" alt=\"\" width=\"300\" height=\"300\" srcset=\"https:\/\/lolly.com.br\/kinddy\/wp-content\/uploads\/2025\/04\/19-300x300.png 300w, https:\/\/lolly.com.br\/kinddy\/wp-content\/uploads\/2025\/04\/19-150x150.png 150w, https:\/\/lolly.com.br\/kinddy\/wp-content\/uploads\/2025\/04\/19-768x768.png 768w, https:\/\/lolly.com.br\/kinddy\/wp-content\/uploads\/2025\/04\/19-875x875.png 875w, https:\/\/lolly.com.br\/kinddy\/wp-content\/uploads\/2025\/04\/19-200x200.png 200w, https:\/\/lolly.com.br\/kinddy\/wp-content\/uploads\/2025\/04\/19.png 1000w\" sizes=\"auto, (max-width: 300px) 100vw, 300px\" \/>Perfeito para os dentinhos molares<\/p>\n","protected":false},"excerpt":{"rendered":"<p>Mordedor de Silicone Koally \u2013 Lolly Kinddy A hora do nascimento dos primeiros dentinhos pode ser desafiadora para o beb\u00ea e para a fam\u00edlia. Pensando nisso, a Lolly Kinddy traz o Mordedor Koally, feito 100% de silicone de alta qualidade, seguro, macio e cheio de charme! Com toque suave, formas amig\u00e1veis e diferentes texturas, o&hellip;<\/p>\n","protected":false},"featured_media":11134,"comment_status":"open","ping_status":"closed","template":"","meta":[],"product_cat":[237],"product_tag":[],"class_list":{"0":"post-11127","1":"product","2":"type-product","3":"status-publish","4":"has-post-thumbnail","6":"product_cat-brinquedos","7":"description-off","9":"first","10":"instock","11":"shipping-taxable","12":"product-type-simple"},"yoast_head":"<!-- This site is optimized with the Yoast SEO plugin v23.7 - https:\/\/yoast.com\/wordpress\/plugins\/seo\/ -->\n<title>Mordedor de Silicone Koally - Lolly Kinddy<\/title>\n<meta name=\"robots\" content=\"index, follow, max-snippet:-1, max-image-preview:large, max-video-preview:-1\" \/>\n<link rel=\"canonical\" href=\"https:\/\/lolly.com.br\/kinddy\/produto\/mordedor-de-silicone-koally\/\" \/>\n<meta property=\"og:locale\" content=\"pt_BR\" \/>\n<meta property=\"og:type\" content=\"article\" \/>\n<meta property=\"og:title\" content=\"Mordedor de Silicone Koally - Lolly Kinddy\" \/>\n<meta property=\"og:description\" content=\"Mordedor de Silicone Koally \u2013 Lolly Kinddy A hora do nascimento dos primeiros dentinhos pode ser desafiadora para o beb\u00ea e para a fam\u00edlia. Pensando nisso, a Lolly Kinddy traz o Mordedor Koally, feito 100% de silicone de alta qualidade, seguro, macio e cheio de charme! Com toque suave, formas amig\u00e1veis e diferentes texturas, o&hellip;\" \/>\n<meta property=\"og:url\" content=\"https:\/\/lolly.com.br\/kinddy\/produto\/mordedor-de-silicone-koally\/\" \/>\n<meta property=\"og:site_name\" content=\"Lolly Kinddy\" \/>\n<meta property=\"og:image\" content=\"https:\/\/lolly.com.br\/kinddy\/wp-content\/uploads\/2025\/04\/14.png\" \/>\n\t<meta property=\"og:image:width\" content=\"1000\" \/>\n\t<meta property=\"og:image:height\" content=\"1000\" \/>\n\t<meta property=\"og:image:type\" content=\"image\/png\" \/>\n<meta name=\"twitter:card\" content=\"summary_large_image\" \/>\n<meta name=\"twitter:label1\" content=\"Est. tempo de leitura\" \/>\n\t<meta name=\"twitter:data1\" content=\"2 minutos\" \/>\n<script type=\"application\/ld+json\" class=\"yoast-schema-graph\">{\"@context\":\"https:\/\/schema.org\",\"@graph\":[{\"@type\":\"WebPage\",\"@id\":\"https:\/\/lolly.com.br\/kinddy\/produto\/mordedor-de-silicone-koally\/\",\"url\":\"https:\/\/lolly.com.br\/kinddy\/produto\/mordedor-de-silicone-koally\/\",\"name\":\"Mordedor de Silicone Koally - Lolly Kinddy\",\"isPartOf\":{\"@id\":\"https:\/\/lolly.com.br\/kinddy\/#website\"},\"primaryImageOfPage\":{\"@id\":\"https:\/\/lolly.com.br\/kinddy\/produto\/mordedor-de-silicone-koally\/#primaryimage\"},\"image\":{\"@id\":\"https:\/\/lolly.com.br\/kinddy\/produto\/mordedor-de-silicone-koally\/#primaryimage\"},\"thumbnailUrl\":\"https:\/\/lolly.com.br\/kinddy\/wp-content\/uploads\/2025\/04\/14.png\",\"datePublished\":\"2025-04-16T15:22:40+00:00\",\"dateModified\":\"2025-04-16T15:22:40+00:00\",\"breadcrumb\":{\"@id\":\"https:\/\/lolly.com.br\/kinddy\/produto\/mordedor-de-silicone-koally\/#breadcrumb\"},\"inLanguage\":\"pt-BR\",\"potentialAction\":[{\"@type\":\"ReadAction\",\"target\":[\"https:\/\/lolly.com.br\/kinddy\/produto\/mordedor-de-silicone-koally\/\"]}]},{\"@type\":\"ImageObject\",\"inLanguage\":\"pt-BR\",\"@id\":\"https:\/\/lolly.com.br\/kinddy\/produto\/mordedor-de-silicone-koally\/#primaryimage\",\"url\":\"https:\/\/lolly.com.br\/kinddy\/wp-content\/uploads\/2025\/04\/14.png\",\"contentUrl\":\"https:\/\/lolly.com.br\/kinddy\/wp-content\/uploads\/2025\/04\/14.png\",\"width\":1000,\"height\":1000},{\"@type\":\"BreadcrumbList\",\"@id\":\"https:\/\/lolly.com.br\/kinddy\/produto\/mordedor-de-silicone-koally\/#breadcrumb\",\"itemListElement\":[{\"@type\":\"ListItem\",\"position\":1,\"name\":\"In\u00edcio\",\"item\":\"https:\/\/lolly.com.br\/kinddy\/\"},{\"@type\":\"ListItem\",\"position\":2,\"name\":\"Produtos\",\"item\":\"https:\/\/lolly.com.br\/kinddy\/produtos\/\"},{\"@type\":\"ListItem\",\"position\":3,\"name\":\"Mordedor de Silicone Koally\"}]},{\"@type\":\"WebSite\",\"@id\":\"https:\/\/lolly.com.br\/kinddy\/#website\",\"url\":\"https:\/\/lolly.com.br\/kinddy\/\",\"name\":\"Lolly Kinddy\",\"description\":\"\",\"potentialAction\":[{\"@type\":\"SearchAction\",\"target\":{\"@type\":\"EntryPoint\",\"urlTemplate\":\"https:\/\/lolly.com.br\/kinddy\/?s={search_term_string}\"},\"query-input\":{\"@type\":\"PropertyValueSpecification\",\"valueRequired\":true,\"valueName\":\"search_term_string\"}}],\"inLanguage\":\"pt-BR\"}]}<\/script>\n<!-- \/ Yoast SEO plugin. -->","yoast_head_json":{"title":"Mordedor de Silicone Koally - Lolly Kinddy","robots":{"index":"index","follow":"follow","max-snippet":"max-snippet:-1","max-image-preview":"max-image-preview:large","max-video-preview":"max-video-preview:-1"},"canonical":"https:\/\/lolly.com.br\/kinddy\/produto\/mordedor-de-silicone-koally\/","og_locale":"pt_BR","og_type":"article","og_title":"Mordedor de Silicone Koally - Lolly Kinddy","og_description":"Mordedor de Silicone Koally \u2013 Lolly Kinddy A hora do nascimento dos primeiros dentinhos pode ser desafiadora para o beb\u00ea e para a fam\u00edlia. Pensando nisso, a Lolly Kinddy traz o Mordedor Koally, feito 100% de silicone de alta qualidade, seguro, macio e cheio de charme! Com toque suave, formas amig\u00e1veis e diferentes texturas, o&hellip;","og_url":"https:\/\/lolly.com.br\/kinddy\/produto\/mordedor-de-silicone-koally\/","og_site_name":"Lolly Kinddy","og_image":[{"width":1000,"height":1000,"url":"https:\/\/lolly.com.br\/kinddy\/wp-content\/uploads\/2025\/04\/14.png","type":"image\/png"}],"twitter_card":"summary_large_image","twitter_misc":{"Est. tempo de leitura":"2 minutos"},"schema":{"@context":"https:\/\/schema.org","@graph":[{"@type":"WebPage","@id":"https:\/\/lolly.com.br\/kinddy\/produto\/mordedor-de-silicone-koally\/","url":"https:\/\/lolly.com.br\/kinddy\/produto\/mordedor-de-silicone-koally\/","name":"Mordedor de Silicone Koally - Lolly Kinddy","isPartOf":{"@id":"https:\/\/lolly.com.br\/kinddy\/#website"},"primaryImageOfPage":{"@id":"https:\/\/lolly.com.br\/kinddy\/produto\/mordedor-de-silicone-koally\/#primaryimage"},"image":{"@id":"https:\/\/lolly.com.br\/kinddy\/produto\/mordedor-de-silicone-koally\/#primaryimage"},"thumbnailUrl":"https:\/\/lolly.com.br\/kinddy\/wp-content\/uploads\/2025\/04\/14.png","datePublished":"2025-04-16T15:22:40+00:00","dateModified":"2025-04-16T15:22:40+00:00","breadcrumb":{"@id":"https:\/\/lolly.com.br\/kinddy\/produto\/mordedor-de-silicone-koally\/#breadcrumb"},"inLanguage":"pt-BR","potentialAction":[{"@type":"ReadAction","target":["https:\/\/lolly.com.br\/kinddy\/produto\/mordedor-de-silicone-koally\/"]}]},{"@type":"ImageObject","inLanguage":"pt-BR","@id":"https:\/\/lolly.com.br\/kinddy\/produto\/mordedor-de-silicone-koally\/#primaryimage","url":"https:\/\/lolly.com.br\/kinddy\/wp-content\/uploads\/2025\/04\/14.png","contentUrl":"https:\/\/lolly.com.br\/kinddy\/wp-content\/uploads\/2025\/04\/14.png","width":1000,"height":1000},{"@type":"BreadcrumbList","@id":"https:\/\/lolly.com.br\/kinddy\/produto\/mordedor-de-silicone-koally\/#breadcrumb","itemListElement":[{"@type":"ListItem","position":1,"name":"In\u00edcio","item":"https:\/\/lolly.com.br\/kinddy\/"},{"@type":"ListItem","position":2,"name":"Produtos","item":"https:\/\/lolly.com.br\/kinddy\/produtos\/"},{"@type":"ListItem","position":3,"name":"Mordedor de Silicone Koally"}]},{"@type":"WebSite","@id":"https:\/\/lolly.com.br\/kinddy\/#website","url":"https:\/\/lolly.com.br\/kinddy\/","name":"Lolly Kinddy","description":"","potentialAction":[{"@type":"SearchAction","target":{"@type":"EntryPoint","urlTemplate":"https:\/\/lolly.com.br\/kinddy\/?s={search_term_string}"},"query-input":{"@type":"PropertyValueSpecification","valueRequired":true,"valueName":"search_term_string"}}],"inLanguage":"pt-BR"}]}},"_links":{"self":[{"href":"https:\/\/lolly.com.br\/kinddy\/wp-json\/wp\/v2\/product\/11127","targetHints":{"allow":["GET"]}}],"collection":[{"href":"https:\/\/lolly.com.br\/kinddy\/wp-json\/wp\/v2\/product"}],"about":[{"href":"https:\/\/lolly.com.br\/kinddy\/wp-json\/wp\/v2\/types\/product"}],"replies":[{"embeddable":true,"href":"https:\/\/lolly.com.br\/kinddy\/wp-json\/wp\/v2\/comments?post=11127"}],"version-history":[{"count":1,"href":"https:\/\/lolly.com.br\/kinddy\/wp-json\/wp\/v2\/product\/11127\/revisions"}],"predecessor-version":[{"id":11136,"href":"https:\/\/lolly.com.br\/kinddy\/wp-json\/wp\/v2\/product\/11127\/revisions\/11136"}],"wp:featuredmedia":[{"embeddable":true,"href":"https:\/\/lolly.com.br\/kinddy\/wp-json\/wp\/v2\/media\/11134"}],"wp:attachment":[{"href":"https:\/\/lolly.com.br\/kinddy\/wp-json\/wp\/v2\/media?parent=11127"}],"wp:term":[{"taxonomy":"product_cat","embeddable":true,"href":"https:\/\/lolly.com.br\/kinddy\/wp-json\/wp\/v2\/product_cat?post=11127"},{"taxonomy":"product_tag","embeddable":true,"href":"https:\/\/lolly.com.br\/kinddy\/wp-json\/wp\/v2\/product_tag?post=11127"}],"curies":[{"name":"wp","href":"https:\/\/api.w.org\/{rel}","templated":true}]}}