{"id":11117,"date":"2025-04-16T12:10:06","date_gmt":"2025-04-16T15:10:06","guid":{"rendered":"https:\/\/lolly.com.br\/kinddy\/?post_type=product&#038;p=11117"},"modified":"2025-05-28T10:34:22","modified_gmt":"2025-05-28T13:34:22","slug":"mordedor-de-silicone-giraffy","status":"publish","type":"product","link":"https:\/\/lolly.com.br\/kinddy\/produto\/mordedor-de-silicone-giraffy\/","title":{"rendered":"Mordedor de Silicone Giraffy"},"content":{"rendered":"<p><strong>Mordedor de Silicone Giraffy \u2013 Lolly Kinddy<\/strong><\/p>\n<p>O Mordedor Giraffy da Lolly Kinddy \u00e9 feito 100% de silicone, supermacio e flex\u00edvel, ideal para beb\u00eas a partir de 4 meses.<\/p>\n<p>Desenvolvido para massagear e acalmar, ele alivia o desconforto causado pelo nascimento dos primeiros dentinhos.<\/p>\n<p>Com toque suave e formato anat\u00f4mico, \u00e9 f\u00e1cil de segurar pelas m\u00e3ozinhas dos pequenos.<\/p>\n<p>Livre de ftalatos, BPA e bisfenol-A, \u00e9 seguro para o uso di\u00e1rio.<\/p>\n","protected":false},"excerpt":{"rendered":"<p>Mordedor de Silicone Giraffy \u2013 Lolly Kinddy O Mordedor Giraffy da Lolly Kinddy \u00e9 feito 100% de silicone, supermacio e flex\u00edvel, ideal para beb\u00eas a partir de 4 meses. Desenvolvido para massagear e acalmar, ele alivia o desconforto causado pelo nascimento dos primeiros dentinhos. Com toque suave e formato anat\u00f4mico, \u00e9 f\u00e1cil de segurar pelas&hellip;<\/p>\n","protected":false},"featured_media":11120,"comment_status":"open","ping_status":"closed","template":"","meta":[],"product_cat":[237],"product_tag":[],"class_list":{"0":"post-11117","1":"product","2":"type-product","3":"status-publish","4":"has-post-thumbnail","6":"product_cat-brinquedos","7":"description-off","9":"first","10":"instock","11":"shipping-taxable","12":"product-type-simple"},"yoast_head":"<!-- This site is optimized with the Yoast SEO plugin v23.7 - https:\/\/yoast.com\/wordpress\/plugins\/seo\/ -->\n<title>Mordedor de Silicone Giraffy - Lolly Kinddy<\/title>\n<meta name=\"robots\" content=\"index, follow, max-snippet:-1, max-image-preview:large, max-video-preview:-1\" \/>\n<link rel=\"canonical\" href=\"https:\/\/lolly.com.br\/kinddy\/produto\/mordedor-de-silicone-giraffy\/\" \/>\n<meta property=\"og:locale\" content=\"pt_BR\" \/>\n<meta property=\"og:type\" content=\"article\" \/>\n<meta property=\"og:title\" content=\"Mordedor de Silicone Giraffy - Lolly Kinddy\" \/>\n<meta property=\"og:description\" content=\"Mordedor de Silicone Giraffy \u2013 Lolly Kinddy O Mordedor Giraffy da Lolly Kinddy \u00e9 feito 100% de silicone, supermacio e flex\u00edvel, ideal para beb\u00eas a partir de 4 meses. Desenvolvido para massagear e acalmar, ele alivia o desconforto causado pelo nascimento dos primeiros dentinhos. Com toque suave e formato anat\u00f4mico, \u00e9 f\u00e1cil de segurar pelas&hellip;\" \/>\n<meta property=\"og:url\" content=\"https:\/\/lolly.com.br\/kinddy\/produto\/mordedor-de-silicone-giraffy\/\" \/>\n<meta property=\"og:site_name\" content=\"Lolly Kinddy\" \/>\n<meta property=\"article:modified_time\" content=\"2025-05-28T13:34:22+00:00\" \/>\n<meta property=\"og:image\" content=\"https:\/\/lolly.com.br\/kinddy\/wp-content\/uploads\/2025\/04\/10.png\" \/>\n\t<meta property=\"og:image:width\" content=\"1000\" \/>\n\t<meta property=\"og:image:height\" content=\"1000\" \/>\n\t<meta property=\"og:image:type\" content=\"image\/png\" \/>\n<meta name=\"twitter:card\" content=\"summary_large_image\" \/>\n<meta name=\"twitter:label1\" content=\"Est. tempo de leitura\" \/>\n\t<meta name=\"twitter:data1\" content=\"1 minuto\" \/>\n<script type=\"application\/ld+json\" class=\"yoast-schema-graph\">{\"@context\":\"https:\/\/schema.org\",\"@graph\":[{\"@type\":\"WebPage\",\"@id\":\"https:\/\/lolly.com.br\/kinddy\/produto\/mordedor-de-silicone-giraffy\/\",\"url\":\"https:\/\/lolly.com.br\/kinddy\/produto\/mordedor-de-silicone-giraffy\/\",\"name\":\"Mordedor de Silicone Giraffy - Lolly Kinddy\",\"isPartOf\":{\"@id\":\"https:\/\/lolly.com.br\/kinddy\/#website\"},\"primaryImageOfPage\":{\"@id\":\"https:\/\/lolly.com.br\/kinddy\/produto\/mordedor-de-silicone-giraffy\/#primaryimage\"},\"image\":{\"@id\":\"https:\/\/lolly.com.br\/kinddy\/produto\/mordedor-de-silicone-giraffy\/#primaryimage\"},\"thumbnailUrl\":\"https:\/\/lolly.com.br\/kinddy\/wp-content\/uploads\/2025\/04\/10.png\",\"datePublished\":\"2025-04-16T15:10:06+00:00\",\"dateModified\":\"2025-05-28T13:34:22+00:00\",\"breadcrumb\":{\"@id\":\"https:\/\/lolly.com.br\/kinddy\/produto\/mordedor-de-silicone-giraffy\/#breadcrumb\"},\"inLanguage\":\"pt-BR\",\"potentialAction\":[{\"@type\":\"ReadAction\",\"target\":[\"https:\/\/lolly.com.br\/kinddy\/produto\/mordedor-de-silicone-giraffy\/\"]}]},{\"@type\":\"ImageObject\",\"inLanguage\":\"pt-BR\",\"@id\":\"https:\/\/lolly.com.br\/kinddy\/produto\/mordedor-de-silicone-giraffy\/#primaryimage\",\"url\":\"https:\/\/lolly.com.br\/kinddy\/wp-content\/uploads\/2025\/04\/10.png\",\"contentUrl\":\"https:\/\/lolly.com.br\/kinddy\/wp-content\/uploads\/2025\/04\/10.png\",\"width\":1000,\"height\":1000},{\"@type\":\"BreadcrumbList\",\"@id\":\"https:\/\/lolly.com.br\/kinddy\/produto\/mordedor-de-silicone-giraffy\/#breadcrumb\",\"itemListElement\":[{\"@type\":\"ListItem\",\"position\":1,\"name\":\"In\u00edcio\",\"item\":\"https:\/\/lolly.com.br\/kinddy\/\"},{\"@type\":\"ListItem\",\"position\":2,\"name\":\"Produtos\",\"item\":\"https:\/\/lolly.com.br\/kinddy\/produtos\/\"},{\"@type\":\"ListItem\",\"position\":3,\"name\":\"Mordedor de Silicone Giraffy\"}]},{\"@type\":\"WebSite\",\"@id\":\"https:\/\/lolly.com.br\/kinddy\/#website\",\"url\":\"https:\/\/lolly.com.br\/kinddy\/\",\"name\":\"Lolly Kinddy\",\"description\":\"\",\"potentialAction\":[{\"@type\":\"SearchAction\",\"target\":{\"@type\":\"EntryPoint\",\"urlTemplate\":\"https:\/\/lolly.com.br\/kinddy\/?s={search_term_string}\"},\"query-input\":{\"@type\":\"PropertyValueSpecification\",\"valueRequired\":true,\"valueName\":\"search_term_string\"}}],\"inLanguage\":\"pt-BR\"}]}<\/script>\n<!-- \/ Yoast SEO plugin. -->","yoast_head_json":{"title":"Mordedor de Silicone Giraffy - Lolly Kinddy","robots":{"index":"index","follow":"follow","max-snippet":"max-snippet:-1","max-image-preview":"max-image-preview:large","max-video-preview":"max-video-preview:-1"},"canonical":"https:\/\/lolly.com.br\/kinddy\/produto\/mordedor-de-silicone-giraffy\/","og_locale":"pt_BR","og_type":"article","og_title":"Mordedor de Silicone Giraffy - Lolly Kinddy","og_description":"Mordedor de Silicone Giraffy \u2013 Lolly Kinddy O Mordedor Giraffy da Lolly Kinddy \u00e9 feito 100% de silicone, supermacio e flex\u00edvel, ideal para beb\u00eas a partir de 4 meses. Desenvolvido para massagear e acalmar, ele alivia o desconforto causado pelo nascimento dos primeiros dentinhos. Com toque suave e formato anat\u00f4mico, \u00e9 f\u00e1cil de segurar pelas&hellip;","og_url":"https:\/\/lolly.com.br\/kinddy\/produto\/mordedor-de-silicone-giraffy\/","og_site_name":"Lolly Kinddy","article_modified_time":"2025-05-28T13:34:22+00:00","og_image":[{"width":1000,"height":1000,"url":"https:\/\/lolly.com.br\/kinddy\/wp-content\/uploads\/2025\/04\/10.png","type":"image\/png"}],"twitter_card":"summary_large_image","twitter_misc":{"Est. tempo de leitura":"1 minuto"},"schema":{"@context":"https:\/\/schema.org","@graph":[{"@type":"WebPage","@id":"https:\/\/lolly.com.br\/kinddy\/produto\/mordedor-de-silicone-giraffy\/","url":"https:\/\/lolly.com.br\/kinddy\/produto\/mordedor-de-silicone-giraffy\/","name":"Mordedor de Silicone Giraffy - Lolly Kinddy","isPartOf":{"@id":"https:\/\/lolly.com.br\/kinddy\/#website"},"primaryImageOfPage":{"@id":"https:\/\/lolly.com.br\/kinddy\/produto\/mordedor-de-silicone-giraffy\/#primaryimage"},"image":{"@id":"https:\/\/lolly.com.br\/kinddy\/produto\/mordedor-de-silicone-giraffy\/#primaryimage"},"thumbnailUrl":"https:\/\/lolly.com.br\/kinddy\/wp-content\/uploads\/2025\/04\/10.png","datePublished":"2025-04-16T15:10:06+00:00","dateModified":"2025-05-28T13:34:22+00:00","breadcrumb":{"@id":"https:\/\/lolly.com.br\/kinddy\/produto\/mordedor-de-silicone-giraffy\/#breadcrumb"},"inLanguage":"pt-BR","potentialAction":[{"@type":"ReadAction","target":["https:\/\/lolly.com.br\/kinddy\/produto\/mordedor-de-silicone-giraffy\/"]}]},{"@type":"ImageObject","inLanguage":"pt-BR","@id":"https:\/\/lolly.com.br\/kinddy\/produto\/mordedor-de-silicone-giraffy\/#primaryimage","url":"https:\/\/lolly.com.br\/kinddy\/wp-content\/uploads\/2025\/04\/10.png","contentUrl":"https:\/\/lolly.com.br\/kinddy\/wp-content\/uploads\/2025\/04\/10.png","width":1000,"height":1000},{"@type":"BreadcrumbList","@id":"https:\/\/lolly.com.br\/kinddy\/produto\/mordedor-de-silicone-giraffy\/#breadcrumb","itemListElement":[{"@type":"ListItem","position":1,"name":"In\u00edcio","item":"https:\/\/lolly.com.br\/kinddy\/"},{"@type":"ListItem","position":2,"name":"Produtos","item":"https:\/\/lolly.com.br\/kinddy\/produtos\/"},{"@type":"ListItem","position":3,"name":"Mordedor de Silicone Giraffy"}]},{"@type":"WebSite","@id":"https:\/\/lolly.com.br\/kinddy\/#website","url":"https:\/\/lolly.com.br\/kinddy\/","name":"Lolly Kinddy","description":"","potentialAction":[{"@type":"SearchAction","target":{"@type":"EntryPoint","urlTemplate":"https:\/\/lolly.com.br\/kinddy\/?s={search_term_string}"},"query-input":{"@type":"PropertyValueSpecification","valueRequired":true,"valueName":"search_term_string"}}],"inLanguage":"pt-BR"}]}},"_links":{"self":[{"href":"https:\/\/lolly.com.br\/kinddy\/wp-json\/wp\/v2\/product\/11117","targetHints":{"allow":["GET"]}}],"collection":[{"href":"https:\/\/lolly.com.br\/kinddy\/wp-json\/wp\/v2\/product"}],"about":[{"href":"https:\/\/lolly.com.br\/kinddy\/wp-json\/wp\/v2\/types\/product"}],"replies":[{"embeddable":true,"href":"https:\/\/lolly.com.br\/kinddy\/wp-json\/wp\/v2\/comments?post=11117"}],"version-history":[{"count":2,"href":"https:\/\/lolly.com.br\/kinddy\/wp-json\/wp\/v2\/product\/11117\/revisions"}],"predecessor-version":[{"id":11238,"href":"https:\/\/lolly.com.br\/kinddy\/wp-json\/wp\/v2\/product\/11117\/revisions\/11238"}],"wp:featuredmedia":[{"embeddable":true,"href":"https:\/\/lolly.com.br\/kinddy\/wp-json\/wp\/v2\/media\/11120"}],"wp:attachment":[{"href":"https:\/\/lolly.com.br\/kinddy\/wp-json\/wp\/v2\/media?parent=11117"}],"wp:term":[{"taxonomy":"product_cat","embeddable":true,"href":"https:\/\/lolly.com.br\/kinddy\/wp-json\/wp\/v2\/product_cat?post=11117"},{"taxonomy":"product_tag","embeddable":true,"href":"https:\/\/lolly.com.br\/kinddy\/wp-json\/wp\/v2\/product_tag?post=11117"}],"curies":[{"name":"wp","href":"https:\/\/api.w.org\/{rel}","templated":true}]}}