{"id":11091,"date":"2025-04-16T11:21:12","date_gmt":"2025-04-16T14:21:12","guid":{"rendered":"https:\/\/lolly.com.br\/kinddy\/?post_type=product&#038;p=11091"},"modified":"2025-04-16T12:02:12","modified_gmt":"2025-04-16T15:02:12","slug":"mordedor-agua-pinguim-sully-2","status":"publish","type":"product","link":"https:\/\/lolly.com.br\/kinddy\/produto\/mordedor-agua-pinguim-sully-2\/","title":{"rendered":"Mordedor \u00c1gua Pinguim Sully"},"content":{"rendered":"<h3 class=\"\" data-start=\"173\" data-end=\"221\">Mordedor \u00c1gua Pinguim Sully \u2013 Lolly Kinddy<\/h3>\n<p class=\"\" data-start=\"222\" data-end=\"294\"><strong data-start=\"222\" data-end=\"294\">Para beb\u00eas a partir de 4 meses | Pode ser refrigerado | Livre de BPA<\/strong><\/p>\n<p class=\"\" data-start=\"296\" data-end=\"591\">O Mordedor \u00c1gua Pinguim Sully foi criado para transformar o momento da denti\u00e7\u00e3o em uma experi\u00eancia mais leve, refrescante e divertida para o seu beb\u00ea! Com textura macia, formato anat\u00f4mico e visual encantador, ele \u00e9 <strong data-start=\"511\" data-end=\"531\">f\u00e1cil de segurar<\/strong> e perfeito para aliviar o inc\u00f4modo dos primeiros dentinhos.<\/p>\n<p class=\"\" data-start=\"593\" data-end=\"880\">\ud83d\udca7 <strong data-start=\"596\" data-end=\"620\">Pode ser refrigerado<\/strong> (at\u00e9 10\u00b0C) para al\u00edvio extra na gengiva<br data-start=\"660\" data-end=\"663\" \/>\ud83d\udd90\ufe0f <strong data-start=\"667\" data-end=\"687\">F\u00e1cil de segurar<\/strong> \u2013 ideal para as m\u00e3ozinhas pequenas<br data-start=\"722\" data-end=\"725\" \/>\ud83c\udf21\ufe0f <strong data-start=\"729\" data-end=\"751\">Seguro para o beb\u00ea<\/strong> \u2013 livre de BPA, ftalatos e bisfenol-A<br data-start=\"789\" data-end=\"792\" \/>\ud83d\udc76 <strong data-start=\"795\" data-end=\"827\">Indicado a partir de 4 meses<\/strong><br data-start=\"827\" data-end=\"830\" \/>\ud83c\udfa8 Design l\u00fadico e educativo com o pinguim Sully<\/p>\n<p class=\"\" data-start=\"882\" data-end=\"1156\">\ud83d\udc27 <strong data-start=\"885\" data-end=\"900\">Voc\u00ea sabia?<\/strong><br data-start=\"900\" data-end=\"903\" \/>Os pinguins e os ursos polares vivem em polos opostos da Terra!<br data-start=\"966\" data-end=\"969\" \/>Enquanto os <strong data-start=\"981\" data-end=\"1011\">pinguins vivem no Polo Sul<\/strong>, os <strong data-start=\"1016\" data-end=\"1053\">ursos polares est\u00e3o no Polo Norte<\/strong>. Eles se adaptaram a ambientes muito diferentes h\u00e1 milh\u00f5es de anos e nunca se encontram na natureza!<\/p>\n<p class=\"\" data-start=\"1158\" data-end=\"1278\">Com o Sully, al\u00e9m de cuidar do bem-estar do seu beb\u00ea, voc\u00ea ainda estimula a curiosidade e o aprendizado desde cedo. \ud83e\udde0\ud83d\udc99<\/p>\n<p><iframe loading=\"lazy\" title=\"Mordedores \u00c1gua Sully e Nortty | Lolly Kinddy\" width=\"1200\" height=\"675\" src=\"https:\/\/www.youtube.com\/embed\/oDOsXTY5qJk?feature=oembed\" frameborder=\"0\" allow=\"accelerometer; autoplay; clipboard-write; encrypted-media; gyroscope; picture-in-picture; web-share\" referrerpolicy=\"strict-origin-when-cross-origin\" allowfullscreen><\/iframe><\/p>\n<p class=\"\" data-start=\"1158\" data-end=\"1278\">\n","protected":false},"excerpt":{"rendered":"<p>Mordedor \u00c1gua Pinguim Sully \u2013 Lolly Kinddy Para beb\u00eas a partir de 4 meses | Pode ser refrigerado | Livre de BPA O Mordedor \u00c1gua Pinguim Sully foi criado para transformar o momento da denti\u00e7\u00e3o em uma experi\u00eancia mais leve, refrescante e divertida para o seu beb\u00ea! Com textura macia, formato anat\u00f4mico e visual encantador,&hellip;<\/p>\n","protected":false},"featured_media":11102,"comment_status":"open","ping_status":"closed","template":"","meta":[],"product_cat":[237],"product_tag":[],"class_list":{"0":"post-11091","1":"product","2":"type-product","3":"status-publish","4":"has-post-thumbnail","6":"product_cat-brinquedos","7":"description-off","9":"first","10":"instock","11":"shipping-taxable","12":"product-type-simple"},"yoast_head":"<!-- This site is optimized with the Yoast SEO plugin v23.7 - https:\/\/yoast.com\/wordpress\/plugins\/seo\/ -->\n<title>Mordedor \u00c1gua Pinguim Sully - Lolly Kinddy<\/title>\n<meta name=\"robots\" content=\"index, follow, max-snippet:-1, max-image-preview:large, max-video-preview:-1\" \/>\n<link rel=\"canonical\" href=\"https:\/\/lolly.com.br\/kinddy\/produto\/mordedor-agua-pinguim-sully-2\/\" \/>\n<meta property=\"og:locale\" content=\"pt_BR\" \/>\n<meta property=\"og:type\" content=\"article\" \/>\n<meta property=\"og:title\" content=\"Mordedor \u00c1gua Pinguim Sully - Lolly Kinddy\" \/>\n<meta property=\"og:description\" content=\"Mordedor \u00c1gua Pinguim Sully \u2013 Lolly Kinddy Para beb\u00eas a partir de 4 meses | Pode ser refrigerado | Livre de BPA O Mordedor \u00c1gua Pinguim Sully foi criado para transformar o momento da denti\u00e7\u00e3o em uma experi\u00eancia mais leve, refrescante e divertida para o seu beb\u00ea! Com textura macia, formato anat\u00f4mico e visual encantador,&hellip;\" \/>\n<meta property=\"og:url\" content=\"https:\/\/lolly.com.br\/kinddy\/produto\/mordedor-agua-pinguim-sully-2\/\" \/>\n<meta property=\"og:site_name\" content=\"Lolly Kinddy\" \/>\n<meta property=\"article:modified_time\" content=\"2025-04-16T15:02:12+00:00\" \/>\n<meta property=\"og:image\" content=\"https:\/\/lolly.com.br\/kinddy\/wp-content\/uploads\/2025\/04\/25.png\" \/>\n\t<meta property=\"og:image:width\" content=\"1000\" \/>\n\t<meta property=\"og:image:height\" content=\"1000\" \/>\n\t<meta property=\"og:image:type\" content=\"image\/png\" \/>\n<meta name=\"twitter:card\" content=\"summary_large_image\" \/>\n<meta name=\"twitter:label1\" content=\"Est. tempo de leitura\" \/>\n\t<meta name=\"twitter:data1\" content=\"2 minutos\" \/>\n<script type=\"application\/ld+json\" class=\"yoast-schema-graph\">{\"@context\":\"https:\/\/schema.org\",\"@graph\":[{\"@type\":\"WebPage\",\"@id\":\"https:\/\/lolly.com.br\/kinddy\/produto\/mordedor-agua-pinguim-sully-2\/\",\"url\":\"https:\/\/lolly.com.br\/kinddy\/produto\/mordedor-agua-pinguim-sully-2\/\",\"name\":\"Mordedor \u00c1gua Pinguim Sully - Lolly Kinddy\",\"isPartOf\":{\"@id\":\"https:\/\/lolly.com.br\/kinddy\/#website\"},\"primaryImageOfPage\":{\"@id\":\"https:\/\/lolly.com.br\/kinddy\/produto\/mordedor-agua-pinguim-sully-2\/#primaryimage\"},\"image\":{\"@id\":\"https:\/\/lolly.com.br\/kinddy\/produto\/mordedor-agua-pinguim-sully-2\/#primaryimage\"},\"thumbnailUrl\":\"https:\/\/lolly.com.br\/kinddy\/wp-content\/uploads\/2025\/04\/25.png\",\"datePublished\":\"2025-04-16T14:21:12+00:00\",\"dateModified\":\"2025-04-16T15:02:12+00:00\",\"breadcrumb\":{\"@id\":\"https:\/\/lolly.com.br\/kinddy\/produto\/mordedor-agua-pinguim-sully-2\/#breadcrumb\"},\"inLanguage\":\"pt-BR\",\"potentialAction\":[{\"@type\":\"ReadAction\",\"target\":[\"https:\/\/lolly.com.br\/kinddy\/produto\/mordedor-agua-pinguim-sully-2\/\"]}]},{\"@type\":\"ImageObject\",\"inLanguage\":\"pt-BR\",\"@id\":\"https:\/\/lolly.com.br\/kinddy\/produto\/mordedor-agua-pinguim-sully-2\/#primaryimage\",\"url\":\"https:\/\/lolly.com.br\/kinddy\/wp-content\/uploads\/2025\/04\/25.png\",\"contentUrl\":\"https:\/\/lolly.com.br\/kinddy\/wp-content\/uploads\/2025\/04\/25.png\",\"width\":1000,\"height\":1000},{\"@type\":\"BreadcrumbList\",\"@id\":\"https:\/\/lolly.com.br\/kinddy\/produto\/mordedor-agua-pinguim-sully-2\/#breadcrumb\",\"itemListElement\":[{\"@type\":\"ListItem\",\"position\":1,\"name\":\"In\u00edcio\",\"item\":\"https:\/\/lolly.com.br\/kinddy\/\"},{\"@type\":\"ListItem\",\"position\":2,\"name\":\"Produtos\",\"item\":\"https:\/\/lolly.com.br\/kinddy\/produtos\/\"},{\"@type\":\"ListItem\",\"position\":3,\"name\":\"Mordedor \u00c1gua Pinguim Sully\"}]},{\"@type\":\"WebSite\",\"@id\":\"https:\/\/lolly.com.br\/kinddy\/#website\",\"url\":\"https:\/\/lolly.com.br\/kinddy\/\",\"name\":\"Lolly Kinddy\",\"description\":\"\",\"potentialAction\":[{\"@type\":\"SearchAction\",\"target\":{\"@type\":\"EntryPoint\",\"urlTemplate\":\"https:\/\/lolly.com.br\/kinddy\/?s={search_term_string}\"},\"query-input\":{\"@type\":\"PropertyValueSpecification\",\"valueRequired\":true,\"valueName\":\"search_term_string\"}}],\"inLanguage\":\"pt-BR\"}]}<\/script>\n<!-- \/ Yoast SEO plugin. -->","yoast_head_json":{"title":"Mordedor \u00c1gua Pinguim Sully - Lolly Kinddy","robots":{"index":"index","follow":"follow","max-snippet":"max-snippet:-1","max-image-preview":"max-image-preview:large","max-video-preview":"max-video-preview:-1"},"canonical":"https:\/\/lolly.com.br\/kinddy\/produto\/mordedor-agua-pinguim-sully-2\/","og_locale":"pt_BR","og_type":"article","og_title":"Mordedor \u00c1gua Pinguim Sully - Lolly Kinddy","og_description":"Mordedor \u00c1gua Pinguim Sully \u2013 Lolly Kinddy Para beb\u00eas a partir de 4 meses | Pode ser refrigerado | Livre de BPA O Mordedor \u00c1gua Pinguim Sully foi criado para transformar o momento da denti\u00e7\u00e3o em uma experi\u00eancia mais leve, refrescante e divertida para o seu beb\u00ea! Com textura macia, formato anat\u00f4mico e visual encantador,&hellip;","og_url":"https:\/\/lolly.com.br\/kinddy\/produto\/mordedor-agua-pinguim-sully-2\/","og_site_name":"Lolly Kinddy","article_modified_time":"2025-04-16T15:02:12+00:00","og_image":[{"width":1000,"height":1000,"url":"https:\/\/lolly.com.br\/kinddy\/wp-content\/uploads\/2025\/04\/25.png","type":"image\/png"}],"twitter_card":"summary_large_image","twitter_misc":{"Est. tempo de leitura":"2 minutos"},"schema":{"@context":"https:\/\/schema.org","@graph":[{"@type":"WebPage","@id":"https:\/\/lolly.com.br\/kinddy\/produto\/mordedor-agua-pinguim-sully-2\/","url":"https:\/\/lolly.com.br\/kinddy\/produto\/mordedor-agua-pinguim-sully-2\/","name":"Mordedor \u00c1gua Pinguim Sully - Lolly Kinddy","isPartOf":{"@id":"https:\/\/lolly.com.br\/kinddy\/#website"},"primaryImageOfPage":{"@id":"https:\/\/lolly.com.br\/kinddy\/produto\/mordedor-agua-pinguim-sully-2\/#primaryimage"},"image":{"@id":"https:\/\/lolly.com.br\/kinddy\/produto\/mordedor-agua-pinguim-sully-2\/#primaryimage"},"thumbnailUrl":"https:\/\/lolly.com.br\/kinddy\/wp-content\/uploads\/2025\/04\/25.png","datePublished":"2025-04-16T14:21:12+00:00","dateModified":"2025-04-16T15:02:12+00:00","breadcrumb":{"@id":"https:\/\/lolly.com.br\/kinddy\/produto\/mordedor-agua-pinguim-sully-2\/#breadcrumb"},"inLanguage":"pt-BR","potentialAction":[{"@type":"ReadAction","target":["https:\/\/lolly.com.br\/kinddy\/produto\/mordedor-agua-pinguim-sully-2\/"]}]},{"@type":"ImageObject","inLanguage":"pt-BR","@id":"https:\/\/lolly.com.br\/kinddy\/produto\/mordedor-agua-pinguim-sully-2\/#primaryimage","url":"https:\/\/lolly.com.br\/kinddy\/wp-content\/uploads\/2025\/04\/25.png","contentUrl":"https:\/\/lolly.com.br\/kinddy\/wp-content\/uploads\/2025\/04\/25.png","width":1000,"height":1000},{"@type":"BreadcrumbList","@id":"https:\/\/lolly.com.br\/kinddy\/produto\/mordedor-agua-pinguim-sully-2\/#breadcrumb","itemListElement":[{"@type":"ListItem","position":1,"name":"In\u00edcio","item":"https:\/\/lolly.com.br\/kinddy\/"},{"@type":"ListItem","position":2,"name":"Produtos","item":"https:\/\/lolly.com.br\/kinddy\/produtos\/"},{"@type":"ListItem","position":3,"name":"Mordedor \u00c1gua Pinguim Sully"}]},{"@type":"WebSite","@id":"https:\/\/lolly.com.br\/kinddy\/#website","url":"https:\/\/lolly.com.br\/kinddy\/","name":"Lolly Kinddy","description":"","potentialAction":[{"@type":"SearchAction","target":{"@type":"EntryPoint","urlTemplate":"https:\/\/lolly.com.br\/kinddy\/?s={search_term_string}"},"query-input":{"@type":"PropertyValueSpecification","valueRequired":true,"valueName":"search_term_string"}}],"inLanguage":"pt-BR"}]}},"_links":{"self":[{"href":"https:\/\/lolly.com.br\/kinddy\/wp-json\/wp\/v2\/product\/11091","targetHints":{"allow":["GET"]}}],"collection":[{"href":"https:\/\/lolly.com.br\/kinddy\/wp-json\/wp\/v2\/product"}],"about":[{"href":"https:\/\/lolly.com.br\/kinddy\/wp-json\/wp\/v2\/types\/product"}],"replies":[{"embeddable":true,"href":"https:\/\/lolly.com.br\/kinddy\/wp-json\/wp\/v2\/comments?post=11091"}],"version-history":[{"count":2,"href":"https:\/\/lolly.com.br\/kinddy\/wp-json\/wp\/v2\/product\/11091\/revisions"}],"predecessor-version":[{"id":11106,"href":"https:\/\/lolly.com.br\/kinddy\/wp-json\/wp\/v2\/product\/11091\/revisions\/11106"}],"wp:featuredmedia":[{"embeddable":true,"href":"https:\/\/lolly.com.br\/kinddy\/wp-json\/wp\/v2\/media\/11102"}],"wp:attachment":[{"href":"https:\/\/lolly.com.br\/kinddy\/wp-json\/wp\/v2\/media?parent=11091"}],"wp:term":[{"taxonomy":"product_cat","embeddable":true,"href":"https:\/\/lolly.com.br\/kinddy\/wp-json\/wp\/v2\/product_cat?post=11091"},{"taxonomy":"product_tag","embeddable":true,"href":"https:\/\/lolly.com.br\/kinddy\/wp-json\/wp\/v2\/product_tag?post=11091"}],"curies":[{"name":"wp","href":"https:\/\/api.w.org\/{rel}","templated":true}]}}