{"id":11082,"date":"2025-04-16T11:13:02","date_gmt":"2025-04-16T14:13:02","guid":{"rendered":"https:\/\/lolly.com.br\/kinddy\/?post_type=product&#038;p=11082"},"modified":"2025-04-16T12:05:03","modified_gmt":"2025-04-16T15:05:03","slug":"mordedor-agua-urso-nortty","status":"publish","type":"product","link":"https:\/\/lolly.com.br\/kinddy\/produto\/mordedor-agua-urso-nortty\/","title":{"rendered":"Mordedor \u00c1gua Urso Nortty"},"content":{"rendered":"<h3 class=\"\" data-start=\"173\" data-end=\"219\">Mordedor \u00c1gua Urso Nortty \u2013 Lolly Kinddy<\/h3>\n<p class=\"\" data-start=\"220\" data-end=\"292\"><strong data-start=\"220\" data-end=\"292\">Para beb\u00eas a partir de 4 meses | Pode ser refrigerado | Livre de BPA<\/strong><\/p>\n<p class=\"\" data-start=\"294\" data-end=\"524\">O Mordedor \u00c1gua Urso Nortty da Lolly Kinddy \u00e9 o aliado perfeito para aliviar o desconforto dos primeiros dentinhos do seu beb\u00ea. Com formato anat\u00f4mico, textura macia e design l\u00fadico, \u00e9 <strong data-start=\"478\" data-end=\"498\">f\u00e1cil de segurar<\/strong> e irresist\u00edvel de morder!<\/p>\n<p class=\"\" data-start=\"526\" data-end=\"848\">\ud83d\udca7 <strong data-start=\"529\" data-end=\"553\">Pode ser refrigerado<\/strong> (at\u00e9 10\u00b0C) para uma sensa\u00e7\u00e3o ainda mais refrescante<br data-start=\"605\" data-end=\"608\" \/>\ud83d\udd90\ufe0f <strong data-start=\"612\" data-end=\"648\">Ideal para as m\u00e3ozinhas pequenas<\/strong> \u2013 f\u00e1cil de segurar<br data-start=\"667\" data-end=\"670\" \/>\ud83c\udf21\ufe0f <strong data-start=\"674\" data-end=\"696\">Seguro e confi\u00e1vel<\/strong> \u2013 sem BPA, ftalatos ou bisfenol-A<br data-start=\"730\" data-end=\"733\" \/>\ud83d\udc76 <strong data-start=\"736\" data-end=\"782\">Recomendado para beb\u00eas a partir de 4 meses<\/strong><br data-start=\"782\" data-end=\"785\" \/>\ud83c\udfa8 Design fofo com o ursinho Nortty, que estimula os sentidos<\/p>\n<p class=\"\" data-start=\"850\" data-end=\"1173\">\ud83d\udc3b\u200d\u2744\ufe0f <strong data-start=\"856\" data-end=\"871\">Voc\u00ea sabia?<\/strong><br data-start=\"871\" data-end=\"874\" \/>Apesar de ambos adorarem o frio, <strong data-start=\"907\" data-end=\"970\">ursos polares e pinguins vivem em lados opostos do planeta!<\/strong><br data-start=\"970\" data-end=\"973\" \/>Enquanto os <strong data-start=\"985\" data-end=\"1022\">ursos polares vivem no Polo Norte<\/strong>, os <strong data-start=\"1027\" data-end=\"1057\">pinguins vivem no Polo Sul<\/strong>. Eles nunca se encontram na natureza, porque evolu\u00edram em ambientes totalmente diferentes e distantes. Curioso, n\u00e9?<\/p>\n<p class=\"\" data-start=\"1175\" data-end=\"1281\">Com o Nortty, seu beb\u00ea ganha conforto na denti\u00e7\u00e3o e um toque de aprendizado logo nos primeiros meses! \ud83d\udc99\u2744\ufe0f<\/p>\n<p><iframe loading=\"lazy\" title=\"Mordedores \u00c1gua Sully e Nortty | Lolly Kinddy\" width=\"1200\" height=\"675\" src=\"https:\/\/www.youtube.com\/embed\/oDOsXTY5qJk?feature=oembed\" frameborder=\"0\" allow=\"accelerometer; autoplay; clipboard-write; encrypted-media; gyroscope; picture-in-picture; web-share\" referrerpolicy=\"strict-origin-when-cross-origin\" allowfullscreen><\/iframe><\/p>\n","protected":false},"excerpt":{"rendered":"<p>Mordedor \u00c1gua Urso Nortty \u2013 Lolly Kinddy Para beb\u00eas a partir de 4 meses | Pode ser refrigerado | Livre de BPA O Mordedor \u00c1gua Urso Nortty da Lolly Kinddy \u00e9 o aliado perfeito para aliviar o desconforto dos primeiros dentinhos do seu beb\u00ea. Com formato anat\u00f4mico, textura macia e design l\u00fadico, \u00e9 f\u00e1cil de&hellip;<\/p>\n","protected":false},"featured_media":11110,"comment_status":"open","ping_status":"closed","template":"","meta":[],"product_cat":[237],"product_tag":[],"class_list":{"0":"post-11082","1":"product","2":"type-product","3":"status-publish","4":"has-post-thumbnail","6":"product_cat-brinquedos","7":"description-off","9":"first","10":"instock","11":"shipping-taxable","12":"product-type-simple"},"yoast_head":"<!-- This site is optimized with the Yoast SEO plugin v23.7 - https:\/\/yoast.com\/wordpress\/plugins\/seo\/ -->\n<title>Mordedor \u00c1gua Urso Nortty - Lolly Kinddy<\/title>\n<meta name=\"robots\" content=\"index, follow, max-snippet:-1, max-image-preview:large, max-video-preview:-1\" \/>\n<link rel=\"canonical\" href=\"https:\/\/lolly.com.br\/kinddy\/produto\/mordedor-agua-urso-nortty\/\" \/>\n<meta property=\"og:locale\" content=\"pt_BR\" \/>\n<meta property=\"og:type\" content=\"article\" \/>\n<meta property=\"og:title\" content=\"Mordedor \u00c1gua Urso Nortty - Lolly Kinddy\" \/>\n<meta property=\"og:description\" content=\"Mordedor \u00c1gua Urso Nortty \u2013 Lolly Kinddy Para beb\u00eas a partir de 4 meses | Pode ser refrigerado | Livre de BPA O Mordedor \u00c1gua Urso Nortty da Lolly Kinddy \u00e9 o aliado perfeito para aliviar o desconforto dos primeiros dentinhos do seu beb\u00ea. Com formato anat\u00f4mico, textura macia e design l\u00fadico, \u00e9 f\u00e1cil de&hellip;\" \/>\n<meta property=\"og:url\" content=\"https:\/\/lolly.com.br\/kinddy\/produto\/mordedor-agua-urso-nortty\/\" \/>\n<meta property=\"og:site_name\" content=\"Lolly Kinddy\" \/>\n<meta property=\"article:modified_time\" content=\"2025-04-16T15:05:03+00:00\" \/>\n<meta property=\"og:image\" content=\"https:\/\/lolly.com.br\/kinddy\/wp-content\/uploads\/2025\/04\/21-1.png\" \/>\n\t<meta property=\"og:image:width\" content=\"1000\" \/>\n\t<meta property=\"og:image:height\" content=\"1000\" \/>\n\t<meta property=\"og:image:type\" content=\"image\/png\" \/>\n<meta name=\"twitter:card\" content=\"summary_large_image\" \/>\n<meta name=\"twitter:label1\" content=\"Est. tempo de leitura\" \/>\n\t<meta name=\"twitter:data1\" content=\"2 minutos\" \/>\n<script type=\"application\/ld+json\" class=\"yoast-schema-graph\">{\"@context\":\"https:\/\/schema.org\",\"@graph\":[{\"@type\":\"WebPage\",\"@id\":\"https:\/\/lolly.com.br\/kinddy\/produto\/mordedor-agua-urso-nortty\/\",\"url\":\"https:\/\/lolly.com.br\/kinddy\/produto\/mordedor-agua-urso-nortty\/\",\"name\":\"Mordedor \u00c1gua Urso Nortty - Lolly Kinddy\",\"isPartOf\":{\"@id\":\"https:\/\/lolly.com.br\/kinddy\/#website\"},\"primaryImageOfPage\":{\"@id\":\"https:\/\/lolly.com.br\/kinddy\/produto\/mordedor-agua-urso-nortty\/#primaryimage\"},\"image\":{\"@id\":\"https:\/\/lolly.com.br\/kinddy\/produto\/mordedor-agua-urso-nortty\/#primaryimage\"},\"thumbnailUrl\":\"https:\/\/lolly.com.br\/kinddy\/wp-content\/uploads\/2025\/04\/21-1.png\",\"datePublished\":\"2025-04-16T14:13:02+00:00\",\"dateModified\":\"2025-04-16T15:05:03+00:00\",\"breadcrumb\":{\"@id\":\"https:\/\/lolly.com.br\/kinddy\/produto\/mordedor-agua-urso-nortty\/#breadcrumb\"},\"inLanguage\":\"pt-BR\",\"potentialAction\":[{\"@type\":\"ReadAction\",\"target\":[\"https:\/\/lolly.com.br\/kinddy\/produto\/mordedor-agua-urso-nortty\/\"]}]},{\"@type\":\"ImageObject\",\"inLanguage\":\"pt-BR\",\"@id\":\"https:\/\/lolly.com.br\/kinddy\/produto\/mordedor-agua-urso-nortty\/#primaryimage\",\"url\":\"https:\/\/lolly.com.br\/kinddy\/wp-content\/uploads\/2025\/04\/21-1.png\",\"contentUrl\":\"https:\/\/lolly.com.br\/kinddy\/wp-content\/uploads\/2025\/04\/21-1.png\",\"width\":1000,\"height\":1000},{\"@type\":\"BreadcrumbList\",\"@id\":\"https:\/\/lolly.com.br\/kinddy\/produto\/mordedor-agua-urso-nortty\/#breadcrumb\",\"itemListElement\":[{\"@type\":\"ListItem\",\"position\":1,\"name\":\"In\u00edcio\",\"item\":\"https:\/\/lolly.com.br\/kinddy\/\"},{\"@type\":\"ListItem\",\"position\":2,\"name\":\"Produtos\",\"item\":\"https:\/\/lolly.com.br\/kinddy\/produtos\/\"},{\"@type\":\"ListItem\",\"position\":3,\"name\":\"Mordedor \u00c1gua Urso Nortty\"}]},{\"@type\":\"WebSite\",\"@id\":\"https:\/\/lolly.com.br\/kinddy\/#website\",\"url\":\"https:\/\/lolly.com.br\/kinddy\/\",\"name\":\"Lolly Kinddy\",\"description\":\"\",\"potentialAction\":[{\"@type\":\"SearchAction\",\"target\":{\"@type\":\"EntryPoint\",\"urlTemplate\":\"https:\/\/lolly.com.br\/kinddy\/?s={search_term_string}\"},\"query-input\":{\"@type\":\"PropertyValueSpecification\",\"valueRequired\":true,\"valueName\":\"search_term_string\"}}],\"inLanguage\":\"pt-BR\"}]}<\/script>\n<!-- \/ Yoast SEO plugin. -->","yoast_head_json":{"title":"Mordedor \u00c1gua Urso Nortty - Lolly Kinddy","robots":{"index":"index","follow":"follow","max-snippet":"max-snippet:-1","max-image-preview":"max-image-preview:large","max-video-preview":"max-video-preview:-1"},"canonical":"https:\/\/lolly.com.br\/kinddy\/produto\/mordedor-agua-urso-nortty\/","og_locale":"pt_BR","og_type":"article","og_title":"Mordedor \u00c1gua Urso Nortty - Lolly Kinddy","og_description":"Mordedor \u00c1gua Urso Nortty \u2013 Lolly Kinddy Para beb\u00eas a partir de 4 meses | Pode ser refrigerado | Livre de BPA O Mordedor \u00c1gua Urso Nortty da Lolly Kinddy \u00e9 o aliado perfeito para aliviar o desconforto dos primeiros dentinhos do seu beb\u00ea. Com formato anat\u00f4mico, textura macia e design l\u00fadico, \u00e9 f\u00e1cil de&hellip;","og_url":"https:\/\/lolly.com.br\/kinddy\/produto\/mordedor-agua-urso-nortty\/","og_site_name":"Lolly Kinddy","article_modified_time":"2025-04-16T15:05:03+00:00","og_image":[{"width":1000,"height":1000,"url":"https:\/\/lolly.com.br\/kinddy\/wp-content\/uploads\/2025\/04\/21-1.png","type":"image\/png"}],"twitter_card":"summary_large_image","twitter_misc":{"Est. tempo de leitura":"2 minutos"},"schema":{"@context":"https:\/\/schema.org","@graph":[{"@type":"WebPage","@id":"https:\/\/lolly.com.br\/kinddy\/produto\/mordedor-agua-urso-nortty\/","url":"https:\/\/lolly.com.br\/kinddy\/produto\/mordedor-agua-urso-nortty\/","name":"Mordedor \u00c1gua Urso Nortty - Lolly Kinddy","isPartOf":{"@id":"https:\/\/lolly.com.br\/kinddy\/#website"},"primaryImageOfPage":{"@id":"https:\/\/lolly.com.br\/kinddy\/produto\/mordedor-agua-urso-nortty\/#primaryimage"},"image":{"@id":"https:\/\/lolly.com.br\/kinddy\/produto\/mordedor-agua-urso-nortty\/#primaryimage"},"thumbnailUrl":"https:\/\/lolly.com.br\/kinddy\/wp-content\/uploads\/2025\/04\/21-1.png","datePublished":"2025-04-16T14:13:02+00:00","dateModified":"2025-04-16T15:05:03+00:00","breadcrumb":{"@id":"https:\/\/lolly.com.br\/kinddy\/produto\/mordedor-agua-urso-nortty\/#breadcrumb"},"inLanguage":"pt-BR","potentialAction":[{"@type":"ReadAction","target":["https:\/\/lolly.com.br\/kinddy\/produto\/mordedor-agua-urso-nortty\/"]}]},{"@type":"ImageObject","inLanguage":"pt-BR","@id":"https:\/\/lolly.com.br\/kinddy\/produto\/mordedor-agua-urso-nortty\/#primaryimage","url":"https:\/\/lolly.com.br\/kinddy\/wp-content\/uploads\/2025\/04\/21-1.png","contentUrl":"https:\/\/lolly.com.br\/kinddy\/wp-content\/uploads\/2025\/04\/21-1.png","width":1000,"height":1000},{"@type":"BreadcrumbList","@id":"https:\/\/lolly.com.br\/kinddy\/produto\/mordedor-agua-urso-nortty\/#breadcrumb","itemListElement":[{"@type":"ListItem","position":1,"name":"In\u00edcio","item":"https:\/\/lolly.com.br\/kinddy\/"},{"@type":"ListItem","position":2,"name":"Produtos","item":"https:\/\/lolly.com.br\/kinddy\/produtos\/"},{"@type":"ListItem","position":3,"name":"Mordedor \u00c1gua Urso Nortty"}]},{"@type":"WebSite","@id":"https:\/\/lolly.com.br\/kinddy\/#website","url":"https:\/\/lolly.com.br\/kinddy\/","name":"Lolly Kinddy","description":"","potentialAction":[{"@type":"SearchAction","target":{"@type":"EntryPoint","urlTemplate":"https:\/\/lolly.com.br\/kinddy\/?s={search_term_string}"},"query-input":{"@type":"PropertyValueSpecification","valueRequired":true,"valueName":"search_term_string"}}],"inLanguage":"pt-BR"}]}},"_links":{"self":[{"href":"https:\/\/lolly.com.br\/kinddy\/wp-json\/wp\/v2\/product\/11082","targetHints":{"allow":["GET"]}}],"collection":[{"href":"https:\/\/lolly.com.br\/kinddy\/wp-json\/wp\/v2\/product"}],"about":[{"href":"https:\/\/lolly.com.br\/kinddy\/wp-json\/wp\/v2\/types\/product"}],"replies":[{"embeddable":true,"href":"https:\/\/lolly.com.br\/kinddy\/wp-json\/wp\/v2\/comments?post=11082"}],"version-history":[{"count":3,"href":"https:\/\/lolly.com.br\/kinddy\/wp-json\/wp\/v2\/product\/11082\/revisions"}],"predecessor-version":[{"id":11090,"href":"https:\/\/lolly.com.br\/kinddy\/wp-json\/wp\/v2\/product\/11082\/revisions\/11090"}],"wp:featuredmedia":[{"embeddable":true,"href":"https:\/\/lolly.com.br\/kinddy\/wp-json\/wp\/v2\/media\/11110"}],"wp:attachment":[{"href":"https:\/\/lolly.com.br\/kinddy\/wp-json\/wp\/v2\/media?parent=11082"}],"wp:term":[{"taxonomy":"product_cat","embeddable":true,"href":"https:\/\/lolly.com.br\/kinddy\/wp-json\/wp\/v2\/product_cat?post=11082"},{"taxonomy":"product_tag","embeddable":true,"href":"https:\/\/lolly.com.br\/kinddy\/wp-json\/wp\/v2\/product_tag?post=11082"}],"curies":[{"name":"wp","href":"https:\/\/api.w.org\/{rel}","templated":true}]}}