{"id":10930,"date":"2024-10-15T14:24:05","date_gmt":"2024-10-15T17:24:05","guid":{"rendered":"https:\/\/lolly.com.br\/kinddy\/?post_type=product&#038;p=10930"},"modified":"2024-10-15T14:24:08","modified_gmt":"2024-10-15T17:24:08","slug":"bolsa-mochila-maternitty","status":"publish","type":"product","link":"https:\/\/lolly.com.br\/kinddy\/produto\/bolsa-mochila-maternitty\/","title":{"rendered":"Bolsa Mochila Maternitty"},"content":{"rendered":"<p>Pr\u00e1tica e moderna, a Bolsa Mochila Maternitty oferece armazenamento inteligente com v\u00e1rios compartimentos. Feita com materiais dur\u00e1veis e resistente \u00e0 \u00e1gua, mant\u00e9m seus itens secos e organizados. Ideal para m\u00e3es que buscam funcionalidade e estilo no dia a dia.<\/p>\n","protected":false},"excerpt":{"rendered":"<p>Pr\u00e1tica e moderna, a Bolsa Mochila Maternitty oferece armazenamento inteligente com v\u00e1rios compartimentos. Feita com materiais dur\u00e1veis e resistente \u00e0 \u00e1gua, mant\u00e9m seus itens secos e organizados. Ideal para m\u00e3es que buscam funcionalidade e estilo no dia a dia.<\/p>\n","protected":false},"featured_media":10931,"comment_status":"open","ping_status":"closed","template":"","meta":[],"product_cat":[226],"product_tag":[593,594],"class_list":{"0":"post-10930","1":"product","2":"type-product","3":"status-publish","4":"has-post-thumbnail","6":"product_cat-acessorios","7":"product_tag-bolsa-maternidade","8":"product_tag-mochila-maternidade","9":"description-off","11":"first","12":"instock","13":"shipping-taxable","14":"product-type-simple"},"yoast_head":"<!-- This site is optimized with the Yoast SEO plugin v23.7 - https:\/\/yoast.com\/wordpress\/plugins\/seo\/ -->\n<title>Bolsa Mochila Maternitty - Lolly Kinddy<\/title>\n<meta name=\"description\" content=\"A Bolsa Mochila Maternitty da Lolly Kinddy oferece armazenamento inteligente com v\u00e1rios compartimentos.\" \/>\n<meta name=\"robots\" content=\"index, follow, max-snippet:-1, max-image-preview:large, max-video-preview:-1\" \/>\n<link rel=\"canonical\" href=\"https:\/\/lolly.com.br\/kinddy\/produto\/bolsa-mochila-maternitty\/\" \/>\n<meta property=\"og:locale\" content=\"pt_BR\" \/>\n<meta property=\"og:type\" content=\"article\" \/>\n<meta property=\"og:title\" content=\"Bolsa Mochila Maternitty - Lolly Kinddy\" \/>\n<meta property=\"og:description\" content=\"A Bolsa Mochila Maternitty da Lolly Kinddy oferece armazenamento inteligente com v\u00e1rios compartimentos.\" \/>\n<meta property=\"og:url\" content=\"https:\/\/lolly.com.br\/kinddy\/produto\/bolsa-mochila-maternitty\/\" \/>\n<meta property=\"og:site_name\" content=\"Lolly Kinddy\" \/>\n<meta property=\"article:modified_time\" content=\"2024-10-15T17:24:08+00:00\" \/>\n<meta property=\"og:image\" content=\"https:\/\/lolly.com.br\/kinddy\/wp-content\/uploads\/2024\/10\/LL1000_BolsaMochilaMaternitty_7896699036337-3D.png\" \/>\n\t<meta property=\"og:image:width\" content=\"960\" \/>\n\t<meta property=\"og:image:height\" content=\"960\" \/>\n\t<meta property=\"og:image:type\" content=\"image\/png\" \/>\n<meta name=\"twitter:card\" content=\"summary_large_image\" \/>\n<meta name=\"twitter:label1\" content=\"Est. tempo de leitura\" \/>\n\t<meta name=\"twitter:data1\" content=\"1 minuto\" \/>\n<script type=\"application\/ld+json\" class=\"yoast-schema-graph\">{\"@context\":\"https:\/\/schema.org\",\"@graph\":[{\"@type\":\"WebPage\",\"@id\":\"https:\/\/lolly.com.br\/kinddy\/produto\/bolsa-mochila-maternitty\/\",\"url\":\"https:\/\/lolly.com.br\/kinddy\/produto\/bolsa-mochila-maternitty\/\",\"name\":\"Bolsa Mochila Maternitty - Lolly Kinddy\",\"isPartOf\":{\"@id\":\"https:\/\/lolly.com.br\/kinddy\/#website\"},\"primaryImageOfPage\":{\"@id\":\"https:\/\/lolly.com.br\/kinddy\/produto\/bolsa-mochila-maternitty\/#primaryimage\"},\"image\":{\"@id\":\"https:\/\/lolly.com.br\/kinddy\/produto\/bolsa-mochila-maternitty\/#primaryimage\"},\"thumbnailUrl\":\"https:\/\/lolly.com.br\/kinddy\/wp-content\/uploads\/2024\/10\/LL1000_BolsaMochilaMaternitty_7896699036337-3D.png\",\"datePublished\":\"2024-10-15T17:24:05+00:00\",\"dateModified\":\"2024-10-15T17:24:08+00:00\",\"description\":\"A Bolsa Mochila Maternitty da Lolly Kinddy oferece armazenamento inteligente com v\u00e1rios compartimentos.\",\"breadcrumb\":{\"@id\":\"https:\/\/lolly.com.br\/kinddy\/produto\/bolsa-mochila-maternitty\/#breadcrumb\"},\"inLanguage\":\"pt-BR\",\"potentialAction\":[{\"@type\":\"ReadAction\",\"target\":[\"https:\/\/lolly.com.br\/kinddy\/produto\/bolsa-mochila-maternitty\/\"]}]},{\"@type\":\"ImageObject\",\"inLanguage\":\"pt-BR\",\"@id\":\"https:\/\/lolly.com.br\/kinddy\/produto\/bolsa-mochila-maternitty\/#primaryimage\",\"url\":\"https:\/\/lolly.com.br\/kinddy\/wp-content\/uploads\/2024\/10\/LL1000_BolsaMochilaMaternitty_7896699036337-3D.png\",\"contentUrl\":\"https:\/\/lolly.com.br\/kinddy\/wp-content\/uploads\/2024\/10\/LL1000_BolsaMochilaMaternitty_7896699036337-3D.png\",\"width\":960,\"height\":960,\"caption\":\"bolsa maternidade\"},{\"@type\":\"BreadcrumbList\",\"@id\":\"https:\/\/lolly.com.br\/kinddy\/produto\/bolsa-mochila-maternitty\/#breadcrumb\",\"itemListElement\":[{\"@type\":\"ListItem\",\"position\":1,\"name\":\"In\u00edcio\",\"item\":\"https:\/\/lolly.com.br\/kinddy\/\"},{\"@type\":\"ListItem\",\"position\":2,\"name\":\"Produtos\",\"item\":\"https:\/\/lolly.com.br\/kinddy\/produtos\/\"},{\"@type\":\"ListItem\",\"position\":3,\"name\":\"Bolsa Mochila Maternitty\"}]},{\"@type\":\"WebSite\",\"@id\":\"https:\/\/lolly.com.br\/kinddy\/#website\",\"url\":\"https:\/\/lolly.com.br\/kinddy\/\",\"name\":\"Lolly Kinddy\",\"description\":\"\",\"potentialAction\":[{\"@type\":\"SearchAction\",\"target\":{\"@type\":\"EntryPoint\",\"urlTemplate\":\"https:\/\/lolly.com.br\/kinddy\/?s={search_term_string}\"},\"query-input\":{\"@type\":\"PropertyValueSpecification\",\"valueRequired\":true,\"valueName\":\"search_term_string\"}}],\"inLanguage\":\"pt-BR\"}]}<\/script>\n<!-- \/ Yoast SEO plugin. -->","yoast_head_json":{"title":"Bolsa Mochila Maternitty - Lolly Kinddy","description":"A Bolsa Mochila Maternitty da Lolly Kinddy oferece armazenamento inteligente com v\u00e1rios compartimentos.","robots":{"index":"index","follow":"follow","max-snippet":"max-snippet:-1","max-image-preview":"max-image-preview:large","max-video-preview":"max-video-preview:-1"},"canonical":"https:\/\/lolly.com.br\/kinddy\/produto\/bolsa-mochila-maternitty\/","og_locale":"pt_BR","og_type":"article","og_title":"Bolsa Mochila Maternitty - Lolly Kinddy","og_description":"A Bolsa Mochila Maternitty da Lolly Kinddy oferece armazenamento inteligente com v\u00e1rios compartimentos.","og_url":"https:\/\/lolly.com.br\/kinddy\/produto\/bolsa-mochila-maternitty\/","og_site_name":"Lolly Kinddy","article_modified_time":"2024-10-15T17:24:08+00:00","og_image":[{"width":960,"height":960,"url":"https:\/\/lolly.com.br\/kinddy\/wp-content\/uploads\/2024\/10\/LL1000_BolsaMochilaMaternitty_7896699036337-3D.png","type":"image\/png"}],"twitter_card":"summary_large_image","twitter_misc":{"Est. tempo de leitura":"1 minuto"},"schema":{"@context":"https:\/\/schema.org","@graph":[{"@type":"WebPage","@id":"https:\/\/lolly.com.br\/kinddy\/produto\/bolsa-mochila-maternitty\/","url":"https:\/\/lolly.com.br\/kinddy\/produto\/bolsa-mochila-maternitty\/","name":"Bolsa Mochila Maternitty - Lolly Kinddy","isPartOf":{"@id":"https:\/\/lolly.com.br\/kinddy\/#website"},"primaryImageOfPage":{"@id":"https:\/\/lolly.com.br\/kinddy\/produto\/bolsa-mochila-maternitty\/#primaryimage"},"image":{"@id":"https:\/\/lolly.com.br\/kinddy\/produto\/bolsa-mochila-maternitty\/#primaryimage"},"thumbnailUrl":"https:\/\/lolly.com.br\/kinddy\/wp-content\/uploads\/2024\/10\/LL1000_BolsaMochilaMaternitty_7896699036337-3D.png","datePublished":"2024-10-15T17:24:05+00:00","dateModified":"2024-10-15T17:24:08+00:00","description":"A Bolsa Mochila Maternitty da Lolly Kinddy oferece armazenamento inteligente com v\u00e1rios compartimentos.","breadcrumb":{"@id":"https:\/\/lolly.com.br\/kinddy\/produto\/bolsa-mochila-maternitty\/#breadcrumb"},"inLanguage":"pt-BR","potentialAction":[{"@type":"ReadAction","target":["https:\/\/lolly.com.br\/kinddy\/produto\/bolsa-mochila-maternitty\/"]}]},{"@type":"ImageObject","inLanguage":"pt-BR","@id":"https:\/\/lolly.com.br\/kinddy\/produto\/bolsa-mochila-maternitty\/#primaryimage","url":"https:\/\/lolly.com.br\/kinddy\/wp-content\/uploads\/2024\/10\/LL1000_BolsaMochilaMaternitty_7896699036337-3D.png","contentUrl":"https:\/\/lolly.com.br\/kinddy\/wp-content\/uploads\/2024\/10\/LL1000_BolsaMochilaMaternitty_7896699036337-3D.png","width":960,"height":960,"caption":"bolsa maternidade"},{"@type":"BreadcrumbList","@id":"https:\/\/lolly.com.br\/kinddy\/produto\/bolsa-mochila-maternitty\/#breadcrumb","itemListElement":[{"@type":"ListItem","position":1,"name":"In\u00edcio","item":"https:\/\/lolly.com.br\/kinddy\/"},{"@type":"ListItem","position":2,"name":"Produtos","item":"https:\/\/lolly.com.br\/kinddy\/produtos\/"},{"@type":"ListItem","position":3,"name":"Bolsa Mochila Maternitty"}]},{"@type":"WebSite","@id":"https:\/\/lolly.com.br\/kinddy\/#website","url":"https:\/\/lolly.com.br\/kinddy\/","name":"Lolly Kinddy","description":"","potentialAction":[{"@type":"SearchAction","target":{"@type":"EntryPoint","urlTemplate":"https:\/\/lolly.com.br\/kinddy\/?s={search_term_string}"},"query-input":{"@type":"PropertyValueSpecification","valueRequired":true,"valueName":"search_term_string"}}],"inLanguage":"pt-BR"}]}},"_links":{"self":[{"href":"https:\/\/lolly.com.br\/kinddy\/wp-json\/wp\/v2\/product\/10930","targetHints":{"allow":["GET"]}}],"collection":[{"href":"https:\/\/lolly.com.br\/kinddy\/wp-json\/wp\/v2\/product"}],"about":[{"href":"https:\/\/lolly.com.br\/kinddy\/wp-json\/wp\/v2\/types\/product"}],"replies":[{"embeddable":true,"href":"https:\/\/lolly.com.br\/kinddy\/wp-json\/wp\/v2\/comments?post=10930"}],"version-history":[{"count":1,"href":"https:\/\/lolly.com.br\/kinddy\/wp-json\/wp\/v2\/product\/10930\/revisions"}],"predecessor-version":[{"id":10935,"href":"https:\/\/lolly.com.br\/kinddy\/wp-json\/wp\/v2\/product\/10930\/revisions\/10935"}],"wp:featuredmedia":[{"embeddable":true,"href":"https:\/\/lolly.com.br\/kinddy\/wp-json\/wp\/v2\/media\/10931"}],"wp:attachment":[{"href":"https:\/\/lolly.com.br\/kinddy\/wp-json\/wp\/v2\/media?parent=10930"}],"wp:term":[{"taxonomy":"product_cat","embeddable":true,"href":"https:\/\/lolly.com.br\/kinddy\/wp-json\/wp\/v2\/product_cat?post=10930"},{"taxonomy":"product_tag","embeddable":true,"href":"https:\/\/lolly.com.br\/kinddy\/wp-json\/wp\/v2\/product_tag?post=10930"}],"curies":[{"name":"wp","href":"https:\/\/api.w.org\/{rel}","templated":true}]}}