{"id":10914,"date":"2024-10-14T14:04:38","date_gmt":"2024-10-14T17:04:38","guid":{"rendered":"https:\/\/lolly.com.br\/kinddy\/?post_type=product&#038;p=10914"},"modified":"2024-10-16T08:23:18","modified_gmt":"2024-10-16T11:23:18","slug":"alimentador-freezyng-pouch","status":"publish","type":"product","link":"https:\/\/lolly.com.br\/kinddy\/produto\/alimentador-freezyng-pouch\/","title":{"rendered":"Alimentador Freezyng Pouch"},"content":{"rendered":"<p>O Alimentador de Silicone Freezyng Pouch Lolly Kinddy ajuda o beb\u00ea a descobrir o sabor dos alimentos de uma maneira que estimula a coordena\u00e7\u00e3o motora e o encoraja a se alimentar sozinho, pois diminui o risco de asfixia uma vez que impede que peda\u00e7os grandes sejam engolidos. Al\u00e9m de ser ideal para a introdu\u00e7\u00e3o de alimentos s\u00f3lidos na alimenta\u00e7\u00e3o do beb\u00ea, a capinha de silicone permite congelar leite e sucos de frutas, aliviando a dor do nascimento dos primeiros dentinhos!<\/p>\n<p>Assista ao nosso v\u00eddeo:<\/p>\n<p><iframe loading=\"lazy\" title=\"Alimentador Freezyng Pouch Lolly\" width=\"1200\" height=\"675\" src=\"https:\/\/www.youtube.com\/embed\/z8vWqCp3bx0?feature=oembed\" frameborder=\"0\" allow=\"accelerometer; autoplay; clipboard-write; encrypted-media; gyroscope; picture-in-picture; web-share\" referrerpolicy=\"strict-origin-when-cross-origin\" allowfullscreen><\/iframe><\/p>\n","protected":false},"excerpt":{"rendered":"<p>&nbsp;<\/p>\n<p>&nbsp;<\/p>\n","protected":false},"featured_media":10921,"comment_status":"open","ping_status":"closed","template":"","meta":[],"product_cat":[232],"product_tag":[591,435,592],"class_list":{"0":"post-10914","1":"product","2":"type-product","3":"status-publish","4":"has-post-thumbnail","6":"product_cat-alimentacao","7":"product_tag-alimentador-de-silicone","8":"product_tag-introducao-alimentar","9":"product_tag-sorvetinho","10":"description-off","12":"first","13":"instock","14":"shipping-taxable","15":"product-type-simple"},"yoast_head":"<!-- This site is optimized with the Yoast SEO plugin v23.7 - https:\/\/yoast.com\/wordpress\/plugins\/seo\/ -->\n<title>Alimentador Freezyng Pouch - Lolly Kinddy<\/title>\n<meta name=\"description\" content=\"O Alimentador Freezyng Pouch da Lolly Kinddy ajuda o beb\u00ea a descobrir o sabor dos alimentos de uma maneira que estimula a coordena\u00e7\u00e3o motora e o encoraja a se alimentar sozinho.\" \/>\n<meta name=\"robots\" content=\"index, follow, max-snippet:-1, max-image-preview:large, max-video-preview:-1\" \/>\n<link rel=\"canonical\" href=\"https:\/\/lolly.com.br\/kinddy\/produto\/alimentador-freezyng-pouch\/\" \/>\n<meta property=\"og:locale\" content=\"pt_BR\" \/>\n<meta property=\"og:type\" content=\"article\" \/>\n<meta property=\"og:title\" content=\"Alimentador Freezyng Pouch - Lolly Kinddy\" \/>\n<meta property=\"og:description\" content=\"O Alimentador Freezyng Pouch da Lolly Kinddy ajuda o beb\u00ea a descobrir o sabor dos alimentos de uma maneira que estimula a coordena\u00e7\u00e3o motora e o encoraja a se alimentar sozinho.\" \/>\n<meta property=\"og:url\" content=\"https:\/\/lolly.com.br\/kinddy\/produto\/alimentador-freezyng-pouch\/\" \/>\n<meta property=\"og:site_name\" content=\"Lolly Kinddy\" \/>\n<meta property=\"article:modified_time\" content=\"2024-10-16T11:23:18+00:00\" \/>\n<meta property=\"og:image\" content=\"https:\/\/lolly.com.br\/kinddy\/wp-content\/uploads\/2024\/10\/7361-01-F_ALIMENTADOR-FREEZYNG-POUCH-F_7896699036092-3D-3.png\" \/>\n\t<meta property=\"og:image:width\" content=\"2000\" \/>\n\t<meta property=\"og:image:height\" content=\"2000\" \/>\n\t<meta property=\"og:image:type\" content=\"image\/png\" \/>\n<meta name=\"twitter:card\" content=\"summary_large_image\" \/>\n<meta name=\"twitter:label1\" content=\"Est. tempo de leitura\" \/>\n\t<meta name=\"twitter:data1\" content=\"1 minuto\" \/>\n<script type=\"application\/ld+json\" class=\"yoast-schema-graph\">{\"@context\":\"https:\/\/schema.org\",\"@graph\":[{\"@type\":\"WebPage\",\"@id\":\"https:\/\/lolly.com.br\/kinddy\/produto\/alimentador-freezyng-pouch\/\",\"url\":\"https:\/\/lolly.com.br\/kinddy\/produto\/alimentador-freezyng-pouch\/\",\"name\":\"Alimentador Freezyng Pouch - Lolly Kinddy\",\"isPartOf\":{\"@id\":\"https:\/\/lolly.com.br\/kinddy\/#website\"},\"primaryImageOfPage\":{\"@id\":\"https:\/\/lolly.com.br\/kinddy\/produto\/alimentador-freezyng-pouch\/#primaryimage\"},\"image\":{\"@id\":\"https:\/\/lolly.com.br\/kinddy\/produto\/alimentador-freezyng-pouch\/#primaryimage\"},\"thumbnailUrl\":\"https:\/\/lolly.com.br\/kinddy\/wp-content\/uploads\/2024\/10\/7361-01-F_ALIMENTADOR-FREEZYNG-POUCH-F_7896699036092-3D-3.png\",\"datePublished\":\"2024-10-14T17:04:38+00:00\",\"dateModified\":\"2024-10-16T11:23:18+00:00\",\"description\":\"O Alimentador Freezyng Pouch da Lolly Kinddy ajuda o beb\u00ea a descobrir o sabor dos alimentos de uma maneira que estimula a coordena\u00e7\u00e3o motora e o encoraja a se alimentar sozinho.\",\"breadcrumb\":{\"@id\":\"https:\/\/lolly.com.br\/kinddy\/produto\/alimentador-freezyng-pouch\/#breadcrumb\"},\"inLanguage\":\"pt-BR\",\"potentialAction\":[{\"@type\":\"ReadAction\",\"target\":[\"https:\/\/lolly.com.br\/kinddy\/produto\/alimentador-freezyng-pouch\/\"]}]},{\"@type\":\"ImageObject\",\"inLanguage\":\"pt-BR\",\"@id\":\"https:\/\/lolly.com.br\/kinddy\/produto\/alimentador-freezyng-pouch\/#primaryimage\",\"url\":\"https:\/\/lolly.com.br\/kinddy\/wp-content\/uploads\/2024\/10\/7361-01-F_ALIMENTADOR-FREEZYNG-POUCH-F_7896699036092-3D-3.png\",\"contentUrl\":\"https:\/\/lolly.com.br\/kinddy\/wp-content\/uploads\/2024\/10\/7361-01-F_ALIMENTADOR-FREEZYNG-POUCH-F_7896699036092-3D-3.png\",\"width\":2000,\"height\":2000,\"caption\":\"alimentador de silicone\"},{\"@type\":\"BreadcrumbList\",\"@id\":\"https:\/\/lolly.com.br\/kinddy\/produto\/alimentador-freezyng-pouch\/#breadcrumb\",\"itemListElement\":[{\"@type\":\"ListItem\",\"position\":1,\"name\":\"In\u00edcio\",\"item\":\"https:\/\/lolly.com.br\/kinddy\/\"},{\"@type\":\"ListItem\",\"position\":2,\"name\":\"Produtos\",\"item\":\"https:\/\/lolly.com.br\/kinddy\/produtos\/\"},{\"@type\":\"ListItem\",\"position\":3,\"name\":\"Alimentador Freezyng Pouch\"}]},{\"@type\":\"WebSite\",\"@id\":\"https:\/\/lolly.com.br\/kinddy\/#website\",\"url\":\"https:\/\/lolly.com.br\/kinddy\/\",\"name\":\"Lolly Kinddy\",\"description\":\"\",\"potentialAction\":[{\"@type\":\"SearchAction\",\"target\":{\"@type\":\"EntryPoint\",\"urlTemplate\":\"https:\/\/lolly.com.br\/kinddy\/?s={search_term_string}\"},\"query-input\":{\"@type\":\"PropertyValueSpecification\",\"valueRequired\":true,\"valueName\":\"search_term_string\"}}],\"inLanguage\":\"pt-BR\"}]}<\/script>\n<!-- \/ Yoast SEO plugin. -->","yoast_head_json":{"title":"Alimentador Freezyng Pouch - Lolly Kinddy","description":"O Alimentador Freezyng Pouch da Lolly Kinddy ajuda o beb\u00ea a descobrir o sabor dos alimentos de uma maneira que estimula a coordena\u00e7\u00e3o motora e o encoraja a se alimentar sozinho.","robots":{"index":"index","follow":"follow","max-snippet":"max-snippet:-1","max-image-preview":"max-image-preview:large","max-video-preview":"max-video-preview:-1"},"canonical":"https:\/\/lolly.com.br\/kinddy\/produto\/alimentador-freezyng-pouch\/","og_locale":"pt_BR","og_type":"article","og_title":"Alimentador Freezyng Pouch - Lolly Kinddy","og_description":"O Alimentador Freezyng Pouch da Lolly Kinddy ajuda o beb\u00ea a descobrir o sabor dos alimentos de uma maneira que estimula a coordena\u00e7\u00e3o motora e o encoraja a se alimentar sozinho.","og_url":"https:\/\/lolly.com.br\/kinddy\/produto\/alimentador-freezyng-pouch\/","og_site_name":"Lolly Kinddy","article_modified_time":"2024-10-16T11:23:18+00:00","og_image":[{"width":2000,"height":2000,"url":"https:\/\/lolly.com.br\/kinddy\/wp-content\/uploads\/2024\/10\/7361-01-F_ALIMENTADOR-FREEZYNG-POUCH-F_7896699036092-3D-3.png","type":"image\/png"}],"twitter_card":"summary_large_image","twitter_misc":{"Est. tempo de leitura":"1 minuto"},"schema":{"@context":"https:\/\/schema.org","@graph":[{"@type":"WebPage","@id":"https:\/\/lolly.com.br\/kinddy\/produto\/alimentador-freezyng-pouch\/","url":"https:\/\/lolly.com.br\/kinddy\/produto\/alimentador-freezyng-pouch\/","name":"Alimentador Freezyng Pouch - Lolly Kinddy","isPartOf":{"@id":"https:\/\/lolly.com.br\/kinddy\/#website"},"primaryImageOfPage":{"@id":"https:\/\/lolly.com.br\/kinddy\/produto\/alimentador-freezyng-pouch\/#primaryimage"},"image":{"@id":"https:\/\/lolly.com.br\/kinddy\/produto\/alimentador-freezyng-pouch\/#primaryimage"},"thumbnailUrl":"https:\/\/lolly.com.br\/kinddy\/wp-content\/uploads\/2024\/10\/7361-01-F_ALIMENTADOR-FREEZYNG-POUCH-F_7896699036092-3D-3.png","datePublished":"2024-10-14T17:04:38+00:00","dateModified":"2024-10-16T11:23:18+00:00","description":"O Alimentador Freezyng Pouch da Lolly Kinddy ajuda o beb\u00ea a descobrir o sabor dos alimentos de uma maneira que estimula a coordena\u00e7\u00e3o motora e o encoraja a se alimentar sozinho.","breadcrumb":{"@id":"https:\/\/lolly.com.br\/kinddy\/produto\/alimentador-freezyng-pouch\/#breadcrumb"},"inLanguage":"pt-BR","potentialAction":[{"@type":"ReadAction","target":["https:\/\/lolly.com.br\/kinddy\/produto\/alimentador-freezyng-pouch\/"]}]},{"@type":"ImageObject","inLanguage":"pt-BR","@id":"https:\/\/lolly.com.br\/kinddy\/produto\/alimentador-freezyng-pouch\/#primaryimage","url":"https:\/\/lolly.com.br\/kinddy\/wp-content\/uploads\/2024\/10\/7361-01-F_ALIMENTADOR-FREEZYNG-POUCH-F_7896699036092-3D-3.png","contentUrl":"https:\/\/lolly.com.br\/kinddy\/wp-content\/uploads\/2024\/10\/7361-01-F_ALIMENTADOR-FREEZYNG-POUCH-F_7896699036092-3D-3.png","width":2000,"height":2000,"caption":"alimentador de silicone"},{"@type":"BreadcrumbList","@id":"https:\/\/lolly.com.br\/kinddy\/produto\/alimentador-freezyng-pouch\/#breadcrumb","itemListElement":[{"@type":"ListItem","position":1,"name":"In\u00edcio","item":"https:\/\/lolly.com.br\/kinddy\/"},{"@type":"ListItem","position":2,"name":"Produtos","item":"https:\/\/lolly.com.br\/kinddy\/produtos\/"},{"@type":"ListItem","position":3,"name":"Alimentador Freezyng Pouch"}]},{"@type":"WebSite","@id":"https:\/\/lolly.com.br\/kinddy\/#website","url":"https:\/\/lolly.com.br\/kinddy\/","name":"Lolly Kinddy","description":"","potentialAction":[{"@type":"SearchAction","target":{"@type":"EntryPoint","urlTemplate":"https:\/\/lolly.com.br\/kinddy\/?s={search_term_string}"},"query-input":{"@type":"PropertyValueSpecification","valueRequired":true,"valueName":"search_term_string"}}],"inLanguage":"pt-BR"}]}},"_links":{"self":[{"href":"https:\/\/lolly.com.br\/kinddy\/wp-json\/wp\/v2\/product\/10914","targetHints":{"allow":["GET"]}}],"collection":[{"href":"https:\/\/lolly.com.br\/kinddy\/wp-json\/wp\/v2\/product"}],"about":[{"href":"https:\/\/lolly.com.br\/kinddy\/wp-json\/wp\/v2\/types\/product"}],"replies":[{"embeddable":true,"href":"https:\/\/lolly.com.br\/kinddy\/wp-json\/wp\/v2\/comments?post=10914"}],"version-history":[{"count":5,"href":"https:\/\/lolly.com.br\/kinddy\/wp-json\/wp\/v2\/product\/10914\/revisions"}],"predecessor-version":[{"id":10951,"href":"https:\/\/lolly.com.br\/kinddy\/wp-json\/wp\/v2\/product\/10914\/revisions\/10951"}],"wp:featuredmedia":[{"embeddable":true,"href":"https:\/\/lolly.com.br\/kinddy\/wp-json\/wp\/v2\/media\/10921"}],"wp:attachment":[{"href":"https:\/\/lolly.com.br\/kinddy\/wp-json\/wp\/v2\/media?parent=10914"}],"wp:term":[{"taxonomy":"product_cat","embeddable":true,"href":"https:\/\/lolly.com.br\/kinddy\/wp-json\/wp\/v2\/product_cat?post=10914"},{"taxonomy":"product_tag","embeddable":true,"href":"https:\/\/lolly.com.br\/kinddy\/wp-json\/wp\/v2\/product_tag?post=10914"}],"curies":[{"name":"wp","href":"https:\/\/api.w.org\/{rel}","templated":true}]}}