{"id":10908,"date":"2024-09-26T17:42:37","date_gmt":"2024-09-26T20:42:37","guid":{"rendered":"https:\/\/lolly.com.br\/kinddy\/?post_type=product&#038;p=10908"},"modified":"2024-09-26T17:42:39","modified_gmt":"2024-09-26T20:42:39","slug":"frasco-de-lavagem-nasal","status":"publish","type":"product","link":"https:\/\/lolly.com.br\/kinddy\/produto\/frasco-de-lavagem-nasal\/","title":{"rendered":"Frasco de Lavagem Nasal"},"content":{"rendered":"<p>O Frasco de Lavagem Nasal Lolly Kinddy \u00e9 um dispositivo pr\u00e1tico e eficaz para limpar as vias respirat\u00f3rias. Com design anat\u00f4mico, permite uma aplica\u00e7\u00e3o suave do soro fisiol\u00f3gico, promovendo al\u00edvio da congest\u00e3o nasal e melhorando a respira\u00e7\u00e3o, ideal para o cuidado di\u00e1rio da sa\u00fade.<\/p>\n","protected":false},"excerpt":{"rendered":"<p>O Frasco de Lavagem Nasal Lolly Kinddy \u00e9 um dispositivo pr\u00e1tico e eficaz para limpar as vias respirat\u00f3rias. Com design anat\u00f4mico, permite uma aplica\u00e7\u00e3o suave do soro fisiol\u00f3gico, promovendo al\u00edvio da congest\u00e3o nasal e melhorando a respira\u00e7\u00e3o, ideal para o cuidado di\u00e1rio da sa\u00fade.<\/p>\n","protected":false},"featured_media":10909,"comment_status":"open","ping_status":"closed","template":"","meta":[],"product_cat":[240],"product_tag":[],"class_list":{"0":"post-10908","1":"product","2":"type-product","3":"status-publish","4":"has-post-thumbnail","6":"product_cat-higiene-e-saude","7":"description-off","9":"first","10":"instock","11":"shipping-taxable","12":"product-type-simple"},"yoast_head":"<!-- This site is optimized with the Yoast SEO plugin v23.7 - https:\/\/yoast.com\/wordpress\/plugins\/seo\/ -->\n<title>Frasco de Lavagem Nasal - Lolly Kinddy<\/title>\n<meta name=\"robots\" content=\"index, follow, max-snippet:-1, max-image-preview:large, max-video-preview:-1\" \/>\n<link rel=\"canonical\" href=\"https:\/\/lolly.com.br\/kinddy\/produto\/frasco-de-lavagem-nasal\/\" \/>\n<meta property=\"og:locale\" content=\"pt_BR\" \/>\n<meta property=\"og:type\" content=\"article\" \/>\n<meta property=\"og:title\" content=\"Frasco de Lavagem Nasal - Lolly Kinddy\" \/>\n<meta property=\"og:description\" content=\"O Frasco de Lavagem Nasal Lolly Kinddy \u00e9 um dispositivo pr\u00e1tico e eficaz para limpar as vias respirat\u00f3rias. Com design anat\u00f4mico, permite uma aplica\u00e7\u00e3o suave do soro fisiol\u00f3gico, promovendo al\u00edvio da congest\u00e3o nasal e melhorando a respira\u00e7\u00e3o, ideal para o cuidado di\u00e1rio da sa\u00fade.\" \/>\n<meta property=\"og:url\" content=\"https:\/\/lolly.com.br\/kinddy\/produto\/frasco-de-lavagem-nasal\/\" \/>\n<meta property=\"og:site_name\" content=\"Lolly Kinddy\" \/>\n<meta property=\"article:modified_time\" content=\"2024-09-26T20:42:39+00:00\" \/>\n<meta property=\"og:image\" content=\"https:\/\/lolly.com.br\/kinddy\/wp-content\/uploads\/2024\/09\/7177-01-N_FRASCO.LAVAGEM.NASAL1_7896699036085-3D-589px.jpg\" \/>\n\t<meta property=\"og:image:width\" content=\"589\" \/>\n\t<meta property=\"og:image:height\" content=\"589\" \/>\n\t<meta property=\"og:image:type\" content=\"image\/jpeg\" \/>\n<meta name=\"twitter:card\" content=\"summary_large_image\" \/>\n<meta name=\"twitter:label1\" content=\"Est. tempo de leitura\" \/>\n\t<meta name=\"twitter:data1\" content=\"1 minuto\" \/>\n<script type=\"application\/ld+json\" class=\"yoast-schema-graph\">{\"@context\":\"https:\/\/schema.org\",\"@graph\":[{\"@type\":\"WebPage\",\"@id\":\"https:\/\/lolly.com.br\/kinddy\/produto\/frasco-de-lavagem-nasal\/\",\"url\":\"https:\/\/lolly.com.br\/kinddy\/produto\/frasco-de-lavagem-nasal\/\",\"name\":\"Frasco de Lavagem Nasal - Lolly Kinddy\",\"isPartOf\":{\"@id\":\"https:\/\/lolly.com.br\/kinddy\/#website\"},\"primaryImageOfPage\":{\"@id\":\"https:\/\/lolly.com.br\/kinddy\/produto\/frasco-de-lavagem-nasal\/#primaryimage\"},\"image\":{\"@id\":\"https:\/\/lolly.com.br\/kinddy\/produto\/frasco-de-lavagem-nasal\/#primaryimage\"},\"thumbnailUrl\":\"https:\/\/lolly.com.br\/kinddy\/wp-content\/uploads\/2024\/09\/7177-01-N_FRASCO.LAVAGEM.NASAL1_7896699036085-3D-589px.jpg\",\"datePublished\":\"2024-09-26T20:42:37+00:00\",\"dateModified\":\"2024-09-26T20:42:39+00:00\",\"breadcrumb\":{\"@id\":\"https:\/\/lolly.com.br\/kinddy\/produto\/frasco-de-lavagem-nasal\/#breadcrumb\"},\"inLanguage\":\"pt-BR\",\"potentialAction\":[{\"@type\":\"ReadAction\",\"target\":[\"https:\/\/lolly.com.br\/kinddy\/produto\/frasco-de-lavagem-nasal\/\"]}]},{\"@type\":\"ImageObject\",\"inLanguage\":\"pt-BR\",\"@id\":\"https:\/\/lolly.com.br\/kinddy\/produto\/frasco-de-lavagem-nasal\/#primaryimage\",\"url\":\"https:\/\/lolly.com.br\/kinddy\/wp-content\/uploads\/2024\/09\/7177-01-N_FRASCO.LAVAGEM.NASAL1_7896699036085-3D-589px.jpg\",\"contentUrl\":\"https:\/\/lolly.com.br\/kinddy\/wp-content\/uploads\/2024\/09\/7177-01-N_FRASCO.LAVAGEM.NASAL1_7896699036085-3D-589px.jpg\",\"width\":589,\"height\":589},{\"@type\":\"BreadcrumbList\",\"@id\":\"https:\/\/lolly.com.br\/kinddy\/produto\/frasco-de-lavagem-nasal\/#breadcrumb\",\"itemListElement\":[{\"@type\":\"ListItem\",\"position\":1,\"name\":\"In\u00edcio\",\"item\":\"https:\/\/lolly.com.br\/kinddy\/\"},{\"@type\":\"ListItem\",\"position\":2,\"name\":\"Produtos\",\"item\":\"https:\/\/lolly.com.br\/kinddy\/produtos\/\"},{\"@type\":\"ListItem\",\"position\":3,\"name\":\"Frasco de Lavagem Nasal\"}]},{\"@type\":\"WebSite\",\"@id\":\"https:\/\/lolly.com.br\/kinddy\/#website\",\"url\":\"https:\/\/lolly.com.br\/kinddy\/\",\"name\":\"Lolly Kinddy\",\"description\":\"\",\"potentialAction\":[{\"@type\":\"SearchAction\",\"target\":{\"@type\":\"EntryPoint\",\"urlTemplate\":\"https:\/\/lolly.com.br\/kinddy\/?s={search_term_string}\"},\"query-input\":{\"@type\":\"PropertyValueSpecification\",\"valueRequired\":true,\"valueName\":\"search_term_string\"}}],\"inLanguage\":\"pt-BR\"}]}<\/script>\n<!-- \/ Yoast SEO plugin. -->","yoast_head_json":{"title":"Frasco de Lavagem Nasal - Lolly Kinddy","robots":{"index":"index","follow":"follow","max-snippet":"max-snippet:-1","max-image-preview":"max-image-preview:large","max-video-preview":"max-video-preview:-1"},"canonical":"https:\/\/lolly.com.br\/kinddy\/produto\/frasco-de-lavagem-nasal\/","og_locale":"pt_BR","og_type":"article","og_title":"Frasco de Lavagem Nasal - Lolly Kinddy","og_description":"O Frasco de Lavagem Nasal Lolly Kinddy \u00e9 um dispositivo pr\u00e1tico e eficaz para limpar as vias respirat\u00f3rias. Com design anat\u00f4mico, permite uma aplica\u00e7\u00e3o suave do soro fisiol\u00f3gico, promovendo al\u00edvio da congest\u00e3o nasal e melhorando a respira\u00e7\u00e3o, ideal para o cuidado di\u00e1rio da sa\u00fade.","og_url":"https:\/\/lolly.com.br\/kinddy\/produto\/frasco-de-lavagem-nasal\/","og_site_name":"Lolly Kinddy","article_modified_time":"2024-09-26T20:42:39+00:00","og_image":[{"width":589,"height":589,"url":"https:\/\/lolly.com.br\/kinddy\/wp-content\/uploads\/2024\/09\/7177-01-N_FRASCO.LAVAGEM.NASAL1_7896699036085-3D-589px.jpg","type":"image\/jpeg"}],"twitter_card":"summary_large_image","twitter_misc":{"Est. tempo de leitura":"1 minuto"},"schema":{"@context":"https:\/\/schema.org","@graph":[{"@type":"WebPage","@id":"https:\/\/lolly.com.br\/kinddy\/produto\/frasco-de-lavagem-nasal\/","url":"https:\/\/lolly.com.br\/kinddy\/produto\/frasco-de-lavagem-nasal\/","name":"Frasco de Lavagem Nasal - Lolly Kinddy","isPartOf":{"@id":"https:\/\/lolly.com.br\/kinddy\/#website"},"primaryImageOfPage":{"@id":"https:\/\/lolly.com.br\/kinddy\/produto\/frasco-de-lavagem-nasal\/#primaryimage"},"image":{"@id":"https:\/\/lolly.com.br\/kinddy\/produto\/frasco-de-lavagem-nasal\/#primaryimage"},"thumbnailUrl":"https:\/\/lolly.com.br\/kinddy\/wp-content\/uploads\/2024\/09\/7177-01-N_FRASCO.LAVAGEM.NASAL1_7896699036085-3D-589px.jpg","datePublished":"2024-09-26T20:42:37+00:00","dateModified":"2024-09-26T20:42:39+00:00","breadcrumb":{"@id":"https:\/\/lolly.com.br\/kinddy\/produto\/frasco-de-lavagem-nasal\/#breadcrumb"},"inLanguage":"pt-BR","potentialAction":[{"@type":"ReadAction","target":["https:\/\/lolly.com.br\/kinddy\/produto\/frasco-de-lavagem-nasal\/"]}]},{"@type":"ImageObject","inLanguage":"pt-BR","@id":"https:\/\/lolly.com.br\/kinddy\/produto\/frasco-de-lavagem-nasal\/#primaryimage","url":"https:\/\/lolly.com.br\/kinddy\/wp-content\/uploads\/2024\/09\/7177-01-N_FRASCO.LAVAGEM.NASAL1_7896699036085-3D-589px.jpg","contentUrl":"https:\/\/lolly.com.br\/kinddy\/wp-content\/uploads\/2024\/09\/7177-01-N_FRASCO.LAVAGEM.NASAL1_7896699036085-3D-589px.jpg","width":589,"height":589},{"@type":"BreadcrumbList","@id":"https:\/\/lolly.com.br\/kinddy\/produto\/frasco-de-lavagem-nasal\/#breadcrumb","itemListElement":[{"@type":"ListItem","position":1,"name":"In\u00edcio","item":"https:\/\/lolly.com.br\/kinddy\/"},{"@type":"ListItem","position":2,"name":"Produtos","item":"https:\/\/lolly.com.br\/kinddy\/produtos\/"},{"@type":"ListItem","position":3,"name":"Frasco de Lavagem Nasal"}]},{"@type":"WebSite","@id":"https:\/\/lolly.com.br\/kinddy\/#website","url":"https:\/\/lolly.com.br\/kinddy\/","name":"Lolly Kinddy","description":"","potentialAction":[{"@type":"SearchAction","target":{"@type":"EntryPoint","urlTemplate":"https:\/\/lolly.com.br\/kinddy\/?s={search_term_string}"},"query-input":{"@type":"PropertyValueSpecification","valueRequired":true,"valueName":"search_term_string"}}],"inLanguage":"pt-BR"}]}},"_links":{"self":[{"href":"https:\/\/lolly.com.br\/kinddy\/wp-json\/wp\/v2\/product\/10908","targetHints":{"allow":["GET"]}}],"collection":[{"href":"https:\/\/lolly.com.br\/kinddy\/wp-json\/wp\/v2\/product"}],"about":[{"href":"https:\/\/lolly.com.br\/kinddy\/wp-json\/wp\/v2\/types\/product"}],"replies":[{"embeddable":true,"href":"https:\/\/lolly.com.br\/kinddy\/wp-json\/wp\/v2\/comments?post=10908"}],"version-history":[{"count":1,"href":"https:\/\/lolly.com.br\/kinddy\/wp-json\/wp\/v2\/product\/10908\/revisions"}],"predecessor-version":[{"id":10912,"href":"https:\/\/lolly.com.br\/kinddy\/wp-json\/wp\/v2\/product\/10908\/revisions\/10912"}],"wp:featuredmedia":[{"embeddable":true,"href":"https:\/\/lolly.com.br\/kinddy\/wp-json\/wp\/v2\/media\/10909"}],"wp:attachment":[{"href":"https:\/\/lolly.com.br\/kinddy\/wp-json\/wp\/v2\/media?parent=10908"}],"wp:term":[{"taxonomy":"product_cat","embeddable":true,"href":"https:\/\/lolly.com.br\/kinddy\/wp-json\/wp\/v2\/product_cat?post=10908"},{"taxonomy":"product_tag","embeddable":true,"href":"https:\/\/lolly.com.br\/kinddy\/wp-json\/wp\/v2\/product_tag?post=10908"}],"curies":[{"name":"wp","href":"https:\/\/api.w.org\/{rel}","templated":true}]}}